{"id":5554,"date":"2018-04-11T12:31:11","date_gmt":"2018-04-11T10:31:11","guid":{"rendered":"http:\/\/risco.clientbook.it\/?page_id=5554"},"modified":"2024-01-25T17:18:53","modified_gmt":"2024-01-25T16:18:53","slug":"feiras","status":"publish","type":"page","link":"https:\/\/www.risco.it\/pt-br\/news-feiras\/feiras\/","title":{"rendered":"Feiras"},"content":{"rendered":"<h2>Exposi\u00e7\u00f5es<\/h2>\n<p>O Risco participa de muitas exposi\u00e7\u00f5es e eventos internacionais. A equipe do Risco e a Risco Partners ter\u00e3o prazer em conhec\u00ea-lo durante os eventos e fornecer todas as informa\u00e7\u00f5es que voc\u00ea precisar.<\/p>\n<p>[table id=1 \/]<\/p>\n","protected":false},"excerpt":{"rendered":"<p>Exposi\u00e7\u00f5es O Risco participa de muitas exposi\u00e7\u00f5es e eventos internacionais. A equipe do Risco e a Risco Partners ter\u00e3o prazer [&hellip;]<\/p>\n","protected":false},"author":2,"featured_media":16173,"parent":5531,"menu_order":225,"comment_status":"closed","ping_status":"closed","template":"templ_exhibitions.php","meta":{"_acf_changed":false,"inline_featured_image":false,"_uag_custom_page_level_css":"","site-sidebar-layout":"no-sidebar","site-content-layout":"","ast-site-content-layout":"default","site-content-style":"default","site-sidebar-style":"default","ast-global-header-display":"","ast-banner-title-visibility":"","ast-main-header-display":"","ast-hfb-above-header-display":"","ast-hfb-below-header-display":"","ast-hfb-mobile-header-display":"","site-post-title":"","ast-breadcrumbs-content":"","ast-featured-img":"","footer-sml-layout":"","ast-disable-related-posts":"","theme-transparent-header-meta":"","adv-header-id-meta":"","stick-header-meta":"","header-above-stick-meta":"","header-main-stick-meta":"","header-below-stick-meta":"","astra-migrate-meta-layouts":"default","ast-page-background-enabled":"default","ast-page-background-meta":{"desktop":{"background-color":"var(--ast-global-color-4)","background-image":"","background-repeat":"repeat","background-position":"center center","background-size":"auto","background-attachment":"scroll","background-type":"","background-media":"","overlay-type":"","overlay-color":"","overlay-opacity":"","overlay-gradient":""},"tablet":{"background-color":"","background-image":"","background-repeat":"repeat","background-position":"center center","background-size":"auto","background-attachment":"scroll","background-type":"","background-media":"","overlay-type":"","overlay-color":"","overlay-opacity":"","overlay-gradient":""},"mobile":{"background-color":"","background-image":"","background-repeat":"repeat","background-position":"center center","background-size":"auto","background-attachment":"scroll","background-type":"","background-media":"","overlay-type":"","overlay-color":"","overlay-opacity":"","overlay-gradient":""}},"ast-content-background-meta":{"desktop":{"background-color":"var(--ast-global-color-5)","background-image":"","background-repeat":"repeat","background-position":"center center","background-size":"auto","background-attachment":"scroll","background-type":"","background-media":"","overlay-type":"","overlay-color":"","overlay-opacity":"","overlay-gradient":""},"tablet":{"background-color":"var(--ast-global-color-5)","background-image":"","background-repeat":"repeat","background-position":"center center","background-size":"auto","background-attachment":"scroll","background-type":"","background-media":"","overlay-type":"","overlay-color":"","overlay-opacity":"","overlay-gradient":""},"mobile":{"background-color":"var(--ast-global-color-5)","background-image":"","background-repeat":"repeat","background-position":"center center","background-size":"auto","background-attachment":"scroll","background-type":"","background-media":"","overlay-type":"","overlay-color":"","overlay-opacity":"","overlay-gradient":""}},"footnotes":""},"class_list":["post-5554","page","type-page","status-publish","has-post-thumbnail","hentry"],"acf":[],"yoast_head":"<!-- This site is optimized with the Yoast SEO Premium plugin v22.0 (Yoast SEO v27.1.1) - https:\/\/yoast.com\/product\/yoast-seo-premium-wordpress\/ -->\n<title>Feiras - Risco<\/title>\n<meta name=\"robots\" content=\"index, follow, max-snippet:-1, max-image-preview:large, max-video-preview:-1\" \/>\n<link rel=\"canonical\" href=\"https:\/\/www.risco.it\/pt-br\/news-feiras\/feiras\/\" \/>\n<meta property=\"og:locale\" content=\"pt_BR\" \/>\n<meta property=\"og:type\" content=\"article\" \/>\n<meta property=\"og:title\" content=\"Feiras\" \/>\n<meta property=\"og:description\" content=\"Exposi\u00e7\u00f5es O Risco participa de muitas exposi\u00e7\u00f5es e eventos internacionais. A equipe do Risco e a Risco Partners ter\u00e3o prazer [&hellip;]\" \/>\n<meta property=\"og:url\" content=\"https:\/\/www.risco.it\/pt-br\/news-feiras\/feiras\/\" \/>\n<meta property=\"og:site_name\" content=\"Risco\" \/>\n<meta property=\"article:modified_time\" content=\"2024-01-25T16:18:53+00:00\" \/>\n<meta property=\"og:image\" content=\"https:\/\/www.risco.it\/wp-content\/uploads\/2024\/06\/news_exhibitions_risco.jpg\" \/>\n\t<meta property=\"og:image:width\" content=\"1920\" \/>\n\t<meta property=\"og:image:height\" content=\"703\" \/>\n\t<meta property=\"og:image:type\" content=\"image\/jpeg\" \/>\n<meta name=\"twitter:card\" content=\"summary_large_image\" \/>\n<!-- \/ Yoast SEO Premium plugin. -->","yoast_head_json":{"title":"Feiras - Risco","robots":{"index":"index","follow":"follow","max-snippet":"max-snippet:-1","max-image-preview":"max-image-preview:large","max-video-preview":"max-video-preview:-1"},"canonical":"https:\/\/www.risco.it\/pt-br\/news-feiras\/feiras\/","og_locale":"pt_BR","og_type":"article","og_title":"Feiras","og_description":"Exposi\u00e7\u00f5es O Risco participa de muitas exposi\u00e7\u00f5es e eventos internacionais. A equipe do Risco e a Risco Partners ter\u00e3o prazer [&hellip;]","og_url":"https:\/\/www.risco.it\/pt-br\/news-feiras\/feiras\/","og_site_name":"Risco","article_modified_time":"2024-01-25T16:18:53+00:00","og_image":[{"width":1920,"height":703,"url":"https:\/\/www.risco.it\/wp-content\/uploads\/2024\/06\/news_exhibitions_risco.jpg","type":"image\/jpeg"}],"twitter_card":"summary_large_image","schema":{"@context":"https:\/\/schema.org","@graph":[{"@type":"WebPage","@id":"https:\/\/www.risco.it\/pt-br\/news-feiras\/feiras\/","url":"https:\/\/www.risco.it\/pt-br\/news-feiras\/feiras\/","name":"Feiras - Risco","isPartOf":{"@id":"https:\/\/www.risco.it\/pt-br\/#website"},"primaryImageOfPage":{"@id":"https:\/\/www.risco.it\/pt-br\/news-feiras\/feiras\/#primaryimage"},"image":{"@id":"https:\/\/www.risco.it\/pt-br\/news-feiras\/feiras\/#primaryimage"},"thumbnailUrl":"https:\/\/www.risco.it\/wp-content\/uploads\/2024\/06\/news_exhibitions_risco.jpg","datePublished":"2018-04-11T10:31:11+00:00","dateModified":"2024-01-25T16:18:53+00:00","breadcrumb":{"@id":"https:\/\/www.risco.it\/pt-br\/news-feiras\/feiras\/#breadcrumb"},"inLanguage":"pt-BR","potentialAction":[{"@type":"ReadAction","target":["https:\/\/www.risco.it\/pt-br\/news-feiras\/feiras\/"]}]},{"@type":"ImageObject","inLanguage":"pt-BR","@id":"https:\/\/www.risco.it\/pt-br\/news-feiras\/feiras\/#primaryimage","url":"https:\/\/www.risco.it\/wp-content\/uploads\/2024\/06\/news_exhibitions_risco.jpg","contentUrl":"https:\/\/www.risco.it\/wp-content\/uploads\/2024\/06\/news_exhibitions_risco.jpg","width":1920,"height":703},{"@type":"BreadcrumbList","@id":"https:\/\/www.risco.it\/pt-br\/news-feiras\/feiras\/#breadcrumb","itemListElement":[{"@type":"ListItem","position":1,"name":"Home","item":"https:\/\/www.risco.it\/pt-br\/"},{"@type":"ListItem","position":2,"name":"News","item":"https:\/\/www.risco.it\/pt-br\/news-feiras\/"},{"@type":"ListItem","position":3,"name":"Feiras"}]},{"@type":"WebSite","@id":"https:\/\/www.risco.it\/pt-br\/#website","url":"https:\/\/www.risco.it\/pt-br\/","name":"Risco","description":"Vacuum fillers and meat processing machines","publisher":{"@id":"https:\/\/www.risco.it\/pt-br\/#organization"},"potentialAction":[{"@type":"SearchAction","target":{"@type":"EntryPoint","urlTemplate":"https:\/\/www.risco.it\/pt-br\/?s={search_term_string}"},"query-input":{"@type":"PropertyValueSpecification","valueRequired":true,"valueName":"search_term_string"}}],"inLanguage":"pt-BR"},{"@type":"Organization","@id":"https:\/\/www.risco.it\/pt-br\/#organization","name":"Risco","url":"https:\/\/www.risco.it\/pt-br\/","logo":{"@type":"ImageObject","inLanguage":"pt-BR","@id":"https:\/\/www.risco.it\/pt-br\/#\/schema\/logo\/image\/","url":"https:\/\/www.risco.it\/wp-content\/uploads\/2020\/12\/Risco_logo.svg","contentUrl":"https:\/\/www.risco.it\/wp-content\/uploads\/2020\/12\/Risco_logo.svg","caption":"Risco"},"image":{"@id":"https:\/\/www.risco.it\/pt-br\/#\/schema\/logo\/image\/"}}]}},"uagb_featured_image_src":{"full":["https:\/\/www.risco.it\/wp-content\/uploads\/2024\/06\/news_exhibitions_risco.jpg",1920,703,false],"thumbnail":["https:\/\/www.risco.it\/wp-content\/uploads\/2024\/06\/news_exhibitions_risco-150x55.jpg",150,55,true],"medium":["https:\/\/www.risco.it\/wp-content\/uploads\/2024\/06\/news_exhibitions_risco-300x110.jpg",300,110,true],"medium_large":["https:\/\/www.risco.it\/wp-content\/uploads\/2024\/06\/news_exhibitions_risco-768x281.jpg",768,281,true],"large":["https:\/\/www.risco.it\/wp-content\/uploads\/2024\/06\/news_exhibitions_risco-1024x375.jpg",1024,375,true],"1536x1536":["https:\/\/www.risco.it\/wp-content\/uploads\/2024\/06\/news_exhibitions_risco-1536x562.jpg",1536,562,true],"2048x2048":["https:\/\/www.risco.it\/wp-content\/uploads\/2024\/06\/news_exhibitions_risco.jpg",1920,703,false]},"uagb_author_info":{"display_name":"","author_link":"https:\/\/www.risco.it\/pt-br\/author\/"},"uagb_comment_info":0,"uagb_excerpt":"Exposi\u00e7\u00f5es O Risco participa de muitas exposi\u00e7\u00f5es e eventos internacionais. A equipe do Risco e a Risco Partners ter\u00e3o prazer [&hellip;]","_links":{"self":[{"href":"https:\/\/www.risco.it\/pt-br\/wp-json\/wp\/v2\/pages\/5554","targetHints":{"allow":["GET"]}}],"collection":[{"href":"https:\/\/www.risco.it\/pt-br\/wp-json\/wp\/v2\/pages"}],"about":[{"href":"https:\/\/www.risco.it\/pt-br\/wp-json\/wp\/v2\/types\/page"}],"author":[{"embeddable":true,"href":"https:\/\/www.risco.it\/pt-br\/wp-json\/wp\/v2\/users\/2"}],"replies":[{"embeddable":true,"href":"https:\/\/www.risco.it\/pt-br\/wp-json\/wp\/v2\/comments?post=5554"}],"version-history":[{"count":3,"href":"https:\/\/www.risco.it\/pt-br\/wp-json\/wp\/v2\/pages\/5554\/revisions"}],"predecessor-version":[{"id":7439,"href":"https:\/\/www.risco.it\/pt-br\/wp-json\/wp\/v2\/pages\/5554\/revisions\/7439"}],"up":[{"embeddable":true,"href":"https:\/\/www.risco.it\/pt-br\/wp-json\/wp\/v2\/pages\/5531"}],"wp:featuredmedia":[{"embeddable":true,"href":"https:\/\/www.risco.it\/pt-br\/wp-json\/wp\/v2\/media\/16173"}],"wp:attachment":[{"href":"https:\/\/www.risco.it\/pt-br\/wp-json\/wp\/v2\/media?parent=5554"}],"curies":[{"name":"wp","href":"https:\/\/api.w.org\/{rel}","templated":true}]}}