{"id":5022,"date":"2018-04-11T12:13:58","date_gmt":"2018-04-11T10:13:58","guid":{"rendered":"http:\/\/risco.clientbook.it\/?page_id=5022"},"modified":"2025-06-04T18:10:59","modified_gmt":"2025-06-04T16:10:59","slug":"servico-risco","status":"publish","type":"page","link":"https:\/\/www.risco.it\/pt-br\/servicos\/servico-risco\/","title":{"rendered":"Servi\u00e7o Risco"},"content":{"rendered":"","protected":false},"excerpt":{"rendered":"","protected":false},"author":4,"featured_media":11541,"parent":4851,"menu_order":347,"comment_status":"closed","ping_status":"closed","template":"page-lau-template.php","meta":{"_acf_changed":false,"inline_featured_image":false,"_uag_custom_page_level_css":"","site-sidebar-layout":"no-sidebar","site-content-layout":"","ast-site-content-layout":"default","site-content-style":"default","site-sidebar-style":"default","ast-global-header-display":"","ast-banner-title-visibility":"","ast-main-header-display":"","ast-hfb-above-header-display":"","ast-hfb-below-header-display":"","ast-hfb-mobile-header-display":"","site-post-title":"","ast-breadcrumbs-content":"","ast-featured-img":"","footer-sml-layout":"","ast-disable-related-posts":"","theme-transparent-header-meta":"","adv-header-id-meta":"","stick-header-meta":"","header-above-stick-meta":"","header-main-stick-meta":"","header-below-stick-meta":"","astra-migrate-meta-layouts":"default","ast-page-background-enabled":"default","ast-page-background-meta":{"desktop":{"background-color":"var(--ast-global-color-4)","background-image":"","background-repeat":"repeat","background-position":"center center","background-size":"auto","background-attachment":"scroll","background-type":"","background-media":"","overlay-type":"","overlay-color":"","overlay-opacity":"","overlay-gradient":""},"tablet":{"background-color":"","background-image":"","background-repeat":"repeat","background-position":"center center","background-size":"auto","background-attachment":"scroll","background-type":"","background-media":"","overlay-type":"","overlay-color":"","overlay-opacity":"","overlay-gradient":""},"mobile":{"background-color":"","background-image":"","background-repeat":"repeat","background-position":"center center","background-size":"auto","background-attachment":"scroll","background-type":"","background-media":"","overlay-type":"","overlay-color":"","overlay-opacity":"","overlay-gradient":""}},"ast-content-background-meta":{"desktop":{"background-color":"var(--ast-global-color-5)","background-image":"","background-repeat":"repeat","background-position":"center center","background-size":"auto","background-attachment":"scroll","background-type":"","background-media":"","overlay-type":"","overlay-color":"","overlay-opacity":"","overlay-gradient":""},"tablet":{"background-color":"var(--ast-global-color-5)","background-image":"","background-repeat":"repeat","background-position":"center center","background-size":"auto","background-attachment":"scroll","background-type":"","background-media":"","overlay-type":"","overlay-color":"","overlay-opacity":"","overlay-gradient":""},"mobile":{"background-color":"var(--ast-global-color-5)","background-image":"","background-repeat":"repeat","background-position":"center center","background-size":"auto","background-attachment":"scroll","background-type":"","background-media":"","overlay-type":"","overlay-color":"","overlay-opacity":"","overlay-gradient":""}},"footnotes":""},"class_list":["post-5022","page","type-page","status-publish","has-post-thumbnail","hentry"],"acf":[],"yoast_head":"<!-- This site is optimized with the Yoast SEO Premium plugin v22.0 (Yoast SEO v27.1.1) - https:\/\/yoast.com\/product\/yoast-seo-premium-wordpress\/ -->\n<title>Asistencia T\u00e9cnica Risco: Soporte Global R\u00e1pido y Eficiente<\/title>\n<meta name=\"description\" content=\"Descubre el servicio t\u00e9cnico global de Risco: una red de socios especializados listos para resolver cualquier problema t\u00e9cnico de forma r\u00e1pida y eficaz en todo el mundo. Encuentra tu distribuidor local.\" \/>\n<meta name=\"robots\" content=\"index, follow, max-snippet:-1, max-image-preview:large, max-video-preview:-1\" \/>\n<link rel=\"canonical\" href=\"https:\/\/www.risco.it\/pt-br\/servicos\/servico-risco\/\" \/>\n<meta property=\"og:locale\" content=\"pt_BR\" \/>\n<meta property=\"og:type\" content=\"article\" \/>\n<meta property=\"og:title\" content=\"Servi\u00e7o Risco\" \/>\n<meta property=\"og:description\" content=\"Descubre el servicio t\u00e9cnico global de Risco: una red de socios especializados listos para resolver cualquier problema t\u00e9cnico de forma r\u00e1pida y eficaz en todo el mundo. Encuentra tu distribuidor local.\" \/>\n<meta property=\"og:url\" content=\"https:\/\/www.risco.it\/pt-br\/servicos\/servico-risco\/\" \/>\n<meta property=\"og:site_name\" content=\"Risco\" \/>\n<meta property=\"article:modified_time\" content=\"2025-06-04T16:10:59+00:00\" \/>\n<meta property=\"og:image\" content=\"https:\/\/www.risco.it\/wp-content\/uploads\/2023\/03\/Preventive-Maintenance-1200x675-1-e1682674834873.jpg\" \/>\n\t<meta property=\"og:image:width\" content=\"592\" \/>\n\t<meta property=\"og:image:height\" content=\"449\" \/>\n\t<meta property=\"og:image:type\" content=\"image\/jpeg\" \/>\n<meta name=\"twitter:card\" content=\"summary_large_image\" \/>\n<meta name=\"twitter:label1\" content=\"Est. tempo de leitura\" \/>\n\t<meta name=\"twitter:data1\" content=\"1 minuto\" \/>\n<!-- \/ Yoast SEO Premium plugin. -->","yoast_head_json":{"title":"Asistencia T\u00e9cnica Risco: Soporte Global R\u00e1pido y Eficiente","description":"Descubre el servicio t\u00e9cnico global de Risco: una red de socios especializados listos para resolver cualquier problema t\u00e9cnico de forma r\u00e1pida y eficaz en todo el mundo. Encuentra tu distribuidor local.","robots":{"index":"index","follow":"follow","max-snippet":"max-snippet:-1","max-image-preview":"max-image-preview:large","max-video-preview":"max-video-preview:-1"},"canonical":"https:\/\/www.risco.it\/pt-br\/servicos\/servico-risco\/","og_locale":"pt_BR","og_type":"article","og_title":"Servi\u00e7o Risco","og_description":"Descubre el servicio t\u00e9cnico global de Risco: una red de socios especializados listos para resolver cualquier problema t\u00e9cnico de forma r\u00e1pida y eficaz en todo el mundo. Encuentra tu distribuidor local.","og_url":"https:\/\/www.risco.it\/pt-br\/servicos\/servico-risco\/","og_site_name":"Risco","article_modified_time":"2025-06-04T16:10:59+00:00","og_image":[{"width":592,"height":449,"url":"https:\/\/www.risco.it\/wp-content\/uploads\/2023\/03\/Preventive-Maintenance-1200x675-1-e1682674834873.jpg","type":"image\/jpeg"}],"twitter_card":"summary_large_image","twitter_misc":{"Est. tempo de leitura":"1 minuto"},"schema":{"@context":"https:\/\/schema.org","@graph":[{"@type":"WebPage","@id":"https:\/\/www.risco.it\/pt-br\/servicos\/servico-risco\/","url":"https:\/\/www.risco.it\/pt-br\/servicos\/servico-risco\/","name":"Asistencia T\u00e9cnica Risco: Soporte Global R\u00e1pido y Eficiente","isPartOf":{"@id":"https:\/\/www.risco.it\/pt-br\/#website"},"primaryImageOfPage":{"@id":"https:\/\/www.risco.it\/pt-br\/servicos\/servico-risco\/#primaryimage"},"image":{"@id":"https:\/\/www.risco.it\/pt-br\/servicos\/servico-risco\/#primaryimage"},"thumbnailUrl":"https:\/\/www.risco.it\/wp-content\/uploads\/2023\/03\/Preventive-Maintenance-1200x675-1-e1682674834873.jpg","datePublished":"2018-04-11T10:13:58+00:00","dateModified":"2025-06-04T16:10:59+00:00","description":"Descubre el servicio t\u00e9cnico global de Risco: una red de socios especializados listos para resolver cualquier problema t\u00e9cnico de forma r\u00e1pida y eficaz en todo el mundo. Encuentra tu distribuidor local.","breadcrumb":{"@id":"https:\/\/www.risco.it\/pt-br\/servicos\/servico-risco\/#breadcrumb"},"inLanguage":"pt-BR","potentialAction":[{"@type":"ReadAction","target":["https:\/\/www.risco.it\/pt-br\/servicos\/servico-risco\/"]}]},{"@type":"ImageObject","inLanguage":"pt-BR","@id":"https:\/\/www.risco.it\/pt-br\/servicos\/servico-risco\/#primaryimage","url":"https:\/\/www.risco.it\/wp-content\/uploads\/2023\/03\/Preventive-Maintenance-1200x675-1-e1682674834873.jpg","contentUrl":"https:\/\/www.risco.it\/wp-content\/uploads\/2023\/03\/Preventive-Maintenance-1200x675-1-e1682674834873.jpg","width":592,"height":449},{"@type":"BreadcrumbList","@id":"https:\/\/www.risco.it\/pt-br\/servicos\/servico-risco\/#breadcrumb","itemListElement":[{"@type":"ListItem","position":1,"name":"Home","item":"https:\/\/www.risco.it\/pt-br\/"},{"@type":"ListItem","position":2,"name":"Servi\u00e7os","item":"https:\/\/www.risco.it\/pt-br\/servicos\/"},{"@type":"ListItem","position":3,"name":"Servi\u00e7o Risco"}]},{"@type":"WebSite","@id":"https:\/\/www.risco.it\/pt-br\/#website","url":"https:\/\/www.risco.it\/pt-br\/","name":"Risco","description":"Vacuum fillers and meat processing machines","publisher":{"@id":"https:\/\/www.risco.it\/pt-br\/#organization"},"potentialAction":[{"@type":"SearchAction","target":{"@type":"EntryPoint","urlTemplate":"https:\/\/www.risco.it\/pt-br\/?s={search_term_string}"},"query-input":{"@type":"PropertyValueSpecification","valueRequired":true,"valueName":"search_term_string"}}],"inLanguage":"pt-BR"},{"@type":"Organization","@id":"https:\/\/www.risco.it\/pt-br\/#organization","name":"Risco","url":"https:\/\/www.risco.it\/pt-br\/","logo":{"@type":"ImageObject","inLanguage":"pt-BR","@id":"https:\/\/www.risco.it\/pt-br\/#\/schema\/logo\/image\/","url":"https:\/\/www.risco.it\/wp-content\/uploads\/2020\/12\/Risco_logo.svg","contentUrl":"https:\/\/www.risco.it\/wp-content\/uploads\/2020\/12\/Risco_logo.svg","caption":"Risco"},"image":{"@id":"https:\/\/www.risco.it\/pt-br\/#\/schema\/logo\/image\/"}}]}},"uagb_featured_image_src":{"full":["https:\/\/www.risco.it\/wp-content\/uploads\/2023\/03\/Preventive-Maintenance-1200x675-1-e1682674834873.jpg",592,449,false],"thumbnail":["https:\/\/www.risco.it\/wp-content\/uploads\/2023\/03\/Preventive-Maintenance-1200x675-1-e1682674834873-150x114.jpg",150,114,true],"medium":["https:\/\/www.risco.it\/wp-content\/uploads\/2023\/03\/Preventive-Maintenance-1200x675-1-e1682674834873-300x228.jpg",300,228,true],"medium_large":["https:\/\/www.risco.it\/wp-content\/uploads\/2023\/03\/Preventive-Maintenance-1200x675-1-768x432.jpg",768,432,true],"large":["https:\/\/www.risco.it\/wp-content\/uploads\/2023\/03\/Preventive-Maintenance-1200x675-1-1024x576.jpg",1024,576,true],"1536x1536":["https:\/\/www.risco.it\/wp-content\/uploads\/2023\/03\/Preventive-Maintenance-1200x675-1-e1682674834873.jpg",592,449,false],"2048x2048":["https:\/\/www.risco.it\/wp-content\/uploads\/2023\/03\/Preventive-Maintenance-1200x675-1-e1682674834873.jpg",592,449,false]},"uagb_author_info":{"display_name":"tradenet","author_link":"https:\/\/www.risco.it\/pt-br\/author\/admintradenet\/"},"uagb_comment_info":0,"uagb_excerpt":null,"_links":{"self":[{"href":"https:\/\/www.risco.it\/pt-br\/wp-json\/wp\/v2\/pages\/5022","targetHints":{"allow":["GET"]}}],"collection":[{"href":"https:\/\/www.risco.it\/pt-br\/wp-json\/wp\/v2\/pages"}],"about":[{"href":"https:\/\/www.risco.it\/pt-br\/wp-json\/wp\/v2\/types\/page"}],"author":[{"embeddable":true,"href":"https:\/\/www.risco.it\/pt-br\/wp-json\/wp\/v2\/users\/4"}],"replies":[{"embeddable":true,"href":"https:\/\/www.risco.it\/pt-br\/wp-json\/wp\/v2\/comments?post=5022"}],"version-history":[{"count":9,"href":"https:\/\/www.risco.it\/pt-br\/wp-json\/wp\/v2\/pages\/5022\/revisions"}],"predecessor-version":[{"id":18818,"href":"https:\/\/www.risco.it\/pt-br\/wp-json\/wp\/v2\/pages\/5022\/revisions\/18818"}],"up":[{"embeddable":true,"href":"https:\/\/www.risco.it\/pt-br\/wp-json\/wp\/v2\/pages\/4851"}],"wp:featuredmedia":[{"embeddable":true,"href":"https:\/\/www.risco.it\/pt-br\/wp-json\/wp\/v2\/media\/11541"}],"wp:attachment":[{"href":"https:\/\/www.risco.it\/pt-br\/wp-json\/wp\/v2\/media?parent=5022"}],"curies":[{"name":"wp","href":"https:\/\/api.w.org\/{rel}","templated":true}]}}