{"id":4793,"date":"2018-04-11T10:58:51","date_gmt":"2018-04-11T08:58:51","guid":{"rendered":"http:\/\/risco.clientbook.it\/?page_id=4793"},"modified":"2025-06-05T11:13:04","modified_gmt":"2025-06-05T09:13:04","slug":"risco-presenca-mundial-servico","status":"publish","type":"page","link":"https:\/\/www.risco.it\/pt-br\/perfil\/risco-presenca-mundial-servico\/","title":{"rendered":"Risco Presen\u00e7a Mundial e Servi\u00e7o"},"content":{"rendered":"\n<div class=\"wp-block-group is-layout-constrained wp-container-core-group-is-layout-d22ff40a wp-block-group-is-layout-constrained\" style=\"padding-top:0px;padding-right:0px;padding-bottom:0px;padding-left:0px\">\n<h2 class=\"wp-block-heading\" id=\"h-presenca-mundial\">Presen\u00e7a Mundial<\/h2>\n\n\n\n<div class=\"wp-block-columns is-layout-flex wp-container-core-columns-is-layout-47c5d72a wp-block-columns-is-layout-flex\" style=\"margin-bottom:var(--wp--preset--spacing--80)\">\n<div class=\"wp-block-column is-layout-flow wp-block-column-is-layout-flow\">\n<p>Risco exporta em mais de 60 pa\u00edses no mundo e garante a sua presen\u00e7a gra\u00e7as a uma rede capilar de distribuidores exclusivos, filiais comerciais diretas e escrit\u00f3rios de representa\u00e7\u00e3o que asseguram completo suporte e permitem a difus\u00e3o da filosofia do grupo. Os representantes Risco s\u00e3o periodicamente instru\u00eddos sobre os produtos da empresa de modo profissional e especializado. Cursos de atualiza\u00e7\u00e3o nos servi\u00e7os de manuten\u00e7\u00e3o e assist\u00eancia s\u00e3o sistematicamente realizados em nosso novo centro de treinamento em Thiene (Training Centre) ou diretamente no local do representante, para um foco cada vez maior em dire\u00e7\u00e3o ao cliente Risco.<\/p>\n<\/div>\n\n\n\n<div class=\"wp-block-column is-layout-flow wp-block-column-is-layout-flow\">\n<figure class=\"wp-block-image size-large is-style-rounded\"><img decoding=\"async\" src=\"\/wp-content\/uploads\/2025\/04\/planisfero-blu.png\" alt=\"\"\/><\/figure>\n<\/div>\n<\/div>\n\n\n\n<h2 class=\"wp-block-heading\" id=\"h-servico\">Servi\u00e7o<\/h2>\n\n\n\n<div class=\"wp-block-columns is-layout-flex wp-container-core-columns-is-layout-28f84493 wp-block-columns-is-layout-flex\">\n<div class=\"wp-block-column is-layout-flow wp-block-column-is-layout-flow\">\n<p>O ponto forte da Risco \u00e9 representado pelo servi\u00e7o oferecido constantemente ao usu\u00e1rio, desde os primeiros contatos. Risco coloca \u00e0 disposi\u00e7\u00e3o uma \u00c1rea Comercial atenta \u00e0s exig\u00eancias de cada cliente e fornece um apoio preciso, com cat\u00e1logos e suporte computadorizado sempre atualizados, or\u00e7amentos \u00e0 medida, e tamb\u00e9m um time de pessoas tecnicamente preparadas para a assist\u00eancia p\u00f3s-venda. Atrav\u00e9s desta sinergia, desejamos privilegiar a quem escolher Risco, garantindo sempre o melhor em termos de servi\u00e7o e operando para criar uma harmonia conjunta.<\/p>\n<\/div>\n\n\n\n<div class=\"wp-block-column is-layout-flow wp-block-column-is-layout-flow\">\n<figure class=\"wp-block-image size-full is-style-rounded\"><img loading=\"lazy\" decoding=\"async\" width=\"499\" height=\"372\" src=\"https:\/\/www.risco.it\/wp-content\/uploads\/2019\/06\/servicecar-e1682672776446.jpg\" alt=\"\" class=\"wp-image-6519\" srcset=\"https:\/\/www.risco.it\/wp-content\/uploads\/2019\/06\/servicecar-e1682672776446.jpg 499w, https:\/\/www.risco.it\/wp-content\/uploads\/2019\/06\/servicecar-e1682672776446-150x112.jpg 150w, https:\/\/www.risco.it\/wp-content\/uploads\/2019\/06\/servicecar-e1682672776446-300x224.jpg 300w\" sizes=\"auto, (max-width: 499px) 100vw, 499px\" \/><\/figure>\n<\/div>\n<\/div>\n<\/div>\n","protected":false},"excerpt":{"rendered":"<p>Presen\u00e7a Mundial Risco exporta em mais de 60 pa\u00edses no mundo e garante a sua presen\u00e7a gra\u00e7as a uma rede [&hellip;]<\/p>\n","protected":false},"author":4,"featured_media":18845,"parent":3910,"menu_order":289,"comment_status":"closed","ping_status":"closed","template":"","meta":{"_acf_changed":false,"inline_featured_image":false,"_uag_custom_page_level_css":"","site-sidebar-layout":"default","site-content-layout":"","ast-site-content-layout":"default","site-content-style":"default","site-sidebar-style":"default","ast-global-header-display":"","ast-banner-title-visibility":"","ast-main-header-display":"","ast-hfb-above-header-display":"","ast-hfb-below-header-display":"","ast-hfb-mobile-header-display":"","site-post-title":"","ast-breadcrumbs-content":"","ast-featured-img":"","footer-sml-layout":"","ast-disable-related-posts":"","theme-transparent-header-meta":"","adv-header-id-meta":"","stick-header-meta":"","header-above-stick-meta":"","header-main-stick-meta":"","header-below-stick-meta":"","astra-migrate-meta-layouts":"default","ast-page-background-enabled":"default","ast-page-background-meta":{"desktop":{"background-color":"var(--ast-global-color-4)","background-image":"","background-repeat":"repeat","background-position":"center center","background-size":"auto","background-attachment":"scroll","background-type":"","background-media":"","overlay-type":"","overlay-color":"","overlay-opacity":"","overlay-gradient":""},"tablet":{"background-color":"","background-image":"","background-repeat":"repeat","background-position":"center center","background-size":"auto","background-attachment":"scroll","background-type":"","background-media":"","overlay-type":"","overlay-color":"","overlay-opacity":"","overlay-gradient":""},"mobile":{"background-color":"","background-image":"","background-repeat":"repeat","background-position":"center center","background-size":"auto","background-attachment":"scroll","background-type":"","background-media":"","overlay-type":"","overlay-color":"","overlay-opacity":"","overlay-gradient":""}},"ast-content-background-meta":{"desktop":{"background-color":"var(--ast-global-color-5)","background-image":"","background-repeat":"repeat","background-position":"center center","background-size":"auto","background-attachment":"scroll","background-type":"","background-media":"","overlay-type":"","overlay-color":"","overlay-opacity":"","overlay-gradient":""},"tablet":{"background-color":"var(--ast-global-color-5)","background-image":"","background-repeat":"repeat","background-position":"center center","background-size":"auto","background-attachment":"scroll","background-type":"","background-media":"","overlay-type":"","overlay-color":"","overlay-opacity":"","overlay-gradient":""},"mobile":{"background-color":"var(--ast-global-color-5)","background-image":"","background-repeat":"repeat","background-position":"center center","background-size":"auto","background-attachment":"scroll","background-type":"","background-media":"","overlay-type":"","overlay-color":"","overlay-opacity":"","overlay-gradient":""}},"footnotes":""},"class_list":["post-4793","page","type-page","status-publish","has-post-thumbnail","hentry"],"acf":[],"yoast_head":"<!-- This site is optimized with the Yoast SEO Premium plugin v22.0 (Yoast SEO v27.1.1) - https:\/\/yoast.com\/product\/yoast-seo-premium-wordpress\/ -->\n<title>Risco Presen\u00e7a Mundial e Servi\u00e7o - Risco<\/title>\n<meta name=\"robots\" content=\"index, follow, max-snippet:-1, max-image-preview:large, max-video-preview:-1\" \/>\n<link rel=\"canonical\" href=\"https:\/\/www.risco.it\/pt-br\/perfil\/risco-presenca-mundial-servico\/\" \/>\n<meta property=\"og:locale\" content=\"pt_BR\" \/>\n<meta property=\"og:type\" content=\"article\" \/>\n<meta property=\"og:title\" content=\"Risco Presen\u00e7a Mundial e Servi\u00e7o\" \/>\n<meta property=\"og:description\" content=\"Presen\u00e7a Mundial Risco exporta em mais de 60 pa\u00edses no mundo e garante a sua presen\u00e7a gra\u00e7as a uma rede [&hellip;]\" \/>\n<meta property=\"og:url\" content=\"https:\/\/www.risco.it\/pt-br\/perfil\/risco-presenca-mundial-servico\/\" \/>\n<meta property=\"og:site_name\" content=\"Risco\" \/>\n<meta property=\"article:modified_time\" content=\"2025-06-05T09:13:04+00:00\" \/>\n<meta property=\"og:image\" content=\"https:\/\/www.risco.it\/wp-content\/uploads\/2025\/06\/028-2-copia.webp\" \/>\n\t<meta property=\"og:image:width\" content=\"1920\" \/>\n\t<meta property=\"og:image:height\" content=\"1280\" \/>\n\t<meta property=\"og:image:type\" content=\"image\/webp\" \/>\n<meta name=\"twitter:card\" content=\"summary_large_image\" \/>\n<meta name=\"twitter:label1\" content=\"Est. tempo de leitura\" \/>\n\t<meta name=\"twitter:data1\" content=\"2 minutos\" \/>\n<!-- \/ Yoast SEO Premium plugin. -->","yoast_head_json":{"title":"Risco Presen\u00e7a Mundial e Servi\u00e7o - Risco","robots":{"index":"index","follow":"follow","max-snippet":"max-snippet:-1","max-image-preview":"max-image-preview:large","max-video-preview":"max-video-preview:-1"},"canonical":"https:\/\/www.risco.it\/pt-br\/perfil\/risco-presenca-mundial-servico\/","og_locale":"pt_BR","og_type":"article","og_title":"Risco Presen\u00e7a Mundial e Servi\u00e7o","og_description":"Presen\u00e7a Mundial Risco exporta em mais de 60 pa\u00edses no mundo e garante a sua presen\u00e7a gra\u00e7as a uma rede [&hellip;]","og_url":"https:\/\/www.risco.it\/pt-br\/perfil\/risco-presenca-mundial-servico\/","og_site_name":"Risco","article_modified_time":"2025-06-05T09:13:04+00:00","og_image":[{"width":1920,"height":1280,"url":"https:\/\/www.risco.it\/wp-content\/uploads\/2025\/06\/028-2-copia.webp","type":"image\/webp"}],"twitter_card":"summary_large_image","twitter_misc":{"Est. tempo de leitura":"2 minutos"},"schema":{"@context":"https:\/\/schema.org","@graph":[{"@type":"WebPage","@id":"https:\/\/www.risco.it\/pt-br\/perfil\/risco-presenca-mundial-servico\/","url":"https:\/\/www.risco.it\/pt-br\/perfil\/risco-presenca-mundial-servico\/","name":"Risco Presen\u00e7a Mundial e Servi\u00e7o - Risco","isPartOf":{"@id":"https:\/\/www.risco.it\/pt-br\/#website"},"primaryImageOfPage":{"@id":"https:\/\/www.risco.it\/pt-br\/perfil\/risco-presenca-mundial-servico\/#primaryimage"},"image":{"@id":"https:\/\/www.risco.it\/pt-br\/perfil\/risco-presenca-mundial-servico\/#primaryimage"},"thumbnailUrl":"https:\/\/www.risco.it\/wp-content\/uploads\/2025\/06\/028-2-copia.webp","datePublished":"2018-04-11T08:58:51+00:00","dateModified":"2025-06-05T09:13:04+00:00","breadcrumb":{"@id":"https:\/\/www.risco.it\/pt-br\/perfil\/risco-presenca-mundial-servico\/#breadcrumb"},"inLanguage":"pt-BR","potentialAction":[{"@type":"ReadAction","target":["https:\/\/www.risco.it\/pt-br\/perfil\/risco-presenca-mundial-servico\/"]}]},{"@type":"ImageObject","inLanguage":"pt-BR","@id":"https:\/\/www.risco.it\/pt-br\/perfil\/risco-presenca-mundial-servico\/#primaryimage","url":"https:\/\/www.risco.it\/wp-content\/uploads\/2025\/06\/028-2-copia.webp","contentUrl":"https:\/\/www.risco.it\/wp-content\/uploads\/2025\/06\/028-2-copia.webp","width":1920,"height":1280},{"@type":"BreadcrumbList","@id":"https:\/\/www.risco.it\/pt-br\/perfil\/risco-presenca-mundial-servico\/#breadcrumb","itemListElement":[{"@type":"ListItem","position":1,"name":"Home","item":"https:\/\/www.risco.it\/pt-br\/"},{"@type":"ListItem","position":2,"name":"Perfil","item":"https:\/\/www.risco.it\/pt-br\/perfil\/"},{"@type":"ListItem","position":3,"name":"Risco Presen\u00e7a Mundial e Servi\u00e7o"}]},{"@type":"WebSite","@id":"https:\/\/www.risco.it\/pt-br\/#website","url":"https:\/\/www.risco.it\/pt-br\/","name":"Risco","description":"Vacuum fillers and meat processing machines","publisher":{"@id":"https:\/\/www.risco.it\/pt-br\/#organization"},"potentialAction":[{"@type":"SearchAction","target":{"@type":"EntryPoint","urlTemplate":"https:\/\/www.risco.it\/pt-br\/?s={search_term_string}"},"query-input":{"@type":"PropertyValueSpecification","valueRequired":true,"valueName":"search_term_string"}}],"inLanguage":"pt-BR"},{"@type":"Organization","@id":"https:\/\/www.risco.it\/pt-br\/#organization","name":"Risco","url":"https:\/\/www.risco.it\/pt-br\/","logo":{"@type":"ImageObject","inLanguage":"pt-BR","@id":"https:\/\/www.risco.it\/pt-br\/#\/schema\/logo\/image\/","url":"https:\/\/www.risco.it\/wp-content\/uploads\/2020\/12\/Risco_logo.svg","contentUrl":"https:\/\/www.risco.it\/wp-content\/uploads\/2020\/12\/Risco_logo.svg","caption":"Risco"},"image":{"@id":"https:\/\/www.risco.it\/pt-br\/#\/schema\/logo\/image\/"}}]}},"uagb_featured_image_src":{"full":["https:\/\/www.risco.it\/wp-content\/uploads\/2025\/06\/028-2-copia.webp",1920,1280,false],"thumbnail":["https:\/\/www.risco.it\/wp-content\/uploads\/2025\/06\/028-2-copia-150x100.webp",150,100,true],"medium":["https:\/\/www.risco.it\/wp-content\/uploads\/2025\/06\/028-2-copia-300x200.webp",300,200,true],"medium_large":["https:\/\/www.risco.it\/wp-content\/uploads\/2025\/06\/028-2-copia-768x512.webp",768,512,true],"large":["https:\/\/www.risco.it\/wp-content\/uploads\/2025\/06\/028-2-copia-1024x683.webp",1024,683,true],"1536x1536":["https:\/\/www.risco.it\/wp-content\/uploads\/2025\/06\/028-2-copia-1536x1024.webp",1536,1024,true],"2048x2048":["https:\/\/www.risco.it\/wp-content\/uploads\/2025\/06\/028-2-copia.webp",1920,1280,false]},"uagb_author_info":{"display_name":"tradenet","author_link":"https:\/\/www.risco.it\/pt-br\/author\/admintradenet\/"},"uagb_comment_info":0,"uagb_excerpt":"Presen\u00e7a Mundial Risco exporta em mais de 60 pa\u00edses no mundo e garante a sua presen\u00e7a gra\u00e7as a uma rede [&hellip;]","_links":{"self":[{"href":"https:\/\/www.risco.it\/pt-br\/wp-json\/wp\/v2\/pages\/4793","targetHints":{"allow":["GET"]}}],"collection":[{"href":"https:\/\/www.risco.it\/pt-br\/wp-json\/wp\/v2\/pages"}],"about":[{"href":"https:\/\/www.risco.it\/pt-br\/wp-json\/wp\/v2\/types\/page"}],"author":[{"embeddable":true,"href":"https:\/\/www.risco.it\/pt-br\/wp-json\/wp\/v2\/users\/4"}],"replies":[{"embeddable":true,"href":"https:\/\/www.risco.it\/pt-br\/wp-json\/wp\/v2\/comments?post=4793"}],"version-history":[{"count":19,"href":"https:\/\/www.risco.it\/pt-br\/wp-json\/wp\/v2\/pages\/4793\/revisions"}],"predecessor-version":[{"id":18598,"href":"https:\/\/www.risco.it\/pt-br\/wp-json\/wp\/v2\/pages\/4793\/revisions\/18598"}],"up":[{"embeddable":true,"href":"https:\/\/www.risco.it\/pt-br\/wp-json\/wp\/v2\/pages\/3910"}],"wp:featuredmedia":[{"embeddable":true,"href":"https:\/\/www.risco.it\/pt-br\/wp-json\/wp\/v2\/media\/18845"}],"wp:attachment":[{"href":"https:\/\/www.risco.it\/pt-br\/wp-json\/wp\/v2\/media?parent=4793"}],"curies":[{"name":"wp","href":"https:\/\/api.w.org\/{rel}","templated":true}]}}