{"id":4755,"date":"2018-04-11T10:52:27","date_gmt":"2018-04-11T08:52:27","guid":{"rendered":"http:\/\/risco.clientbook.it\/?page_id=4755"},"modified":"2025-06-05T11:18:37","modified_gmt":"2025-06-05T09:18:37","slug":"inovacao-pesquisa","status":"publish","type":"page","link":"https:\/\/www.risco.it\/pt-br\/perfil\/inovacao-pesquisa\/","title":{"rendered":"Inova\u00e7\u00e3o e Pesquisa"},"content":{"rendered":"\n<div class=\"wp-block-group is-layout-constrained wp-container-core-group-is-layout-9eb9a864 wp-block-group-is-layout-constrained\" style=\"padding-top:0px;padding-right:0px;padding-bottom:0px;padding-left:0px\">\n<h2 class=\"wp-block-heading\" id=\"h-inovacao\">Inova\u00e7\u00e3o<\/h2>\n\n\n\n<div class=\"wp-block-columns is-layout-flex wp-container-core-columns-is-layout-47c5d72a wp-block-columns-is-layout-flex\" style=\"margin-bottom:var(--wp--preset--spacing--80)\">\n<div class=\"wp-block-column is-layout-flow wp-block-column-is-layout-flow\">\n<p>O ponto focal para a Risco \u00e9 a cont\u00ednua inova\u00e7\u00e3o dos seus produtos, para oferecer uma tecnologia sempre em sintonia com os tempos e grande profissionalismo. Gra\u00e7as \u00e0 experi\u00eancia de mais de quarenta anos de atividade e ao uso das tecnologias mais avan\u00e7adas, Risco \u00e9 qualificada para propor novas t\u00e9cnicas de trabalho, capazes de corresponder a cada exig\u00eancia produtiva. O elevado desenvolvimento de inova\u00e7\u00f5es da Risco leva a uma expans\u00e3o da gama de produtos oferecidos no \u00e2mbito do trabalho da carne assim como de outras produ\u00e7\u00f5es alimentares. Quando h\u00e1 uma nova ideia, Risco \u00e9 o parceiro ideal para a sua realiza\u00e7\u00e3o, sendo capaz de expressar, em cada linha, o sinal da sua personalidade.<\/p>\n<\/div>\n\n\n\n<div class=\"wp-block-column is-layout-flow wp-block-column-is-layout-flow\">\n<figure class=\"wp-block-image size-full is-style-rounded\"><img loading=\"lazy\" decoding=\"async\" width=\"468\" height=\"297\" src=\"https:\/\/www.risco.it\/wp-content\/uploads\/2019\/06\/uff-tec.jpg\" alt=\"\" class=\"wp-image-6480\" srcset=\"https:\/\/www.risco.it\/wp-content\/uploads\/2019\/06\/uff-tec.jpg 468w, https:\/\/www.risco.it\/wp-content\/uploads\/2019\/06\/uff-tec-150x95.jpg 150w, https:\/\/www.risco.it\/wp-content\/uploads\/2019\/06\/uff-tec-300x190.jpg 300w\" sizes=\"auto, (max-width: 468px) 100vw, 468px\" \/><\/figure>\n<\/div>\n<\/div>\n\n\n\n<h2 class=\"wp-block-heading\" id=\"h-pesquisa\">Pesquisa<\/h2>\n\n\n\n<div class=\"wp-block-columns is-layout-flex wp-container-core-columns-is-layout-28f84493 wp-block-columns-is-layout-flex\">\n<div class=\"wp-block-column is-layout-flow wp-block-column-is-layout-flow\">\n<p>As modernas t\u00e9cnicas de pesquisa adotadas pelas divis\u00f5es da Risco ajudam na evolu\u00e7\u00e3o da empresa: o resultado desta pesquisa cont\u00ednua \u00e9 o n\u00famero consider\u00e1vel de patentes registradas pela empresa em \u00e2mbito mundial. A pesquisa nos produtos da empresa acontece n\u00e3o apenas em \u00e2mbito t\u00e9cnico, mec\u00e2nico ou eletr\u00f4nico, ou na pesquisa de novos materiais, mas tamb\u00e9m nas fases de organiza\u00e7\u00e3o, operacionalidade e funcionalidade, como caminho para um progresso resoluto.<\/p>\n<\/div>\n\n\n\n<div class=\"wp-block-column is-layout-flow wp-block-column-is-layout-flow\">\n<figure class=\"wp-block-image size-large is-style-rounded\"><img loading=\"lazy\" decoding=\"async\" width=\"1024\" height=\"624\" src=\"https:\/\/www.risco.it\/wp-content\/uploads\/2019\/06\/ricerca-1024x624.jpg\" alt=\"\" class=\"wp-image-6489\" srcset=\"https:\/\/www.risco.it\/wp-content\/uploads\/2019\/06\/ricerca-1024x624.jpg 1024w, https:\/\/www.risco.it\/wp-content\/uploads\/2019\/06\/ricerca-150x91.jpg 150w, https:\/\/www.risco.it\/wp-content\/uploads\/2019\/06\/ricerca-300x183.jpg 300w, https:\/\/www.risco.it\/wp-content\/uploads\/2019\/06\/ricerca-768x468.jpg 768w, https:\/\/www.risco.it\/wp-content\/uploads\/2019\/06\/ricerca.jpg 1066w\" sizes=\"auto, (max-width: 1024px) 100vw, 1024px\" \/><\/figure>\n<\/div>\n<\/div>\n<\/div>\n","protected":false},"excerpt":{"rendered":"<p>Inova\u00e7\u00e3o O ponto focal para a Risco \u00e9 a cont\u00ednua inova\u00e7\u00e3o dos seus produtos, para oferecer uma tecnologia sempre em [&hellip;]<\/p>\n","protected":false},"author":4,"featured_media":18845,"parent":3910,"menu_order":276,"comment_status":"closed","ping_status":"closed","template":"","meta":{"_acf_changed":false,"inline_featured_image":false,"_uag_custom_page_level_css":"","site-sidebar-layout":"default","site-content-layout":"","ast-site-content-layout":"default","site-content-style":"default","site-sidebar-style":"default","ast-global-header-display":"","ast-banner-title-visibility":"","ast-main-header-display":"","ast-hfb-above-header-display":"","ast-hfb-below-header-display":"","ast-hfb-mobile-header-display":"","site-post-title":"","ast-breadcrumbs-content":"","ast-featured-img":"","footer-sml-layout":"","ast-disable-related-posts":"","theme-transparent-header-meta":"","adv-header-id-meta":"","stick-header-meta":"","header-above-stick-meta":"","header-main-stick-meta":"","header-below-stick-meta":"","astra-migrate-meta-layouts":"default","ast-page-background-enabled":"default","ast-page-background-meta":{"desktop":{"background-color":"var(--ast-global-color-4)","background-image":"","background-repeat":"repeat","background-position":"center center","background-size":"auto","background-attachment":"scroll","background-type":"","background-media":"","overlay-type":"","overlay-color":"","overlay-opacity":"","overlay-gradient":""},"tablet":{"background-color":"","background-image":"","background-repeat":"repeat","background-position":"center center","background-size":"auto","background-attachment":"scroll","background-type":"","background-media":"","overlay-type":"","overlay-color":"","overlay-opacity":"","overlay-gradient":""},"mobile":{"background-color":"","background-image":"","background-repeat":"repeat","background-position":"center center","background-size":"auto","background-attachment":"scroll","background-type":"","background-media":"","overlay-type":"","overlay-color":"","overlay-opacity":"","overlay-gradient":""}},"ast-content-background-meta":{"desktop":{"background-color":"var(--ast-global-color-5)","background-image":"","background-repeat":"repeat","background-position":"center center","background-size":"auto","background-attachment":"scroll","background-type":"","background-media":"","overlay-type":"","overlay-color":"","overlay-opacity":"","overlay-gradient":""},"tablet":{"background-color":"var(--ast-global-color-5)","background-image":"","background-repeat":"repeat","background-position":"center center","background-size":"auto","background-attachment":"scroll","background-type":"","background-media":"","overlay-type":"","overlay-color":"","overlay-opacity":"","overlay-gradient":""},"mobile":{"background-color":"var(--ast-global-color-5)","background-image":"","background-repeat":"repeat","background-position":"center center","background-size":"auto","background-attachment":"scroll","background-type":"","background-media":"","overlay-type":"","overlay-color":"","overlay-opacity":"","overlay-gradient":""}},"footnotes":""},"class_list":["post-4755","page","type-page","status-publish","has-post-thumbnail","hentry"],"acf":[],"yoast_head":"<!-- This site is optimized with the Yoast SEO Premium plugin v22.0 (Yoast SEO v27.1.1) - https:\/\/yoast.com\/product\/yoast-seo-premium-wordpress\/ -->\n<title>Inova\u00e7\u00e3o e Pesquisa - Risco<\/title>\n<meta name=\"robots\" content=\"index, follow, max-snippet:-1, max-image-preview:large, max-video-preview:-1\" \/>\n<link rel=\"canonical\" href=\"https:\/\/www.risco.it\/pt-br\/perfil\/inovacao-pesquisa\/\" \/>\n<meta property=\"og:locale\" content=\"pt_BR\" \/>\n<meta property=\"og:type\" content=\"article\" \/>\n<meta property=\"og:title\" content=\"Inova\u00e7\u00e3o e Pesquisa\" \/>\n<meta property=\"og:description\" content=\"Inova\u00e7\u00e3o O ponto focal para a Risco \u00e9 a cont\u00ednua inova\u00e7\u00e3o dos seus produtos, para oferecer uma tecnologia sempre em [&hellip;]\" \/>\n<meta property=\"og:url\" content=\"https:\/\/www.risco.it\/pt-br\/perfil\/inovacao-pesquisa\/\" \/>\n<meta property=\"og:site_name\" content=\"Risco\" \/>\n<meta property=\"article:modified_time\" content=\"2025-06-05T09:18:37+00:00\" \/>\n<meta property=\"og:image\" content=\"https:\/\/www.risco.it\/wp-content\/uploads\/2025\/06\/028-2-copia.webp\" \/>\n\t<meta property=\"og:image:width\" content=\"1920\" \/>\n\t<meta property=\"og:image:height\" content=\"1280\" \/>\n\t<meta property=\"og:image:type\" content=\"image\/webp\" \/>\n<meta name=\"twitter:card\" content=\"summary_large_image\" \/>\n<meta name=\"twitter:label1\" content=\"Est. tempo de leitura\" \/>\n\t<meta name=\"twitter:data1\" content=\"2 minutos\" \/>\n<!-- \/ Yoast SEO Premium plugin. -->","yoast_head_json":{"title":"Inova\u00e7\u00e3o e Pesquisa - Risco","robots":{"index":"index","follow":"follow","max-snippet":"max-snippet:-1","max-image-preview":"max-image-preview:large","max-video-preview":"max-video-preview:-1"},"canonical":"https:\/\/www.risco.it\/pt-br\/perfil\/inovacao-pesquisa\/","og_locale":"pt_BR","og_type":"article","og_title":"Inova\u00e7\u00e3o e Pesquisa","og_description":"Inova\u00e7\u00e3o O ponto focal para a Risco \u00e9 a cont\u00ednua inova\u00e7\u00e3o dos seus produtos, para oferecer uma tecnologia sempre em [&hellip;]","og_url":"https:\/\/www.risco.it\/pt-br\/perfil\/inovacao-pesquisa\/","og_site_name":"Risco","article_modified_time":"2025-06-05T09:18:37+00:00","og_image":[{"width":1920,"height":1280,"url":"https:\/\/www.risco.it\/wp-content\/uploads\/2025\/06\/028-2-copia.webp","type":"image\/webp"}],"twitter_card":"summary_large_image","twitter_misc":{"Est. tempo de leitura":"2 minutos"},"schema":{"@context":"https:\/\/schema.org","@graph":[{"@type":"WebPage","@id":"https:\/\/www.risco.it\/pt-br\/perfil\/inovacao-pesquisa\/","url":"https:\/\/www.risco.it\/pt-br\/perfil\/inovacao-pesquisa\/","name":"Inova\u00e7\u00e3o e Pesquisa - Risco","isPartOf":{"@id":"https:\/\/www.risco.it\/pt-br\/#website"},"primaryImageOfPage":{"@id":"https:\/\/www.risco.it\/pt-br\/perfil\/inovacao-pesquisa\/#primaryimage"},"image":{"@id":"https:\/\/www.risco.it\/pt-br\/perfil\/inovacao-pesquisa\/#primaryimage"},"thumbnailUrl":"https:\/\/www.risco.it\/wp-content\/uploads\/2025\/06\/028-2-copia.webp","datePublished":"2018-04-11T08:52:27+00:00","dateModified":"2025-06-05T09:18:37+00:00","breadcrumb":{"@id":"https:\/\/www.risco.it\/pt-br\/perfil\/inovacao-pesquisa\/#breadcrumb"},"inLanguage":"pt-BR","potentialAction":[{"@type":"ReadAction","target":["https:\/\/www.risco.it\/pt-br\/perfil\/inovacao-pesquisa\/"]}]},{"@type":"ImageObject","inLanguage":"pt-BR","@id":"https:\/\/www.risco.it\/pt-br\/perfil\/inovacao-pesquisa\/#primaryimage","url":"https:\/\/www.risco.it\/wp-content\/uploads\/2025\/06\/028-2-copia.webp","contentUrl":"https:\/\/www.risco.it\/wp-content\/uploads\/2025\/06\/028-2-copia.webp","width":1920,"height":1280},{"@type":"BreadcrumbList","@id":"https:\/\/www.risco.it\/pt-br\/perfil\/inovacao-pesquisa\/#breadcrumb","itemListElement":[{"@type":"ListItem","position":1,"name":"Home","item":"https:\/\/www.risco.it\/pt-br\/"},{"@type":"ListItem","position":2,"name":"Perfil","item":"https:\/\/www.risco.it\/pt-br\/perfil\/"},{"@type":"ListItem","position":3,"name":"Inova\u00e7\u00e3o e Pesquisa"}]},{"@type":"WebSite","@id":"https:\/\/www.risco.it\/pt-br\/#website","url":"https:\/\/www.risco.it\/pt-br\/","name":"Risco","description":"Vacuum fillers and meat processing machines","publisher":{"@id":"https:\/\/www.risco.it\/pt-br\/#organization"},"potentialAction":[{"@type":"SearchAction","target":{"@type":"EntryPoint","urlTemplate":"https:\/\/www.risco.it\/pt-br\/?s={search_term_string}"},"query-input":{"@type":"PropertyValueSpecification","valueRequired":true,"valueName":"search_term_string"}}],"inLanguage":"pt-BR"},{"@type":"Organization","@id":"https:\/\/www.risco.it\/pt-br\/#organization","name":"Risco","url":"https:\/\/www.risco.it\/pt-br\/","logo":{"@type":"ImageObject","inLanguage":"pt-BR","@id":"https:\/\/www.risco.it\/pt-br\/#\/schema\/logo\/image\/","url":"https:\/\/www.risco.it\/wp-content\/uploads\/2020\/12\/Risco_logo.svg","contentUrl":"https:\/\/www.risco.it\/wp-content\/uploads\/2020\/12\/Risco_logo.svg","caption":"Risco"},"image":{"@id":"https:\/\/www.risco.it\/pt-br\/#\/schema\/logo\/image\/"}}]}},"uagb_featured_image_src":{"full":["https:\/\/www.risco.it\/wp-content\/uploads\/2025\/06\/028-2-copia.webp",1920,1280,false],"thumbnail":["https:\/\/www.risco.it\/wp-content\/uploads\/2025\/06\/028-2-copia-150x100.webp",150,100,true],"medium":["https:\/\/www.risco.it\/wp-content\/uploads\/2025\/06\/028-2-copia-300x200.webp",300,200,true],"medium_large":["https:\/\/www.risco.it\/wp-content\/uploads\/2025\/06\/028-2-copia-768x512.webp",768,512,true],"large":["https:\/\/www.risco.it\/wp-content\/uploads\/2025\/06\/028-2-copia-1024x683.webp",1024,683,true],"1536x1536":["https:\/\/www.risco.it\/wp-content\/uploads\/2025\/06\/028-2-copia-1536x1024.webp",1536,1024,true],"2048x2048":["https:\/\/www.risco.it\/wp-content\/uploads\/2025\/06\/028-2-copia.webp",1920,1280,false]},"uagb_author_info":{"display_name":"tradenet","author_link":"https:\/\/www.risco.it\/pt-br\/author\/admintradenet\/"},"uagb_comment_info":0,"uagb_excerpt":"Inova\u00e7\u00e3o O ponto focal para a Risco \u00e9 a cont\u00ednua inova\u00e7\u00e3o dos seus produtos, para oferecer uma tecnologia sempre em [&hellip;]","_links":{"self":[{"href":"https:\/\/www.risco.it\/pt-br\/wp-json\/wp\/v2\/pages\/4755","targetHints":{"allow":["GET"]}}],"collection":[{"href":"https:\/\/www.risco.it\/pt-br\/wp-json\/wp\/v2\/pages"}],"about":[{"href":"https:\/\/www.risco.it\/pt-br\/wp-json\/wp\/v2\/types\/page"}],"author":[{"embeddable":true,"href":"https:\/\/www.risco.it\/pt-br\/wp-json\/wp\/v2\/users\/4"}],"replies":[{"embeddable":true,"href":"https:\/\/www.risco.it\/pt-br\/wp-json\/wp\/v2\/comments?post=4755"}],"version-history":[{"count":9,"href":"https:\/\/www.risco.it\/pt-br\/wp-json\/wp\/v2\/pages\/4755\/revisions"}],"predecessor-version":[{"id":17174,"href":"https:\/\/www.risco.it\/pt-br\/wp-json\/wp\/v2\/pages\/4755\/revisions\/17174"}],"up":[{"embeddable":true,"href":"https:\/\/www.risco.it\/pt-br\/wp-json\/wp\/v2\/pages\/3910"}],"wp:featuredmedia":[{"embeddable":true,"href":"https:\/\/www.risco.it\/pt-br\/wp-json\/wp\/v2\/media\/18845"}],"wp:attachment":[{"href":"https:\/\/www.risco.it\/pt-br\/wp-json\/wp\/v2\/media?parent=4755"}],"curies":[{"name":"wp","href":"https:\/\/api.w.org\/{rel}","templated":true}]}}