{"id":4716,"date":"2018-04-11T10:48:06","date_gmt":"2018-04-11T08:48:06","guid":{"rendered":"http:\/\/risco.clientbook.it\/?page_id=4716"},"modified":"2024-09-20T16:58:29","modified_gmt":"2024-09-20T14:58:29","slug":"qualidade-tecnologia","status":"publish","type":"page","link":"https:\/\/www.risco.it\/pt-br\/perfil\/qualidade-tecnologia\/","title":{"rendered":"Qualidade e Tecnologia"},"content":{"rendered":"\n<div class=\"wp-block-group is-layout-constrained wp-container-core-group-is-layout-d22ff40a wp-block-group-is-layout-constrained\" style=\"padding-top:0px;padding-right:0px;padding-bottom:0px;padding-left:0px\">\n<h2 class=\"wp-block-heading\" id=\"h-qualidade\">Qualidade<\/h2>\n\n\n\n<div class=\"wp-block-columns is-layout-flex wp-container-core-columns-is-layout-47c5d72a wp-block-columns-is-layout-flex\" style=\"margin-bottom:var(--wp--preset--spacing--80)\">\n<div class=\"wp-block-column is-layout-flow wp-block-column-is-layout-flow\">\n<p>Risco preocupa-se em garantir sempre a m\u00e1xima qualidade do produto mediante um planejamento cuidadoso, da utiliza\u00e7\u00e3o de tecnologias inovadoras nos sistemas produtivos, da defini\u00e7\u00e3o de padr\u00f5es mec\u00e2nicos e t\u00e9cnicos elevados, da busca pela melhor qualidade dos materiais e dos componentes utilizados e da rigorosidade dos testes de controle de qualidade. Os componentes dos produtos Risco s\u00e3o controlados e testados em cada fase da produ\u00e7\u00e3o. O produto montado \u00e9 o resultado de procedimentos precisos e a qualidade final \u00e9, seguramente, de valor elevado.<\/p>\n<\/div>\n\n\n\n<div class=\"wp-block-column is-layout-flow wp-block-column-is-layout-flow\">\n<figure class=\"wp-block-image size-full is-style-rounded\"><img loading=\"lazy\" decoding=\"async\" width=\"1024\" height=\"683\" src=\"https:\/\/www.risco.it\/wp-content\/uploads\/2019\/06\/controllo.jpg\" alt=\"\" class=\"wp-image-6199\" srcset=\"https:\/\/www.risco.it\/wp-content\/uploads\/2019\/06\/controllo.jpg 1024w, https:\/\/www.risco.it\/wp-content\/uploads\/2019\/06\/controllo-150x100.jpg 150w, https:\/\/www.risco.it\/wp-content\/uploads\/2019\/06\/controllo-300x200.jpg 300w, https:\/\/www.risco.it\/wp-content\/uploads\/2019\/06\/controllo-768x512.jpg 768w\" sizes=\"auto, (max-width: 1024px) 100vw, 1024px\" \/><\/figure>\n<\/div>\n<\/div>\n\n\n\n<h2 class=\"wp-block-heading\" id=\"h-tecnologia\">Tecnologia<\/h2>\n\n\n\n<div class=\"wp-block-columns is-layout-flex wp-container-core-columns-is-layout-28f84493 wp-block-columns-is-layout-flex\">\n<div class=\"wp-block-column is-layout-flow wp-block-column-is-layout-flow\">\n<p>A Tecnologia inerente aos produtos Risco \u00e9 o resultado de estudos cont\u00ednuos realizados pelos departamentos de Pesquisa &amp; Desenvolvimento que funcionam sempre em sinergia. As pesquisas tecnol\u00f3gicas s\u00e3o efetuadas em n\u00edvel internacional gra\u00e7as \u00e0 contribui\u00e7\u00e3o de especialistas em cada \u00e2mbito de aplica\u00e7\u00e3o, do alimentar ao mec\u00e2nico, passando pelo eletr\u00f4nico at\u00e9 a inform\u00e1tica. Risco investe uma parte consider\u00e1vel dos pr\u00f3prios recursos na pesquisa e cria\u00e7\u00e3o de novos produtos, dando suporte e melhorando aqueles existentes. Desenvolve as ideias atrav\u00e9s de estudos de tecnologia sempre mais sofisticadas e realiza\u00e7\u00e3o de testes cont\u00ednuos com um andamento perfeito, um estilo sempre reconhec\u00edvel, que faz sentir que os clientes e o pessoal da Risco s\u00e3o parte de um \u00fanico projeto.<\/p>\n<\/div>\n\n\n\n<div class=\"wp-block-column is-layout-flow wp-block-column-is-layout-flow\">\n<figure class=\"wp-block-image size-full is-style-rounded\"><img loading=\"lazy\" decoding=\"async\" width=\"600\" height=\"400\" src=\"https:\/\/www.risco.it\/wp-content\/uploads\/2019\/03\/Risco_tecnologia-021.jpg\" alt=\"\" class=\"wp-image-6052\" srcset=\"https:\/\/www.risco.it\/wp-content\/uploads\/2019\/03\/Risco_tecnologia-021.jpg 600w, https:\/\/www.risco.it\/wp-content\/uploads\/2019\/03\/Risco_tecnologia-021-150x100.jpg 150w, https:\/\/www.risco.it\/wp-content\/uploads\/2019\/03\/Risco_tecnologia-021-300x200.jpg 300w\" sizes=\"auto, (max-width: 600px) 100vw, 600px\" \/><\/figure>\n<\/div>\n<\/div>\n<\/div>\n","protected":false},"excerpt":{"rendered":"<p>Qualidade Risco preocupa-se em garantir sempre a m\u00e1xima qualidade do produto mediante um planejamento cuidadoso, da utiliza\u00e7\u00e3o de tecnologias inovadoras [&hellip;]<\/p>\n","protected":false},"author":4,"featured_media":18397,"parent":3910,"menu_order":263,"comment_status":"closed","ping_status":"closed","template":"","meta":{"_acf_changed":false,"inline_featured_image":false,"_uag_custom_page_level_css":"","site-sidebar-layout":"default","site-content-layout":"","ast-site-content-layout":"default","site-content-style":"default","site-sidebar-style":"default","ast-global-header-display":"","ast-banner-title-visibility":"","ast-main-header-display":"","ast-hfb-above-header-display":"","ast-hfb-below-header-display":"","ast-hfb-mobile-header-display":"","site-post-title":"","ast-breadcrumbs-content":"","ast-featured-img":"","footer-sml-layout":"","ast-disable-related-posts":"","theme-transparent-header-meta":"","adv-header-id-meta":"","stick-header-meta":"","header-above-stick-meta":"","header-main-stick-meta":"","header-below-stick-meta":"","astra-migrate-meta-layouts":"default","ast-page-background-enabled":"default","ast-page-background-meta":{"desktop":{"background-color":"var(--ast-global-color-4)","background-image":"","background-repeat":"repeat","background-position":"center center","background-size":"auto","background-attachment":"scroll","background-type":"","background-media":"","overlay-type":"","overlay-color":"","overlay-opacity":"","overlay-gradient":""},"tablet":{"background-color":"","background-image":"","background-repeat":"repeat","background-position":"center center","background-size":"auto","background-attachment":"scroll","background-type":"","background-media":"","overlay-type":"","overlay-color":"","overlay-opacity":"","overlay-gradient":""},"mobile":{"background-color":"","background-image":"","background-repeat":"repeat","background-position":"center center","background-size":"auto","background-attachment":"scroll","background-type":"","background-media":"","overlay-type":"","overlay-color":"","overlay-opacity":"","overlay-gradient":""}},"ast-content-background-meta":{"desktop":{"background-color":"var(--ast-global-color-5)","background-image":"","background-repeat":"repeat","background-position":"center center","background-size":"auto","background-attachment":"scroll","background-type":"","background-media":"","overlay-type":"","overlay-color":"","overlay-opacity":"","overlay-gradient":""},"tablet":{"background-color":"var(--ast-global-color-5)","background-image":"","background-repeat":"repeat","background-position":"center center","background-size":"auto","background-attachment":"scroll","background-type":"","background-media":"","overlay-type":"","overlay-color":"","overlay-opacity":"","overlay-gradient":""},"mobile":{"background-color":"var(--ast-global-color-5)","background-image":"","background-repeat":"repeat","background-position":"center center","background-size":"auto","background-attachment":"scroll","background-type":"","background-media":"","overlay-type":"","overlay-color":"","overlay-opacity":"","overlay-gradient":""}},"footnotes":""},"class_list":["post-4716","page","type-page","status-publish","has-post-thumbnail","hentry"],"acf":[],"yoast_head":"<!-- This site is optimized with the Yoast SEO Premium plugin v22.0 (Yoast SEO v27.1.1) - https:\/\/yoast.com\/product\/yoast-seo-premium-wordpress\/ -->\n<title>Qualidade e Tecnologia - Risco<\/title>\n<meta name=\"robots\" content=\"index, follow, max-snippet:-1, max-image-preview:large, max-video-preview:-1\" \/>\n<link rel=\"canonical\" href=\"https:\/\/www.risco.it\/pt-br\/perfil\/qualidade-tecnologia\/\" \/>\n<meta property=\"og:locale\" content=\"pt_BR\" \/>\n<meta property=\"og:type\" content=\"article\" \/>\n<meta property=\"og:title\" content=\"Qualidade e Tecnologia\" \/>\n<meta property=\"og:description\" content=\"Qualidade Risco preocupa-se em garantir sempre a m\u00e1xima qualidade do produto mediante um planejamento cuidadoso, da utiliza\u00e7\u00e3o de tecnologias inovadoras [&hellip;]\" \/>\n<meta property=\"og:url\" content=\"https:\/\/www.risco.it\/pt-br\/perfil\/qualidade-tecnologia\/\" \/>\n<meta property=\"og:site_name\" content=\"Risco\" \/>\n<meta property=\"article:modified_time\" content=\"2024-09-20T14:58:29+00:00\" \/>\n<meta property=\"og:image\" content=\"https:\/\/www.risco.it\/wp-content\/uploads\/2024\/06\/Risco_azienda_04w.jpg\" \/>\n\t<meta property=\"og:image:width\" content=\"1920\" \/>\n\t<meta property=\"og:image:height\" content=\"640\" \/>\n\t<meta property=\"og:image:type\" content=\"image\/jpeg\" \/>\n<meta name=\"twitter:card\" content=\"summary_large_image\" \/>\n<meta name=\"twitter:label1\" content=\"Est. tempo de leitura\" \/>\n\t<meta name=\"twitter:data1\" content=\"2 minutos\" \/>\n<!-- \/ Yoast SEO Premium plugin. -->","yoast_head_json":{"title":"Qualidade e Tecnologia - Risco","robots":{"index":"index","follow":"follow","max-snippet":"max-snippet:-1","max-image-preview":"max-image-preview:large","max-video-preview":"max-video-preview:-1"},"canonical":"https:\/\/www.risco.it\/pt-br\/perfil\/qualidade-tecnologia\/","og_locale":"pt_BR","og_type":"article","og_title":"Qualidade e Tecnologia","og_description":"Qualidade Risco preocupa-se em garantir sempre a m\u00e1xima qualidade do produto mediante um planejamento cuidadoso, da utiliza\u00e7\u00e3o de tecnologias inovadoras [&hellip;]","og_url":"https:\/\/www.risco.it\/pt-br\/perfil\/qualidade-tecnologia\/","og_site_name":"Risco","article_modified_time":"2024-09-20T14:58:29+00:00","og_image":[{"width":1920,"height":640,"url":"https:\/\/www.risco.it\/wp-content\/uploads\/2024\/06\/Risco_azienda_04w.jpg","type":"image\/jpeg"}],"twitter_card":"summary_large_image","twitter_misc":{"Est. tempo de leitura":"2 minutos"},"schema":{"@context":"https:\/\/schema.org","@graph":[{"@type":"WebPage","@id":"https:\/\/www.risco.it\/pt-br\/perfil\/qualidade-tecnologia\/","url":"https:\/\/www.risco.it\/pt-br\/perfil\/qualidade-tecnologia\/","name":"Qualidade e Tecnologia - Risco","isPartOf":{"@id":"https:\/\/www.risco.it\/pt-br\/#website"},"primaryImageOfPage":{"@id":"https:\/\/www.risco.it\/pt-br\/perfil\/qualidade-tecnologia\/#primaryimage"},"image":{"@id":"https:\/\/www.risco.it\/pt-br\/perfil\/qualidade-tecnologia\/#primaryimage"},"thumbnailUrl":"https:\/\/www.risco.it\/wp-content\/uploads\/2025\/04\/028-2-copia.webp","datePublished":"2018-04-11T08:48:06+00:00","dateModified":"2024-09-20T14:58:29+00:00","breadcrumb":{"@id":"https:\/\/www.risco.it\/pt-br\/perfil\/qualidade-tecnologia\/#breadcrumb"},"inLanguage":"pt-BR","potentialAction":[{"@type":"ReadAction","target":["https:\/\/www.risco.it\/pt-br\/perfil\/qualidade-tecnologia\/"]}]},{"@type":"ImageObject","inLanguage":"pt-BR","@id":"https:\/\/www.risco.it\/pt-br\/perfil\/qualidade-tecnologia\/#primaryimage","url":"https:\/\/www.risco.it\/wp-content\/uploads\/2025\/04\/028-2-copia.webp","contentUrl":"https:\/\/www.risco.it\/wp-content\/uploads\/2025\/04\/028-2-copia.webp","width":2560,"height":1707},{"@type":"BreadcrumbList","@id":"https:\/\/www.risco.it\/pt-br\/perfil\/qualidade-tecnologia\/#breadcrumb","itemListElement":[{"@type":"ListItem","position":1,"name":"Home","item":"https:\/\/www.risco.it\/pt-br\/"},{"@type":"ListItem","position":2,"name":"Perfil","item":"https:\/\/www.risco.it\/pt-br\/perfil\/"},{"@type":"ListItem","position":3,"name":"Qualidade e Tecnologia"}]},{"@type":"WebSite","@id":"https:\/\/www.risco.it\/pt-br\/#website","url":"https:\/\/www.risco.it\/pt-br\/","name":"Risco","description":"Vacuum fillers and meat processing machines","publisher":{"@id":"https:\/\/www.risco.it\/pt-br\/#organization"},"potentialAction":[{"@type":"SearchAction","target":{"@type":"EntryPoint","urlTemplate":"https:\/\/www.risco.it\/pt-br\/?s={search_term_string}"},"query-input":{"@type":"PropertyValueSpecification","valueRequired":true,"valueName":"search_term_string"}}],"inLanguage":"pt-BR"},{"@type":"Organization","@id":"https:\/\/www.risco.it\/pt-br\/#organization","name":"Risco","url":"https:\/\/www.risco.it\/pt-br\/","logo":{"@type":"ImageObject","inLanguage":"pt-BR","@id":"https:\/\/www.risco.it\/pt-br\/#\/schema\/logo\/image\/","url":"https:\/\/www.risco.it\/wp-content\/uploads\/2020\/12\/Risco_logo.svg","contentUrl":"https:\/\/www.risco.it\/wp-content\/uploads\/2020\/12\/Risco_logo.svg","caption":"Risco"},"image":{"@id":"https:\/\/www.risco.it\/pt-br\/#\/schema\/logo\/image\/"}}]}},"uagb_featured_image_src":{"full":["https:\/\/www.risco.it\/wp-content\/uploads\/2025\/04\/028-2-copia.webp",2560,1707,false],"thumbnail":["https:\/\/www.risco.it\/wp-content\/uploads\/2025\/04\/028-profile-150x100.jpeg",150,100,true],"medium":["https:\/\/www.risco.it\/wp-content\/uploads\/2025\/04\/028-profile-300x200.jpeg",300,200,true],"medium_large":["https:\/\/www.risco.it\/wp-content\/uploads\/2025\/04\/028-profile-768x512.jpeg",768,512,true],"large":["https:\/\/www.risco.it\/wp-content\/uploads\/2025\/04\/028-profile-1024x683.jpeg",1024,683,true],"1536x1536":["https:\/\/www.risco.it\/wp-content\/uploads\/2025\/04\/028-profile-1536x1024.jpeg",1536,1024,true],"2048x2048":["https:\/\/www.risco.it\/wp-content\/uploads\/2025\/04\/028-profile-2048x1365.jpeg",2048,1365,true]},"uagb_author_info":{"display_name":"tradenet","author_link":"https:\/\/www.risco.it\/pt-br\/author\/admintradenet\/"},"uagb_comment_info":0,"uagb_excerpt":"Qualidade Risco preocupa-se em garantir sempre a m\u00e1xima qualidade do produto mediante um planejamento cuidadoso, da utiliza\u00e7\u00e3o de tecnologias inovadoras [&hellip;]","_links":{"self":[{"href":"https:\/\/www.risco.it\/pt-br\/wp-json\/wp\/v2\/pages\/4716","targetHints":{"allow":["GET"]}}],"collection":[{"href":"https:\/\/www.risco.it\/pt-br\/wp-json\/wp\/v2\/pages"}],"about":[{"href":"https:\/\/www.risco.it\/pt-br\/wp-json\/wp\/v2\/types\/page"}],"author":[{"embeddable":true,"href":"https:\/\/www.risco.it\/pt-br\/wp-json\/wp\/v2\/users\/4"}],"replies":[{"embeddable":true,"href":"https:\/\/www.risco.it\/pt-br\/wp-json\/wp\/v2\/comments?post=4716"}],"version-history":[{"count":11,"href":"https:\/\/www.risco.it\/pt-br\/wp-json\/wp\/v2\/pages\/4716\/revisions"}],"predecessor-version":[{"id":17173,"href":"https:\/\/www.risco.it\/pt-br\/wp-json\/wp\/v2\/pages\/4716\/revisions\/17173"}],"up":[{"embeddable":true,"href":"https:\/\/www.risco.it\/pt-br\/wp-json\/wp\/v2\/pages\/3910"}],"wp:featuredmedia":[{"embeddable":true,"href":"https:\/\/www.risco.it\/pt-br\/wp-json\/wp\/v2\/media\/18397"}],"wp:attachment":[{"href":"https:\/\/www.risco.it\/pt-br\/wp-json\/wp\/v2\/media?parent=4716"}],"curies":[{"name":"wp","href":"https:\/\/api.w.org\/{rel}","templated":true}]}}