{"id":4697,"date":"2018-04-11T10:36:14","date_gmt":"2018-04-11T08:36:14","guid":{"rendered":"http:\/\/risco.clientbook.it\/?page_id=4697"},"modified":"2024-09-20T16:57:46","modified_gmt":"2024-09-20T14:57:46","slug":"tradicao-and-modernity","status":"publish","type":"page","link":"https:\/\/www.risco.it\/pt-br\/perfil\/tradicao-and-modernity\/","title":{"rendered":"Tradi\u00e7\u00e3o e Modernidade"},"content":{"rendered":"\n<div class=\"wp-block-group is-layout-constrained wp-container-core-group-is-layout-d22ff40a wp-block-group-is-layout-constrained\" style=\"padding-top:0px;padding-right:0px;padding-bottom:0px;padding-left:0px\">\n<h2 class=\"wp-block-heading\" id=\"h-tradicao\">Tradi\u00e7\u00e3o<\/h2>\n\n\n\n<div class=\"wp-block-columns is-layout-flex wp-container-core-columns-is-layout-47c5d72a wp-block-columns-is-layout-flex\" style=\"margin-bottom:var(--wp--preset--spacing--80)\">\n<div class=\"wp-block-column is-layout-flow wp-block-column-is-layout-flow\">\n<p>Risco \u00e9 a empresa l\u00edder na produ\u00e7\u00e3o de m\u00e1quinas e sistemas para o trabalho da carne e conquistou para si uma posi\u00e7\u00e3o de primeiro plano nos mercados mundiais. Funcionando h\u00e1 cinquenta anos, a Risco \u00e9 hoje uma empresa que une uma tradi\u00e7\u00e3o familiar a uma gest\u00e3o eficiente e avan\u00e7ada. A experi\u00eancia adquirida e os novos processos operacionais projetam a Risco no cen\u00e1rio mundial como pioneira na pesquisa de novas solu\u00e7\u00f5es, novos processos, novos mercados e sucesso renovado. A evolu\u00e7\u00e3o da empresa e o crescimento constante ao longo dos anos representam n\u00e3o apenas um orgulho, mas uma prova tang\u00edvel da sua capacidade de adapta\u00e7\u00e3o ao mercado e \u00e0s exig\u00eancias do cliente. A chave deste sucesso \u00e9 a uni\u00e3o perfeita entre tradi\u00e7\u00e3o e inova\u00e7\u00e3o, e este \u00e9 o ponto de partida de cada produto oferecido pela Risco.<\/p>\n<\/div>\n\n\n\n<div class=\"wp-block-column is-layout-flow wp-block-column-is-layout-flow\">\n<figure class=\"wp-block-image size-full is-style-rounded\"><img loading=\"lazy\" decoding=\"async\" width=\"600\" height=\"400\" src=\"https:\/\/www.risco.it\/wp-content\/uploads\/2018\/04\/Risco-stabile-e1541598831914.jpg\" alt=\"\" class=\"wp-image-354\" srcset=\"https:\/\/www.risco.it\/wp-content\/uploads\/2018\/04\/Risco-stabile-e1541598831914.jpg 600w, https:\/\/www.risco.it\/wp-content\/uploads\/2018\/04\/Risco-stabile-e1541598831914-150x100.jpg 150w, https:\/\/www.risco.it\/wp-content\/uploads\/2018\/04\/Risco-stabile-e1541598831914-300x200.jpg 300w\" sizes=\"auto, (max-width: 600px) 100vw, 600px\" \/><\/figure>\n<\/div>\n<\/div>\n\n\n\n<h2 class=\"wp-block-heading\" id=\"h-modernidade\">Modernidade<\/h2>\n\n\n\n<div class=\"wp-block-columns is-layout-flex wp-container-core-columns-is-layout-28f84493 wp-block-columns-is-layout-flex\">\n<div class=\"wp-block-column is-layout-flow wp-block-column-is-layout-flow\">\n<p>Risco se inspira em tecnologias de vanguarda para pesquisar e melhorar os pr\u00f3prios produtos, otimizando os processos organizacionais e de produ\u00e7\u00e3o internos. A modernidade, vivida e aprofundada em cada setor da empresa, \u00e9 fonte de inspira\u00e7\u00e3o para todos os oper\u00e1rios, seja isso relacionado a produtos ou a servi\u00e7os oferecidos. T\u00e9cnicas de constante melhoramento s\u00e3o passadas pelo management a todas as subdivis\u00f5es da empresa para uma inova\u00e7\u00e3o cont\u00ednua. Dinamismo, progresso e velocidade cont\u00ednuos s\u00e3o capazes de mostrar: a renova\u00e7\u00e3o nunca h\u00e1 de parar.<\/p>\n<\/div>\n\n\n\n<div class=\"wp-block-column is-layout-flow wp-block-column-is-layout-flow\">\n<figure class=\"wp-block-image size-full is-style-rounded\"><img loading=\"lazy\" decoding=\"async\" width=\"600\" height=\"400\" src=\"https:\/\/www.risco.it\/wp-content\/uploads\/2018\/04\/mod.jpg\" alt=\"\" class=\"wp-image-355\" srcset=\"https:\/\/www.risco.it\/wp-content\/uploads\/2018\/04\/mod.jpg 600w, https:\/\/www.risco.it\/wp-content\/uploads\/2018\/04\/mod-150x100.jpg 150w, https:\/\/www.risco.it\/wp-content\/uploads\/2018\/04\/mod-300x200.jpg 300w\" sizes=\"auto, (max-width: 600px) 100vw, 600px\" \/><\/figure>\n<\/div>\n<\/div>\n<\/div>\n","protected":false},"excerpt":{"rendered":"<p>Tradi\u00e7\u00e3o Risco \u00e9 a empresa l\u00edder na produ\u00e7\u00e3o de m\u00e1quinas e sistemas para o trabalho da carne e conquistou para [&hellip;]<\/p>\n","protected":false},"author":4,"featured_media":18397,"parent":3910,"menu_order":253,"comment_status":"closed","ping_status":"closed","template":"","meta":{"_acf_changed":false,"inline_featured_image":false,"_uag_custom_page_level_css":"","site-sidebar-layout":"default","site-content-layout":"","ast-site-content-layout":"default","site-content-style":"default","site-sidebar-style":"default","ast-global-header-display":"","ast-banner-title-visibility":"","ast-main-header-display":"","ast-hfb-above-header-display":"","ast-hfb-below-header-display":"","ast-hfb-mobile-header-display":"","site-post-title":"","ast-breadcrumbs-content":"","ast-featured-img":"","footer-sml-layout":"","ast-disable-related-posts":"","theme-transparent-header-meta":"","adv-header-id-meta":"","stick-header-meta":"","header-above-stick-meta":"","header-main-stick-meta":"","header-below-stick-meta":"","astra-migrate-meta-layouts":"default","ast-page-background-enabled":"default","ast-page-background-meta":{"desktop":{"background-color":"var(--ast-global-color-4)","background-image":"","background-repeat":"repeat","background-position":"center center","background-size":"auto","background-attachment":"scroll","background-type":"","background-media":"","overlay-type":"","overlay-color":"","overlay-opacity":"","overlay-gradient":""},"tablet":{"background-color":"","background-image":"","background-repeat":"repeat","background-position":"center center","background-size":"auto","background-attachment":"scroll","background-type":"","background-media":"","overlay-type":"","overlay-color":"","overlay-opacity":"","overlay-gradient":""},"mobile":{"background-color":"","background-image":"","background-repeat":"repeat","background-position":"center center","background-size":"auto","background-attachment":"scroll","background-type":"","background-media":"","overlay-type":"","overlay-color":"","overlay-opacity":"","overlay-gradient":""}},"ast-content-background-meta":{"desktop":{"background-color":"var(--ast-global-color-5)","background-image":"","background-repeat":"repeat","background-position":"center center","background-size":"auto","background-attachment":"scroll","background-type":"","background-media":"","overlay-type":"","overlay-color":"","overlay-opacity":"","overlay-gradient":""},"tablet":{"background-color":"var(--ast-global-color-5)","background-image":"","background-repeat":"repeat","background-position":"center center","background-size":"auto","background-attachment":"scroll","background-type":"","background-media":"","overlay-type":"","overlay-color":"","overlay-opacity":"","overlay-gradient":""},"mobile":{"background-color":"var(--ast-global-color-5)","background-image":"","background-repeat":"repeat","background-position":"center center","background-size":"auto","background-attachment":"scroll","background-type":"","background-media":"","overlay-type":"","overlay-color":"","overlay-opacity":"","overlay-gradient":""}},"footnotes":""},"class_list":["post-4697","page","type-page","status-publish","has-post-thumbnail","hentry"],"acf":[],"yoast_head":"<!-- This site is optimized with the Yoast SEO Premium plugin v22.0 (Yoast SEO v27.1.1) - https:\/\/yoast.com\/product\/yoast-seo-premium-wordpress\/ -->\n<title>Tradi\u00e7\u00e3o e Modernidade - Risco<\/title>\n<meta name=\"robots\" content=\"index, follow, max-snippet:-1, max-image-preview:large, max-video-preview:-1\" \/>\n<link rel=\"canonical\" href=\"https:\/\/www.risco.it\/pt-br\/perfil\/tradicao-and-modernity\/\" \/>\n<meta property=\"og:locale\" content=\"pt_BR\" \/>\n<meta property=\"og:type\" content=\"article\" \/>\n<meta property=\"og:title\" content=\"Tradi\u00e7\u00e3o e Modernidade\" \/>\n<meta property=\"og:description\" content=\"Tradi\u00e7\u00e3o Risco \u00e9 a empresa l\u00edder na produ\u00e7\u00e3o de m\u00e1quinas e sistemas para o trabalho da carne e conquistou para [&hellip;]\" \/>\n<meta property=\"og:url\" content=\"https:\/\/www.risco.it\/pt-br\/perfil\/tradicao-and-modernity\/\" \/>\n<meta property=\"og:site_name\" content=\"Risco\" \/>\n<meta property=\"article:modified_time\" content=\"2024-09-20T14:57:46+00:00\" \/>\n<meta property=\"og:image\" content=\"https:\/\/www.risco.it\/wp-content\/uploads\/2024\/06\/Risco_azienda_04w.jpg\" \/>\n\t<meta property=\"og:image:width\" content=\"1920\" \/>\n\t<meta property=\"og:image:height\" content=\"640\" \/>\n\t<meta property=\"og:image:type\" content=\"image\/jpeg\" \/>\n<meta name=\"twitter:card\" content=\"summary_large_image\" \/>\n<meta name=\"twitter:label1\" content=\"Est. tempo de leitura\" \/>\n\t<meta name=\"twitter:data1\" content=\"2 minutos\" \/>\n<!-- \/ Yoast SEO Premium plugin. -->","yoast_head_json":{"title":"Tradi\u00e7\u00e3o e Modernidade - Risco","robots":{"index":"index","follow":"follow","max-snippet":"max-snippet:-1","max-image-preview":"max-image-preview:large","max-video-preview":"max-video-preview:-1"},"canonical":"https:\/\/www.risco.it\/pt-br\/perfil\/tradicao-and-modernity\/","og_locale":"pt_BR","og_type":"article","og_title":"Tradi\u00e7\u00e3o e Modernidade","og_description":"Tradi\u00e7\u00e3o Risco \u00e9 a empresa l\u00edder na produ\u00e7\u00e3o de m\u00e1quinas e sistemas para o trabalho da carne e conquistou para [&hellip;]","og_url":"https:\/\/www.risco.it\/pt-br\/perfil\/tradicao-and-modernity\/","og_site_name":"Risco","article_modified_time":"2024-09-20T14:57:46+00:00","og_image":[{"width":1920,"height":640,"url":"https:\/\/www.risco.it\/wp-content\/uploads\/2024\/06\/Risco_azienda_04w.jpg","type":"image\/jpeg"}],"twitter_card":"summary_large_image","twitter_misc":{"Est. tempo de leitura":"2 minutos"},"schema":{"@context":"https:\/\/schema.org","@graph":[{"@type":"WebPage","@id":"https:\/\/www.risco.it\/pt-br\/perfil\/tradicao-and-modernity\/","url":"https:\/\/www.risco.it\/pt-br\/perfil\/tradicao-and-modernity\/","name":"Tradi\u00e7\u00e3o e Modernidade - Risco","isPartOf":{"@id":"https:\/\/www.risco.it\/pt-br\/#website"},"primaryImageOfPage":{"@id":"https:\/\/www.risco.it\/pt-br\/perfil\/tradicao-and-modernity\/#primaryimage"},"image":{"@id":"https:\/\/www.risco.it\/pt-br\/perfil\/tradicao-and-modernity\/#primaryimage"},"thumbnailUrl":"https:\/\/www.risco.it\/wp-content\/uploads\/2025\/04\/028-2-copia.webp","datePublished":"2018-04-11T08:36:14+00:00","dateModified":"2024-09-20T14:57:46+00:00","breadcrumb":{"@id":"https:\/\/www.risco.it\/pt-br\/perfil\/tradicao-and-modernity\/#breadcrumb"},"inLanguage":"pt-BR","potentialAction":[{"@type":"ReadAction","target":["https:\/\/www.risco.it\/pt-br\/perfil\/tradicao-and-modernity\/"]}]},{"@type":"ImageObject","inLanguage":"pt-BR","@id":"https:\/\/www.risco.it\/pt-br\/perfil\/tradicao-and-modernity\/#primaryimage","url":"https:\/\/www.risco.it\/wp-content\/uploads\/2025\/04\/028-2-copia.webp","contentUrl":"https:\/\/www.risco.it\/wp-content\/uploads\/2025\/04\/028-2-copia.webp","width":2560,"height":1707},{"@type":"BreadcrumbList","@id":"https:\/\/www.risco.it\/pt-br\/perfil\/tradicao-and-modernity\/#breadcrumb","itemListElement":[{"@type":"ListItem","position":1,"name":"Home","item":"https:\/\/www.risco.it\/pt-br\/"},{"@type":"ListItem","position":2,"name":"Perfil","item":"https:\/\/www.risco.it\/pt-br\/perfil\/"},{"@type":"ListItem","position":3,"name":"Tradi\u00e7\u00e3o e Modernidade"}]},{"@type":"WebSite","@id":"https:\/\/www.risco.it\/pt-br\/#website","url":"https:\/\/www.risco.it\/pt-br\/","name":"Risco","description":"Vacuum fillers and meat processing machines","publisher":{"@id":"https:\/\/www.risco.it\/pt-br\/#organization"},"potentialAction":[{"@type":"SearchAction","target":{"@type":"EntryPoint","urlTemplate":"https:\/\/www.risco.it\/pt-br\/?s={search_term_string}"},"query-input":{"@type":"PropertyValueSpecification","valueRequired":true,"valueName":"search_term_string"}}],"inLanguage":"pt-BR"},{"@type":"Organization","@id":"https:\/\/www.risco.it\/pt-br\/#organization","name":"Risco","url":"https:\/\/www.risco.it\/pt-br\/","logo":{"@type":"ImageObject","inLanguage":"pt-BR","@id":"https:\/\/www.risco.it\/pt-br\/#\/schema\/logo\/image\/","url":"https:\/\/www.risco.it\/wp-content\/uploads\/2020\/12\/Risco_logo.svg","contentUrl":"https:\/\/www.risco.it\/wp-content\/uploads\/2020\/12\/Risco_logo.svg","caption":"Risco"},"image":{"@id":"https:\/\/www.risco.it\/pt-br\/#\/schema\/logo\/image\/"}}]}},"uagb_featured_image_src":{"full":["https:\/\/www.risco.it\/wp-content\/uploads\/2025\/04\/028-2-copia.webp",2560,1707,false],"thumbnail":["https:\/\/www.risco.it\/wp-content\/uploads\/2025\/04\/028-profile-150x100.jpeg",150,100,true],"medium":["https:\/\/www.risco.it\/wp-content\/uploads\/2025\/04\/028-profile-300x200.jpeg",300,200,true],"medium_large":["https:\/\/www.risco.it\/wp-content\/uploads\/2025\/04\/028-profile-768x512.jpeg",768,512,true],"large":["https:\/\/www.risco.it\/wp-content\/uploads\/2025\/04\/028-profile-1024x683.jpeg",1024,683,true],"1536x1536":["https:\/\/www.risco.it\/wp-content\/uploads\/2025\/04\/028-profile-1536x1024.jpeg",1536,1024,true],"2048x2048":["https:\/\/www.risco.it\/wp-content\/uploads\/2025\/04\/028-profile-2048x1365.jpeg",2048,1365,true]},"uagb_author_info":{"display_name":"tradenet","author_link":"https:\/\/www.risco.it\/pt-br\/author\/admintradenet\/"},"uagb_comment_info":0,"uagb_excerpt":"Tradi\u00e7\u00e3o Risco \u00e9 a empresa l\u00edder na produ\u00e7\u00e3o de m\u00e1quinas e sistemas para o trabalho da carne e conquistou para [&hellip;]","_links":{"self":[{"href":"https:\/\/www.risco.it\/pt-br\/wp-json\/wp\/v2\/pages\/4697","targetHints":{"allow":["GET"]}}],"collection":[{"href":"https:\/\/www.risco.it\/pt-br\/wp-json\/wp\/v2\/pages"}],"about":[{"href":"https:\/\/www.risco.it\/pt-br\/wp-json\/wp\/v2\/types\/page"}],"author":[{"embeddable":true,"href":"https:\/\/www.risco.it\/pt-br\/wp-json\/wp\/v2\/users\/4"}],"replies":[{"embeddable":true,"href":"https:\/\/www.risco.it\/pt-br\/wp-json\/wp\/v2\/comments?post=4697"}],"version-history":[{"count":16,"href":"https:\/\/www.risco.it\/pt-br\/wp-json\/wp\/v2\/pages\/4697\/revisions"}],"predecessor-version":[{"id":17172,"href":"https:\/\/www.risco.it\/pt-br\/wp-json\/wp\/v2\/pages\/4697\/revisions\/17172"}],"up":[{"embeddable":true,"href":"https:\/\/www.risco.it\/pt-br\/wp-json\/wp\/v2\/pages\/3910"}],"wp:featuredmedia":[{"embeddable":true,"href":"https:\/\/www.risco.it\/pt-br\/wp-json\/wp\/v2\/media\/18397"}],"wp:attachment":[{"href":"https:\/\/www.risco.it\/pt-br\/wp-json\/wp\/v2\/media?parent=4697"}],"curies":[{"name":"wp","href":"https:\/\/api.w.org\/{rel}","templated":true}]}}