{"id":4599,"date":"2018-04-11T12:39:40","date_gmt":"2018-04-11T10:39:40","guid":{"rendered":"http:\/\/risco.clientbook.it\/?page_id=4599"},"modified":"2019-08-27T15:39:07","modified_gmt":"2019-08-27T13:39:07","slug":"carreiras","status":"publish","type":"page","link":"https:\/\/www.risco.it\/pt-br\/carreiras\/","title":{"rendered":"Carreiras"},"content":{"rendered":"<h2>Carreiras<\/h2>\n<p>As pessoas que trabalham em nossa empresa d\u00e3o o melhor de si para atingir os objetivos definidos e manter a Risco numa realidade competitiva a n\u00edvel internacional. Se voc\u00ea acredita ter compet\u00eancia, esp\u00edrito de iniciativa e capacidade de inova\u00e7\u00e3o, para entrar em contato com a empresa Risco, envie o seu <em>Curriculum Vitae<\/em>, juntamente com uma breve apresenta\u00e7\u00e3o e aprova\u00e7\u00e3o para o tratamento dos seus dados pessoais, ao endere\u00e7o de e-mail: <a href=\"mailto:job@risco.it\">job@risco.it<\/a><\/p>\n","protected":false},"excerpt":{"rendered":"<p>Carreiras As pessoas que trabalham em nossa empresa d\u00e3o o melhor de si para atingir os objetivos definidos e manter [&hellip;]<\/p>\n","protected":false},"author":4,"featured_media":6108,"parent":0,"menu_order":169,"comment_status":"closed","ping_status":"closed","template":"","meta":{"_acf_changed":false,"inline_featured_image":false,"_uag_custom_page_level_css":"","site-sidebar-layout":"default","site-content-layout":"","ast-site-content-layout":"default","site-content-style":"default","site-sidebar-style":"default","ast-global-header-display":"","ast-banner-title-visibility":"","ast-main-header-display":"","ast-hfb-above-header-display":"","ast-hfb-below-header-display":"","ast-hfb-mobile-header-display":"","site-post-title":"","ast-breadcrumbs-content":"","ast-featured-img":"","footer-sml-layout":"","ast-disable-related-posts":"","theme-transparent-header-meta":"","adv-header-id-meta":"","stick-header-meta":"","header-above-stick-meta":"","header-main-stick-meta":"","header-below-stick-meta":"","astra-migrate-meta-layouts":"default","ast-page-background-enabled":"default","ast-page-background-meta":{"desktop":{"background-color":"var(--ast-global-color-4)","background-image":"","background-repeat":"repeat","background-position":"center center","background-size":"auto","background-attachment":"scroll","background-type":"","background-media":"","overlay-type":"","overlay-color":"","overlay-opacity":"","overlay-gradient":""},"tablet":{"background-color":"","background-image":"","background-repeat":"repeat","background-position":"center center","background-size":"auto","background-attachment":"scroll","background-type":"","background-media":"","overlay-type":"","overlay-color":"","overlay-opacity":"","overlay-gradient":""},"mobile":{"background-color":"","background-image":"","background-repeat":"repeat","background-position":"center center","background-size":"auto","background-attachment":"scroll","background-type":"","background-media":"","overlay-type":"","overlay-color":"","overlay-opacity":"","overlay-gradient":""}},"ast-content-background-meta":{"desktop":{"background-color":"var(--ast-global-color-5)","background-image":"","background-repeat":"repeat","background-position":"center center","background-size":"auto","background-attachment":"scroll","background-type":"","background-media":"","overlay-type":"","overlay-color":"","overlay-opacity":"","overlay-gradient":""},"tablet":{"background-color":"var(--ast-global-color-5)","background-image":"","background-repeat":"repeat","background-position":"center center","background-size":"auto","background-attachment":"scroll","background-type":"","background-media":"","overlay-type":"","overlay-color":"","overlay-opacity":"","overlay-gradient":""},"mobile":{"background-color":"var(--ast-global-color-5)","background-image":"","background-repeat":"repeat","background-position":"center center","background-size":"auto","background-attachment":"scroll","background-type":"","background-media":"","overlay-type":"","overlay-color":"","overlay-opacity":"","overlay-gradient":""}},"footnotes":""},"class_list":["post-4599","page","type-page","status-publish","has-post-thumbnail","hentry"],"acf":[],"yoast_head":"<!-- This site is optimized with the Yoast SEO Premium plugin v22.0 (Yoast SEO v27.1.1) - https:\/\/yoast.com\/product\/yoast-seo-premium-wordpress\/ -->\n<title>Carreiras - Risco<\/title>\n<meta name=\"robots\" content=\"index, follow, max-snippet:-1, max-image-preview:large, max-video-preview:-1\" \/>\n<link rel=\"canonical\" href=\"https:\/\/www.risco.it\/pt-br\/carreiras\/\" \/>\n<meta property=\"og:locale\" content=\"pt_BR\" \/>\n<meta property=\"og:type\" content=\"article\" \/>\n<meta property=\"og:title\" content=\"Carreiras\" \/>\n<meta property=\"og:description\" content=\"Carreiras As pessoas que trabalham em nossa empresa d\u00e3o o melhor de si para atingir os objetivos definidos e manter [&hellip;]\" \/>\n<meta property=\"og:url\" content=\"https:\/\/www.risco.it\/pt-br\/carreiras\/\" \/>\n<meta property=\"og:site_name\" content=\"Risco\" \/>\n<meta property=\"article:modified_time\" content=\"2019-08-27T13:39:07+00:00\" \/>\n<meta property=\"og:image\" content=\"https:\/\/www.risco.it\/wp-content\/uploads\/2019\/03\/banner_careers.jpg\" \/>\n\t<meta property=\"og:image:width\" content=\"1024\" \/>\n\t<meta property=\"og:image:height\" content=\"200\" \/>\n\t<meta property=\"og:image:type\" content=\"image\/jpeg\" \/>\n<meta name=\"twitter:card\" content=\"summary_large_image\" \/>\n<!-- \/ Yoast SEO Premium plugin. -->","yoast_head_json":{"title":"Carreiras - Risco","robots":{"index":"index","follow":"follow","max-snippet":"max-snippet:-1","max-image-preview":"max-image-preview:large","max-video-preview":"max-video-preview:-1"},"canonical":"https:\/\/www.risco.it\/pt-br\/carreiras\/","og_locale":"pt_BR","og_type":"article","og_title":"Carreiras","og_description":"Carreiras As pessoas que trabalham em nossa empresa d\u00e3o o melhor de si para atingir os objetivos definidos e manter [&hellip;]","og_url":"https:\/\/www.risco.it\/pt-br\/carreiras\/","og_site_name":"Risco","article_modified_time":"2019-08-27T13:39:07+00:00","og_image":[{"width":1024,"height":200,"url":"https:\/\/www.risco.it\/wp-content\/uploads\/2019\/03\/banner_careers.jpg","type":"image\/jpeg"}],"twitter_card":"summary_large_image","schema":{"@context":"https:\/\/schema.org","@graph":[{"@type":"WebPage","@id":"https:\/\/www.risco.it\/pt-br\/carreiras\/","url":"https:\/\/www.risco.it\/pt-br\/carreiras\/","name":"Carreiras - Risco","isPartOf":{"@id":"https:\/\/www.risco.it\/pt-br\/#website"},"primaryImageOfPage":{"@id":"https:\/\/www.risco.it\/pt-br\/carreiras\/#primaryimage"},"image":{"@id":"https:\/\/www.risco.it\/pt-br\/carreiras\/#primaryimage"},"thumbnailUrl":"https:\/\/www.risco.it\/wp-content\/uploads\/2019\/03\/banner_careers.jpg","datePublished":"2018-04-11T10:39:40+00:00","dateModified":"2019-08-27T13:39:07+00:00","breadcrumb":{"@id":"https:\/\/www.risco.it\/pt-br\/carreiras\/#breadcrumb"},"inLanguage":"pt-BR","potentialAction":[{"@type":"ReadAction","target":["https:\/\/www.risco.it\/pt-br\/carreiras\/"]}]},{"@type":"ImageObject","inLanguage":"pt-BR","@id":"https:\/\/www.risco.it\/pt-br\/carreiras\/#primaryimage","url":"https:\/\/www.risco.it\/wp-content\/uploads\/2019\/03\/banner_careers.jpg","contentUrl":"https:\/\/www.risco.it\/wp-content\/uploads\/2019\/03\/banner_careers.jpg","width":1024,"height":200},{"@type":"BreadcrumbList","@id":"https:\/\/www.risco.it\/pt-br\/carreiras\/#breadcrumb","itemListElement":[{"@type":"ListItem","position":1,"name":"Home","item":"https:\/\/www.risco.it\/pt-br\/"},{"@type":"ListItem","position":2,"name":"Carreiras"}]},{"@type":"WebSite","@id":"https:\/\/www.risco.it\/pt-br\/#website","url":"https:\/\/www.risco.it\/pt-br\/","name":"Risco","description":"Vacuum fillers and meat processing machines","publisher":{"@id":"https:\/\/www.risco.it\/pt-br\/#organization"},"potentialAction":[{"@type":"SearchAction","target":{"@type":"EntryPoint","urlTemplate":"https:\/\/www.risco.it\/pt-br\/?s={search_term_string}"},"query-input":{"@type":"PropertyValueSpecification","valueRequired":true,"valueName":"search_term_string"}}],"inLanguage":"pt-BR"},{"@type":"Organization","@id":"https:\/\/www.risco.it\/pt-br\/#organization","name":"Risco","url":"https:\/\/www.risco.it\/pt-br\/","logo":{"@type":"ImageObject","inLanguage":"pt-BR","@id":"https:\/\/www.risco.it\/pt-br\/#\/schema\/logo\/image\/","url":"https:\/\/www.risco.it\/wp-content\/uploads\/2020\/12\/Risco_logo.svg","contentUrl":"https:\/\/www.risco.it\/wp-content\/uploads\/2020\/12\/Risco_logo.svg","caption":"Risco"},"image":{"@id":"https:\/\/www.risco.it\/pt-br\/#\/schema\/logo\/image\/"}}]}},"uagb_featured_image_src":{"full":["https:\/\/www.risco.it\/wp-content\/uploads\/2019\/03\/banner_careers.jpg",1024,200,false],"thumbnail":["https:\/\/www.risco.it\/wp-content\/uploads\/2019\/03\/banner_careers-150x29.jpg",150,29,true],"medium":["https:\/\/www.risco.it\/wp-content\/uploads\/2019\/03\/banner_careers-300x59.jpg",300,59,true],"medium_large":["https:\/\/www.risco.it\/wp-content\/uploads\/2019\/03\/banner_careers-768x150.jpg",768,150,true],"large":["https:\/\/www.risco.it\/wp-content\/uploads\/2019\/03\/banner_careers-1024x200.jpg",1024,200,true],"1536x1536":["https:\/\/www.risco.it\/wp-content\/uploads\/2019\/03\/banner_careers.jpg",1024,200,false],"2048x2048":["https:\/\/www.risco.it\/wp-content\/uploads\/2019\/03\/banner_careers.jpg",1024,200,false]},"uagb_author_info":{"display_name":"tradenet","author_link":"https:\/\/www.risco.it\/pt-br\/author\/admintradenet\/"},"uagb_comment_info":0,"uagb_excerpt":"Carreiras As pessoas que trabalham em nossa empresa d\u00e3o o melhor de si para atingir os objetivos definidos e manter [&hellip;]","_links":{"self":[{"href":"https:\/\/www.risco.it\/pt-br\/wp-json\/wp\/v2\/pages\/4599","targetHints":{"allow":["GET"]}}],"collection":[{"href":"https:\/\/www.risco.it\/pt-br\/wp-json\/wp\/v2\/pages"}],"about":[{"href":"https:\/\/www.risco.it\/pt-br\/wp-json\/wp\/v2\/types\/page"}],"author":[{"embeddable":true,"href":"https:\/\/www.risco.it\/pt-br\/wp-json\/wp\/v2\/users\/4"}],"replies":[{"embeddable":true,"href":"https:\/\/www.risco.it\/pt-br\/wp-json\/wp\/v2\/comments?post=4599"}],"version-history":[{"count":4,"href":"https:\/\/www.risco.it\/pt-br\/wp-json\/wp\/v2\/pages\/4599\/revisions"}],"predecessor-version":[{"id":6930,"href":"https:\/\/www.risco.it\/pt-br\/wp-json\/wp\/v2\/pages\/4599\/revisions\/6930"}],"wp:featuredmedia":[{"embeddable":true,"href":"https:\/\/www.risco.it\/pt-br\/wp-json\/wp\/v2\/media\/6108"}],"wp:attachment":[{"href":"https:\/\/www.risco.it\/pt-br\/wp-json\/wp\/v2\/media?parent=4599"}],"curies":[{"name":"wp","href":"https:\/\/api.w.org\/{rel}","templated":true}]}}