{"id":4427,"date":"2018-04-11T11:47:20","date_gmt":"2018-04-11T09:47:20","guid":{"rendered":"http:\/\/risco.clientbook.it\/?page_id=4427"},"modified":"2024-06-11T17:42:18","modified_gmt":"2024-06-11T15:42:18","slug":"peixe","status":"publish","type":"page","link":"https:\/\/www.risco.it\/pt-br\/aplicacoes\/tipo-de-produto\/peixe\/","title":{"rendered":"Peixe e Frutos do mar"},"content":{"rendered":"\n<p>Equipamentos de alta qualidade, as m\u00e1quinas Risco s\u00e3o projetadas para processar produtos derivados de peixe e frutos do mar desde sticks e hamb\u00fargueres de peixes at\u00e9 surimi entre outros.<br>Os sistemas da Risco s\u00e3o capazes de extrusar produtos derivados de peixe com perfei\u00e7\u00e3o no formato e no peso mantendo a humidade do produto inicial.<\/p>\n\n\n\n<h2 class=\"wp-block-heading\" id=\"h-produtos\">Produtos<\/h2>\n\n\n\n<div class=\"wp-block-group application-products is-layout-constrained wp-container-core-group-is-layout-d22ff40a wp-block-group-is-layout-constrained\" style=\"padding-top:0px;padding-right:0px;padding-bottom:0px;padding-left:0px\">\n<div class=\"wp-block-columns is-layout-flex wp-container-core-columns-is-layout-28f84493 wp-block-columns-is-layout-flex\">\n<div class=\"wp-block-column is-layout-flow wp-block-column-is-layout-flow\">\n<figure class=\"wp-block-image size-full\"><img loading=\"lazy\" decoding=\"async\" width=\"600\" height=\"600\" src=\"https:\/\/www.risco.it\/wp-content\/uploads\/2024\/01\/octopus.jpg\" alt=\"\" class=\"wp-image-13152\" srcset=\"https:\/\/www.risco.it\/wp-content\/uploads\/2024\/01\/octopus.jpg 600w, https:\/\/www.risco.it\/wp-content\/uploads\/2024\/01\/octopus-150x150.jpg 150w, https:\/\/www.risco.it\/wp-content\/uploads\/2024\/01\/octopus-300x300.jpg 300w\" sizes=\"auto, (max-width: 600px) 100vw, 600px\" \/><\/figure>\n\n\n\n<h4 class=\"wp-block-heading\" id=\"h-carpaccio-de-polvo\">Carpaccio de polvo<\/h4>\n<\/div>\n\n\n\n<div class=\"wp-block-column is-layout-flow wp-block-column-is-layout-flow\">\n<figure class=\"wp-block-image size-large\"><img loading=\"lazy\" decoding=\"async\" width=\"600\" height=\"600\" src=\"https:\/\/www.risco.it\/wp-content\/uploads\/2024\/01\/fish-patty.jpg\" alt=\"\" class=\"wp-image-13134\" srcset=\"https:\/\/www.risco.it\/wp-content\/uploads\/2024\/01\/fish-patty.jpg 600w, https:\/\/www.risco.it\/wp-content\/uploads\/2024\/01\/fish-patty-150x150.jpg 150w, https:\/\/www.risco.it\/wp-content\/uploads\/2024\/01\/fish-patty-300x300.jpg 300w\" sizes=\"auto, (max-width: 600px) 100vw, 600px\" \/><\/figure>\n\n\n\n<h4 class=\"wp-block-heading\" id=\"h-formados-hamburgueres-de-peixe-hamburgueres-de-salmao-fishballs\">Formados (hamb\u00fargueres de peixe, hamb\u00fargueres de salm\u00e3o, fishballs)<\/h4>\n<\/div>\n\n\n\n<div class=\"wp-block-column is-layout-flow wp-block-column-is-layout-flow\">\n<figure class=\"wp-block-image size-large\"><img loading=\"lazy\" decoding=\"async\" width=\"600\" height=\"600\" src=\"https:\/\/www.risco.it\/wp-content\/uploads\/2024\/01\/fish-sauce.jpg\" alt=\"\" class=\"wp-image-13140\" srcset=\"https:\/\/www.risco.it\/wp-content\/uploads\/2024\/01\/fish-sauce.jpg 600w, https:\/\/www.risco.it\/wp-content\/uploads\/2024\/01\/fish-sauce-150x150.jpg 150w, https:\/\/www.risco.it\/wp-content\/uploads\/2024\/01\/fish-sauce-300x300.jpg 300w\" sizes=\"auto, (max-width: 600px) 100vw, 600px\" \/><\/figure>\n\n\n\n<h4 class=\"wp-block-heading\" id=\"h-emulsoes-pates-e-saladas\">Emuls\u00f5es, pat\u00eas e saladas<\/h4>\n<\/div>\n\n\n\n<div class=\"wp-block-column is-layout-flow wp-block-column-is-layout-flow\">\n<figure class=\"wp-block-image size-large\"><img loading=\"lazy\" decoding=\"async\" width=\"600\" height=\"600\" src=\"https:\/\/www.risco.it\/wp-content\/uploads\/2024\/01\/fish-sticks.jpg\" alt=\"\" class=\"wp-image-13146\" srcset=\"https:\/\/www.risco.it\/wp-content\/uploads\/2024\/01\/fish-sticks.jpg 600w, https:\/\/www.risco.it\/wp-content\/uploads\/2024\/01\/fish-sticks-150x150.jpg 150w, https:\/\/www.risco.it\/wp-content\/uploads\/2024\/01\/fish-sticks-300x300.jpg 300w\" sizes=\"auto, (max-width: 600px) 100vw, 600px\" \/><\/figure>\n\n\n\n<h4 class=\"wp-block-heading\" id=\"h-palitos-de-peixe\">Palitos de peixe<\/h4>\n<\/div>\n<\/div>\n\n\n\n<div class=\"wp-block-columns is-layout-flex wp-container-core-columns-is-layout-28f84493 wp-block-columns-is-layout-flex\">\n<div class=\"wp-block-column is-layout-flow wp-block-column-is-layout-flow\"><\/div>\n<\/div>\n<\/div>\n","protected":false},"excerpt":{"rendered":"<p>Equipamentos de alta qualidade, as m\u00e1quinas Risco s\u00e3o projetadas para processar produtos derivados de peixe e frutos do mar desde [&hellip;]<\/p>\n","protected":false},"author":4,"featured_media":15814,"parent":4338,"menu_order":126,"comment_status":"closed","ping_status":"closed","template":"products-page.php","meta":{"_acf_changed":false,"inline_featured_image":false,"_uag_custom_page_level_css":"","site-sidebar-layout":"no-sidebar","site-content-layout":"","ast-site-content-layout":"default","site-content-style":"default","site-sidebar-style":"default","ast-global-header-display":"","ast-banner-title-visibility":"","ast-main-header-display":"","ast-hfb-above-header-display":"","ast-hfb-below-header-display":"","ast-hfb-mobile-header-display":"","site-post-title":"","ast-breadcrumbs-content":"","ast-featured-img":"","footer-sml-layout":"","ast-disable-related-posts":"","theme-transparent-header-meta":"","adv-header-id-meta":"","stick-header-meta":"","header-above-stick-meta":"","header-main-stick-meta":"","header-below-stick-meta":"","astra-migrate-meta-layouts":"default","ast-page-background-enabled":"default","ast-page-background-meta":{"desktop":{"background-color":"var(--ast-global-color-4)","background-image":"","background-repeat":"repeat","background-position":"center center","background-size":"auto","background-attachment":"scroll","background-type":"","background-media":"","overlay-type":"","overlay-color":"","overlay-opacity":"","overlay-gradient":""},"tablet":{"background-color":"","background-image":"","background-repeat":"repeat","background-position":"center center","background-size":"auto","background-attachment":"scroll","background-type":"","background-media":"","overlay-type":"","overlay-color":"","overlay-opacity":"","overlay-gradient":""},"mobile":{"background-color":"","background-image":"","background-repeat":"repeat","background-position":"center center","background-size":"auto","background-attachment":"scroll","background-type":"","background-media":"","overlay-type":"","overlay-color":"","overlay-opacity":"","overlay-gradient":""}},"ast-content-background-meta":{"desktop":{"background-color":"var(--ast-global-color-5)","background-image":"","background-repeat":"repeat","background-position":"center center","background-size":"auto","background-attachment":"scroll","background-type":"","background-media":"","overlay-type":"","overlay-color":"","overlay-opacity":"","overlay-gradient":""},"tablet":{"background-color":"var(--ast-global-color-5)","background-image":"","background-repeat":"repeat","background-position":"center center","background-size":"auto","background-attachment":"scroll","background-type":"","background-media":"","overlay-type":"","overlay-color":"","overlay-opacity":"","overlay-gradient":""},"mobile":{"background-color":"var(--ast-global-color-5)","background-image":"","background-repeat":"repeat","background-position":"center center","background-size":"auto","background-attachment":"scroll","background-type":"","background-media":"","overlay-type":"","overlay-color":"","overlay-opacity":"","overlay-gradient":""}},"footnotes":""},"class_list":["post-4427","page","type-page","status-publish","has-post-thumbnail","hentry"],"acf":[],"yoast_head":"<!-- This site is optimized with the Yoast SEO Premium plugin v22.0 (Yoast SEO v27.1.1) - https:\/\/yoast.com\/product\/yoast-seo-premium-wordpress\/ -->\n<title>Peixe e Frutos do mar - Risco<\/title>\n<meta name=\"robots\" content=\"index, follow, max-snippet:-1, max-image-preview:large, max-video-preview:-1\" \/>\n<link rel=\"canonical\" href=\"https:\/\/www.risco.it\/pt-br\/aplicacoes\/tipo-de-produto\/peixe\/\" \/>\n<meta property=\"og:locale\" content=\"pt_BR\" \/>\n<meta property=\"og:type\" content=\"article\" \/>\n<meta property=\"og:title\" content=\"Peixe e Frutos do mar\" \/>\n<meta property=\"og:description\" content=\"Equipamentos de alta qualidade, as m\u00e1quinas Risco s\u00e3o projetadas para processar produtos derivados de peixe e frutos do mar desde [&hellip;]\" \/>\n<meta property=\"og:url\" content=\"https:\/\/www.risco.it\/pt-br\/aplicacoes\/tipo-de-produto\/peixe\/\" \/>\n<meta property=\"og:site_name\" content=\"Risco\" \/>\n<meta property=\"article:modified_time\" content=\"2024-06-11T15:42:18+00:00\" \/>\n<meta property=\"og:image\" content=\"https:\/\/www.risco.it\/wp-content\/uploads\/2024\/05\/baccala-mantecato-veneziana-17.jpg\" \/>\n\t<meta property=\"og:image:width\" content=\"2008\" \/>\n\t<meta property=\"og:image:height\" content=\"1080\" \/>\n\t<meta property=\"og:image:type\" content=\"image\/jpeg\" \/>\n<meta name=\"twitter:card\" content=\"summary_large_image\" \/>\n<meta name=\"twitter:label1\" content=\"Est. tempo de leitura\" \/>\n\t<meta name=\"twitter:data1\" content=\"2 minutos\" \/>\n<!-- \/ Yoast SEO Premium plugin. -->","yoast_head_json":{"title":"Peixe e Frutos do mar - Risco","robots":{"index":"index","follow":"follow","max-snippet":"max-snippet:-1","max-image-preview":"max-image-preview:large","max-video-preview":"max-video-preview:-1"},"canonical":"https:\/\/www.risco.it\/pt-br\/aplicacoes\/tipo-de-produto\/peixe\/","og_locale":"pt_BR","og_type":"article","og_title":"Peixe e Frutos do mar","og_description":"Equipamentos de alta qualidade, as m\u00e1quinas Risco s\u00e3o projetadas para processar produtos derivados de peixe e frutos do mar desde [&hellip;]","og_url":"https:\/\/www.risco.it\/pt-br\/aplicacoes\/tipo-de-produto\/peixe\/","og_site_name":"Risco","article_modified_time":"2024-06-11T15:42:18+00:00","og_image":[{"width":2008,"height":1080,"url":"https:\/\/www.risco.it\/wp-content\/uploads\/2024\/05\/baccala-mantecato-veneziana-17.jpg","type":"image\/jpeg"}],"twitter_card":"summary_large_image","twitter_misc":{"Est. tempo de leitura":"2 minutos"},"schema":{"@context":"https:\/\/schema.org","@graph":[{"@type":"WebPage","@id":"https:\/\/www.risco.it\/pt-br\/aplicacoes\/tipo-de-produto\/peixe\/","url":"https:\/\/www.risco.it\/pt-br\/aplicacoes\/tipo-de-produto\/peixe\/","name":"Peixe e Frutos do mar - Risco","isPartOf":{"@id":"https:\/\/www.risco.it\/pt-br\/#website"},"primaryImageOfPage":{"@id":"https:\/\/www.risco.it\/pt-br\/aplicacoes\/tipo-de-produto\/peixe\/#primaryimage"},"image":{"@id":"https:\/\/www.risco.it\/pt-br\/aplicacoes\/tipo-de-produto\/peixe\/#primaryimage"},"thumbnailUrl":"https:\/\/www.risco.it\/wp-content\/uploads\/2024\/05\/baccala-mantecato-veneziana-17.jpg","datePublished":"2018-04-11T09:47:20+00:00","dateModified":"2024-06-11T15:42:18+00:00","breadcrumb":{"@id":"https:\/\/www.risco.it\/pt-br\/aplicacoes\/tipo-de-produto\/peixe\/#breadcrumb"},"inLanguage":"pt-BR","potentialAction":[{"@type":"ReadAction","target":["https:\/\/www.risco.it\/pt-br\/aplicacoes\/tipo-de-produto\/peixe\/"]}]},{"@type":"ImageObject","inLanguage":"pt-BR","@id":"https:\/\/www.risco.it\/pt-br\/aplicacoes\/tipo-de-produto\/peixe\/#primaryimage","url":"https:\/\/www.risco.it\/wp-content\/uploads\/2024\/05\/baccala-mantecato-veneziana-17.jpg","contentUrl":"https:\/\/www.risco.it\/wp-content\/uploads\/2024\/05\/baccala-mantecato-veneziana-17.jpg","width":2008,"height":1080},{"@type":"BreadcrumbList","@id":"https:\/\/www.risco.it\/pt-br\/aplicacoes\/tipo-de-produto\/peixe\/#breadcrumb","itemListElement":[{"@type":"ListItem","position":1,"name":"Home","item":"https:\/\/www.risco.it\/pt-br\/"},{"@type":"ListItem","position":2,"name":"Aplica\u00e7\u00f5es","item":"https:\/\/www.risco.it\/pt-br\/aplicacoes\/"},{"@type":"ListItem","position":3,"name":"Tipo de Produto","item":"https:\/\/www.risco.it\/pt-br\/aplicacoes\/tipo-de-produto\/"},{"@type":"ListItem","position":4,"name":"Peixe e Frutos do mar"}]},{"@type":"WebSite","@id":"https:\/\/www.risco.it\/pt-br\/#website","url":"https:\/\/www.risco.it\/pt-br\/","name":"Risco","description":"Vacuum fillers and meat processing machines","publisher":{"@id":"https:\/\/www.risco.it\/pt-br\/#organization"},"potentialAction":[{"@type":"SearchAction","target":{"@type":"EntryPoint","urlTemplate":"https:\/\/www.risco.it\/pt-br\/?s={search_term_string}"},"query-input":{"@type":"PropertyValueSpecification","valueRequired":true,"valueName":"search_term_string"}}],"inLanguage":"pt-BR"},{"@type":"Organization","@id":"https:\/\/www.risco.it\/pt-br\/#organization","name":"Risco","url":"https:\/\/www.risco.it\/pt-br\/","logo":{"@type":"ImageObject","inLanguage":"pt-BR","@id":"https:\/\/www.risco.it\/pt-br\/#\/schema\/logo\/image\/","url":"https:\/\/www.risco.it\/wp-content\/uploads\/2020\/12\/Risco_logo.svg","contentUrl":"https:\/\/www.risco.it\/wp-content\/uploads\/2020\/12\/Risco_logo.svg","caption":"Risco"},"image":{"@id":"https:\/\/www.risco.it\/pt-br\/#\/schema\/logo\/image\/"}}]}},"uagb_featured_image_src":{"full":["https:\/\/www.risco.it\/wp-content\/uploads\/2024\/05\/baccala-mantecato-veneziana-17.jpg",2008,1080,false],"thumbnail":["https:\/\/www.risco.it\/wp-content\/uploads\/2024\/05\/baccala-mantecato-veneziana-17-150x81.jpg",150,81,true],"medium":["https:\/\/www.risco.it\/wp-content\/uploads\/2024\/05\/baccala-mantecato-veneziana-17-300x161.jpg",300,161,true],"medium_large":["https:\/\/www.risco.it\/wp-content\/uploads\/2024\/05\/baccala-mantecato-veneziana-17-768x413.jpg",768,413,true],"large":["https:\/\/www.risco.it\/wp-content\/uploads\/2024\/05\/baccala-mantecato-veneziana-17-1024x551.jpg",1024,551,true],"1536x1536":["https:\/\/www.risco.it\/wp-content\/uploads\/2024\/05\/baccala-mantecato-veneziana-17-1536x826.jpg",1536,826,true],"2048x2048":["https:\/\/www.risco.it\/wp-content\/uploads\/2024\/05\/baccala-mantecato-veneziana-17.jpg",2008,1080,false]},"uagb_author_info":{"display_name":"tradenet","author_link":"https:\/\/www.risco.it\/pt-br\/author\/admintradenet\/"},"uagb_comment_info":0,"uagb_excerpt":"Equipamentos de alta qualidade, as m\u00e1quinas Risco s\u00e3o projetadas para processar produtos derivados de peixe e frutos do mar desde [&hellip;]","_links":{"self":[{"href":"https:\/\/www.risco.it\/pt-br\/wp-json\/wp\/v2\/pages\/4427","targetHints":{"allow":["GET"]}}],"collection":[{"href":"https:\/\/www.risco.it\/pt-br\/wp-json\/wp\/v2\/pages"}],"about":[{"href":"https:\/\/www.risco.it\/pt-br\/wp-json\/wp\/v2\/types\/page"}],"author":[{"embeddable":true,"href":"https:\/\/www.risco.it\/pt-br\/wp-json\/wp\/v2\/users\/4"}],"replies":[{"embeddable":true,"href":"https:\/\/www.risco.it\/pt-br\/wp-json\/wp\/v2\/comments?post=4427"}],"version-history":[{"count":12,"href":"https:\/\/www.risco.it\/pt-br\/wp-json\/wp\/v2\/pages\/4427\/revisions"}],"predecessor-version":[{"id":16372,"href":"https:\/\/www.risco.it\/pt-br\/wp-json\/wp\/v2\/pages\/4427\/revisions\/16372"}],"up":[{"embeddable":true,"href":"https:\/\/www.risco.it\/pt-br\/wp-json\/wp\/v2\/pages\/4338"}],"wp:featuredmedia":[{"embeddable":true,"href":"https:\/\/www.risco.it\/pt-br\/wp-json\/wp\/v2\/media\/15814"}],"wp:attachment":[{"href":"https:\/\/www.risco.it\/pt-br\/wp-json\/wp\/v2\/media?parent=4427"}],"curies":[{"name":"wp","href":"https:\/\/api.w.org\/{rel}","templated":true}]}}