{"id":4406,"date":"2018-04-11T11:30:34","date_gmt":"2018-04-11T09:30:34","guid":{"rendered":"http:\/\/risco.clientbook.it\/?page_id=4406"},"modified":"2024-06-11T17:10:11","modified_gmt":"2024-06-11T15:10:11","slug":"carne","status":"publish","type":"page","link":"https:\/\/www.risco.it\/pt-br\/aplicacoes\/tipo-de-produto\/carne\/","title":{"rendered":"Carne embutida e clipada"},"content":{"rendered":"\n<p>A completa linha de embutideiras cont\u00ednuas a v\u00e1cuo da Risco s\u00e3o compat\u00edveis com qualquer tipo de clipadora autom\u00e1tica ou semi- autom\u00e1tica, garantindo alta performance, dosagem precisa e um produto de primeira classe.<\/p>\n\n\n\n<h2 class=\"wp-block-heading\" id=\"h-produtos\">Produtos<\/h2>\n\n\n\n<div class=\"wp-block-group application-products is-layout-constrained wp-container-core-group-is-layout-d22ff40a wp-block-group-is-layout-constrained\" style=\"padding-top:0px;padding-right:0px;padding-bottom:0px;padding-left:0px\">\n<div class=\"wp-block-columns is-layout-flex wp-container-core-columns-is-layout-28f84493 wp-block-columns-is-layout-flex\">\n<div class=\"wp-block-column is-layout-flow wp-block-column-is-layout-flow\" style=\"flex-basis:25%\">\n<figure class=\"wp-block-image size-full\"><img loading=\"lazy\" decoding=\"async\" width=\"602\" height=\"600\" src=\"https:\/\/www.risco.it\/wp-content\/uploads\/2024\/05\/clipped-1-1.jpg\" alt=\"\" class=\"wp-image-15646\" srcset=\"https:\/\/www.risco.it\/wp-content\/uploads\/2024\/05\/clipped-1-1.jpg 602w, https:\/\/www.risco.it\/wp-content\/uploads\/2024\/05\/clipped-1-1-300x300.jpg 300w, https:\/\/www.risco.it\/wp-content\/uploads\/2024\/05\/clipped-1-1-150x150.jpg 150w\" sizes=\"auto, (max-width: 602px) 100vw, 602px\" \/><\/figure>\n\n\n\n<h4 class=\"wp-block-heading\" id=\"h-produtos-de-emulsao-fina\">Produtos de emuls\u00e3o fina<\/h4>\n<\/div>\n\n\n\n<div class=\"wp-block-column is-layout-flow wp-block-column-is-layout-flow\" style=\"flex-basis:25%\">\n<figure class=\"wp-block-image size-full\"><img loading=\"lazy\" decoding=\"async\" width=\"600\" height=\"601\" src=\"https:\/\/www.risco.it\/wp-content\/uploads\/2024\/05\/clipped-sausages-1.jpg\" alt=\"\" class=\"wp-image-15634\" srcset=\"https:\/\/www.risco.it\/wp-content\/uploads\/2024\/05\/clipped-sausages-1.jpg 600w, https:\/\/www.risco.it\/wp-content\/uploads\/2024\/05\/clipped-sausages-1-300x300.jpg 300w, https:\/\/www.risco.it\/wp-content\/uploads\/2024\/05\/clipped-sausages-1-150x150.jpg 150w\" sizes=\"auto, (max-width: 600px) 100vw, 600px\" \/><\/figure>\n\n\n\n<h4 class=\"wp-block-heading\" id=\"h-salame\">Salame<\/h4>\n<\/div>\n\n\n\n<div class=\"wp-block-column is-layout-flow wp-block-column-is-layout-flow\" style=\"flex-basis:25%\">\n<figure class=\"wp-block-image size-large\"><img loading=\"lazy\" decoding=\"async\" width=\"600\" height=\"600\" src=\"https:\/\/www.risco.it\/wp-content\/uploads\/2024\/01\/clip-mortadella.jpg\" alt=\"\" class=\"wp-image-13011\" srcset=\"https:\/\/www.risco.it\/wp-content\/uploads\/2024\/01\/clip-mortadella.jpg 600w, https:\/\/www.risco.it\/wp-content\/uploads\/2024\/01\/clip-mortadella-150x150.jpg 150w, https:\/\/www.risco.it\/wp-content\/uploads\/2024\/01\/clip-mortadella-300x300.jpg 300w\" sizes=\"auto, (max-width: 600px) 100vw, 600px\" \/><\/figure>\n\n\n\n<h4 class=\"wp-block-heading\" id=\"h-salsicha-de-figado\">Salsicha de f\u00edgado<\/h4>\n<\/div>\n\n\n\n<div class=\"wp-block-column is-layout-flow wp-block-column-is-layout-flow\" style=\"flex-basis:25%\">\n<figure class=\"wp-block-image size-full\"><img loading=\"lazy\" decoding=\"async\" width=\"600\" height=\"604\" src=\"https:\/\/www.risco.it\/wp-content\/uploads\/2024\/05\/whole-muscle.jpg\" alt=\"\" class=\"wp-image-15057\" srcset=\"https:\/\/www.risco.it\/wp-content\/uploads\/2024\/05\/whole-muscle.jpg 600w, https:\/\/www.risco.it\/wp-content\/uploads\/2024\/05\/whole-muscle-298x300.jpg 298w, https:\/\/www.risco.it\/wp-content\/uploads\/2024\/05\/whole-muscle-150x150.jpg 150w\" sizes=\"auto, (max-width: 600px) 100vw, 600px\" \/><\/figure>\n\n\n\n<h4 class=\"wp-block-heading\" id=\"h-musculo-inteiro\">M\u00fasculo inteiro<\/h4>\n<\/div>\n<\/div>\n<\/div>\n","protected":false},"excerpt":{"rendered":"<p>A completa linha de embutideiras cont\u00ednuas a v\u00e1cuo da Risco s\u00e3o compat\u00edveis com qualquer tipo de clipadora autom\u00e1tica ou semi- [&hellip;]<\/p>\n","protected":false},"author":4,"featured_media":15657,"parent":4338,"menu_order":91,"comment_status":"closed","ping_status":"closed","template":"products-page.php","meta":{"_acf_changed":false,"inline_featured_image":false,"_uag_custom_page_level_css":"","site-sidebar-layout":"no-sidebar","site-content-layout":"","ast-site-content-layout":"default","site-content-style":"default","site-sidebar-style":"default","ast-global-header-display":"","ast-banner-title-visibility":"","ast-main-header-display":"","ast-hfb-above-header-display":"","ast-hfb-below-header-display":"","ast-hfb-mobile-header-display":"","site-post-title":"","ast-breadcrumbs-content":"","ast-featured-img":"","footer-sml-layout":"","ast-disable-related-posts":"","theme-transparent-header-meta":"","adv-header-id-meta":"","stick-header-meta":"","header-above-stick-meta":"","header-main-stick-meta":"","header-below-stick-meta":"","astra-migrate-meta-layouts":"default","ast-page-background-enabled":"default","ast-page-background-meta":{"desktop":{"background-color":"var(--ast-global-color-4)","background-image":"","background-repeat":"repeat","background-position":"center center","background-size":"auto","background-attachment":"scroll","background-type":"","background-media":"","overlay-type":"","overlay-color":"","overlay-opacity":"","overlay-gradient":""},"tablet":{"background-color":"","background-image":"","background-repeat":"repeat","background-position":"center center","background-size":"auto","background-attachment":"scroll","background-type":"","background-media":"","overlay-type":"","overlay-color":"","overlay-opacity":"","overlay-gradient":""},"mobile":{"background-color":"","background-image":"","background-repeat":"repeat","background-position":"center center","background-size":"auto","background-attachment":"scroll","background-type":"","background-media":"","overlay-type":"","overlay-color":"","overlay-opacity":"","overlay-gradient":""}},"ast-content-background-meta":{"desktop":{"background-color":"var(--ast-global-color-5)","background-image":"","background-repeat":"repeat","background-position":"center center","background-size":"auto","background-attachment":"scroll","background-type":"","background-media":"","overlay-type":"","overlay-color":"","overlay-opacity":"","overlay-gradient":""},"tablet":{"background-color":"var(--ast-global-color-5)","background-image":"","background-repeat":"repeat","background-position":"center center","background-size":"auto","background-attachment":"scroll","background-type":"","background-media":"","overlay-type":"","overlay-color":"","overlay-opacity":"","overlay-gradient":""},"mobile":{"background-color":"var(--ast-global-color-5)","background-image":"","background-repeat":"repeat","background-position":"center center","background-size":"auto","background-attachment":"scroll","background-type":"","background-media":"","overlay-type":"","overlay-color":"","overlay-opacity":"","overlay-gradient":""}},"footnotes":""},"class_list":["post-4406","page","type-page","status-publish","has-post-thumbnail","hentry"],"acf":[],"yoast_head":"<!-- This site is optimized with the Yoast SEO Premium plugin v22.0 (Yoast SEO v27.1.1) - https:\/\/yoast.com\/product\/yoast-seo-premium-wordpress\/ -->\n<title>Carne embutida e clipada - Risco<\/title>\n<meta name=\"robots\" content=\"index, follow, max-snippet:-1, max-image-preview:large, max-video-preview:-1\" \/>\n<link rel=\"canonical\" href=\"https:\/\/www.risco.it\/pt-br\/aplicacoes\/tipo-de-produto\/carne\/\" \/>\n<meta property=\"og:locale\" content=\"pt_BR\" \/>\n<meta property=\"og:type\" content=\"article\" \/>\n<meta property=\"og:title\" content=\"Carne embutida e clipada\" \/>\n<meta property=\"og:description\" content=\"A completa linha de embutideiras cont\u00ednuas a v\u00e1cuo da Risco s\u00e3o compat\u00edveis com qualquer tipo de clipadora autom\u00e1tica ou semi- [&hellip;]\" \/>\n<meta property=\"og:url\" content=\"https:\/\/www.risco.it\/pt-br\/aplicacoes\/tipo-de-produto\/carne\/\" \/>\n<meta property=\"og:site_name\" content=\"Risco\" \/>\n<meta property=\"article:modified_time\" content=\"2024-06-11T15:10:11+00:00\" \/>\n<meta property=\"og:image\" content=\"https:\/\/www.risco.it\/wp-content\/uploads\/2024\/05\/Fotolia_100487179_Subscription_Monthly_M.jpg\" \/>\n\t<meta property=\"og:image:width\" content=\"1688\" \/>\n\t<meta property=\"og:image:height\" content=\"1125\" \/>\n\t<meta property=\"og:image:type\" content=\"image\/jpeg\" \/>\n<meta name=\"twitter:card\" content=\"summary_large_image\" \/>\n<meta name=\"twitter:label1\" content=\"Est. tempo de leitura\" \/>\n\t<meta name=\"twitter:data1\" content=\"2 minutos\" \/>\n<!-- \/ Yoast SEO Premium plugin. -->","yoast_head_json":{"title":"Carne embutida e clipada - Risco","robots":{"index":"index","follow":"follow","max-snippet":"max-snippet:-1","max-image-preview":"max-image-preview:large","max-video-preview":"max-video-preview:-1"},"canonical":"https:\/\/www.risco.it\/pt-br\/aplicacoes\/tipo-de-produto\/carne\/","og_locale":"pt_BR","og_type":"article","og_title":"Carne embutida e clipada","og_description":"A completa linha de embutideiras cont\u00ednuas a v\u00e1cuo da Risco s\u00e3o compat\u00edveis com qualquer tipo de clipadora autom\u00e1tica ou semi- [&hellip;]","og_url":"https:\/\/www.risco.it\/pt-br\/aplicacoes\/tipo-de-produto\/carne\/","og_site_name":"Risco","article_modified_time":"2024-06-11T15:10:11+00:00","og_image":[{"width":1688,"height":1125,"url":"https:\/\/www.risco.it\/wp-content\/uploads\/2024\/05\/Fotolia_100487179_Subscription_Monthly_M.jpg","type":"image\/jpeg"}],"twitter_card":"summary_large_image","twitter_misc":{"Est. tempo de leitura":"2 minutos"},"schema":{"@context":"https:\/\/schema.org","@graph":[{"@type":"WebPage","@id":"https:\/\/www.risco.it\/pt-br\/aplicacoes\/tipo-de-produto\/carne\/","url":"https:\/\/www.risco.it\/pt-br\/aplicacoes\/tipo-de-produto\/carne\/","name":"Carne embutida e clipada - Risco","isPartOf":{"@id":"https:\/\/www.risco.it\/pt-br\/#website"},"primaryImageOfPage":{"@id":"https:\/\/www.risco.it\/pt-br\/aplicacoes\/tipo-de-produto\/carne\/#primaryimage"},"image":{"@id":"https:\/\/www.risco.it\/pt-br\/aplicacoes\/tipo-de-produto\/carne\/#primaryimage"},"thumbnailUrl":"https:\/\/www.risco.it\/wp-content\/uploads\/2024\/05\/Fotolia_100487179_Subscription_Monthly_M.jpg","datePublished":"2018-04-11T09:30:34+00:00","dateModified":"2024-06-11T15:10:11+00:00","breadcrumb":{"@id":"https:\/\/www.risco.it\/pt-br\/aplicacoes\/tipo-de-produto\/carne\/#breadcrumb"},"inLanguage":"pt-BR","potentialAction":[{"@type":"ReadAction","target":["https:\/\/www.risco.it\/pt-br\/aplicacoes\/tipo-de-produto\/carne\/"]}]},{"@type":"ImageObject","inLanguage":"pt-BR","@id":"https:\/\/www.risco.it\/pt-br\/aplicacoes\/tipo-de-produto\/carne\/#primaryimage","url":"https:\/\/www.risco.it\/wp-content\/uploads\/2024\/05\/Fotolia_100487179_Subscription_Monthly_M.jpg","contentUrl":"https:\/\/www.risco.it\/wp-content\/uploads\/2024\/05\/Fotolia_100487179_Subscription_Monthly_M.jpg","width":1688,"height":1125,"caption":"Photo salami with herbs and spice on wooden board"},{"@type":"BreadcrumbList","@id":"https:\/\/www.risco.it\/pt-br\/aplicacoes\/tipo-de-produto\/carne\/#breadcrumb","itemListElement":[{"@type":"ListItem","position":1,"name":"Home","item":"https:\/\/www.risco.it\/pt-br\/"},{"@type":"ListItem","position":2,"name":"Aplica\u00e7\u00f5es","item":"https:\/\/www.risco.it\/pt-br\/aplicacoes\/"},{"@type":"ListItem","position":3,"name":"Tipo de Produto","item":"https:\/\/www.risco.it\/pt-br\/aplicacoes\/tipo-de-produto\/"},{"@type":"ListItem","position":4,"name":"Carne embutida e clipada"}]},{"@type":"WebSite","@id":"https:\/\/www.risco.it\/pt-br\/#website","url":"https:\/\/www.risco.it\/pt-br\/","name":"Risco","description":"Vacuum fillers and meat processing machines","publisher":{"@id":"https:\/\/www.risco.it\/pt-br\/#organization"},"potentialAction":[{"@type":"SearchAction","target":{"@type":"EntryPoint","urlTemplate":"https:\/\/www.risco.it\/pt-br\/?s={search_term_string}"},"query-input":{"@type":"PropertyValueSpecification","valueRequired":true,"valueName":"search_term_string"}}],"inLanguage":"pt-BR"},{"@type":"Organization","@id":"https:\/\/www.risco.it\/pt-br\/#organization","name":"Risco","url":"https:\/\/www.risco.it\/pt-br\/","logo":{"@type":"ImageObject","inLanguage":"pt-BR","@id":"https:\/\/www.risco.it\/pt-br\/#\/schema\/logo\/image\/","url":"https:\/\/www.risco.it\/wp-content\/uploads\/2020\/12\/Risco_logo.svg","contentUrl":"https:\/\/www.risco.it\/wp-content\/uploads\/2020\/12\/Risco_logo.svg","caption":"Risco"},"image":{"@id":"https:\/\/www.risco.it\/pt-br\/#\/schema\/logo\/image\/"}}]}},"uagb_featured_image_src":{"full":["https:\/\/www.risco.it\/wp-content\/uploads\/2024\/05\/Fotolia_100487179_Subscription_Monthly_M.jpg",1688,1125,false],"thumbnail":["https:\/\/www.risco.it\/wp-content\/uploads\/2024\/05\/Fotolia_100487179_Subscription_Monthly_M-150x100.jpg",150,100,true],"medium":["https:\/\/www.risco.it\/wp-content\/uploads\/2024\/05\/Fotolia_100487179_Subscription_Monthly_M-300x200.jpg",300,200,true],"medium_large":["https:\/\/www.risco.it\/wp-content\/uploads\/2024\/05\/Fotolia_100487179_Subscription_Monthly_M-768x512.jpg",768,512,true],"large":["https:\/\/www.risco.it\/wp-content\/uploads\/2024\/05\/Fotolia_100487179_Subscription_Monthly_M-1024x682.jpg",1024,682,true],"1536x1536":["https:\/\/www.risco.it\/wp-content\/uploads\/2024\/05\/Fotolia_100487179_Subscription_Monthly_M-1536x1024.jpg",1536,1024,true],"2048x2048":["https:\/\/www.risco.it\/wp-content\/uploads\/2024\/05\/Fotolia_100487179_Subscription_Monthly_M.jpg",1688,1125,false]},"uagb_author_info":{"display_name":"tradenet","author_link":"https:\/\/www.risco.it\/pt-br\/author\/admintradenet\/"},"uagb_comment_info":0,"uagb_excerpt":"A completa linha de embutideiras cont\u00ednuas a v\u00e1cuo da Risco s\u00e3o compat\u00edveis com qualquer tipo de clipadora autom\u00e1tica ou semi- [&hellip;]","_links":{"self":[{"href":"https:\/\/www.risco.it\/pt-br\/wp-json\/wp\/v2\/pages\/4406","targetHints":{"allow":["GET"]}}],"collection":[{"href":"https:\/\/www.risco.it\/pt-br\/wp-json\/wp\/v2\/pages"}],"about":[{"href":"https:\/\/www.risco.it\/pt-br\/wp-json\/wp\/v2\/types\/page"}],"author":[{"embeddable":true,"href":"https:\/\/www.risco.it\/pt-br\/wp-json\/wp\/v2\/users\/4"}],"replies":[{"embeddable":true,"href":"https:\/\/www.risco.it\/pt-br\/wp-json\/wp\/v2\/comments?post=4406"}],"version-history":[{"count":17,"href":"https:\/\/www.risco.it\/pt-br\/wp-json\/wp\/v2\/pages\/4406\/revisions"}],"predecessor-version":[{"id":16323,"href":"https:\/\/www.risco.it\/pt-br\/wp-json\/wp\/v2\/pages\/4406\/revisions\/16323"}],"up":[{"embeddable":true,"href":"https:\/\/www.risco.it\/pt-br\/wp-json\/wp\/v2\/pages\/4338"}],"wp:featuredmedia":[{"embeddable":true,"href":"https:\/\/www.risco.it\/pt-br\/wp-json\/wp\/v2\/media\/15657"}],"wp:attachment":[{"href":"https:\/\/www.risco.it\/pt-br\/wp-json\/wp\/v2\/media?parent=4406"}],"curies":[{"name":"wp","href":"https:\/\/api.w.org\/{rel}","templated":true}]}}