{"id":4338,"date":"2018-04-11T11:24:40","date_gmt":"2018-04-11T09:24:40","guid":{"rendered":"http:\/\/risco.clientbook.it\/?page_id=4338"},"modified":"2025-05-11T15:03:20","modified_gmt":"2025-05-11T13:03:20","slug":"tipo-de-produto","status":"publish","type":"page","link":"https:\/\/www.risco.it\/pt-br\/aplicacoes\/tipo-de-produto\/","title":{"rendered":"Tipo de Produto"},"content":{"rendered":"\n<div class=\"wp-block-group alignfull is-layout-constrained wp-block-group-is-layout-constrained\" style=\"padding-top:0px;padding-bottom:0px\">\n<p><\/p>\n\n\n\n<div class=\"wp-block-group product-list is-layout-constrained wp-block-group-is-layout-constrained\">\n<div class=\"wp-block-uagb-container uagb-block-46970000 alignfull uagb-is-root-container\"><div class=\"uagb-container-inner-blocks-wrap\">\n<figure class=\"wp-block-image size-full\"><img loading=\"lazy\" decoding=\"async\" width=\"600\" height=\"600\" src=\"https:\/\/www.risco.it\/wp-content\/uploads\/2024\/05\/salami.jpg\" alt=\"\" class=\"wp-image-15235\" srcset=\"https:\/\/www.risco.it\/wp-content\/uploads\/2024\/05\/salami.jpg 600w, https:\/\/www.risco.it\/wp-content\/uploads\/2024\/05\/salami-300x300.jpg 300w, https:\/\/www.risco.it\/wp-content\/uploads\/2024\/05\/salami-150x150.jpg 150w\" sizes=\"auto, (max-width: 600px) 100vw, 600px\" \/><\/figure>\n\n\n\n<h4 class=\"wp-block-heading has-text-align-center\" id=\"h-carne-embutida-e-clipada\"><a href=\"https:\/\/www.risco.it\/pt-br\/aplicacoes\/tipo-de-produto\/carne\/\">Carne embutida e clipada<\/a><\/h4>\n<\/div><\/div>\n\n\n\n<div class=\"wp-block-uagb-container uagb-block-62bc21a6 alignfull uagb-is-root-container\"><div class=\"uagb-container-inner-blocks-wrap\">\n<figure class=\"wp-block-image size-full\"><img loading=\"lazy\" decoding=\"async\" width=\"603\" height=\"600\" src=\"https:\/\/www.risco.it\/wp-content\/uploads\/2024\/05\/sausages.jpg\" alt=\"\" class=\"wp-image-15244\" srcset=\"https:\/\/www.risco.it\/wp-content\/uploads\/2024\/05\/sausages.jpg 603w, https:\/\/www.risco.it\/wp-content\/uploads\/2024\/05\/sausages-300x300.jpg 300w, https:\/\/www.risco.it\/wp-content\/uploads\/2024\/05\/sausages-150x150.jpg 150w\" sizes=\"auto, (max-width: 603px) 100vw, 603px\" \/><\/figure>\n\n\n\n<h4 class=\"wp-block-heading has-text-align-center\" id=\"h-produtos-retorcidos\"><a href=\"https:\/\/www.risco.it\/pt-br\/aplicacoes\/tipo-de-produto\/produtos-retorcidos\/\">Produtos retorcidos<\/a><\/h4>\n<\/div><\/div>\n\n\n\n<div class=\"wp-block-uagb-container uagb-block-7a6da11a alignfull uagb-is-root-container\"><div class=\"uagb-container-inner-blocks-wrap\">\n<figure class=\"wp-block-image size-full\"><img loading=\"lazy\" decoding=\"async\" width=\"600\" height=\"604\" src=\"https:\/\/www.risco.it\/wp-content\/uploads\/2024\/05\/burgers.jpg\" alt=\"\" class=\"wp-image-15275\" srcset=\"https:\/\/www.risco.it\/wp-content\/uploads\/2024\/05\/burgers.jpg 600w, https:\/\/www.risco.it\/wp-content\/uploads\/2024\/05\/burgers-298x300.jpg 298w, https:\/\/www.risco.it\/wp-content\/uploads\/2024\/05\/burgers-150x150.jpg 150w\" sizes=\"auto, (max-width: 600px) 100vw, 600px\" \/><\/figure>\n\n\n\n<h4 class=\"wp-block-heading has-text-align-center\" id=\"h-carne-formatada\"><a href=\"https:\/\/www.risco.it\/pt-br\/aplicacoes\/tipo-de-produto\/carne-formatada\/\">Carne formatada<\/a><\/h4>\n<\/div><\/div>\n\n\n\n<div class=\"wp-block-uagb-container uagb-block-44ed876d alignfull uagb-is-root-container\"><div class=\"uagb-container-inner-blocks-wrap\">\n<figure class=\"wp-block-image size-full\"><img loading=\"lazy\" decoding=\"async\" width=\"600\" height=\"601\" src=\"https:\/\/www.risco.it\/wp-content\/uploads\/2024\/05\/ground-meat.jpg\" alt=\"\" class=\"wp-image-15251\" style=\"object-fit:cover\" srcset=\"https:\/\/www.risco.it\/wp-content\/uploads\/2024\/05\/ground-meat.jpg 600w, https:\/\/www.risco.it\/wp-content\/uploads\/2024\/05\/ground-meat-300x300.jpg 300w, https:\/\/www.risco.it\/wp-content\/uploads\/2024\/05\/ground-meat-150x150.jpg 150w\" sizes=\"auto, (max-width: 600px) 100vw, 600px\" \/><\/figure>\n\n\n\n<h4 class=\"wp-block-heading has-text-align-center\" id=\"h-carne-moida\"><a href=\"https:\/\/www.risco.it\/pt-br\/aplicacoes\/tipo-de-produto\/carne-moida\/\">Carne mo\u00edda<\/a><\/h4>\n<\/div><\/div>\n\n\n\n<div class=\"wp-block-uagb-container uagb-block-09fbea18 alignfull uagb-is-root-container\"><div class=\"uagb-container-inner-blocks-wrap\">\n<figure class=\"wp-block-image size-full\"><img loading=\"lazy\" decoding=\"async\" width=\"601\" height=\"601\" src=\"https:\/\/www.risco.it\/wp-content\/uploads\/2024\/04\/Prosciutto-36503-ritocco.jpg\" alt=\"\" class=\"wp-image-15034\" srcset=\"https:\/\/www.risco.it\/wp-content\/uploads\/2024\/04\/Prosciutto-36503-ritocco.jpg 601w, https:\/\/www.risco.it\/wp-content\/uploads\/2024\/04\/Prosciutto-36503-ritocco-150x150.jpg 150w, https:\/\/www.risco.it\/wp-content\/uploads\/2024\/04\/Prosciutto-36503-ritocco-300x300.jpg 300w\" sizes=\"auto, (max-width: 601px) 100vw, 601px\" \/><\/figure>\n\n\n\n<h4 class=\"wp-block-heading has-text-align-center\" id=\"h-musculos-inteiros\"><a href=\"https:\/\/www.risco.it\/pt-br\/aplicacoes\/tipo-de-produto\/musculos-inteiros\/\">M\u00fasculos inteiros<\/a><\/h4>\n<\/div><\/div>\n\n\n\n<div class=\"wp-block-uagb-container uagb-block-2f8b9f97 alignfull uagb-is-root-container\"><div class=\"uagb-container-inner-blocks-wrap\">\n<figure class=\"wp-block-image size-full\"><img loading=\"lazy\" decoding=\"async\" width=\"600\" height=\"600\" src=\"https:\/\/www.risco.it\/wp-content\/uploads\/2024\/01\/fish-patty.jpg\" alt=\"\" class=\"wp-image-13138\" srcset=\"https:\/\/www.risco.it\/wp-content\/uploads\/2024\/01\/fish-patty.jpg 600w, https:\/\/www.risco.it\/wp-content\/uploads\/2024\/01\/fish-patty-150x150.jpg 150w, https:\/\/www.risco.it\/wp-content\/uploads\/2024\/01\/fish-patty-300x300.jpg 300w\" sizes=\"auto, (max-width: 600px) 100vw, 600px\" \/><\/figure>\n\n\n\n<h4 class=\"wp-block-heading has-text-align-center\" id=\"h-peixe-e-frutos-do-mar\"><a href=\"https:\/\/www.risco.it\/pt-br\/aplicacoes\/tipo-de-produto\/peixe\/\">Peixe e Frutos do mar<\/a><\/h4>\n<\/div><\/div>\n\n\n\n<div class=\"wp-block-uagb-container uagb-block-72c6b4d8 alignfull uagb-is-root-container\"><div class=\"uagb-container-inner-blocks-wrap\">\n<figure class=\"wp-block-image size-full\"><img loading=\"lazy\" decoding=\"async\" width=\"601\" height=\"600\" src=\"https:\/\/www.risco.it\/wp-content\/uploads\/2024\/05\/soft-cheese.jpg\" alt=\"\" class=\"wp-image-15261\" srcset=\"https:\/\/www.risco.it\/wp-content\/uploads\/2024\/05\/soft-cheese.jpg 601w, https:\/\/www.risco.it\/wp-content\/uploads\/2024\/05\/soft-cheese-300x300.jpg 300w, https:\/\/www.risco.it\/wp-content\/uploads\/2024\/05\/soft-cheese-150x150.jpg 150w\" sizes=\"auto, (max-width: 601px) 100vw, 601px\" \/><\/figure>\n\n\n\n<h4 class=\"wp-block-heading has-text-align-center\" id=\"h-queijos-e-laticinios\"><a href=\"https:\/\/www.risco.it\/pt-br\/aplicacoes\/tipo-de-produto\/queijos\/\">Queijos e Latic\u00ecnios<\/a><\/h4>\n<\/div><\/div>\n\n\n\n<div class=\"wp-block-uagb-container uagb-block-e0dc412d alignfull uagb-is-root-container\"><div class=\"uagb-container-inner-blocks-wrap\">\n<figure class=\"wp-block-image size-full\"><img loading=\"lazy\" decoding=\"async\" width=\"600\" height=\"600\" src=\"https:\/\/www.risco.it\/wp-content\/uploads\/2024\/01\/brownie.jpg\" alt=\"\" class=\"wp-image-13183\" srcset=\"https:\/\/www.risco.it\/wp-content\/uploads\/2024\/01\/brownie.jpg 600w, https:\/\/www.risco.it\/wp-content\/uploads\/2024\/01\/brownie-150x150.jpg 150w, https:\/\/www.risco.it\/wp-content\/uploads\/2024\/01\/brownie-300x300.jpg 300w\" sizes=\"auto, (max-width: 600px) 100vw, 600px\" \/><\/figure>\n\n\n\n<h4 class=\"wp-block-heading has-text-align-center\" id=\"h-panificacao\"><a href=\"https:\/\/www.risco.it\/pt-br\/aplicacoes\/tipo-de-produto\/doces\/\">Panifica\u00e7\u00e3o<\/a><\/h4>\n<\/div><\/div>\n\n\n\n<div class=\"wp-block-uagb-container uagb-block-7ed52651 alignfull uagb-is-root-container\"><div class=\"uagb-container-inner-blocks-wrap\">\n<figure class=\"wp-block-image size-full\"><img loading=\"lazy\" decoding=\"async\" width=\"600\" height=\"600\" src=\"https:\/\/www.risco.it\/wp-content\/uploads\/2024\/01\/tartar.jpg\" alt=\"\" class=\"wp-image-13168\" srcset=\"https:\/\/www.risco.it\/wp-content\/uploads\/2024\/01\/tartar.jpg 600w, https:\/\/www.risco.it\/wp-content\/uploads\/2024\/01\/tartar-150x150.jpg 150w, https:\/\/www.risco.it\/wp-content\/uploads\/2024\/01\/tartar-300x300.jpg 300w\" sizes=\"auto, (max-width: 600px) 100vw, 600px\" \/><\/figure>\n\n\n\n<h4 class=\"wp-block-heading has-text-align-center\" id=\"h-produtos-veganos\"><a href=\"https:\/\/www.risco.it\/pt-br\/aplicacoes\/tipo-de-produto\/fruta-e-verdura\/\">Produtos veganos<\/a><\/h4>\n<\/div><\/div>\n\n\n\n<div class=\"wp-block-uagb-container uagb-block-e24501d7 alignfull uagb-is-root-container\"><div class=\"uagb-container-inner-blocks-wrap\">\n<figure class=\"wp-block-image size-large\"><a href=\"https:\/\/www.risco.it\/pt-br\/aplicacoes\/tipo-de-produto\/produtos-da-linha-pet\/\"><img loading=\"lazy\" decoding=\"async\" width=\"500\" height=\"500\" src=\"https:\/\/www.risco.it\/wp-content\/uploads\/2024\/01\/pet-food.jpg\" alt=\"\" class=\"wp-image-12863\" srcset=\"https:\/\/www.risco.it\/wp-content\/uploads\/2024\/01\/pet-food.jpg 500w, https:\/\/www.risco.it\/wp-content\/uploads\/2024\/01\/pet-food-150x150.jpg 150w, https:\/\/www.risco.it\/wp-content\/uploads\/2024\/01\/pet-food-300x300.jpg 300w\" sizes=\"auto, (max-width: 500px) 100vw, 500px\" \/><\/a><\/figure>\n\n\n\n<h4 class=\"wp-block-heading has-text-align-center\" id=\"h-linha-pet\"><a href=\"https:\/\/www.risco.it\/pt-br\/aplicacoes\/tipo-de-produto\/produtos-da-linha-pet\/\">Linha Pet<\/a><\/h4>\n<\/div><\/div>\n<\/div>\n<\/div>\n","protected":false},"excerpt":{"rendered":"<p>Carne embutida e clipada Produtos retorcidos Carne formatada Carne mo\u00edda M\u00fasculos inteiros Peixe e Frutos do mar Queijos e Latic\u00ecnios [&hellip;]<\/p>\n","protected":false},"author":4,"featured_media":18451,"parent":4182,"menu_order":87,"comment_status":"closed","ping_status":"closed","template":"page-lau-template.php","meta":{"_acf_changed":false,"inline_featured_image":false,"_uag_custom_page_level_css":"","site-sidebar-layout":"no-sidebar","site-content-layout":"","ast-site-content-layout":"default","site-content-style":"default","site-sidebar-style":"default","ast-global-header-display":"","ast-banner-title-visibility":"","ast-main-header-display":"","ast-hfb-above-header-display":"","ast-hfb-below-header-display":"","ast-hfb-mobile-header-display":"","site-post-title":"","ast-breadcrumbs-content":"","ast-featured-img":"","footer-sml-layout":"","ast-disable-related-posts":"","theme-transparent-header-meta":"","adv-header-id-meta":"","stick-header-meta":"","header-above-stick-meta":"","header-main-stick-meta":"","header-below-stick-meta":"","astra-migrate-meta-layouts":"default","ast-page-background-enabled":"default","ast-page-background-meta":{"desktop":{"background-color":"var(--ast-global-color-4)","background-image":"","background-repeat":"repeat","background-position":"center center","background-size":"auto","background-attachment":"scroll","background-type":"","background-media":"","overlay-type":"","overlay-color":"","overlay-opacity":"","overlay-gradient":""},"tablet":{"background-color":"","background-image":"","background-repeat":"repeat","background-position":"center center","background-size":"auto","background-attachment":"scroll","background-type":"","background-media":"","overlay-type":"","overlay-color":"","overlay-opacity":"","overlay-gradient":""},"mobile":{"background-color":"","background-image":"","background-repeat":"repeat","background-position":"center center","background-size":"auto","background-attachment":"scroll","background-type":"","background-media":"","overlay-type":"","overlay-color":"","overlay-opacity":"","overlay-gradient":""}},"ast-content-background-meta":{"desktop":{"background-color":"var(--ast-global-color-5)","background-image":"","background-repeat":"repeat","background-position":"center center","background-size":"auto","background-attachment":"scroll","background-type":"","background-media":"","overlay-type":"","overlay-color":"","overlay-opacity":"","overlay-gradient":""},"tablet":{"background-color":"var(--ast-global-color-5)","background-image":"","background-repeat":"repeat","background-position":"center center","background-size":"auto","background-attachment":"scroll","background-type":"","background-media":"","overlay-type":"","overlay-color":"","overlay-opacity":"","overlay-gradient":""},"mobile":{"background-color":"var(--ast-global-color-5)","background-image":"","background-repeat":"repeat","background-position":"center center","background-size":"auto","background-attachment":"scroll","background-type":"","background-media":"","overlay-type":"","overlay-color":"","overlay-opacity":"","overlay-gradient":""}},"footnotes":""},"class_list":["post-4338","page","type-page","status-publish","has-post-thumbnail","hentry"],"acf":[],"yoast_head":"<!-- This site is optimized with the Yoast SEO Premium plugin v22.0 (Yoast SEO v27.1.1) - https:\/\/yoast.com\/product\/yoast-seo-premium-wordpress\/ -->\n<title>Tipo de Produto - Risco<\/title>\n<meta name=\"robots\" content=\"index, follow, max-snippet:-1, max-image-preview:large, max-video-preview:-1\" \/>\n<link rel=\"canonical\" href=\"https:\/\/www.risco.it\/pt-br\/aplicacoes\/tipo-de-produto\/\" \/>\n<meta property=\"og:locale\" content=\"pt_BR\" \/>\n<meta property=\"og:type\" content=\"article\" \/>\n<meta property=\"og:title\" content=\"Tipo de Produto\" \/>\n<meta property=\"og:description\" content=\"Carne embutida e clipada Produtos retorcidos Carne formatada Carne mo\u00edda M\u00fasculos inteiros Peixe e Frutos do mar Queijos e Latic\u00ecnios [&hellip;]\" \/>\n<meta property=\"og:url\" content=\"https:\/\/www.risco.it\/pt-br\/aplicacoes\/tipo-de-produto\/\" \/>\n<meta property=\"og:site_name\" content=\"Risco\" \/>\n<meta property=\"article:modified_time\" content=\"2025-05-11T13:03:20+00:00\" \/>\n<meta property=\"og:image\" content=\"https:\/\/www.risco.it\/wp-content\/uploads\/2025\/04\/product-type-1.jpg\" \/>\n\t<meta property=\"og:image:width\" content=\"1024\" \/>\n\t<meta property=\"og:image:height\" content=\"720\" \/>\n\t<meta property=\"og:image:type\" content=\"image\/jpeg\" \/>\n<meta name=\"twitter:card\" content=\"summary_large_image\" \/>\n<meta name=\"twitter:label1\" content=\"Est. tempo de leitura\" \/>\n\t<meta name=\"twitter:data1\" content=\"3 minutos\" \/>\n<!-- \/ Yoast SEO Premium plugin. -->","yoast_head_json":{"title":"Tipo de Produto - Risco","robots":{"index":"index","follow":"follow","max-snippet":"max-snippet:-1","max-image-preview":"max-image-preview:large","max-video-preview":"max-video-preview:-1"},"canonical":"https:\/\/www.risco.it\/pt-br\/aplicacoes\/tipo-de-produto\/","og_locale":"pt_BR","og_type":"article","og_title":"Tipo de Produto","og_description":"Carne embutida e clipada Produtos retorcidos Carne formatada Carne mo\u00edda M\u00fasculos inteiros Peixe e Frutos do mar Queijos e Latic\u00ecnios [&hellip;]","og_url":"https:\/\/www.risco.it\/pt-br\/aplicacoes\/tipo-de-produto\/","og_site_name":"Risco","article_modified_time":"2025-05-11T13:03:20+00:00","og_image":[{"width":1024,"height":720,"url":"https:\/\/www.risco.it\/wp-content\/uploads\/2025\/04\/product-type-1.jpg","type":"image\/jpeg"}],"twitter_card":"summary_large_image","twitter_misc":{"Est. tempo de leitura":"3 minutos"},"schema":{"@context":"https:\/\/schema.org","@graph":[{"@type":"WebPage","@id":"https:\/\/www.risco.it\/pt-br\/aplicacoes\/tipo-de-produto\/","url":"https:\/\/www.risco.it\/pt-br\/aplicacoes\/tipo-de-produto\/","name":"Tipo de Produto - Risco","isPartOf":{"@id":"https:\/\/www.risco.it\/pt-br\/#website"},"primaryImageOfPage":{"@id":"https:\/\/www.risco.it\/pt-br\/aplicacoes\/tipo-de-produto\/#primaryimage"},"image":{"@id":"https:\/\/www.risco.it\/pt-br\/aplicacoes\/tipo-de-produto\/#primaryimage"},"thumbnailUrl":"https:\/\/www.risco.it\/wp-content\/uploads\/2025\/04\/product-type-1.jpg","datePublished":"2018-04-11T09:24:40+00:00","dateModified":"2025-05-11T13:03:20+00:00","breadcrumb":{"@id":"https:\/\/www.risco.it\/pt-br\/aplicacoes\/tipo-de-produto\/#breadcrumb"},"inLanguage":"pt-BR","potentialAction":[{"@type":"ReadAction","target":["https:\/\/www.risco.it\/pt-br\/aplicacoes\/tipo-de-produto\/"]}]},{"@type":"ImageObject","inLanguage":"pt-BR","@id":"https:\/\/www.risco.it\/pt-br\/aplicacoes\/tipo-de-produto\/#primaryimage","url":"https:\/\/www.risco.it\/wp-content\/uploads\/2025\/04\/product-type-1.jpg","contentUrl":"https:\/\/www.risco.it\/wp-content\/uploads\/2025\/04\/product-type-1.jpg","width":1024,"height":720},{"@type":"BreadcrumbList","@id":"https:\/\/www.risco.it\/pt-br\/aplicacoes\/tipo-de-produto\/#breadcrumb","itemListElement":[{"@type":"ListItem","position":1,"name":"Home","item":"https:\/\/www.risco.it\/pt-br\/"},{"@type":"ListItem","position":2,"name":"Aplica\u00e7\u00f5es","item":"https:\/\/www.risco.it\/pt-br\/aplicacoes\/"},{"@type":"ListItem","position":3,"name":"Tipo de Produto"}]},{"@type":"WebSite","@id":"https:\/\/www.risco.it\/pt-br\/#website","url":"https:\/\/www.risco.it\/pt-br\/","name":"Risco","description":"Vacuum fillers and meat processing machines","publisher":{"@id":"https:\/\/www.risco.it\/pt-br\/#organization"},"potentialAction":[{"@type":"SearchAction","target":{"@type":"EntryPoint","urlTemplate":"https:\/\/www.risco.it\/pt-br\/?s={search_term_string}"},"query-input":{"@type":"PropertyValueSpecification","valueRequired":true,"valueName":"search_term_string"}}],"inLanguage":"pt-BR"},{"@type":"Organization","@id":"https:\/\/www.risco.it\/pt-br\/#organization","name":"Risco","url":"https:\/\/www.risco.it\/pt-br\/","logo":{"@type":"ImageObject","inLanguage":"pt-BR","@id":"https:\/\/www.risco.it\/pt-br\/#\/schema\/logo\/image\/","url":"https:\/\/www.risco.it\/wp-content\/uploads\/2020\/12\/Risco_logo.svg","contentUrl":"https:\/\/www.risco.it\/wp-content\/uploads\/2020\/12\/Risco_logo.svg","caption":"Risco"},"image":{"@id":"https:\/\/www.risco.it\/pt-br\/#\/schema\/logo\/image\/"}}]}},"uagb_featured_image_src":{"full":["https:\/\/www.risco.it\/wp-content\/uploads\/2025\/04\/product-type-1.jpg",1024,720,false],"thumbnail":["https:\/\/www.risco.it\/wp-content\/uploads\/2025\/04\/product-type-1-150x105.jpg",150,105,true],"medium":["https:\/\/www.risco.it\/wp-content\/uploads\/2025\/04\/product-type-1-300x211.jpg",300,211,true],"medium_large":["https:\/\/www.risco.it\/wp-content\/uploads\/2025\/04\/product-type-1-768x540.jpg",768,540,true],"large":["https:\/\/www.risco.it\/wp-content\/uploads\/2025\/04\/product-type-1.jpg",1024,720,false],"1536x1536":["https:\/\/www.risco.it\/wp-content\/uploads\/2025\/04\/product-type-1.jpg",1024,720,false],"2048x2048":["https:\/\/www.risco.it\/wp-content\/uploads\/2025\/04\/product-type-1.jpg",1024,720,false]},"uagb_author_info":{"display_name":"tradenet","author_link":"https:\/\/www.risco.it\/pt-br\/author\/admintradenet\/"},"uagb_comment_info":0,"uagb_excerpt":"Carne embutida e clipada Produtos retorcidos Carne formatada Carne mo\u00edda M\u00fasculos inteiros Peixe e Frutos do mar Queijos e Latic\u00ecnios [&hellip;]","_links":{"self":[{"href":"https:\/\/www.risco.it\/pt-br\/wp-json\/wp\/v2\/pages\/4338","targetHints":{"allow":["GET"]}}],"collection":[{"href":"https:\/\/www.risco.it\/pt-br\/wp-json\/wp\/v2\/pages"}],"about":[{"href":"https:\/\/www.risco.it\/pt-br\/wp-json\/wp\/v2\/types\/page"}],"author":[{"embeddable":true,"href":"https:\/\/www.risco.it\/pt-br\/wp-json\/wp\/v2\/users\/4"}],"replies":[{"embeddable":true,"href":"https:\/\/www.risco.it\/pt-br\/wp-json\/wp\/v2\/comments?post=4338"}],"version-history":[{"count":8,"href":"https:\/\/www.risco.it\/pt-br\/wp-json\/wp\/v2\/pages\/4338\/revisions"}],"predecessor-version":[{"id":18617,"href":"https:\/\/www.risco.it\/pt-br\/wp-json\/wp\/v2\/pages\/4338\/revisions\/18617"}],"up":[{"embeddable":true,"href":"https:\/\/www.risco.it\/pt-br\/wp-json\/wp\/v2\/pages\/4182"}],"wp:featuredmedia":[{"embeddable":true,"href":"https:\/\/www.risco.it\/pt-br\/wp-json\/wp\/v2\/media\/18451"}],"wp:attachment":[{"href":"https:\/\/www.risco.it\/pt-br\/wp-json\/wp\/v2\/media?parent=4338"}],"curies":[{"name":"wp","href":"https:\/\/api.w.org\/{rel}","templated":true}]}}