{"id":4272,"date":"2018-04-11T12:03:35","date_gmt":"2018-04-11T10:03:35","guid":{"rendered":"http:\/\/risco.clientbook.it\/?page_id=4272"},"modified":"2025-03-10T18:22:27","modified_gmt":"2025-03-10T17:22:27","slug":"moagem","status":"publish","type":"page","link":"https:\/\/www.risco.it\/pt-br\/aplicacoes\/tipo-de-processo\/moagem\/","title":{"rendered":"Moagem"},"content":{"rendered":"\n<div class=\"wp-block-group is-layout-constrained wp-container-core-group-is-layout-d22ff40a wp-block-group-is-layout-constrained\" style=\"padding-top:0px;padding-right:0px;padding-bottom:0px;padding-left:0px\">\n<div class=\"wp-block-columns is-layout-flex wp-container-core-columns-is-layout-28f84493 wp-block-columns-is-layout-flex\">\n<div class=\"wp-block-column is-layout-flow wp-block-column-is-layout-flow\">\n<p>A moagem dos alimentos deve ser realizada em um tempo claro, preciso e r\u00e1pido, a fim de manter intacto, tanto quanto poss\u00edvel, a qualidade original do produto. O corte limpo e otimizado dos sistemas para a produ\u00e7\u00e3o de carne mo\u00edda em bandeja, assim como os produtos porcionados, retorcidos ou fechados com um sistema de grampagem, com o moedor em linha Risco, melhoram a apar\u00eancia do produto final, otimizando a defini\u00e7\u00e3o do produto mo\u00eddo e elevando os padr\u00f5es de produ\u00e7\u00e3o do utilizador.<\/p>\n\n\n\n<h4 class=\"wp-block-heading\" id=\"h-vantagens\">Vantagens<\/h4>\n\n\n\n<ul class=\"wp-block-list\">\n<li>\u00d3tima defini\u00e7\u00e3o do produto mo\u00eddo<\/li>\n\n\n\n<li>Excelente cor<\/li>\n\n\n\n<li>Excelente distribui\u00e7\u00e3o das partes gorda e magra na massa<\/li>\n\n\n\n<li>Melhor textura do produto<\/li>\n\n\n\n<li>Automatiza\u00e7\u00e3o com o sistema autom\u00e1tico de forma\u00e7\u00e3o em bandeja<\/li>\n\n\n\n<li>Multiplicidade de produ\u00e7\u00e3o com flexibilidade dos sistemas de corte<\/li>\n<\/ul>\n<\/div>\n<\/div>\n<\/div>\n","protected":false},"excerpt":{"rendered":"<p>A moagem dos alimentos deve ser realizada em um tempo claro, preciso e r\u00e1pido, a fim de manter intacto, tanto [&hellip;]<\/p>\n","protected":false},"author":4,"featured_media":18293,"parent":4200,"menu_order":57,"comment_status":"closed","ping_status":"closed","template":"products-page.php","meta":{"_acf_changed":false,"inline_featured_image":false,"_uag_custom_page_level_css":"","site-sidebar-layout":"no-sidebar","site-content-layout":"","ast-site-content-layout":"default","site-content-style":"default","site-sidebar-style":"default","ast-global-header-display":"","ast-banner-title-visibility":"","ast-main-header-display":"","ast-hfb-above-header-display":"","ast-hfb-below-header-display":"","ast-hfb-mobile-header-display":"","site-post-title":"","ast-breadcrumbs-content":"","ast-featured-img":"disabled","footer-sml-layout":"","ast-disable-related-posts":"","theme-transparent-header-meta":"","adv-header-id-meta":"","stick-header-meta":"","header-above-stick-meta":"","header-main-stick-meta":"","header-below-stick-meta":"","astra-migrate-meta-layouts":"default","ast-page-background-enabled":"default","ast-page-background-meta":{"desktop":{"background-color":"var(--ast-global-color-4)","background-image":"","background-repeat":"repeat","background-position":"center center","background-size":"auto","background-attachment":"scroll","background-type":"","background-media":"","overlay-type":"","overlay-color":"","overlay-opacity":"","overlay-gradient":""},"tablet":{"background-color":"","background-image":"","background-repeat":"repeat","background-position":"center center","background-size":"auto","background-attachment":"scroll","background-type":"","background-media":"","overlay-type":"","overlay-color":"","overlay-opacity":"","overlay-gradient":""},"mobile":{"background-color":"","background-image":"","background-repeat":"repeat","background-position":"center center","background-size":"auto","background-attachment":"scroll","background-type":"","background-media":"","overlay-type":"","overlay-color":"","overlay-opacity":"","overlay-gradient":""}},"ast-content-background-meta":{"desktop":{"background-color":"var(--ast-global-color-5)","background-image":"","background-repeat":"repeat","background-position":"center center","background-size":"auto","background-attachment":"scroll","background-type":"","background-media":"","overlay-type":"","overlay-color":"","overlay-opacity":"","overlay-gradient":""},"tablet":{"background-color":"var(--ast-global-color-5)","background-image":"","background-repeat":"repeat","background-position":"center center","background-size":"auto","background-attachment":"scroll","background-type":"","background-media":"","overlay-type":"","overlay-color":"","overlay-opacity":"","overlay-gradient":""},"mobile":{"background-color":"var(--ast-global-color-5)","background-image":"","background-repeat":"repeat","background-position":"center center","background-size":"auto","background-attachment":"scroll","background-type":"","background-media":"","overlay-type":"","overlay-color":"","overlay-opacity":"","overlay-gradient":""}},"footnotes":""},"class_list":["post-4272","page","type-page","status-publish","has-post-thumbnail","hentry"],"acf":[],"yoast_head":"<!-- This site is optimized with the Yoast SEO Premium plugin v22.0 (Yoast SEO v27.1.1) - https:\/\/yoast.com\/product\/yoast-seo-premium-wordpress\/ -->\n<title>Moagem - Risco<\/title>\n<meta name=\"robots\" content=\"index, follow, max-snippet:-1, max-image-preview:large, max-video-preview:-1\" \/>\n<link rel=\"canonical\" href=\"https:\/\/www.risco.it\/pt-br\/aplicacoes\/tipo-de-processo\/moagem\/\" \/>\n<meta property=\"og:locale\" content=\"pt_BR\" \/>\n<meta property=\"og:type\" content=\"article\" \/>\n<meta property=\"og:title\" content=\"Moagem\" \/>\n<meta property=\"og:description\" content=\"A moagem dos alimentos deve ser realizada em um tempo claro, preciso e r\u00e1pido, a fim de manter intacto, tanto [&hellip;]\" \/>\n<meta property=\"og:url\" content=\"https:\/\/www.risco.it\/pt-br\/aplicacoes\/tipo-de-processo\/moagem\/\" \/>\n<meta property=\"og:site_name\" content=\"Risco\" \/>\n<meta property=\"article:modified_time\" content=\"2025-03-10T17:22:27+00:00\" \/>\n<meta property=\"og:image\" content=\"https:\/\/www.risco.it\/wp-content\/uploads\/2024\/05\/groundmeat.jpg\" \/>\n\t<meta property=\"og:image:width\" content=\"600\" \/>\n\t<meta property=\"og:image:height\" content=\"601\" \/>\n\t<meta property=\"og:image:type\" content=\"image\/jpeg\" \/>\n<meta name=\"twitter:card\" content=\"summary_large_image\" \/>\n<meta name=\"twitter:label1\" content=\"Est. tempo de leitura\" \/>\n\t<meta name=\"twitter:data1\" content=\"1 minuto\" \/>\n<!-- \/ Yoast SEO Premium plugin. -->","yoast_head_json":{"title":"Moagem - Risco","robots":{"index":"index","follow":"follow","max-snippet":"max-snippet:-1","max-image-preview":"max-image-preview:large","max-video-preview":"max-video-preview:-1"},"canonical":"https:\/\/www.risco.it\/pt-br\/aplicacoes\/tipo-de-processo\/moagem\/","og_locale":"pt_BR","og_type":"article","og_title":"Moagem","og_description":"A moagem dos alimentos deve ser realizada em um tempo claro, preciso e r\u00e1pido, a fim de manter intacto, tanto [&hellip;]","og_url":"https:\/\/www.risco.it\/pt-br\/aplicacoes\/tipo-de-processo\/moagem\/","og_site_name":"Risco","article_modified_time":"2025-03-10T17:22:27+00:00","og_image":[{"width":600,"height":601,"url":"https:\/\/www.risco.it\/wp-content\/uploads\/2024\/05\/groundmeat.jpg","type":"image\/jpeg"}],"twitter_card":"summary_large_image","twitter_misc":{"Est. tempo de leitura":"1 minuto"},"schema":{"@context":"https:\/\/schema.org","@graph":[{"@type":"WebPage","@id":"https:\/\/www.risco.it\/pt-br\/aplicacoes\/tipo-de-processo\/moagem\/","url":"https:\/\/www.risco.it\/pt-br\/aplicacoes\/tipo-de-processo\/moagem\/","name":"Moagem - Risco","isPartOf":{"@id":"https:\/\/www.risco.it\/pt-br\/#website"},"primaryImageOfPage":{"@id":"https:\/\/www.risco.it\/pt-br\/aplicacoes\/tipo-de-processo\/moagem\/#primaryimage"},"image":{"@id":"https:\/\/www.risco.it\/pt-br\/aplicacoes\/tipo-de-processo\/moagem\/#primaryimage"},"thumbnailUrl":"https:\/\/www.risco.it\/wp-content\/uploads\/2025\/04\/grinding.jpg","datePublished":"2018-04-11T10:03:35+00:00","dateModified":"2025-03-10T17:22:27+00:00","breadcrumb":{"@id":"https:\/\/www.risco.it\/pt-br\/aplicacoes\/tipo-de-processo\/moagem\/#breadcrumb"},"inLanguage":"pt-BR","potentialAction":[{"@type":"ReadAction","target":["https:\/\/www.risco.it\/pt-br\/aplicacoes\/tipo-de-processo\/moagem\/"]}]},{"@type":"ImageObject","inLanguage":"pt-BR","@id":"https:\/\/www.risco.it\/pt-br\/aplicacoes\/tipo-de-processo\/moagem\/#primaryimage","url":"https:\/\/www.risco.it\/wp-content\/uploads\/2025\/04\/grinding.jpg","contentUrl":"https:\/\/www.risco.it\/wp-content\/uploads\/2025\/04\/grinding.jpg","width":1920,"height":1000},{"@type":"BreadcrumbList","@id":"https:\/\/www.risco.it\/pt-br\/aplicacoes\/tipo-de-processo\/moagem\/#breadcrumb","itemListElement":[{"@type":"ListItem","position":1,"name":"Home","item":"https:\/\/www.risco.it\/pt-br\/"},{"@type":"ListItem","position":2,"name":"Aplica\u00e7\u00f5es","item":"https:\/\/www.risco.it\/pt-br\/aplicacoes\/"},{"@type":"ListItem","position":3,"name":"Tipo de processo","item":"https:\/\/www.risco.it\/pt-br\/aplicacoes\/tipo-de-processo\/"},{"@type":"ListItem","position":4,"name":"Moagem"}]},{"@type":"WebSite","@id":"https:\/\/www.risco.it\/pt-br\/#website","url":"https:\/\/www.risco.it\/pt-br\/","name":"Risco","description":"Vacuum fillers and meat processing machines","publisher":{"@id":"https:\/\/www.risco.it\/pt-br\/#organization"},"potentialAction":[{"@type":"SearchAction","target":{"@type":"EntryPoint","urlTemplate":"https:\/\/www.risco.it\/pt-br\/?s={search_term_string}"},"query-input":{"@type":"PropertyValueSpecification","valueRequired":true,"valueName":"search_term_string"}}],"inLanguage":"pt-BR"},{"@type":"Organization","@id":"https:\/\/www.risco.it\/pt-br\/#organization","name":"Risco","url":"https:\/\/www.risco.it\/pt-br\/","logo":{"@type":"ImageObject","inLanguage":"pt-BR","@id":"https:\/\/www.risco.it\/pt-br\/#\/schema\/logo\/image\/","url":"https:\/\/www.risco.it\/wp-content\/uploads\/2020\/12\/Risco_logo.svg","contentUrl":"https:\/\/www.risco.it\/wp-content\/uploads\/2020\/12\/Risco_logo.svg","caption":"Risco"},"image":{"@id":"https:\/\/www.risco.it\/pt-br\/#\/schema\/logo\/image\/"}}]}},"uagb_featured_image_src":{"full":["https:\/\/www.risco.it\/wp-content\/uploads\/2025\/04\/grinding.jpg",1920,1000,false],"thumbnail":["https:\/\/www.risco.it\/wp-content\/uploads\/2025\/04\/grinding-150x78.jpg",150,78,true],"medium":["https:\/\/www.risco.it\/wp-content\/uploads\/2025\/04\/grinding-300x156.jpg",300,156,true],"medium_large":["https:\/\/www.risco.it\/wp-content\/uploads\/2025\/04\/grinding-768x400.jpg",768,400,true],"large":["https:\/\/www.risco.it\/wp-content\/uploads\/2025\/04\/grinding-1024x533.jpg",1024,533,true],"1536x1536":["https:\/\/www.risco.it\/wp-content\/uploads\/2025\/04\/grinding-1536x800.jpg",1536,800,true],"2048x2048":["https:\/\/www.risco.it\/wp-content\/uploads\/2025\/04\/grinding.jpg",1920,1000,false]},"uagb_author_info":{"display_name":"tradenet","author_link":"https:\/\/www.risco.it\/pt-br\/author\/admintradenet\/"},"uagb_comment_info":0,"uagb_excerpt":"A moagem dos alimentos deve ser realizada em um tempo claro, preciso e r\u00e1pido, a fim de manter intacto, tanto [&hellip;]","_links":{"self":[{"href":"https:\/\/www.risco.it\/pt-br\/wp-json\/wp\/v2\/pages\/4272","targetHints":{"allow":["GET"]}}],"collection":[{"href":"https:\/\/www.risco.it\/pt-br\/wp-json\/wp\/v2\/pages"}],"about":[{"href":"https:\/\/www.risco.it\/pt-br\/wp-json\/wp\/v2\/types\/page"}],"author":[{"embeddable":true,"href":"https:\/\/www.risco.it\/pt-br\/wp-json\/wp\/v2\/users\/4"}],"replies":[{"embeddable":true,"href":"https:\/\/www.risco.it\/pt-br\/wp-json\/wp\/v2\/comments?post=4272"}],"version-history":[{"count":8,"href":"https:\/\/www.risco.it\/pt-br\/wp-json\/wp\/v2\/pages\/4272\/revisions"}],"predecessor-version":[{"id":17669,"href":"https:\/\/www.risco.it\/pt-br\/wp-json\/wp\/v2\/pages\/4272\/revisions\/17669"}],"up":[{"embeddable":true,"href":"https:\/\/www.risco.it\/pt-br\/wp-json\/wp\/v2\/pages\/4200"}],"wp:featuredmedia":[{"embeddable":true,"href":"https:\/\/www.risco.it\/pt-br\/wp-json\/wp\/v2\/media\/18293"}],"wp:attachment":[{"href":"https:\/\/www.risco.it\/pt-br\/wp-json\/wp\/v2\/media?parent=4272"}],"curies":[{"name":"wp","href":"https:\/\/api.w.org\/{rel}","templated":true}]}}