{"id":7328,"date":"2018-04-11T12:42:47","date_gmt":"2018-04-11T10:42:47","guid":{"rendered":"http:\/\/risco.clientbook.it\/privacy\/"},"modified":"2019-11-14T11:15:10","modified_gmt":"2019-11-14T10:15:10","slug":"privacy","status":"publish","type":"page","link":"https:\/\/www.risco.it\/it\/privacy\/","title":{"rendered":"Privacy"},"content":{"rendered":"<h1 class=\"p2\"><\/h1>\n<h2>PRIVACY POLICY<\/h2>\n<p><strong>INTRODUZIONE<\/strong><\/p>\n<p>La protezione dei dati personali rappresenta per RISCO S.p.A. (di seguito \u201c<strong>RISCO<\/strong>\u201d o \u201c<strong>Societ\u00e0<\/strong>\u201d) un impegno importante. L\u2019entrata in vigore del Regolamento (UE) 2016\/679 \u201cRegolamento (UE) 2016\/679 del Parlamento europeo e del Consiglio del 27 aprile 2016 relativo alla protezione delle persone fisiche con riguardo al trattamento dei dati personali, nonch\u00e9 alla libera circolazione di tali dati\u201d (di seguito \u201cGDPR\u201d) ha fornito l\u2019opportunit\u00e0 per adeguare ulteriormente le attivit\u00e0 svolte dalla Societ\u00e0 ai principi di trasparenza e tutela dei dati personali, nel rispetto dei diritti e delle libert\u00e0 fondamentali di tutti gli interessati, siano essi dipendenti, collaboratori, clienti, fornitori o terzi interessati a ricevere informazioni. RISCO ha cos\u00ec implementato un \u201cModello Organizzativo Privacy\u201d (MOP) che qui si descrive nelle sue linee generali, finalizzato ad analizzare tutti i trattamenti di dati, ad organizzarli in modo funzionale ed a gestirli in sicurezza e trasparenza. In questa sezione del sito si riportano inoltre le informazioni sui diritti dell\u2019interessato e le modalit\u00e0 di esercizio nei confronti del Titolare.<\/p>\n<h2 class=\"p2\"><strong>INDICE<\/strong><\/h2>\n<p>1 &#8211; MODELLO ORGANIZZATIVO PRIVACY GDPR<br \/>\n1.1 &#8211; SOGGETTI<br \/>\n1.2 &#8211; ANALISI DEL RISCHIO E MISURE PER PREVENIRE I RISCHI PRIVACY<br \/>\n2 &#8211; TRASPARENZA E DIRITTI DELL\u2019INTERESSATO<br \/>\n2.1 &#8211; DIRITTI IN MATERIA DI PROTEZIONE DEI DATI PERSONALI<br \/>\n2.2 &#8211; ESERCIZIO DEI DIRITTI<br \/>\n2.3 &#8211; MODULISTICA ED INFORMATIVE<\/p>\n<p class=\"p2\"><strong>1 &#8211; MODELLO ORGANIZZATIVO PRIVACY GDPR<\/strong><\/p>\n<p>1.1 &#8211; SOGGETTI<br \/>\n<strong>TITOLARE DEL TRATTAMENTO<\/strong><br \/>\nIl Titolare del trattamento \u00e8:<br \/>\nRISCO S.p.A. (di seguito anche \u201cTITOLARE\u201d)<br \/>\nVia della Statistica, n. 2 &#8211; 36016 Thiene (VI)<br \/>\nTel. +39 0445 385911 \u2013 fax +39 0445 385900<br \/>\nemail: risco@risco.it<br \/>\nPosta Elettronica Certificata: risco@cert.assind.vi.it<br \/>\nP. IVA e Codice Fiscale: 02162540245<\/p>\n<p class=\"p2\"><strong>TEAM PRIVACY<\/strong><\/p>\n<p>Il TITOLARE ha ritenuto opportuno nominare un \u201cTeam privacy\u201d interno formato da soggetti con competenze giuridiche, organizzative ed informatiche. Il Team privacy ha la funzione di supporto all\u2019attivit\u00e0 del TITOLARE.<\/p>\n<h2 class=\"p2\"><strong>SOGGETTI AUTORIZZATI AL TRATTAMENTO (ex art. 29 GDPR)<\/strong><\/h2>\n<p>Il MOP prevede che ciascun dipendente\/collaboratore del TITOLARE tratti solamente i dati indispensabili per svolgere le proprie mansioni, in funzione dell\u2019organizzazione interna e soprattutto delle finalit\u00e0 indicate e proposte all\u2019interessato (principio c.d. di &#8220;limitazione della finalit\u00e0 e minimizzazione dei dati\u201d, art. 5 comma 1, lett. b) e c) del GDPR). E\u2019 stata predisposta pertanto una segmentazione dei trattamenti, per aree omogenee di soggetti autorizzati al trattamento, vincolandolo i dipendenti\/collaboratori preposti a ciascuna area ad un ambito specifico di trattamento. Ciascun soggetto autorizzato ha ricevuto istruzioni specifiche dal TITOLARE relativamente al trattamento dei dati personali. A tal fine, by design, anche il sistema informativo \u00e8 costituito a \u201ccompartimenti stagni\u201d. Il dipendente\/collaboratore potr\u00e0 accedere dalla propria postazione informatica solo ai dati indispensabili per svolgere le proprie mansioni. La designazione alle specifiche aree di trattamento avviene previa attenta analisi della struttura e dell\u2019organizzazione aziendale nonch\u00e9 del flusso dei dati interni ed esterni alla Societ\u00e0, ed \u00e8 riepilogata in un\u2019apposita matrice interna che individua puntualmente l\u2019ambito di trattamento di ciascuna area. Il dipendente\/collaboratore ha altres\u00ec ricevuto un regolamento interno sull\u2019uso degli strumenti informatici e delle regole di condotta, anche etiche, su tutte le informazioni alle quali accede in virt\u00f9 della sua specifica mansione. Per garantire in maniera efficace l\u2019adeguamento ai principi in materia di trattamento dei dati personali, il TITOLARE ha altres\u00ec previsto corsi di formazione ed aggiornamento in materia ai propri dipendenti\/collaboratori che, in virt\u00f9 delle proprie mansioni, svolgono trattamenti di dati personali.<\/p>\n<h2 class=\"p2\"><strong>AMMINISTRATORI DI SISTEMA (INTERNI ED ESTERNI)<\/strong><\/h2>\n<p>Il TITOLARE utilizza sistemi informatici per gestire e organizzare la propria attivit\u00e0. Per tale ragione, da sempre, l\u2019attenzione alla costruzione dei software, le modalit\u00e0 di utilizzo degli stessi e la sicurezza dei dati sono alla base dell\u2019attivit\u00e0 del TITOLARE. I soggetti con privilegi di \u201camministratore\u201d interni all\u2019azienda sono specificatamente nominati e formati. Anche le altre societ\u00e0 esterne specializzate che accedono a dati aziendali sono specificatamente nominate Responsabili Esterni e\/o Amministratori di Sistema Esterni ai sensi dell\u2019art. 28 del GDPR. I fornitori di servizi informatici esterni sono scelti con particolare attenzione alla loro professionalit\u00e0, non solo tecnica, ma anche in relazione al rispetto ed alla protezione dei dati, privilegiando societ\u00e0 certificate.<\/p>\n<h2 class=\"p2\"><strong>RESPONSABILI DEL TRATTAMENTO (ex art. 28 GDPR)<\/strong><\/h2>\n<p>In linea di principio il TITOLARE gestisce internamente quasi tutte le attivit\u00e0 di trattamento. I casi di affidamento in outsourcing a terzi di alcune attivit\u00e0 che implicano un trattamento di dati per conto del TITOLARE sono opportunamente indicati all\u2019interno delle singole informative. In questi casi il rapporto con il soggetto terzo \u00e8 disciplinato mediante un apposito contratto di nomina a \u201cResponsabile del Trattamento\u201d ai sensi dell\u2019art. 28 del GDPR. Il TITOLARE affida tale attivit\u00e0 di trattamento a soggetti esterni che presentano garanzie sufficienti per mettere in atto misure tecniche ed organizzative adeguate per soddisfare i requisiti previsti dal GDPR e garantire la tutela dei diritti degli interessati. 1.2 ANALISI DEL RISCHIO E MISURE PER PREVENIRE I RISCHI PRIVACY Secondo i principi della c.d. \u201caccountability\u201d (responsabilizzazione) spetta al TITOLARE implementare una serie di misure \u2013 organizzative, fisiche, giuridiche, tecniche ed informatiche \u2013 volte a prevenire il rischio di violazione dei diritti e delle libert\u00e0 personali degli interessati. Per raggiungere questo obiettivo viene effettuata una costante analisi dei rischi, in funzione dei trattamenti, degli strumenti utilizzati, della tipologia e della mole di dati trattati.<\/p>\n<h2 class=\"p2\"><strong>REGISTRO DEI TRATTAMENTI (ex art. 30 GDPR) E ANALISI DELL\u2019IMPATTO SULLA PROTEZIONE DEI DATI (ex art. 35 GDPR)<\/strong><\/h2>\n<p>Il MOP prevede un\u2019attenta e costante analisi dei rischi per il trattamento dei dati personali, individuati per ciascuna attivit\u00e0 o servizio erogato attraverso un Registro dei Trattamenti ai sensi dell\u2019art. 30 comma 1 del GDPR. Analizzata l\u2019attivit\u00e0 di trattamento svolta dal TITOLARE, si ritiene che ad oggi non vi siano attivit\u00e0 a rischio tale da necessitare una specifica valutazione di impatto ai sensi dell\u2019art. 35 del GDPR (c.d. \u201cDPIA\u201d). L\u2019analisi su rischi informatici e sulle infrastrutture hardware e software aziendali e sulle misure informatiche di adeguamento \u00e8 stata realizzata sia dai nostri Amministratori di Sistema con appositi tool e check list sia da un\u2019azienda esterna specializzata in sicurezza informatica, che ha effettuato un audit approfondito con test di sicurezza. Gli esiti dell\u2019indagine hanno permesso ai nostri tecnici di migliorare ulteriormente le misure di protezione dai cyber attacchi e dalle minacce informatiche, gradatamente e proporzionalmente al rischio per i diritti e le libert\u00e0 degli interessati.<\/p>\n<h2 class=\"p2\"><strong>2 &#8211; TRASPARENZA E DIRITTI DELL\u2019INTERESSATO<\/strong><\/h2>\n<p>2.1 DIRITTI IN MATERIA DI PROTEZIONE DEI DATI PERSONALI<br \/>\nIl TITOLARE, anche in questa sede, ritiene fondamentale informare gli interessati dell&#8217;esistenza di alcuni diritti in materia di protezione dei dati personali, di seguito elencati.<\/p>\n<ul>\n<li><strong>Diritto di essere informato (trasparenza nel trattamento dei dati)<\/strong>L\u2019interessato ha diritto di essere informato su come il TITOLARE tratta i Suoi dati personali, per quali finalit\u00e0 e su altre informazioni previste dall\u2019art. 13 del GDPR. A tale fine, il TITOLARE ha predisposto dei processi organizzativi che permettono, all\u2019atto di acquisizione o richiesta dei dati personali, il rilascio di un modello di Informativa creato \u201cad hoc\u201d a seconda della categoria di interessati a cui l\u2019interessato appartiene (dipendente, cliente, fornitore ecc.). Questo documento permette di informare adeguatamente tutti i soggetti cui i dati si riferiscono su come venga effettuato il trattamento da parte del TITOLARE. Il modello di informativa potr\u00e0 essere richiesto con apposita domanda indirizzata al TITOLARE.<\/li>\n<li><strong>Diritto di revoca del consenso (art. 13)<\/strong>Lei ha il diritto di revocare il consenso in qualsiasi momento per tutti quei trattamenti il cui presupposto di legittimit\u00e0 \u00e8 una Sua manifestazione di consenso. La revoca del consenso non pregiudica la liceit\u00e0 del trattamento precedente.<\/li>\n<li><strong>Diritto di accesso ai dati (art. 15)<\/strong>Lei potr\u00e0 richiedere a) le finalit\u00e0 del trattamento; b) le categorie di dati personali in questione; c) i destinatari o le categorie di destinatari a cui i dati personali sono stati o saranno comunicati, in particolare se destinatari di paesi terzi o organizzazioni internazionali; d) quando possibile, il periodo di conservazione dei dati personali previsto oppure, se non \u00e8 possibile, i criteri utilizzati per determinare tale periodo; e) l&#8217;esistenza del diritto dell&#8217;interessato di chiedere al titolare del trattamento la rettifica o la cancellazione dei dati personali o la limitazione del trattamento dei dati personali che lo riguardano o di opporsi al loro trattamento; f) il diritto di proporre reclamo a un&#8217;autorit\u00e0 di controllo; g) qualora i dati non siano raccolti presso l&#8217;interessato, tutte le informazioni disponibili sulla loro origine; h) l&#8217;esistenza di un processo decisionale automatizzato, compresa la profilazione di cui all&#8217;articolo 22, paragrafi 1 e 4, e, almeno in tali casi, informazioni significative sulla logica utilizzata, nonch\u00e9 l&#8217;importanza e le conseguenze previste di tale trattamento per l&#8217;interessato. Lei ha il diritto di richiedere una copia dei dati personali oggetto di trattamento.<\/li>\n<li><strong>Diritto di rettifica (art. 16)<\/strong>Lei ha il diritto di chiedere la rettifica dei dati personali inesatti che lo riguardano e di ottenere l&#8217;integrazione dei dati personali incompleti.<\/li>\n<\/ul>\n<ul>\n<li><strong>Diritto all\u2019oblio (art. 17)<\/strong>Lei ha il diritto di ottenere dal titolare del trattamento la cancellazione dei dati personali che la riguardano se i dati personali non sono pi\u00f9 necessari rispetto alle finalit\u00e0 per le quali sono stati raccolti o altrimenti trattati, se revoca il consenso, se non sussiste alcun motivo legittimo prevalente per procedere al trattamento di profilazione, se i dati sono stati trattati illecitamente, se vi \u00e8 un obbligo legale di cancellarli; se i dati sono relativi a servizi web resi a minori senza il relativo consenso. La cancellazione pu\u00f2 avvenire salvo che sia prevalente il diritto alla libert\u00e0 di espressione e di informazione, che siano conservati per l&#8217;adempimento di un obbligo di legge o per l&#8217;esecuzione di un compito svolto nel pubblico interesse oppure nell&#8217;esercizio di pubblici poteri, per motivi di interesse pubblico nel settore della sanit\u00e0, a fini di archiviazione nel pubblico interesse, di ricerca scientifica o storica o a fini statistici o per l&#8217;accertamento, l&#8217;esercizio o la difesa di un diritto in sede giudiziaria.<\/li>\n<li><strong>Diritto alla limitazione del trattamento (art. 18)<\/strong>Lei ha il diritto di ottenere dal titolare del trattamento la limitazione del trattamento quando ha contestato l&#8217;esattezza dei dati personali (per il periodo necessario al titolare del trattamento per verificare l&#8217;esattezza di tali dati personali) o se il trattamento sia illecito, ma Lei si oppone alla cancellazione dei dati personali e chiede invece che ne sia limitato l&#8217;utilizzo o se le sono necessari per l&#8217;accertamento, l&#8217;esercizio o la difesa di un diritto in sede giudiziaria, mentre al Titolare non sono pi\u00f9 necessari.<\/li>\n<li><strong>Diritto alla portabilit\u00e0 (art. 20)<\/strong>Lei ha il diritto di ricevere in un formato strutturato, di uso comune e leggibile da dispositivo automatico i dati personali che la riguardano fornitici ed ha il diritto di trasmetterli a un altro se il trattamento si sia basato sul consenso, sul contratto e se il trattamento sia effettuato con mezzi automatizzati, salvo che il trattamento sia necessario per l&#8217;esecuzione di un compito di interesse pubblico o connesso all&#8217;esercizio di pubblici poteri e che tale trasmissione non leda il diritto di terzi.<\/li>\n<li><strong>Diritto di opposizione (art. 21)<\/strong>Lei ha il diritto in qualsiasi momento di opporsi, in tutto o in parte, al trattamento dei Suoi dati personali qualora il trattamento sia effettuato per il perseguimento di un interesse legittimo del Titolare ovvero per finalit\u00e0 di marketing diretto.<\/li>\n<\/ul>\n<ul>\n<li><strong>Diritto di rivolgersi all\u2019autorit\u00e0 Garante per la protezione dei dati personali (art. 77).)<\/strong>Fatto salvo ogni altro ricorso amministrativo o giurisdizionale, se Lei ritiene che il trattamento che la riguarda violi il regolamento in materia di protezione dei dati personali, ha il diritto di proporre reclamo ad un&#8217;autorit\u00e0 di controllo, segnatamente nello Stato membro in cui risiede abitualmente, lavora oppure del luogo ove si \u00e8 verificata la presunta violazione.<\/li>\n<\/ul>\n<p>2.2 ESERCIZIO DEI DIRITTI Per l\u2019esercizio effettivo dei Suoi diritti pu\u00f2 chiedere informazioni al TITOLARE, oppure compilare adeguatamente la modulistica di accesso che le mettiamo a disposizione qui sotto.<\/p>\n<p>2.3 MODULISTICA ED INFORMATIVE 1) Si riporta di seguito una bozza di documento da compilare per l\u2019esercizio concreto dei diritti dell\u2019interessato. Il modulo potr\u00e0 essere cos\u00ec inviato al TITOLARE, agli indirizzi sopra riportati, ai sensi della normativa vigente.<br \/>\nModello da stampare e compilare specificando il diritto richiesto<\/p>\n<ul class=\"no-list\">\n<li><a class=\"pdf-link\" href=\"http:\/\/www.risco.it\/wp-content\/uploads\/2019\/10\/modulo_esercizio_diritti_it.pdf\"> Modulo esercizio diritti<\/a><\/li>\n<\/ul>\n<p>2) Informative:<\/p>\n<ul class=\"no-list\">\n<li><a class=\"pdf-link\" href=\"http:\/\/www.risco.it\/wp-content\/uploads\/2019\/10\/informativa_clienti_fornitori_it.pdf\"> Informativa clienti\u00a0 fornitori<\/a><\/li>\n<li><a class=\"pdf-link\" href=\"http:\/\/www.risco.it\/wp-content\/uploads\/2019\/10\/informativa_contatti_it.pdf\"> Informativa modulo richiesta informazioni sito web<\/a><\/li>\n<li><a class=\"pdf-link\" href=\"http:\/\/www.risco.it\/wp-content\/uploads\/2019\/10\/Informativa_opportunita_di_lavoro_it.pdf\"> Informativa opportunit\u00e0 di lavoro<\/a><\/li>\n<li><a class=\"pdf-link\" href=\"http:\/\/www.risco.it\/wp-content\/uploads\/2019\/10\/Procedura_di-gestione_delle-violazioni_dei_dati_personali.pdf\"> Procedura di gestione delle violazioni dei dati personali<\/a><\/li>\n<\/ul>\n<p>&nbsp;<\/p>\n","protected":false},"excerpt":{"rendered":"<p>PRIVACY POLICY INTRODUZIONE La protezione dei dati personali rappresenta per RISCO S.p.A. (di seguito \u201cRISCO\u201d o \u201cSociet\u00e0\u201d) un impegno importante. [&hellip;]<\/p>\n","protected":false},"author":4,"featured_media":0,"parent":0,"menu_order":223,"comment_status":"closed","ping_status":"closed","template":"","meta":{"_acf_changed":false,"inline_featured_image":false,"_uag_custom_page_level_css":"","site-sidebar-layout":"default","site-content-layout":"","ast-site-content-layout":"default","site-content-style":"default","site-sidebar-style":"default","ast-global-header-display":"","ast-banner-title-visibility":"","ast-main-header-display":"","ast-hfb-above-header-display":"","ast-hfb-below-header-display":"","ast-hfb-mobile-header-display":"","site-post-title":"","ast-breadcrumbs-content":"","ast-featured-img":"","footer-sml-layout":"","ast-disable-related-posts":"","theme-transparent-header-meta":"","adv-header-id-meta":"","stick-header-meta":"","header-above-stick-meta":"","header-main-stick-meta":"","header-below-stick-meta":"","astra-migrate-meta-layouts":"default","ast-page-background-enabled":"default","ast-page-background-meta":{"desktop":{"background-color":"var(--ast-global-color-4)","background-image":"","background-repeat":"repeat","background-position":"center center","background-size":"auto","background-attachment":"scroll","background-type":"","background-media":"","overlay-type":"","overlay-color":"","overlay-opacity":"","overlay-gradient":""},"tablet":{"background-color":"","background-image":"","background-repeat":"repeat","background-position":"center center","background-size":"auto","background-attachment":"scroll","background-type":"","background-media":"","overlay-type":"","overlay-color":"","overlay-opacity":"","overlay-gradient":""},"mobile":{"background-color":"","background-image":"","background-repeat":"repeat","background-position":"center center","background-size":"auto","background-attachment":"scroll","background-type":"","background-media":"","overlay-type":"","overlay-color":"","overlay-opacity":"","overlay-gradient":""}},"ast-content-background-meta":{"desktop":{"background-color":"var(--ast-global-color-5)","background-image":"","background-repeat":"repeat","background-position":"center center","background-size":"auto","background-attachment":"scroll","background-type":"","background-media":"","overlay-type":"","overlay-color":"","overlay-opacity":"","overlay-gradient":""},"tablet":{"background-color":"var(--ast-global-color-5)","background-image":"","background-repeat":"repeat","background-position":"center center","background-size":"auto","background-attachment":"scroll","background-type":"","background-media":"","overlay-type":"","overlay-color":"","overlay-opacity":"","overlay-gradient":""},"mobile":{"background-color":"var(--ast-global-color-5)","background-image":"","background-repeat":"repeat","background-position":"center center","background-size":"auto","background-attachment":"scroll","background-type":"","background-media":"","overlay-type":"","overlay-color":"","overlay-opacity":"","overlay-gradient":""}},"footnotes":""},"class_list":["post-7328","page","type-page","status-publish","hentry"],"acf":[],"yoast_head":"<!-- This site is optimized with the Yoast SEO Premium plugin v22.0 (Yoast SEO v27.1.1) - https:\/\/yoast.com\/product\/yoast-seo-premium-wordpress\/ -->\n<title>Privacy - Risco<\/title>\n<meta name=\"robots\" content=\"index, follow, max-snippet:-1, max-image-preview:large, max-video-preview:-1\" \/>\n<link rel=\"canonical\" href=\"https:\/\/www.risco.it\/it\/privacy\/\" \/>\n<meta property=\"og:locale\" content=\"it_IT\" \/>\n<meta property=\"og:type\" content=\"article\" \/>\n<meta property=\"og:title\" content=\"Privacy\" \/>\n<meta property=\"og:description\" content=\"PRIVACY POLICY INTRODUZIONE La protezione dei dati personali rappresenta per RISCO S.p.A. (di seguito \u201cRISCO\u201d o \u201cSociet\u00e0\u201d) un impegno importante. [&hellip;]\" \/>\n<meta property=\"og:url\" content=\"https:\/\/www.risco.it\/it\/privacy\/\" \/>\n<meta property=\"og:site_name\" content=\"Risco\" \/>\n<meta property=\"article:modified_time\" content=\"2019-11-14T10:15:10+00:00\" \/>\n<meta name=\"twitter:card\" content=\"summary_large_image\" \/>\n<meta name=\"twitter:label1\" content=\"Tempo di lettura stimato\" \/>\n\t<meta name=\"twitter:data1\" content=\"10 minuti\" \/>\n<!-- \/ Yoast SEO Premium plugin. -->","yoast_head_json":{"title":"Privacy - Risco","robots":{"index":"index","follow":"follow","max-snippet":"max-snippet:-1","max-image-preview":"max-image-preview:large","max-video-preview":"max-video-preview:-1"},"canonical":"https:\/\/www.risco.it\/it\/privacy\/","og_locale":"it_IT","og_type":"article","og_title":"Privacy","og_description":"PRIVACY POLICY INTRODUZIONE La protezione dei dati personali rappresenta per RISCO S.p.A. (di seguito \u201cRISCO\u201d o \u201cSociet\u00e0\u201d) un impegno importante. [&hellip;]","og_url":"https:\/\/www.risco.it\/it\/privacy\/","og_site_name":"Risco","article_modified_time":"2019-11-14T10:15:10+00:00","twitter_card":"summary_large_image","twitter_misc":{"Tempo di lettura stimato":"10 minuti"},"schema":{"@context":"https:\/\/schema.org","@graph":[{"@type":"WebPage","@id":"https:\/\/www.risco.it\/it\/privacy\/","url":"https:\/\/www.risco.it\/it\/privacy\/","name":"Privacy - Risco","isPartOf":{"@id":"https:\/\/www.risco.it\/it\/#website"},"datePublished":"2018-04-11T10:42:47+00:00","dateModified":"2019-11-14T10:15:10+00:00","breadcrumb":{"@id":"https:\/\/www.risco.it\/it\/privacy\/#breadcrumb"},"inLanguage":"it-IT","potentialAction":[{"@type":"ReadAction","target":["https:\/\/www.risco.it\/it\/privacy\/"]}]},{"@type":"BreadcrumbList","@id":"https:\/\/www.risco.it\/it\/privacy\/#breadcrumb","itemListElement":[{"@type":"ListItem","position":1,"name":"Home","item":"https:\/\/www.risco.it\/it\/"},{"@type":"ListItem","position":2,"name":"Privacy"}]},{"@type":"WebSite","@id":"https:\/\/www.risco.it\/it\/#website","url":"https:\/\/www.risco.it\/it\/","name":"Risco","description":"Vacuum fillers and meat processing machines","publisher":{"@id":"https:\/\/www.risco.it\/it\/#organization"},"potentialAction":[{"@type":"SearchAction","target":{"@type":"EntryPoint","urlTemplate":"https:\/\/www.risco.it\/it\/?s={search_term_string}"},"query-input":{"@type":"PropertyValueSpecification","valueRequired":true,"valueName":"search_term_string"}}],"inLanguage":"it-IT"},{"@type":"Organization","@id":"https:\/\/www.risco.it\/it\/#organization","name":"Risco","url":"https:\/\/www.risco.it\/it\/","logo":{"@type":"ImageObject","inLanguage":"it-IT","@id":"https:\/\/www.risco.it\/it\/#\/schema\/logo\/image\/","url":"https:\/\/www.risco.it\/wp-content\/uploads\/2020\/12\/Risco_logo.svg","contentUrl":"https:\/\/www.risco.it\/wp-content\/uploads\/2020\/12\/Risco_logo.svg","caption":"Risco"},"image":{"@id":"https:\/\/www.risco.it\/it\/#\/schema\/logo\/image\/"}}]}},"uagb_featured_image_src":{"full":false,"thumbnail":false,"medium":false,"medium_large":false,"large":false,"1536x1536":false,"2048x2048":false},"uagb_author_info":{"display_name":"tradenet","author_link":"https:\/\/www.risco.it\/it\/author\/admintradenet\/"},"uagb_comment_info":0,"uagb_excerpt":"PRIVACY POLICY INTRODUZIONE La protezione dei dati personali rappresenta per RISCO S.p.A. (di seguito \u201cRISCO\u201d o \u201cSociet\u00e0\u201d) un impegno importante. [&hellip;]","_links":{"self":[{"href":"https:\/\/www.risco.it\/it\/wp-json\/wp\/v2\/pages\/7328","targetHints":{"allow":["GET"]}}],"collection":[{"href":"https:\/\/www.risco.it\/it\/wp-json\/wp\/v2\/pages"}],"about":[{"href":"https:\/\/www.risco.it\/it\/wp-json\/wp\/v2\/types\/page"}],"author":[{"embeddable":true,"href":"https:\/\/www.risco.it\/it\/wp-json\/wp\/v2\/users\/4"}],"replies":[{"embeddable":true,"href":"https:\/\/www.risco.it\/it\/wp-json\/wp\/v2\/comments?post=7328"}],"version-history":[{"count":13,"href":"https:\/\/www.risco.it\/it\/wp-json\/wp\/v2\/pages\/7328\/revisions"}],"predecessor-version":[{"id":7733,"href":"https:\/\/www.risco.it\/it\/wp-json\/wp\/v2\/pages\/7328\/revisions\/7733"}],"wp:attachment":[{"href":"https:\/\/www.risco.it\/it\/wp-json\/wp\/v2\/media?parent=7328"}],"curies":[{"name":"wp","href":"https:\/\/api.w.org\/{rel}","templated":true}]}}