{"id":5882,"date":"2018-04-11T12:44:21","date_gmt":"2018-04-11T10:44:21","guid":{"rendered":"http:\/\/risco.clientbook.it\/?page_id=5882"},"modified":"2019-09-26T10:01:46","modified_gmt":"2019-09-26T08:01:46","slug":"cookies-policy","status":"publish","type":"page","link":"https:\/\/www.risco.it\/it\/cookies-policy\/","title":{"rendered":"Cookies Policy"},"content":{"rendered":"<h2>Cookie e privacy sito<\/h2>\n<h4><strong>INFORMATIVA SUL TRATTAMENTO DATI PERSONALI (ex art. 13, Regolamento Europeo 2016\/679)<\/strong><\/h4>\n<p>La consultazione di questo sito web e l\u2019utilizzo dei servizi offerti comportano il trattamento di alcune informazioni direttamente o indirettamente a Lei riferibili e sono trattati ed utilizzati in conformit\u00e0 ai principi sanciti dal Regolamento (UE) 2016\/679 come illustrati nella sezione \u201cPrivacy Policy\u201d.<\/p>\n<h4><strong>TIPI DI DATI TRATTATI E FINALITA\u2019<\/strong><\/h4>\n<h4><strong>Dati di navigazione<\/strong><\/h4>\n<p>I sistemi informatici e le procedure software preposte al funzionamento di questo sito web acquisiscono, nel corso del loro normale esercizio, alcuni dati personali la cui trasmissione \u00e8 implicita nell&#8217;uso dei protocolli di comunicazione di Internet. Si tratta di informazioni che non sono raccolte per essere associate a interessati identificati, ma che per loro stessa natura potrebbero, attraverso elaborazioni ed associazioni con dati detenuti da terzi, permettere di identificare gli utenti. In questa categoria di dati rientrano gli indirizzi IP o i nomi a dominio dei computer utilizzati dagli utenti che si connettono al sito, gli indirizzi in notazione URI (Uniform Resource Identifier) delle risorse richieste, l&#8217;orario della richiesta, il metodo utilizzato nel sottoporre la richiesta al server, la dimensione del file ottenuto in risposta, il codice numerico indicante lo stato della risposta data dal server (buon fine, errore, ecc.) ed altri parametri relativi al sistema operativo e all&#8217;ambiente informatico dell&#8217;utente. Questi dati vengono utilizzati al solo fine di ricavare informazioni statistiche anonime sull&#8217;uso del sito e per controllarne il corretto funzionamento e vengono cancellati immediatamente dopo l&#8217;elaborazione. I dati potrebbero essere utilizzati per l&#8217;accertamento di responsabilit\u00e0 in caso di ipotetici reati informatici ai danni del sito: salva questa eventualit\u00e0, i dati sui contatti web non persistono per pi\u00f9 di sette giorni.<\/p>\n<h4><strong>Dati forniti volontariamente dall&#8217;utente<\/strong><\/h4>\n<p>Nel presente sito sono presenti indirizzi di posta elettronica ed altri riferimenti di contatto, come form di raccolta dati per informazioni, form di registrazione utente, form per la proposta di candidatura ecc\u2026 L&#8217;utilizzo di tali servizi (o l\u2019invio facoltativo, esplicito e volontario di e-mail agli indirizzi indicati su questo sito) comporta la successiva acquisizione dell&#8217;indirizzo e dei dati personali forniti dall\u2019utente, al fine di rispondere e gestire le richieste ovvero per erogare e mantenere il servizio descritto. I dati saranno archiviati per il periodo necessario a rendere il servizio richiesto, al quale si aggiunge un periodo ulteriore per garantire la tutela o la difesa in giudizio di diritti o obbligazioni che trovano fonte o prova nel trattamento (per la durata della prescrizione).<\/p>\n<h4><strong>INFORMATIVA SUI COOKIE<\/strong><\/h4>\n<h4><strong>Informativa sull&#8217;uso dei cookie<\/strong><\/h4>\n<p>Il sito\u00a0web Risco.it utilizza cookie e tecnologie simili per garantire il corretto funzionamento delle procedure e migliorare l&#8217;esperienza di uso delle applicazioni online. Il presente documento fornisce informazioni dettagliate sull&#8217;uso dei cookie e di tecnologie similari, su come sono utilizzati da Risco Spa e su come gestirli.<\/p>\n<h4><strong>Definizioni<\/strong><\/h4>\n<p>I cookie sono brevi frammenti di testo (lettere e\/o numeri) che permettono al server web di memorizzare sul client (il\u00a0browser) informazioni da riutilizzare nel corso della medesima visita al sito (cookie di sessione) o in seguito, anche a distanza di giorni (cookie persistenti). I cookie vengono memorizzati, in base alle preferenze dell&#8217;utente, dal singolo\u00a0browser\u00a0sullo specifico dispositivo utilizzato (computer, tablet, smartphone).<\/p>\n<p>Tecnologie similari, come, ad esempio, web beacon, GIF trasparenti e tutte le forme di\u00a0storage\u00a0locale introdotte con HTML5, sono utilizzabili per raccogliere informazioni sul comportamento dell&#8217;utente e sull&#8217;utilizzo dei servizi.<\/p>\n<p>Nel seguito di questo documento faremo riferimento ai cookie e a tutte le tecnologie similari utilizzando semplicemente il termine \u201ccookie\u201d.<\/p>\n<h4><strong>Tipologie di cookie<\/strong><\/h4>\n<p>In base alle caratteristiche e all&#8217;utilizzo dei cookie possiamo distinguere diverse categorie:<\/p>\n<p>Cookie tecnici: Si tratta di cookie indispensabili per il corretto funzionamento del sito di Risco.it e sono utilizzati per gestire il login e l&#8217;accesso alle funzioni riservate del sito. Non registrano informazioni sull\u2019utente utilizzate per profilarlo ma esclusivamente per garantire un servizio migliore nella navigazione. La durata dei cookie \u00e8 strettamente limitata alla sessione di lavoro (chiuso il\u00a0browser\u00a0vengono cancellati).<\/p>\n<p>Cookie di profilazione. Si tratta di cookie permanenti utilizzati per identificare (in modo anonimo e non) le preferenze dell&#8217;utente e migliorare la sua esperienza di navigazione.\u00a0Il sito Polini.com non utilizza cookie di questo tipo.<\/p>\n<h4><strong>Google Analytics<\/strong><\/h4>\n<p>Il sito Risco.it include anche talune componenti trasmesse da Google Analytics, un servizio di analisi del traffico web fornito da Google, Inc. (\u201cGoogle\u201d). Si tratta di cookie di terze parti raccolti e gestiti in modo anonimo per monitorare e migliorare le prestazioni del sito ospite (performance cookie).<\/p>\n<p>Google Analytics utilizza i &#8220;cookie&#8221; \u00a0per raccogliere e analizzare in forma anonima le informazioni sui comportamenti di utilizzo del sito web Risco Spa (compreso l&#8217;indirizzo IP dell&#8217;utente). Tali informazioni vengono raccolte da Google Analytics, che le elabora allo scopo di redigere report per gli operatori di Risco Spa riguardanti le attivit\u00e0 sui siti web stessi. Questo sito non utilizza (e non consente a terzi di utilizzare) lo strumento di analisi di Google per monitorare o per raccogliere informazioni personali di identificazione. Google non associa l&#8217;indirizzo IP a nessun altro dato posseduto da Google n\u00e9 cerca di collegare un indirizzo IP con l&#8217;identit\u00e0 di un utente. Google pu\u00f2 anche comunicare queste informazioni a terzi ove ci\u00f2 sia imposto dalla legge o laddove tali terzi trattino le suddette informazioni per conto di Google.<\/p>\n<p>Per ulteriori informazioni, si rinvia al link di seguito indicato:<\/p>\n<p><a href=\"https:\/\/www.google.it\/policies\/privacy\/partners\/\">https:\/\/www.google.it\/policies\/privacy\/partners\/<\/a><\/p>\n<p>L&#8217;utente pu\u00f2 disabilitare in modo selettivo l&#8217;azione di Google Analytics installando sul proprio\u00a0browser\u00a0la componente di\u00a0opt-out\u00a0fornito da Google. Per disabilitare l&#8217;azione di Google Analytics, si rinvia al link di seguito indicato:<\/p>\n<p><a href=\"https:\/\/tools.google.com\/dlpage\/gaoptout\">https:\/\/tools.google.com\/dlpage\/gaoptout<\/a><\/p>\n<h4><strong>Gestione dei cookie<\/strong><\/h4>\n<p>L&#8217;utente pu\u00f2 decidere se accettare o meno i cookie utilizzando le impostazioni del proprio\u00a0browser.<\/p>\n<p>La disabilitazione dei cookie \u201cterze parti\u201d non pregiudica in alcun modo la navigabilit\u00e0.<\/p>\n<p>L&#8217;impostazione pu\u00f2 essere definita in modo specifico per i diversi siti e applicazioni web. Inoltre i migliori\u00a0browser\u00a0consentono di definire impostazioni diverse per i cookie \u201cproprietari\u201d e per quelli di \u201cterze parti\u201d.<\/p>\n<p>A titolo di esempio, in Firefox, attraverso il menu\u00a0Strumenti-&gt;Opzioni -&gt;Privacy, \u00e8 possibile accedere ad un pannello di controllo dove \u00e8 possibile definire se accettare o meno i diversi tipi di cookie e procedere alla loro rimozione.<\/p>\n<p>Chrome:\u00a0<a href=\"https:\/\/support.google.com\/chrome\/answer\/95647?hl=it\">https:\/\/support.google.com\/chrome\/answer\/95647?hl=it<\/a><\/p>\n<p>Firefox:\u00a0<a href=\"https:\/\/support.mozilla.org\/it\/kb\/Gestione%20dei%20cookie\">https:\/\/support.mozilla.org\/it\/kb\/Gestione dei cookie<\/a><\/p>\n<p>Internet Explorer:\u00a0<a href=\"http:\/\/windows.microsoft.com\/it-it\/windows7\/how-to-manage-cookies-in-internet-explorer-9\">http:\/\/windows.microsoft.com\/it-it\/windows7\/how-to-manage-cookies-in-internet-explorer-9<\/a><\/p>\n<p>Opera:\u00a0<a href=\"http:\/\/help.opera.com\/Windows\/10.00\/it\/cookies.html\">http:\/\/help.opera.com\/Windows\/10.00\/it\/cookies.html<\/a><\/p>\n<p>Safari:\u00a0<a href=\"http:\/\/support.apple.com\/kb\/HT1677?viewlocale=it_IT\">http:\/\/support.apple.com\/kb\/HT1677?viewlocale=it_IT<\/a><\/p>\n<h4><\/h4>\n<h4><strong>FACOLTATIVITA\u2019 DEL CONFERIMENTO<\/strong><\/h4>\n<p>A parte quanto specificato per i dati di navigazione, l&#8217;utente \u00e8 libero di fornire i dati personali in particolare i dati riportati nei moduli di richiesta presenti sul sito. Il loro mancato conferimento pu\u00f2 comportare l&#8217;impossibilit\u00e0 di ottenere quanto richiesto.<\/p>\n<h4><strong>MODALITA&#8217; DEL TRATTAMENTO<\/strong><\/h4>\n<p>I dati personali sono trattati con strumenti automatizzati per il tempo strettamente necessario a conseguire gli scopi per cui sono stati raccolti. Specifiche misure di sicurezza sono osservate per prevenire la perdita dei dati, usi illeciti o non corretti ed accessi non autorizzati.<\/p>\n<p><strong>DIRITTI IN MATERIA DI PROTEZIONE DEI DATI PERSONALI<\/strong><\/p>\n<p>La informiamo dell&#8217;esistenza di alcuni diritti in materia di protezione dei dati personali e sulle modalit\u00e0 di esercizio nei confronti del Titolare del Trattamento. Per l\u2019elenco dei diritti e le relative modalit\u00e0 di attuazione si rinvia alla sezione \u201cPrivacy policy\u201d.<\/p>\n<h4><strong>DIRITTO D\u2019AUTORE E MARCHI<\/strong><\/h4>\n<p>Testi, immagini ed ogni altro contenuto multimediale presente sul sito \u00e8 di propriet\u00e0 di RISCO S.p.A. ovvero allo stesso concesso in licenza, salva la possibilit\u00e0 di utilizzare i contenuti previsti dalla normativa vigente in materia (art. 70 e ss L. 633\/41, Fair use, principio di open by default ecc\u2026).<\/p>\n<p>Tutti i segni distintivi utilizzati all\u2019interno del sito appartengono ai rispettivi proprietari o licenziatari.<\/p>\n<p>&nbsp;<\/p>\n","protected":false},"excerpt":{"rendered":"<p>Cookie e privacy sito INFORMATIVA SUL TRATTAMENTO DATI PERSONALI (ex art. 13, Regolamento Europeo 2016\/679) La consultazione di questo sito [&hellip;]<\/p>\n","protected":false},"author":4,"featured_media":0,"parent":0,"menu_order":175,"comment_status":"closed","ping_status":"closed","template":"","meta":{"_acf_changed":false,"inline_featured_image":false,"_uag_custom_page_level_css":"","site-sidebar-layout":"default","site-content-layout":"","ast-site-content-layout":"default","site-content-style":"default","site-sidebar-style":"default","ast-global-header-display":"","ast-banner-title-visibility":"","ast-main-header-display":"","ast-hfb-above-header-display":"","ast-hfb-below-header-display":"","ast-hfb-mobile-header-display":"","site-post-title":"","ast-breadcrumbs-content":"","ast-featured-img":"","footer-sml-layout":"","ast-disable-related-posts":"","theme-transparent-header-meta":"","adv-header-id-meta":"","stick-header-meta":"","header-above-stick-meta":"","header-main-stick-meta":"","header-below-stick-meta":"","astra-migrate-meta-layouts":"default","ast-page-background-enabled":"default","ast-page-background-meta":{"desktop":{"background-color":"var(--ast-global-color-4)","background-image":"","background-repeat":"repeat","background-position":"center center","background-size":"auto","background-attachment":"scroll","background-type":"","background-media":"","overlay-type":"","overlay-color":"","overlay-opacity":"","overlay-gradient":""},"tablet":{"background-color":"","background-image":"","background-repeat":"repeat","background-position":"center center","background-size":"auto","background-attachment":"scroll","background-type":"","background-media":"","overlay-type":"","overlay-color":"","overlay-opacity":"","overlay-gradient":""},"mobile":{"background-color":"","background-image":"","background-repeat":"repeat","background-position":"center center","background-size":"auto","background-attachment":"scroll","background-type":"","background-media":"","overlay-type":"","overlay-color":"","overlay-opacity":"","overlay-gradient":""}},"ast-content-background-meta":{"desktop":{"background-color":"var(--ast-global-color-5)","background-image":"","background-repeat":"repeat","background-position":"center center","background-size":"auto","background-attachment":"scroll","background-type":"","background-media":"","overlay-type":"","overlay-color":"","overlay-opacity":"","overlay-gradient":""},"tablet":{"background-color":"var(--ast-global-color-5)","background-image":"","background-repeat":"repeat","background-position":"center center","background-size":"auto","background-attachment":"scroll","background-type":"","background-media":"","overlay-type":"","overlay-color":"","overlay-opacity":"","overlay-gradient":""},"mobile":{"background-color":"var(--ast-global-color-5)","background-image":"","background-repeat":"repeat","background-position":"center center","background-size":"auto","background-attachment":"scroll","background-type":"","background-media":"","overlay-type":"","overlay-color":"","overlay-opacity":"","overlay-gradient":""}},"footnotes":""},"class_list":["post-5882","page","type-page","status-publish","hentry"],"acf":[],"yoast_head":"<!-- This site is optimized with the Yoast SEO Premium plugin v22.0 (Yoast SEO v27.1.1) - https:\/\/yoast.com\/product\/yoast-seo-premium-wordpress\/ -->\n<title>Cookies Policy - Risco<\/title>\n<meta name=\"robots\" content=\"index, follow, max-snippet:-1, max-image-preview:large, max-video-preview:-1\" \/>\n<link rel=\"canonical\" href=\"https:\/\/www.risco.it\/it\/cookies-policy\/\" \/>\n<meta property=\"og:locale\" content=\"it_IT\" \/>\n<meta property=\"og:type\" content=\"article\" \/>\n<meta property=\"og:title\" content=\"Cookies Policy\" \/>\n<meta property=\"og:description\" content=\"Cookie e privacy sito INFORMATIVA SUL TRATTAMENTO DATI PERSONALI (ex art. 13, Regolamento Europeo 2016\/679) La consultazione di questo sito [&hellip;]\" \/>\n<meta property=\"og:url\" content=\"https:\/\/www.risco.it\/it\/cookies-policy\/\" \/>\n<meta property=\"og:site_name\" content=\"Risco\" \/>\n<meta property=\"article:modified_time\" content=\"2019-09-26T08:01:46+00:00\" \/>\n<meta name=\"twitter:card\" content=\"summary_large_image\" \/>\n<meta name=\"twitter:label1\" content=\"Tempo di lettura stimato\" \/>\n\t<meta name=\"twitter:data1\" content=\"6 minuti\" \/>\n<!-- \/ Yoast SEO Premium plugin. -->","yoast_head_json":{"title":"Cookies Policy - Risco","robots":{"index":"index","follow":"follow","max-snippet":"max-snippet:-1","max-image-preview":"max-image-preview:large","max-video-preview":"max-video-preview:-1"},"canonical":"https:\/\/www.risco.it\/it\/cookies-policy\/","og_locale":"it_IT","og_type":"article","og_title":"Cookies Policy","og_description":"Cookie e privacy sito INFORMATIVA SUL TRATTAMENTO DATI PERSONALI (ex art. 13, Regolamento Europeo 2016\/679) La consultazione di questo sito [&hellip;]","og_url":"https:\/\/www.risco.it\/it\/cookies-policy\/","og_site_name":"Risco","article_modified_time":"2019-09-26T08:01:46+00:00","twitter_card":"summary_large_image","twitter_misc":{"Tempo di lettura stimato":"6 minuti"},"schema":{"@context":"https:\/\/schema.org","@graph":[{"@type":"WebPage","@id":"https:\/\/www.risco.it\/it\/cookies-policy\/","url":"https:\/\/www.risco.it\/it\/cookies-policy\/","name":"Cookies Policy - Risco","isPartOf":{"@id":"https:\/\/www.risco.it\/it\/#website"},"datePublished":"2018-04-11T10:44:21+00:00","dateModified":"2019-09-26T08:01:46+00:00","breadcrumb":{"@id":"https:\/\/www.risco.it\/it\/cookies-policy\/#breadcrumb"},"inLanguage":"it-IT","potentialAction":[{"@type":"ReadAction","target":["https:\/\/www.risco.it\/it\/cookies-policy\/"]}]},{"@type":"BreadcrumbList","@id":"https:\/\/www.risco.it\/it\/cookies-policy\/#breadcrumb","itemListElement":[{"@type":"ListItem","position":1,"name":"Home","item":"https:\/\/www.risco.it\/it\/"},{"@type":"ListItem","position":2,"name":"Cookies Policy"}]},{"@type":"WebSite","@id":"https:\/\/www.risco.it\/it\/#website","url":"https:\/\/www.risco.it\/it\/","name":"Risco","description":"Vacuum fillers and meat processing machines","publisher":{"@id":"https:\/\/www.risco.it\/it\/#organization"},"potentialAction":[{"@type":"SearchAction","target":{"@type":"EntryPoint","urlTemplate":"https:\/\/www.risco.it\/it\/?s={search_term_string}"},"query-input":{"@type":"PropertyValueSpecification","valueRequired":true,"valueName":"search_term_string"}}],"inLanguage":"it-IT"},{"@type":"Organization","@id":"https:\/\/www.risco.it\/it\/#organization","name":"Risco","url":"https:\/\/www.risco.it\/it\/","logo":{"@type":"ImageObject","inLanguage":"it-IT","@id":"https:\/\/www.risco.it\/it\/#\/schema\/logo\/image\/","url":"https:\/\/www.risco.it\/wp-content\/uploads\/2020\/12\/Risco_logo.svg","contentUrl":"https:\/\/www.risco.it\/wp-content\/uploads\/2020\/12\/Risco_logo.svg","caption":"Risco"},"image":{"@id":"https:\/\/www.risco.it\/it\/#\/schema\/logo\/image\/"}}]}},"uagb_featured_image_src":{"full":false,"thumbnail":false,"medium":false,"medium_large":false,"large":false,"1536x1536":false,"2048x2048":false},"uagb_author_info":{"display_name":"tradenet","author_link":"https:\/\/www.risco.it\/it\/author\/admintradenet\/"},"uagb_comment_info":0,"uagb_excerpt":"Cookie e privacy sito INFORMATIVA SUL TRATTAMENTO DATI PERSONALI (ex art. 13, Regolamento Europeo 2016\/679) La consultazione di questo sito [&hellip;]","_links":{"self":[{"href":"https:\/\/www.risco.it\/it\/wp-json\/wp\/v2\/pages\/5882","targetHints":{"allow":["GET"]}}],"collection":[{"href":"https:\/\/www.risco.it\/it\/wp-json\/wp\/v2\/pages"}],"about":[{"href":"https:\/\/www.risco.it\/it\/wp-json\/wp\/v2\/types\/page"}],"author":[{"embeddable":true,"href":"https:\/\/www.risco.it\/it\/wp-json\/wp\/v2\/users\/4"}],"replies":[{"embeddable":true,"href":"https:\/\/www.risco.it\/it\/wp-json\/wp\/v2\/comments?post=5882"}],"version-history":[{"count":8,"href":"https:\/\/www.risco.it\/it\/wp-json\/wp\/v2\/pages\/5882\/revisions"}],"predecessor-version":[{"id":7326,"href":"https:\/\/www.risco.it\/it\/wp-json\/wp\/v2\/pages\/5882\/revisions\/7326"}],"wp:attachment":[{"href":"https:\/\/www.risco.it\/it\/wp-json\/wp\/v2\/media?parent=5882"}],"curies":[{"name":"wp","href":"https:\/\/api.w.org\/{rel}","templated":true}]}}