{"id":4694,"date":"2018-04-11T10:36:14","date_gmt":"2018-04-11T08:36:14","guid":{"rendered":"http:\/\/risco.clientbook.it\/?page_id=4694"},"modified":"2024-09-20T16:52:17","modified_gmt":"2024-09-20T14:52:17","slug":"tradizione-e-modernita","status":"publish","type":"page","link":"https:\/\/www.risco.it\/it\/profilo\/tradizione-e-modernita\/","title":{"rendered":"Tradizione e Modernit\u00e0"},"content":{"rendered":"\n<div class=\"wp-block-group is-layout-constrained wp-container-core-group-is-layout-d22ff40a wp-block-group-is-layout-constrained\" style=\"padding-top:0px;padding-right:0px;padding-bottom:0px;padding-left:0px\">\n<h2 class=\"wp-block-heading\" id=\"h-tradizione\">Tradizione<\/h2>\n\n\n\n<div class=\"wp-block-columns is-layout-flex wp-container-core-columns-is-layout-47c5d72a wp-block-columns-is-layout-flex\" style=\"margin-bottom:var(--wp--preset--spacing--80)\">\n<div class=\"wp-block-column is-layout-flow wp-block-column-is-layout-flow\">\n<p>Risco \u00e8 l&#8217;azienda leader nella produzione di macchine e sistemi per la lavorazione della carne e si \u00e8 conquistata una posizione di primo piano sui mercati mondiali. Operante da oltre cinquant&#8217;anni, Risco, \u00e8 oggi un&#8217;azienda che unisce una tradizione familiare a un management efficiente ed evoluto. L\u2019esperienza acquisita ed i nuovi processi operativi, proiettano la Risco nel panorama mondiale come pioniera nella ricerca di nuove soluzioni, nuovi processi, nuovi mercati e rinnovati successi. L\u2019evoluzione della ditta e la crescita costante negli anni, rappresentano non solo un vanto, ma una prova tangibile della sua capacit\u00e0 di adattamento al mercato ed alle esigenze del cliente. La chiave di questo successo \u00e8 il connubio perfetto tra tradizione ed innovazione ed \u00e8 la base di partenza di ogni tipo di offerta Risco.<\/p>\n<\/div>\n\n\n\n<div class=\"wp-block-column is-layout-flow wp-block-column-is-layout-flow\">\n<figure class=\"wp-block-image size-full is-style-rounded\"><img loading=\"lazy\" decoding=\"async\" width=\"600\" height=\"400\" src=\"https:\/\/www.risco.it\/wp-content\/uploads\/2018\/04\/Risco-stabile-e1541598831914.jpg\" alt=\"\" class=\"wp-image-354\" srcset=\"https:\/\/www.risco.it\/wp-content\/uploads\/2018\/04\/Risco-stabile-e1541598831914.jpg 600w, https:\/\/www.risco.it\/wp-content\/uploads\/2018\/04\/Risco-stabile-e1541598831914-150x100.jpg 150w, https:\/\/www.risco.it\/wp-content\/uploads\/2018\/04\/Risco-stabile-e1541598831914-300x200.jpg 300w\" sizes=\"auto, (max-width: 600px) 100vw, 600px\" \/><\/figure>\n<\/div>\n<\/div>\n\n\n\n<h2 class=\"wp-block-heading\" id=\"h-modernita\">Modernit\u00e0<\/h2>\n\n\n\n<div class=\"wp-block-columns is-layout-flex wp-container-core-columns-is-layout-28f84493 wp-block-columns-is-layout-flex\">\n<div class=\"wp-block-column is-layout-flow wp-block-column-is-layout-flow\">\n<p>Risco si ispira a tecnologie d\u2019avanguardia per ricercare e migliorare i propri prodotti, ottimizzando i processi organizzativi e di produzione al suo interno. La modernit\u00e0, vissuta e approfondita in ogni settore aziendale, \u00e8 fonte di ispirazione per tutto l\u2019operare, sia esso inerente a prodotti o servizi offerti. Tecniche di costante miglioramento sono impartite dal management a tutti i reparti aziendali per una continua innovazione. Da sempre dinamismo, progresso, velocit\u00e0 sono capaci di caratterizzarci: nel rinnovamento c\u2019\u00e8 il mai fermarsi.<\/p>\n<\/div>\n\n\n\n<div class=\"wp-block-column is-layout-flow wp-block-column-is-layout-flow\">\n<figure class=\"wp-block-image size-full is-style-rounded\"><img loading=\"lazy\" decoding=\"async\" width=\"600\" height=\"400\" src=\"https:\/\/www.risco.it\/wp-content\/uploads\/2018\/04\/mod.jpg\" alt=\"\" class=\"wp-image-355\" srcset=\"https:\/\/www.risco.it\/wp-content\/uploads\/2018\/04\/mod.jpg 600w, https:\/\/www.risco.it\/wp-content\/uploads\/2018\/04\/mod-150x100.jpg 150w, https:\/\/www.risco.it\/wp-content\/uploads\/2018\/04\/mod-300x200.jpg 300w\" sizes=\"auto, (max-width: 600px) 100vw, 600px\" \/><\/figure>\n<\/div>\n<\/div>\n<\/div>\n","protected":false},"excerpt":{"rendered":"<p>Tradizione Risco \u00e8 l&#8217;azienda leader nella produzione di macchine e sistemi per la lavorazione della carne e si \u00e8 conquistata [&hellip;]<\/p>\n","protected":false},"author":4,"featured_media":18396,"parent":3907,"menu_order":258,"comment_status":"closed","ping_status":"closed","template":"","meta":{"_acf_changed":false,"inline_featured_image":false,"_uag_custom_page_level_css":"","site-sidebar-layout":"default","site-content-layout":"","ast-site-content-layout":"default","site-content-style":"default","site-sidebar-style":"default","ast-global-header-display":"","ast-banner-title-visibility":"","ast-main-header-display":"","ast-hfb-above-header-display":"","ast-hfb-below-header-display":"","ast-hfb-mobile-header-display":"","site-post-title":"","ast-breadcrumbs-content":"","ast-featured-img":"","footer-sml-layout":"","ast-disable-related-posts":"","theme-transparent-header-meta":"","adv-header-id-meta":"","stick-header-meta":"","header-above-stick-meta":"","header-main-stick-meta":"","header-below-stick-meta":"","astra-migrate-meta-layouts":"default","ast-page-background-enabled":"default","ast-page-background-meta":{"desktop":{"background-color":"var(--ast-global-color-4)","background-image":"","background-repeat":"repeat","background-position":"center center","background-size":"auto","background-attachment":"scroll","background-type":"","background-media":"","overlay-type":"","overlay-color":"","overlay-opacity":"","overlay-gradient":""},"tablet":{"background-color":"","background-image":"","background-repeat":"repeat","background-position":"center center","background-size":"auto","background-attachment":"scroll","background-type":"","background-media":"","overlay-type":"","overlay-color":"","overlay-opacity":"","overlay-gradient":""},"mobile":{"background-color":"","background-image":"","background-repeat":"repeat","background-position":"center center","background-size":"auto","background-attachment":"scroll","background-type":"","background-media":"","overlay-type":"","overlay-color":"","overlay-opacity":"","overlay-gradient":""}},"ast-content-background-meta":{"desktop":{"background-color":"var(--ast-global-color-5)","background-image":"","background-repeat":"repeat","background-position":"center center","background-size":"auto","background-attachment":"scroll","background-type":"","background-media":"","overlay-type":"","overlay-color":"","overlay-opacity":"","overlay-gradient":""},"tablet":{"background-color":"var(--ast-global-color-5)","background-image":"","background-repeat":"repeat","background-position":"center center","background-size":"auto","background-attachment":"scroll","background-type":"","background-media":"","overlay-type":"","overlay-color":"","overlay-opacity":"","overlay-gradient":""},"mobile":{"background-color":"var(--ast-global-color-5)","background-image":"","background-repeat":"repeat","background-position":"center center","background-size":"auto","background-attachment":"scroll","background-type":"","background-media":"","overlay-type":"","overlay-color":"","overlay-opacity":"","overlay-gradient":""}},"footnotes":""},"class_list":["post-4694","page","type-page","status-publish","has-post-thumbnail","hentry"],"acf":[],"yoast_head":"<!-- This site is optimized with the Yoast SEO Premium plugin v22.0 (Yoast SEO v27.1.1) - https:\/\/yoast.com\/product\/yoast-seo-premium-wordpress\/ -->\n<title>Tradizione e Modernit\u00e0 - Risco<\/title>\n<meta name=\"robots\" content=\"index, follow, max-snippet:-1, max-image-preview:large, max-video-preview:-1\" \/>\n<link rel=\"canonical\" href=\"https:\/\/www.risco.it\/it\/profilo\/tradizione-e-modernita\/\" \/>\n<meta property=\"og:locale\" content=\"it_IT\" \/>\n<meta property=\"og:type\" content=\"article\" \/>\n<meta property=\"og:title\" content=\"Tradizione e Modernit\u00e0\" \/>\n<meta property=\"og:description\" content=\"Tradizione Risco \u00e8 l&#8217;azienda leader nella produzione di macchine e sistemi per la lavorazione della carne e si \u00e8 conquistata [&hellip;]\" \/>\n<meta property=\"og:url\" content=\"https:\/\/www.risco.it\/it\/profilo\/tradizione-e-modernita\/\" \/>\n<meta property=\"og:site_name\" content=\"Risco\" \/>\n<meta property=\"article:modified_time\" content=\"2024-09-20T14:52:17+00:00\" \/>\n<meta property=\"og:image\" content=\"https:\/\/www.risco.it\/wp-content\/uploads\/2024\/06\/Risco_azienda_04w.jpg\" \/>\n\t<meta property=\"og:image:width\" content=\"1920\" \/>\n\t<meta property=\"og:image:height\" content=\"640\" \/>\n\t<meta property=\"og:image:type\" content=\"image\/jpeg\" \/>\n<meta name=\"twitter:card\" content=\"summary_large_image\" \/>\n<meta name=\"twitter:label1\" content=\"Tempo di lettura stimato\" \/>\n\t<meta name=\"twitter:data1\" content=\"2 minuti\" \/>\n<!-- \/ Yoast SEO Premium plugin. -->","yoast_head_json":{"title":"Tradizione e Modernit\u00e0 - Risco","robots":{"index":"index","follow":"follow","max-snippet":"max-snippet:-1","max-image-preview":"max-image-preview:large","max-video-preview":"max-video-preview:-1"},"canonical":"https:\/\/www.risco.it\/it\/profilo\/tradizione-e-modernita\/","og_locale":"it_IT","og_type":"article","og_title":"Tradizione e Modernit\u00e0","og_description":"Tradizione Risco \u00e8 l&#8217;azienda leader nella produzione di macchine e sistemi per la lavorazione della carne e si \u00e8 conquistata [&hellip;]","og_url":"https:\/\/www.risco.it\/it\/profilo\/tradizione-e-modernita\/","og_site_name":"Risco","article_modified_time":"2024-09-20T14:52:17+00:00","og_image":[{"width":1920,"height":640,"url":"https:\/\/www.risco.it\/wp-content\/uploads\/2024\/06\/Risco_azienda_04w.jpg","type":"image\/jpeg"}],"twitter_card":"summary_large_image","twitter_misc":{"Tempo di lettura stimato":"2 minuti"},"schema":{"@context":"https:\/\/schema.org","@graph":[{"@type":"WebPage","@id":"https:\/\/www.risco.it\/it\/profilo\/tradizione-e-modernita\/","url":"https:\/\/www.risco.it\/it\/profilo\/tradizione-e-modernita\/","name":"Tradizione e Modernit\u00e0 - Risco","isPartOf":{"@id":"https:\/\/www.risco.it\/it\/#website"},"primaryImageOfPage":{"@id":"https:\/\/www.risco.it\/it\/profilo\/tradizione-e-modernita\/#primaryimage"},"image":{"@id":"https:\/\/www.risco.it\/it\/profilo\/tradizione-e-modernita\/#primaryimage"},"thumbnailUrl":"https:\/\/www.risco.it\/wp-content\/uploads\/2025\/04\/028-2-copia.webp","datePublished":"2018-04-11T08:36:14+00:00","dateModified":"2024-09-20T14:52:17+00:00","breadcrumb":{"@id":"https:\/\/www.risco.it\/it\/profilo\/tradizione-e-modernita\/#breadcrumb"},"inLanguage":"it-IT","potentialAction":[{"@type":"ReadAction","target":["https:\/\/www.risco.it\/it\/profilo\/tradizione-e-modernita\/"]}]},{"@type":"ImageObject","inLanguage":"it-IT","@id":"https:\/\/www.risco.it\/it\/profilo\/tradizione-e-modernita\/#primaryimage","url":"https:\/\/www.risco.it\/wp-content\/uploads\/2025\/04\/028-2-copia.webp","contentUrl":"https:\/\/www.risco.it\/wp-content\/uploads\/2025\/04\/028-2-copia.webp","width":2560,"height":1707},{"@type":"BreadcrumbList","@id":"https:\/\/www.risco.it\/it\/profilo\/tradizione-e-modernita\/#breadcrumb","itemListElement":[{"@type":"ListItem","position":1,"name":"Home","item":"https:\/\/www.risco.it\/it\/"},{"@type":"ListItem","position":2,"name":"Profilo","item":"https:\/\/www.risco.it\/it\/profilo\/"},{"@type":"ListItem","position":3,"name":"Tradizione e Modernit\u00e0"}]},{"@type":"WebSite","@id":"https:\/\/www.risco.it\/it\/#website","url":"https:\/\/www.risco.it\/it\/","name":"Risco","description":"Vacuum fillers and meat processing machines","publisher":{"@id":"https:\/\/www.risco.it\/it\/#organization"},"potentialAction":[{"@type":"SearchAction","target":{"@type":"EntryPoint","urlTemplate":"https:\/\/www.risco.it\/it\/?s={search_term_string}"},"query-input":{"@type":"PropertyValueSpecification","valueRequired":true,"valueName":"search_term_string"}}],"inLanguage":"it-IT"},{"@type":"Organization","@id":"https:\/\/www.risco.it\/it\/#organization","name":"Risco","url":"https:\/\/www.risco.it\/it\/","logo":{"@type":"ImageObject","inLanguage":"it-IT","@id":"https:\/\/www.risco.it\/it\/#\/schema\/logo\/image\/","url":"https:\/\/www.risco.it\/wp-content\/uploads\/2020\/12\/Risco_logo.svg","contentUrl":"https:\/\/www.risco.it\/wp-content\/uploads\/2020\/12\/Risco_logo.svg","caption":"Risco"},"image":{"@id":"https:\/\/www.risco.it\/it\/#\/schema\/logo\/image\/"}}]}},"uagb_featured_image_src":{"full":["https:\/\/www.risco.it\/wp-content\/uploads\/2025\/04\/028-2-copia.webp",2560,1707,false],"thumbnail":["https:\/\/www.risco.it\/wp-content\/uploads\/2025\/04\/028-profile-150x100.jpeg",150,100,true],"medium":["https:\/\/www.risco.it\/wp-content\/uploads\/2025\/04\/028-profile-300x200.jpeg",300,200,true],"medium_large":["https:\/\/www.risco.it\/wp-content\/uploads\/2025\/04\/028-profile-768x512.jpeg",768,512,true],"large":["https:\/\/www.risco.it\/wp-content\/uploads\/2025\/04\/028-profile-1024x683.jpeg",1024,683,true],"1536x1536":["https:\/\/www.risco.it\/wp-content\/uploads\/2025\/04\/028-profile-1536x1024.jpeg",1536,1024,true],"2048x2048":["https:\/\/www.risco.it\/wp-content\/uploads\/2025\/04\/028-profile-2048x1365.jpeg",2048,1365,true]},"uagb_author_info":{"display_name":"tradenet","author_link":"https:\/\/www.risco.it\/it\/author\/admintradenet\/"},"uagb_comment_info":0,"uagb_excerpt":"Tradizione Risco \u00e8 l&#8217;azienda leader nella produzione di macchine e sistemi per la lavorazione della carne e si \u00e8 conquistata [&hellip;]","_links":{"self":[{"href":"https:\/\/www.risco.it\/it\/wp-json\/wp\/v2\/pages\/4694","targetHints":{"allow":["GET"]}}],"collection":[{"href":"https:\/\/www.risco.it\/it\/wp-json\/wp\/v2\/pages"}],"about":[{"href":"https:\/\/www.risco.it\/it\/wp-json\/wp\/v2\/types\/page"}],"author":[{"embeddable":true,"href":"https:\/\/www.risco.it\/it\/wp-json\/wp\/v2\/users\/4"}],"replies":[{"embeddable":true,"href":"https:\/\/www.risco.it\/it\/wp-json\/wp\/v2\/comments?post=4694"}],"version-history":[{"count":12,"href":"https:\/\/www.risco.it\/it\/wp-json\/wp\/v2\/pages\/4694\/revisions"}],"predecessor-version":[{"id":17167,"href":"https:\/\/www.risco.it\/it\/wp-json\/wp\/v2\/pages\/4694\/revisions\/17167"}],"up":[{"embeddable":true,"href":"https:\/\/www.risco.it\/it\/wp-json\/wp\/v2\/pages\/3907"}],"wp:featuredmedia":[{"embeddable":true,"href":"https:\/\/www.risco.it\/it\/wp-json\/wp\/v2\/media\/18396"}],"wp:attachment":[{"href":"https:\/\/www.risco.it\/it\/wp-json\/wp\/v2\/media?parent=4694"}],"curies":[{"name":"wp","href":"https:\/\/api.w.org\/{rel}","templated":true}]}}