{"id":5408,"date":"2018-09-24T18:09:14","date_gmt":"2018-09-24T16:09:14","guid":{"rendered":"http:\/\/risco.clientbook.it\/?page_id=5408"},"modified":"2024-06-11T17:19:01","modified_gmt":"2024-06-11T15:19:01","slug":"produit-enroule","status":"publish","type":"page","link":"https:\/\/www.risco.it\/fr\/applications\/type-de-produit\/produit-enroule\/","title":{"rendered":"Produit enroul\u00e9"},"content":{"rendered":"\n<p>Vos charcuteries enroul\u00e9es cuites, seches ou fraiches de premi\u00e8re qualit\u00e9 peuvent \u00eatre produites avec les syst\u00e8mes d\u2019enroulement Risco, tout en assurant une extr\u00e8me pr\u00e9cision de portionnage (une pr\u00e9cision de portionnage tr\u00e8s el\u00e9v\u00e9e) ainsi qu\u2019un portionnage et un embossage de qualit\u00e9 sup\u00e9rieure. Les syst\u00e8mes d\u2019enroulement Risco sont disponibles avec main automatique, crochets automatiques et avec unit\u00e9 de coupe.<\/p>\n\n\n\n<h2 class=\"wp-block-heading\" id=\"h-produits\">Produits<\/h2>\n\n\n\n<div class=\"wp-block-group application-products is-layout-constrained wp-container-core-group-is-layout-d22ff40a wp-block-group-is-layout-constrained\" style=\"padding-top:0px;padding-right:0px;padding-bottom:0px;padding-left:0px\">\n<div class=\"wp-block-columns is-layout-flex wp-container-core-columns-is-layout-28f84493 wp-block-columns-is-layout-flex\">\n<div class=\"wp-block-column is-layout-flow wp-block-column-is-layout-flow\">\n<figure class=\"wp-block-image size-large\"><img loading=\"lazy\" decoding=\"async\" width=\"600\" height=\"600\" src=\"https:\/\/www.risco.it\/wp-content\/uploads\/2024\/01\/boiled-sausage.jpg\" alt=\"\" class=\"wp-image-13269\" srcset=\"https:\/\/www.risco.it\/wp-content\/uploads\/2024\/01\/boiled-sausage.jpg 600w, https:\/\/www.risco.it\/wp-content\/uploads\/2024\/01\/boiled-sausage-150x150.jpg 150w, https:\/\/www.risco.it\/wp-content\/uploads\/2024\/01\/boiled-sausage-300x300.jpg 300w\" sizes=\"auto, (max-width: 600px) 100vw, 600px\" \/><\/figure>\n\n\n\n<h4 class=\"wp-block-heading\" id=\"h-saucisses-cuites\">Saucisses cuites<\/h4>\n<\/div>\n\n\n\n<div class=\"wp-block-column is-layout-flow wp-block-column-is-layout-flow\">\n<figure class=\"wp-block-image size-full\"><img loading=\"lazy\" decoding=\"async\" width=\"600\" height=\"600\" src=\"https:\/\/www.risco.it\/wp-content\/uploads\/2024\/05\/Linked-dry-sausages.jpg\" alt=\"\" class=\"wp-image-15137\" srcset=\"https:\/\/www.risco.it\/wp-content\/uploads\/2024\/05\/Linked-dry-sausages.jpg 600w, https:\/\/www.risco.it\/wp-content\/uploads\/2024\/05\/Linked-dry-sausages-300x300.jpg 300w, https:\/\/www.risco.it\/wp-content\/uploads\/2024\/05\/Linked-dry-sausages-150x150.jpg 150w\" sizes=\"auto, (max-width: 600px) 100vw, 600px\" \/><\/figure>\n\n\n\n<h4 class=\"wp-block-heading\" id=\"h-saucisses-seches\">Saucisses s\u00e8ches<\/h4>\n<\/div>\n\n\n\n<div class=\"wp-block-column is-layout-flow wp-block-column-is-layout-flow\">\n<figure class=\"wp-block-image size-full\"><img loading=\"lazy\" decoding=\"async\" width=\"600\" height=\"600\" src=\"https:\/\/www.risco.it\/wp-content\/uploads\/2024\/05\/Cooked-linked-sausages.jpg\" alt=\"\" class=\"wp-image-15131\" srcset=\"https:\/\/www.risco.it\/wp-content\/uploads\/2024\/05\/Cooked-linked-sausages.jpg 600w, https:\/\/www.risco.it\/wp-content\/uploads\/2024\/05\/Cooked-linked-sausages-300x300.jpg 300w, https:\/\/www.risco.it\/wp-content\/uploads\/2024\/05\/Cooked-linked-sausages-150x150.jpg 150w\" sizes=\"auto, (max-width: 600px) 100vw, 600px\" \/><\/figure>\n\n\n\n<h4 class=\"wp-block-heading\" id=\"h-saucisses-fraiches\">Saucisses fra\u00eeches<\/h4>\n<\/div>\n\n\n\n<div class=\"wp-block-column is-layout-flow wp-block-column-is-layout-flow\">\n<figure class=\"wp-block-image size-full\"><img loading=\"lazy\" decoding=\"async\" width=\"600\" height=\"600\" src=\"https:\/\/www.risco.it\/wp-content\/uploads\/2024\/05\/German-sausages.jpg\" alt=\"\" class=\"wp-image-15695\" srcset=\"https:\/\/www.risco.it\/wp-content\/uploads\/2024\/05\/German-sausages.jpg 600w, https:\/\/www.risco.it\/wp-content\/uploads\/2024\/05\/German-sausages-300x300.jpg 300w, https:\/\/www.risco.it\/wp-content\/uploads\/2024\/05\/German-sausages-150x150.jpg 150w\" sizes=\"auto, (max-width: 600px) 100vw, 600px\" \/><\/figure>\n\n\n\n<h4 class=\"wp-block-heading\" id=\"h-saucisses-a-bouillir\">Saucisses \u00e0 bouillir<\/h4>\n\n\n\n<p><\/p>\n<\/div>\n<\/div>\n<\/div>\n","protected":false},"excerpt":{"rendered":"<p>Vos charcuteries enroul\u00e9es cuites, seches ou fraiches de premi\u00e8re qualit\u00e9 peuvent \u00eatre produites avec les syst\u00e8mes d\u2019enroulement Risco, tout en [&hellip;]<\/p>\n","protected":false},"author":4,"featured_media":15625,"parent":4327,"menu_order":96,"comment_status":"closed","ping_status":"closed","template":"products-page.php","meta":{"_acf_changed":false,"inline_featured_image":false,"_uag_custom_page_level_css":"","site-sidebar-layout":"no-sidebar","site-content-layout":"","ast-site-content-layout":"default","site-content-style":"default","site-sidebar-style":"default","ast-global-header-display":"","ast-banner-title-visibility":"","ast-main-header-display":"","ast-hfb-above-header-display":"","ast-hfb-below-header-display":"","ast-hfb-mobile-header-display":"","site-post-title":"","ast-breadcrumbs-content":"","ast-featured-img":"","footer-sml-layout":"","ast-disable-related-posts":"","theme-transparent-header-meta":"","adv-header-id-meta":"","stick-header-meta":"","header-above-stick-meta":"","header-main-stick-meta":"","header-below-stick-meta":"","astra-migrate-meta-layouts":"default","ast-page-background-enabled":"default","ast-page-background-meta":{"desktop":{"background-color":"var(--ast-global-color-4)","background-image":"","background-repeat":"repeat","background-position":"center center","background-size":"auto","background-attachment":"scroll","background-type":"","background-media":"","overlay-type":"","overlay-color":"","overlay-opacity":"","overlay-gradient":""},"tablet":{"background-color":"","background-image":"","background-repeat":"repeat","background-position":"center center","background-size":"auto","background-attachment":"scroll","background-type":"","background-media":"","overlay-type":"","overlay-color":"","overlay-opacity":"","overlay-gradient":""},"mobile":{"background-color":"","background-image":"","background-repeat":"repeat","background-position":"center center","background-size":"auto","background-attachment":"scroll","background-type":"","background-media":"","overlay-type":"","overlay-color":"","overlay-opacity":"","overlay-gradient":""}},"ast-content-background-meta":{"desktop":{"background-color":"var(--ast-global-color-5)","background-image":"","background-repeat":"repeat","background-position":"center center","background-size":"auto","background-attachment":"scroll","background-type":"","background-media":"","overlay-type":"","overlay-color":"","overlay-opacity":"","overlay-gradient":""},"tablet":{"background-color":"var(--ast-global-color-5)","background-image":"","background-repeat":"repeat","background-position":"center center","background-size":"auto","background-attachment":"scroll","background-type":"","background-media":"","overlay-type":"","overlay-color":"","overlay-opacity":"","overlay-gradient":""},"mobile":{"background-color":"var(--ast-global-color-5)","background-image":"","background-repeat":"repeat","background-position":"center center","background-size":"auto","background-attachment":"scroll","background-type":"","background-media":"","overlay-type":"","overlay-color":"","overlay-opacity":"","overlay-gradient":""}},"footnotes":""},"class_list":["post-5408","page","type-page","status-publish","has-post-thumbnail","hentry"],"acf":[],"yoast_head":"<!-- This site is optimized with the Yoast SEO Premium plugin v22.0 (Yoast SEO v27.1.1) - https:\/\/yoast.com\/product\/yoast-seo-premium-wordpress\/ -->\n<title>Produit enroul\u00e9 - Risco<\/title>\n<meta name=\"robots\" content=\"index, follow, max-snippet:-1, max-image-preview:large, max-video-preview:-1\" \/>\n<link rel=\"canonical\" href=\"https:\/\/www.risco.it\/fr\/applications\/type-de-produit\/produit-enroule\/\" \/>\n<meta property=\"og:locale\" content=\"fr_FR\" \/>\n<meta property=\"og:type\" content=\"article\" \/>\n<meta property=\"og:title\" content=\"Produit enroul\u00e9\" \/>\n<meta property=\"og:description\" content=\"Vos charcuteries enroul\u00e9es cuites, seches ou fraiches de premi\u00e8re qualit\u00e9 peuvent \u00eatre produites avec les syst\u00e8mes d\u2019enroulement Risco, tout en [&hellip;]\" \/>\n<meta property=\"og:url\" content=\"https:\/\/www.risco.it\/fr\/applications\/type-de-produit\/produit-enroule\/\" \/>\n<meta property=\"og:site_name\" content=\"Risco\" \/>\n<meta property=\"article:modified_time\" content=\"2024-06-11T15:19:01+00:00\" \/>\n<meta property=\"og:image\" content=\"https:\/\/www.risco.it\/wp-content\/uploads\/2024\/05\/banner-linked.jpg\" \/>\n\t<meta property=\"og:image:width\" content=\"1920\" \/>\n\t<meta property=\"og:image:height\" content=\"1280\" \/>\n\t<meta property=\"og:image:type\" content=\"image\/jpeg\" \/>\n<meta name=\"twitter:card\" content=\"summary_large_image\" \/>\n<meta name=\"twitter:label1\" content=\"Dur\u00e9e de lecture estim\u00e9e\" \/>\n\t<meta name=\"twitter:data1\" content=\"2 minutes\" \/>\n<!-- \/ Yoast SEO Premium plugin. -->","yoast_head_json":{"title":"Produit enroul\u00e9 - Risco","robots":{"index":"index","follow":"follow","max-snippet":"max-snippet:-1","max-image-preview":"max-image-preview:large","max-video-preview":"max-video-preview:-1"},"canonical":"https:\/\/www.risco.it\/fr\/applications\/type-de-produit\/produit-enroule\/","og_locale":"fr_FR","og_type":"article","og_title":"Produit enroul\u00e9","og_description":"Vos charcuteries enroul\u00e9es cuites, seches ou fraiches de premi\u00e8re qualit\u00e9 peuvent \u00eatre produites avec les syst\u00e8mes d\u2019enroulement Risco, tout en [&hellip;]","og_url":"https:\/\/www.risco.it\/fr\/applications\/type-de-produit\/produit-enroule\/","og_site_name":"Risco","article_modified_time":"2024-06-11T15:19:01+00:00","og_image":[{"width":1920,"height":1280,"url":"https:\/\/www.risco.it\/wp-content\/uploads\/2024\/05\/banner-linked.jpg","type":"image\/jpeg"}],"twitter_card":"summary_large_image","twitter_misc":{"Dur\u00e9e de lecture estim\u00e9e":"2 minutes"},"schema":{"@context":"https:\/\/schema.org","@graph":[{"@type":"WebPage","@id":"https:\/\/www.risco.it\/fr\/applications\/type-de-produit\/produit-enroule\/","url":"https:\/\/www.risco.it\/fr\/applications\/type-de-produit\/produit-enroule\/","name":"Produit enroul\u00e9 - Risco","isPartOf":{"@id":"https:\/\/www.risco.it\/fr\/#website"},"primaryImageOfPage":{"@id":"https:\/\/www.risco.it\/fr\/applications\/type-de-produit\/produit-enroule\/#primaryimage"},"image":{"@id":"https:\/\/www.risco.it\/fr\/applications\/type-de-produit\/produit-enroule\/#primaryimage"},"thumbnailUrl":"https:\/\/www.risco.it\/wp-content\/uploads\/2024\/05\/banner-linked.jpg","datePublished":"2018-09-24T16:09:14+00:00","dateModified":"2024-06-11T15:19:01+00:00","breadcrumb":{"@id":"https:\/\/www.risco.it\/fr\/applications\/type-de-produit\/produit-enroule\/#breadcrumb"},"inLanguage":"fr-FR","potentialAction":[{"@type":"ReadAction","target":["https:\/\/www.risco.it\/fr\/applications\/type-de-produit\/produit-enroule\/"]}]},{"@type":"ImageObject","inLanguage":"fr-FR","@id":"https:\/\/www.risco.it\/fr\/applications\/type-de-produit\/produit-enroule\/#primaryimage","url":"https:\/\/www.risco.it\/wp-content\/uploads\/2024\/05\/banner-linked.jpg","contentUrl":"https:\/\/www.risco.it\/wp-content\/uploads\/2024\/05\/banner-linked.jpg","width":1920,"height":1280},{"@type":"BreadcrumbList","@id":"https:\/\/www.risco.it\/fr\/applications\/type-de-produit\/produit-enroule\/#breadcrumb","itemListElement":[{"@type":"ListItem","position":1,"name":"Home","item":"https:\/\/www.risco.it\/fr\/"},{"@type":"ListItem","position":2,"name":"Applications","item":"https:\/\/www.risco.it\/fr\/applications\/"},{"@type":"ListItem","position":3,"name":"Type de produit","item":"https:\/\/www.risco.it\/fr\/applications\/type-de-produit\/"},{"@type":"ListItem","position":4,"name":"Produit enroul\u00e9"}]},{"@type":"WebSite","@id":"https:\/\/www.risco.it\/fr\/#website","url":"https:\/\/www.risco.it\/fr\/","name":"Risco","description":"Vacuum fillers and meat processing machines","publisher":{"@id":"https:\/\/www.risco.it\/fr\/#organization"},"potentialAction":[{"@type":"SearchAction","target":{"@type":"EntryPoint","urlTemplate":"https:\/\/www.risco.it\/fr\/?s={search_term_string}"},"query-input":{"@type":"PropertyValueSpecification","valueRequired":true,"valueName":"search_term_string"}}],"inLanguage":"fr-FR"},{"@type":"Organization","@id":"https:\/\/www.risco.it\/fr\/#organization","name":"Risco","url":"https:\/\/www.risco.it\/fr\/","logo":{"@type":"ImageObject","inLanguage":"fr-FR","@id":"https:\/\/www.risco.it\/fr\/#\/schema\/logo\/image\/","url":"https:\/\/www.risco.it\/wp-content\/uploads\/2020\/12\/Risco_logo.svg","contentUrl":"https:\/\/www.risco.it\/wp-content\/uploads\/2020\/12\/Risco_logo.svg","caption":"Risco"},"image":{"@id":"https:\/\/www.risco.it\/fr\/#\/schema\/logo\/image\/"}}]}},"uagb_featured_image_src":{"full":["https:\/\/www.risco.it\/wp-content\/uploads\/2024\/05\/banner-linked.jpg",1920,1280,false],"thumbnail":["https:\/\/www.risco.it\/wp-content\/uploads\/2024\/05\/banner-linked-150x100.jpg",150,100,true],"medium":["https:\/\/www.risco.it\/wp-content\/uploads\/2024\/05\/banner-linked-300x200.jpg",300,200,true],"medium_large":["https:\/\/www.risco.it\/wp-content\/uploads\/2024\/05\/banner-linked-768x512.jpg",768,512,true],"large":["https:\/\/www.risco.it\/wp-content\/uploads\/2024\/05\/banner-linked-1024x683.jpg",1024,683,true],"1536x1536":["https:\/\/www.risco.it\/wp-content\/uploads\/2024\/05\/banner-linked-1536x1024.jpg",1536,1024,true],"2048x2048":["https:\/\/www.risco.it\/wp-content\/uploads\/2024\/05\/banner-linked.jpg",1920,1280,false]},"uagb_author_info":{"display_name":"tradenet","author_link":"https:\/\/www.risco.it\/fr\/author\/admintradenet\/"},"uagb_comment_info":0,"uagb_excerpt":"Vos charcuteries enroul\u00e9es cuites, seches ou fraiches de premi\u00e8re qualit\u00e9 peuvent \u00eatre produites avec les syst\u00e8mes d\u2019enroulement Risco, tout en [&hellip;]","_links":{"self":[{"href":"https:\/\/www.risco.it\/fr\/wp-json\/wp\/v2\/pages\/5408","targetHints":{"allow":["GET"]}}],"collection":[{"href":"https:\/\/www.risco.it\/fr\/wp-json\/wp\/v2\/pages"}],"about":[{"href":"https:\/\/www.risco.it\/fr\/wp-json\/wp\/v2\/types\/page"}],"author":[{"embeddable":true,"href":"https:\/\/www.risco.it\/fr\/wp-json\/wp\/v2\/users\/4"}],"replies":[{"embeddable":true,"href":"https:\/\/www.risco.it\/fr\/wp-json\/wp\/v2\/comments?post=5408"}],"version-history":[{"count":15,"href":"https:\/\/www.risco.it\/fr\/wp-json\/wp\/v2\/pages\/5408\/revisions"}],"predecessor-version":[{"id":16336,"href":"https:\/\/www.risco.it\/fr\/wp-json\/wp\/v2\/pages\/5408\/revisions\/16336"}],"up":[{"embeddable":true,"href":"https:\/\/www.risco.it\/fr\/wp-json\/wp\/v2\/pages\/4327"}],"wp:featuredmedia":[{"embeddable":true,"href":"https:\/\/www.risco.it\/fr\/wp-json\/wp\/v2\/media\/15625"}],"wp:attachment":[{"href":"https:\/\/www.risco.it\/fr\/wp-json\/wp\/v2\/media?parent=5408"}],"curies":[{"name":"wp","href":"https:\/\/api.w.org\/{rel}","templated":true}]}}