{"id":4994,"date":"2018-04-11T12:24:15","date_gmt":"2018-04-11T10:24:15","guid":{"rendered":"http:\/\/risco.clientbook.it\/?page_id=4994"},"modified":"2025-06-04T18:14:43","modified_gmt":"2025-06-04T16:14:43","slug":"pieces-detachees","status":"publish","type":"page","link":"https:\/\/www.risco.it\/fr\/services\/pieces-detachees\/","title":{"rendered":"Pi\u00e8ces d\u00e9tach\u00e9es"},"content":{"rendered":"","protected":false},"excerpt":{"rendered":"","protected":false},"author":4,"featured_media":12099,"parent":4842,"menu_order":337,"comment_status":"closed","ping_status":"closed","template":"page-lau-template.php","meta":{"_acf_changed":false,"inline_featured_image":false,"_uag_custom_page_level_css":"","site-sidebar-layout":"no-sidebar","site-content-layout":"","ast-site-content-layout":"default","site-content-style":"default","site-sidebar-style":"default","ast-global-header-display":"","ast-banner-title-visibility":"","ast-main-header-display":"","ast-hfb-above-header-display":"","ast-hfb-below-header-display":"","ast-hfb-mobile-header-display":"","site-post-title":"","ast-breadcrumbs-content":"","ast-featured-img":"","footer-sml-layout":"","ast-disable-related-posts":"","theme-transparent-header-meta":"","adv-header-id-meta":"","stick-header-meta":"","header-above-stick-meta":"","header-main-stick-meta":"","header-below-stick-meta":"","astra-migrate-meta-layouts":"default","ast-page-background-enabled":"default","ast-page-background-meta":{"desktop":{"background-color":"var(--ast-global-color-4)","background-image":"","background-repeat":"repeat","background-position":"center center","background-size":"auto","background-attachment":"scroll","background-type":"","background-media":"","overlay-type":"","overlay-color":"","overlay-opacity":"","overlay-gradient":""},"tablet":{"background-color":"","background-image":"","background-repeat":"repeat","background-position":"center center","background-size":"auto","background-attachment":"scroll","background-type":"","background-media":"","overlay-type":"","overlay-color":"","overlay-opacity":"","overlay-gradient":""},"mobile":{"background-color":"","background-image":"","background-repeat":"repeat","background-position":"center center","background-size":"auto","background-attachment":"scroll","background-type":"","background-media":"","overlay-type":"","overlay-color":"","overlay-opacity":"","overlay-gradient":""}},"ast-content-background-meta":{"desktop":{"background-color":"var(--ast-global-color-5)","background-image":"","background-repeat":"repeat","background-position":"center center","background-size":"auto","background-attachment":"scroll","background-type":"","background-media":"","overlay-type":"","overlay-color":"","overlay-opacity":"","overlay-gradient":""},"tablet":{"background-color":"var(--ast-global-color-5)","background-image":"","background-repeat":"repeat","background-position":"center center","background-size":"auto","background-attachment":"scroll","background-type":"","background-media":"","overlay-type":"","overlay-color":"","overlay-opacity":"","overlay-gradient":""},"mobile":{"background-color":"var(--ast-global-color-5)","background-image":"","background-repeat":"repeat","background-position":"center center","background-size":"auto","background-attachment":"scroll","background-type":"","background-media":"","overlay-type":"","overlay-color":"","overlay-opacity":"","overlay-gradient":""}},"footnotes":""},"class_list":["post-4994","page","type-page","status-publish","has-post-thumbnail","hentry"],"acf":[],"yoast_head":"<!-- This site is optimized with the Yoast SEO Premium plugin v22.0 (Yoast SEO v27.1.1) - https:\/\/yoast.com\/product\/yoast-seo-premium-wordpress\/ -->\n<title>Pi\u00e8ces d\u00e9tach\u00e9es - Risco<\/title>\n<meta name=\"robots\" content=\"index, follow, max-snippet:-1, max-image-preview:large, max-video-preview:-1\" \/>\n<link rel=\"canonical\" href=\"https:\/\/www.risco.it\/fr\/services\/pieces-detachees\/\" \/>\n<meta property=\"og:locale\" content=\"fr_FR\" \/>\n<meta property=\"og:type\" content=\"article\" \/>\n<meta property=\"og:title\" content=\"Pi\u00e8ces d\u00e9tach\u00e9es\" \/>\n<meta property=\"og:url\" content=\"https:\/\/www.risco.it\/fr\/services\/pieces-detachees\/\" \/>\n<meta property=\"og:site_name\" content=\"Risco\" \/>\n<meta property=\"article:modified_time\" content=\"2025-06-04T16:14:43+00:00\" \/>\n<meta property=\"og:image\" content=\"https:\/\/www.risco.it\/wp-content\/uploads\/2023\/04\/Barcode-Scanner-in-Warehouse-AdobeStock_63508502-1-scaled.jpg\" \/>\n\t<meta property=\"og:image:width\" content=\"2560\" \/>\n\t<meta property=\"og:image:height\" content=\"1709\" \/>\n\t<meta property=\"og:image:type\" content=\"image\/jpeg\" \/>\n<meta name=\"twitter:card\" content=\"summary_large_image\" \/>\n<meta name=\"twitter:label1\" content=\"Dur\u00e9e de lecture estim\u00e9e\" \/>\n\t<meta name=\"twitter:data1\" content=\"1 minute\" \/>\n<!-- \/ Yoast SEO Premium plugin. -->","yoast_head_json":{"title":"Pi\u00e8ces d\u00e9tach\u00e9es - Risco","robots":{"index":"index","follow":"follow","max-snippet":"max-snippet:-1","max-image-preview":"max-image-preview:large","max-video-preview":"max-video-preview:-1"},"canonical":"https:\/\/www.risco.it\/fr\/services\/pieces-detachees\/","og_locale":"fr_FR","og_type":"article","og_title":"Pi\u00e8ces d\u00e9tach\u00e9es","og_url":"https:\/\/www.risco.it\/fr\/services\/pieces-detachees\/","og_site_name":"Risco","article_modified_time":"2025-06-04T16:14:43+00:00","og_image":[{"width":2560,"height":1709,"url":"https:\/\/www.risco.it\/wp-content\/uploads\/2023\/04\/Barcode-Scanner-in-Warehouse-AdobeStock_63508502-1-scaled.jpg","type":"image\/jpeg"}],"twitter_card":"summary_large_image","twitter_misc":{"Dur\u00e9e de lecture estim\u00e9e":"1 minute"},"schema":{"@context":"https:\/\/schema.org","@graph":[{"@type":"WebPage","@id":"https:\/\/www.risco.it\/fr\/services\/pieces-detachees\/","url":"https:\/\/www.risco.it\/fr\/services\/pieces-detachees\/","name":"Pi\u00e8ces d\u00e9tach\u00e9es - Risco","isPartOf":{"@id":"https:\/\/www.risco.it\/fr\/#website"},"primaryImageOfPage":{"@id":"https:\/\/www.risco.it\/fr\/services\/pieces-detachees\/#primaryimage"},"image":{"@id":"https:\/\/www.risco.it\/fr\/services\/pieces-detachees\/#primaryimage"},"thumbnailUrl":"https:\/\/www.risco.it\/wp-content\/uploads\/2023\/04\/Barcode-Scanner-in-Warehouse-AdobeStock_63508502-1-scaled.jpg","datePublished":"2018-04-11T10:24:15+00:00","dateModified":"2025-06-04T16:14:43+00:00","breadcrumb":{"@id":"https:\/\/www.risco.it\/fr\/services\/pieces-detachees\/#breadcrumb"},"inLanguage":"fr-FR","potentialAction":[{"@type":"ReadAction","target":["https:\/\/www.risco.it\/fr\/services\/pieces-detachees\/"]}]},{"@type":"ImageObject","inLanguage":"fr-FR","@id":"https:\/\/www.risco.it\/fr\/services\/pieces-detachees\/#primaryimage","url":"https:\/\/www.risco.it\/wp-content\/uploads\/2023\/04\/Barcode-Scanner-in-Warehouse-AdobeStock_63508502-1-scaled.jpg","contentUrl":"https:\/\/www.risco.it\/wp-content\/uploads\/2023\/04\/Barcode-Scanner-in-Warehouse-AdobeStock_63508502-1-scaled.jpg","width":2560,"height":1709},{"@type":"BreadcrumbList","@id":"https:\/\/www.risco.it\/fr\/services\/pieces-detachees\/#breadcrumb","itemListElement":[{"@type":"ListItem","position":1,"name":"Home","item":"https:\/\/www.risco.it\/fr\/"},{"@type":"ListItem","position":2,"name":"Services","item":"https:\/\/www.risco.it\/fr\/services\/"},{"@type":"ListItem","position":3,"name":"Pi\u00e8ces d\u00e9tach\u00e9es"}]},{"@type":"WebSite","@id":"https:\/\/www.risco.it\/fr\/#website","url":"https:\/\/www.risco.it\/fr\/","name":"Risco","description":"Vacuum fillers and meat processing machines","publisher":{"@id":"https:\/\/www.risco.it\/fr\/#organization"},"potentialAction":[{"@type":"SearchAction","target":{"@type":"EntryPoint","urlTemplate":"https:\/\/www.risco.it\/fr\/?s={search_term_string}"},"query-input":{"@type":"PropertyValueSpecification","valueRequired":true,"valueName":"search_term_string"}}],"inLanguage":"fr-FR"},{"@type":"Organization","@id":"https:\/\/www.risco.it\/fr\/#organization","name":"Risco","url":"https:\/\/www.risco.it\/fr\/","logo":{"@type":"ImageObject","inLanguage":"fr-FR","@id":"https:\/\/www.risco.it\/fr\/#\/schema\/logo\/image\/","url":"https:\/\/www.risco.it\/wp-content\/uploads\/2020\/12\/Risco_logo.svg","contentUrl":"https:\/\/www.risco.it\/wp-content\/uploads\/2020\/12\/Risco_logo.svg","caption":"Risco"},"image":{"@id":"https:\/\/www.risco.it\/fr\/#\/schema\/logo\/image\/"}}]}},"uagb_featured_image_src":{"full":["https:\/\/www.risco.it\/wp-content\/uploads\/2023\/04\/Barcode-Scanner-in-Warehouse-AdobeStock_63508502-1-scaled.jpg",2560,1709,false],"thumbnail":["https:\/\/www.risco.it\/wp-content\/uploads\/2023\/04\/Barcode-Scanner-in-Warehouse-AdobeStock_63508502-1-150x100.jpg",150,100,true],"medium":["https:\/\/www.risco.it\/wp-content\/uploads\/2023\/04\/Barcode-Scanner-in-Warehouse-AdobeStock_63508502-1-300x200.jpg",300,200,true],"medium_large":["https:\/\/www.risco.it\/wp-content\/uploads\/2023\/04\/Barcode-Scanner-in-Warehouse-AdobeStock_63508502-1-768x513.jpg",768,513,true],"large":["https:\/\/www.risco.it\/wp-content\/uploads\/2023\/04\/Barcode-Scanner-in-Warehouse-AdobeStock_63508502-1-1024x683.jpg",1024,683,true],"1536x1536":["https:\/\/www.risco.it\/wp-content\/uploads\/2023\/04\/Barcode-Scanner-in-Warehouse-AdobeStock_63508502-1-1536x1025.jpg",1536,1025,true],"2048x2048":["https:\/\/www.risco.it\/wp-content\/uploads\/2023\/04\/Barcode-Scanner-in-Warehouse-AdobeStock_63508502-1-2048x1367.jpg",2048,1367,true]},"uagb_author_info":{"display_name":"tradenet","author_link":"https:\/\/www.risco.it\/fr\/author\/admintradenet\/"},"uagb_comment_info":0,"uagb_excerpt":null,"_links":{"self":[{"href":"https:\/\/www.risco.it\/fr\/wp-json\/wp\/v2\/pages\/4994","targetHints":{"allow":["GET"]}}],"collection":[{"href":"https:\/\/www.risco.it\/fr\/wp-json\/wp\/v2\/pages"}],"about":[{"href":"https:\/\/www.risco.it\/fr\/wp-json\/wp\/v2\/types\/page"}],"author":[{"embeddable":true,"href":"https:\/\/www.risco.it\/fr\/wp-json\/wp\/v2\/users\/4"}],"replies":[{"embeddable":true,"href":"https:\/\/www.risco.it\/fr\/wp-json\/wp\/v2\/comments?post=4994"}],"version-history":[{"count":10,"href":"https:\/\/www.risco.it\/fr\/wp-json\/wp\/v2\/pages\/4994\/revisions"}],"predecessor-version":[{"id":18828,"href":"https:\/\/www.risco.it\/fr\/wp-json\/wp\/v2\/pages\/4994\/revisions\/18828"}],"up":[{"embeddable":true,"href":"https:\/\/www.risco.it\/fr\/wp-json\/wp\/v2\/pages\/4842"}],"wp:featuredmedia":[{"embeddable":true,"href":"https:\/\/www.risco.it\/fr\/wp-json\/wp\/v2\/media\/12099"}],"wp:attachment":[{"href":"https:\/\/www.risco.it\/fr\/wp-json\/wp\/v2\/media?parent=4994"}],"curies":[{"name":"wp","href":"https:\/\/api.w.org\/{rel}","templated":true}]}}