{"id":4784,"date":"2018-04-11T10:58:51","date_gmt":"2018-04-11T08:58:51","guid":{"rendered":"http:\/\/risco.clientbook.it\/?page_id=4784"},"modified":"2025-06-05T11:15:29","modified_gmt":"2025-06-05T09:15:29","slug":"risco-mondiale-e-service","status":"publish","type":"page","link":"https:\/\/www.risco.it\/fr\/profil\/risco-mondiale-e-service\/","title":{"rendered":"Risco Presence Mondiale e Service"},"content":{"rendered":"\n<div class=\"wp-block-group is-layout-constrained wp-container-core-group-is-layout-d22ff40a wp-block-group-is-layout-constrained\" style=\"padding-top:0px;padding-right:0px;padding-bottom:0px;padding-left:0px\">\n<h2 class=\"wp-block-heading\" id=\"h-presence-mondiale\">Presence Mondiale<\/h2>\n\n\n\n<div class=\"wp-block-columns is-layout-flex wp-container-core-columns-is-layout-47c5d72a wp-block-columns-is-layout-flex\" style=\"margin-bottom:var(--wp--preset--spacing--80)\">\n<div class=\"wp-block-column is-layout-flow wp-block-column-is-layout-flow\">\n<p>Risco exporte ses produits dans plus de 60 pays au monde et garantit sa pr\u00e9sence gr\u00e2ce \u00e0 un r\u00e9seau minutieux de distributeurs exclusifs, de filiales commerciales directes et de bureaux d\u2019agence lui assurant le support total et permettant la diffusion de la philosophie du groupe. Les agents de Risco sont p\u00e9riodiquement form\u00e9s concernant les produits d\u2019entreprise d\u2019une fa\u00e7on professionnelle et qualifi\u00e9e. Les stages de recyclage concernant le service d\u2019entretien et d\u2019apr\u00e8s-vente se tiennent syst\u00e9matiquement dans notre nouveau training centre \u00e0 Thiene ou bien directement chez l\u2019agent, pour une majeure focalisation vers le client.<\/p>\n<\/div>\n\n\n\n<div class=\"wp-block-column is-layout-flow wp-block-column-is-layout-flow\">\n<figure class=\"wp-block-image size-large is-style-rounded\"><img loading=\"lazy\" decoding=\"async\" width=\"1024\" height=\"683\" src=\"https:\/\/www.risco.it\/wp-content\/uploads\/2025\/06\/image-1024x683.jpg\" alt=\"\" class=\"wp-image-18848\" srcset=\"https:\/\/www.risco.it\/wp-content\/uploads\/2025\/06\/image-1024x683.jpg 1024w, https:\/\/www.risco.it\/wp-content\/uploads\/2025\/06\/image-300x200.jpg 300w, https:\/\/www.risco.it\/wp-content\/uploads\/2025\/06\/image-150x100.jpg 150w, https:\/\/www.risco.it\/wp-content\/uploads\/2025\/06\/image-768x512.jpg 768w, https:\/\/www.risco.it\/wp-content\/uploads\/2025\/06\/image.jpg 1536w\" sizes=\"auto, (max-width: 1024px) 100vw, 1024px\" \/><\/figure>\n<\/div>\n<\/div>\n\n\n\n<h2 class=\"wp-block-heading\" id=\"h-service\">Service<\/h2>\n\n\n\n<div class=\"wp-block-columns is-layout-flex wp-container-core-columns-is-layout-28f84493 wp-block-columns-is-layout-flex\">\n<div class=\"wp-block-column is-layout-flow wp-block-column-is-layout-flow\">\n<p>Le point de force de Risco est repr\u00e9sent\u00e9 par le service donn\u00e9 constamment au client, d\u00e8s premiers contacts. Risco met \u00e0 disposition un Secteur Commercial attentif aux exigences de chaque client et donnant un support pr\u00e9cis par des catalogues et supports informatiques mis-\u00e0-jour, offres personnalis\u00e9es, ainsi qu\u2019une \u00e9quipe de personnes qualifi\u00e9es du point de vue technique pour le service d\u2019apr\u00e8s-vente. Avec cette synergie, nous voulons privil\u00e9gier le client qui choisit Risco en lui garantissant toujours la meilleure performance pour ce qui concerne le service tout en collaborant pour atteindre une harmonie d\u2019ensemble.<\/p>\n<\/div>\n\n\n\n<div class=\"wp-block-column is-layout-flow wp-block-column-is-layout-flow\">\n<figure class=\"wp-block-image size-full is-style-rounded\"><img loading=\"lazy\" decoding=\"async\" width=\"499\" height=\"372\" src=\"https:\/\/www.risco.it\/wp-content\/uploads\/2019\/06\/servicecar-e1682672776446.jpg\" alt=\"\" class=\"wp-image-6519\" srcset=\"https:\/\/www.risco.it\/wp-content\/uploads\/2019\/06\/servicecar-e1682672776446.jpg 499w, https:\/\/www.risco.it\/wp-content\/uploads\/2019\/06\/servicecar-e1682672776446-150x112.jpg 150w, https:\/\/www.risco.it\/wp-content\/uploads\/2019\/06\/servicecar-e1682672776446-300x224.jpg 300w\" sizes=\"auto, (max-width: 499px) 100vw, 499px\" \/><\/figure>\n<\/div>\n<\/div>\n<\/div>\n","protected":false},"excerpt":{"rendered":"<p>Presence Mondiale Risco exporte ses produits dans plus de 60 pays au monde et garantit sa pr\u00e9sence gr\u00e2ce \u00e0 un [&hellip;]<\/p>\n","protected":false},"author":4,"featured_media":18843,"parent":3901,"menu_order":292,"comment_status":"closed","ping_status":"closed","template":"","meta":{"_acf_changed":false,"inline_featured_image":false,"_uag_custom_page_level_css":"","site-sidebar-layout":"default","site-content-layout":"","ast-site-content-layout":"default","site-content-style":"default","site-sidebar-style":"default","ast-global-header-display":"","ast-banner-title-visibility":"","ast-main-header-display":"","ast-hfb-above-header-display":"","ast-hfb-below-header-display":"","ast-hfb-mobile-header-display":"","site-post-title":"","ast-breadcrumbs-content":"","ast-featured-img":"","footer-sml-layout":"","ast-disable-related-posts":"","theme-transparent-header-meta":"","adv-header-id-meta":"","stick-header-meta":"","header-above-stick-meta":"","header-main-stick-meta":"","header-below-stick-meta":"","astra-migrate-meta-layouts":"default","ast-page-background-enabled":"default","ast-page-background-meta":{"desktop":{"background-color":"var(--ast-global-color-4)","background-image":"","background-repeat":"repeat","background-position":"center center","background-size":"auto","background-attachment":"scroll","background-type":"","background-media":"","overlay-type":"","overlay-color":"","overlay-opacity":"","overlay-gradient":""},"tablet":{"background-color":"","background-image":"","background-repeat":"repeat","background-position":"center center","background-size":"auto","background-attachment":"scroll","background-type":"","background-media":"","overlay-type":"","overlay-color":"","overlay-opacity":"","overlay-gradient":""},"mobile":{"background-color":"","background-image":"","background-repeat":"repeat","background-position":"center center","background-size":"auto","background-attachment":"scroll","background-type":"","background-media":"","overlay-type":"","overlay-color":"","overlay-opacity":"","overlay-gradient":""}},"ast-content-background-meta":{"desktop":{"background-color":"var(--ast-global-color-5)","background-image":"","background-repeat":"repeat","background-position":"center center","background-size":"auto","background-attachment":"scroll","background-type":"","background-media":"","overlay-type":"","overlay-color":"","overlay-opacity":"","overlay-gradient":""},"tablet":{"background-color":"var(--ast-global-color-5)","background-image":"","background-repeat":"repeat","background-position":"center center","background-size":"auto","background-attachment":"scroll","background-type":"","background-media":"","overlay-type":"","overlay-color":"","overlay-opacity":"","overlay-gradient":""},"mobile":{"background-color":"var(--ast-global-color-5)","background-image":"","background-repeat":"repeat","background-position":"center center","background-size":"auto","background-attachment":"scroll","background-type":"","background-media":"","overlay-type":"","overlay-color":"","overlay-opacity":"","overlay-gradient":""}},"footnotes":""},"class_list":["post-4784","page","type-page","status-publish","has-post-thumbnail","hentry"],"acf":[],"yoast_head":"<!-- This site is optimized with the Yoast SEO Premium plugin v22.0 (Yoast SEO v27.1.1) - https:\/\/yoast.com\/product\/yoast-seo-premium-wordpress\/ -->\n<title>Risco Presence Mondiale e Service - Risco<\/title>\n<meta name=\"robots\" content=\"index, follow, max-snippet:-1, max-image-preview:large, max-video-preview:-1\" \/>\n<link rel=\"canonical\" href=\"https:\/\/www.risco.it\/fr\/profil\/risco-mondiale-e-service\/\" \/>\n<meta property=\"og:locale\" content=\"fr_FR\" \/>\n<meta property=\"og:type\" content=\"article\" \/>\n<meta property=\"og:title\" content=\"Risco Presence Mondiale e Service\" \/>\n<meta property=\"og:description\" content=\"Presence Mondiale Risco exporte ses produits dans plus de 60 pays au monde et garantit sa pr\u00e9sence gr\u00e2ce \u00e0 un [&hellip;]\" \/>\n<meta property=\"og:url\" content=\"https:\/\/www.risco.it\/fr\/profil\/risco-mondiale-e-service\/\" \/>\n<meta property=\"og:site_name\" content=\"Risco\" \/>\n<meta property=\"article:modified_time\" content=\"2025-06-05T09:15:29+00:00\" \/>\n<meta property=\"og:image\" content=\"https:\/\/www.risco.it\/wp-content\/uploads\/2025\/06\/028-2-copia.webp\" \/>\n\t<meta property=\"og:image:width\" content=\"1920\" \/>\n\t<meta property=\"og:image:height\" content=\"1280\" \/>\n\t<meta property=\"og:image:type\" content=\"image\/webp\" \/>\n<meta name=\"twitter:card\" content=\"summary_large_image\" \/>\n<meta name=\"twitter:label1\" content=\"Dur\u00e9e de lecture estim\u00e9e\" \/>\n\t<meta name=\"twitter:data1\" content=\"2 minutes\" \/>\n<!-- \/ Yoast SEO Premium plugin. -->","yoast_head_json":{"title":"Risco Presence Mondiale e Service - Risco","robots":{"index":"index","follow":"follow","max-snippet":"max-snippet:-1","max-image-preview":"max-image-preview:large","max-video-preview":"max-video-preview:-1"},"canonical":"https:\/\/www.risco.it\/fr\/profil\/risco-mondiale-e-service\/","og_locale":"fr_FR","og_type":"article","og_title":"Risco Presence Mondiale e Service","og_description":"Presence Mondiale Risco exporte ses produits dans plus de 60 pays au monde et garantit sa pr\u00e9sence gr\u00e2ce \u00e0 un [&hellip;]","og_url":"https:\/\/www.risco.it\/fr\/profil\/risco-mondiale-e-service\/","og_site_name":"Risco","article_modified_time":"2025-06-05T09:15:29+00:00","og_image":[{"width":1920,"height":1280,"url":"https:\/\/www.risco.it\/wp-content\/uploads\/2025\/06\/028-2-copia.webp","type":"image\/webp"}],"twitter_card":"summary_large_image","twitter_misc":{"Dur\u00e9e de lecture estim\u00e9e":"2 minutes"},"schema":{"@context":"https:\/\/schema.org","@graph":[{"@type":"WebPage","@id":"https:\/\/www.risco.it\/fr\/profil\/risco-mondiale-e-service\/","url":"https:\/\/www.risco.it\/fr\/profil\/risco-mondiale-e-service\/","name":"Risco Presence Mondiale e Service - Risco","isPartOf":{"@id":"https:\/\/www.risco.it\/fr\/#website"},"primaryImageOfPage":{"@id":"https:\/\/www.risco.it\/fr\/profil\/risco-mondiale-e-service\/#primaryimage"},"image":{"@id":"https:\/\/www.risco.it\/fr\/profil\/risco-mondiale-e-service\/#primaryimage"},"thumbnailUrl":"https:\/\/www.risco.it\/wp-content\/uploads\/2025\/06\/028-2-copia.webp","datePublished":"2018-04-11T08:58:51+00:00","dateModified":"2025-06-05T09:15:29+00:00","breadcrumb":{"@id":"https:\/\/www.risco.it\/fr\/profil\/risco-mondiale-e-service\/#breadcrumb"},"inLanguage":"fr-FR","potentialAction":[{"@type":"ReadAction","target":["https:\/\/www.risco.it\/fr\/profil\/risco-mondiale-e-service\/"]}]},{"@type":"ImageObject","inLanguage":"fr-FR","@id":"https:\/\/www.risco.it\/fr\/profil\/risco-mondiale-e-service\/#primaryimage","url":"https:\/\/www.risco.it\/wp-content\/uploads\/2025\/06\/028-2-copia.webp","contentUrl":"https:\/\/www.risco.it\/wp-content\/uploads\/2025\/06\/028-2-copia.webp","width":1920,"height":1280},{"@type":"BreadcrumbList","@id":"https:\/\/www.risco.it\/fr\/profil\/risco-mondiale-e-service\/#breadcrumb","itemListElement":[{"@type":"ListItem","position":1,"name":"Home","item":"https:\/\/www.risco.it\/fr\/"},{"@type":"ListItem","position":2,"name":"Profil","item":"https:\/\/www.risco.it\/fr\/profil\/"},{"@type":"ListItem","position":3,"name":"Risco Presence Mondiale e Service"}]},{"@type":"WebSite","@id":"https:\/\/www.risco.it\/fr\/#website","url":"https:\/\/www.risco.it\/fr\/","name":"Risco","description":"Vacuum fillers and meat processing machines","publisher":{"@id":"https:\/\/www.risco.it\/fr\/#organization"},"potentialAction":[{"@type":"SearchAction","target":{"@type":"EntryPoint","urlTemplate":"https:\/\/www.risco.it\/fr\/?s={search_term_string}"},"query-input":{"@type":"PropertyValueSpecification","valueRequired":true,"valueName":"search_term_string"}}],"inLanguage":"fr-FR"},{"@type":"Organization","@id":"https:\/\/www.risco.it\/fr\/#organization","name":"Risco","url":"https:\/\/www.risco.it\/fr\/","logo":{"@type":"ImageObject","inLanguage":"fr-FR","@id":"https:\/\/www.risco.it\/fr\/#\/schema\/logo\/image\/","url":"https:\/\/www.risco.it\/wp-content\/uploads\/2020\/12\/Risco_logo.svg","contentUrl":"https:\/\/www.risco.it\/wp-content\/uploads\/2020\/12\/Risco_logo.svg","caption":"Risco"},"image":{"@id":"https:\/\/www.risco.it\/fr\/#\/schema\/logo\/image\/"}}]}},"uagb_featured_image_src":{"full":["https:\/\/www.risco.it\/wp-content\/uploads\/2025\/06\/028-2-copia.webp",1920,1280,false],"thumbnail":["https:\/\/www.risco.it\/wp-content\/uploads\/2025\/06\/028-2-copia-150x100.webp",150,100,true],"medium":["https:\/\/www.risco.it\/wp-content\/uploads\/2025\/06\/028-2-copia-300x200.webp",300,200,true],"medium_large":["https:\/\/www.risco.it\/wp-content\/uploads\/2025\/06\/028-2-copia-768x512.webp",768,512,true],"large":["https:\/\/www.risco.it\/wp-content\/uploads\/2025\/06\/028-2-copia-1024x683.webp",1024,683,true],"1536x1536":["https:\/\/www.risco.it\/wp-content\/uploads\/2025\/06\/028-2-copia-1536x1024.webp",1536,1024,true],"2048x2048":["https:\/\/www.risco.it\/wp-content\/uploads\/2025\/06\/028-2-copia.webp",1920,1280,false]},"uagb_author_info":{"display_name":"tradenet","author_link":"https:\/\/www.risco.it\/fr\/author\/admintradenet\/"},"uagb_comment_info":0,"uagb_excerpt":"Presence Mondiale Risco exporte ses produits dans plus de 60 pays au monde et garantit sa pr\u00e9sence gr\u00e2ce \u00e0 un [&hellip;]","_links":{"self":[{"href":"https:\/\/www.risco.it\/fr\/wp-json\/wp\/v2\/pages\/4784","targetHints":{"allow":["GET"]}}],"collection":[{"href":"https:\/\/www.risco.it\/fr\/wp-json\/wp\/v2\/pages"}],"about":[{"href":"https:\/\/www.risco.it\/fr\/wp-json\/wp\/v2\/types\/page"}],"author":[{"embeddable":true,"href":"https:\/\/www.risco.it\/fr\/wp-json\/wp\/v2\/users\/4"}],"replies":[{"embeddable":true,"href":"https:\/\/www.risco.it\/fr\/wp-json\/wp\/v2\/comments?post=4784"}],"version-history":[{"count":19,"href":"https:\/\/www.risco.it\/fr\/wp-json\/wp\/v2\/pages\/4784\/revisions"}],"predecessor-version":[{"id":18855,"href":"https:\/\/www.risco.it\/fr\/wp-json\/wp\/v2\/pages\/4784\/revisions\/18855"}],"up":[{"embeddable":true,"href":"https:\/\/www.risco.it\/fr\/wp-json\/wp\/v2\/pages\/3901"}],"wp:featuredmedia":[{"embeddable":true,"href":"https:\/\/www.risco.it\/fr\/wp-json\/wp\/v2\/media\/18843"}],"wp:attachment":[{"href":"https:\/\/www.risco.it\/fr\/wp-json\/wp\/v2\/media?parent=4784"}],"curies":[{"name":"wp","href":"https:\/\/api.w.org\/{rel}","templated":true}]}}