{"id":4745,"date":"2018-04-11T10:52:27","date_gmt":"2018-04-11T08:52:27","guid":{"rendered":"http:\/\/risco.clientbook.it\/?page_id=4745"},"modified":"2025-06-05T11:18:51","modified_gmt":"2025-06-05T09:18:51","slug":"innovation-e-recherche","status":"publish","type":"page","link":"https:\/\/www.risco.it\/fr\/profil\/innovation-e-recherche\/","title":{"rendered":"Innovation e Recherche"},"content":{"rendered":"\n<div class=\"wp-block-group is-layout-constrained wp-container-core-group-is-layout-9eb9a864 wp-block-group-is-layout-constrained\" style=\"padding-top:0px;padding-right:0px;padding-bottom:0px;padding-left:0px\">\n<h2 class=\"wp-block-heading\" id=\"h-innovation\">Innovation<\/h2>\n\n\n\n<div class=\"wp-block-columns is-layout-flex wp-container-core-columns-is-layout-47c5d72a wp-block-columns-is-layout-flex\" style=\"margin-bottom:var(--wp--preset--spacing--80)\">\n<div class=\"wp-block-column is-layout-flow wp-block-column-is-layout-flow\">\n<p>Le point crucial de Risco est l\u2019innovation constante de ses produits, pour offrir une technologie continuellement mise \u00e0 jour et une grande professionnalit\u00e9. Grace \u00e0 l\u2019exp\u00e9rience de plus de quarante ans d\u2019activit\u00e9 et \u00e0 l\u2019application des technologies d\u2019avant-garde, Risco peut proposer des nouvelles techniques d\u2019ex\u00e9cution, en gr\u00e9 de r\u00e9pondre \u00e0 toute n\u00e9cessit\u00e9 productive. Le d\u00e9veloppement innovant \u00e9lev\u00e9 de la soci\u00e9t\u00e9 Risco implique une expansion de la gamme de produits propos\u00e9s dans le domaine de la transformation de la viande et aussi dans d\u2019autres productions alimentaires. Quand il y a une nouvelle id\u00e9e, Risco est le partenaire id\u00e9al pour sa r\u00e9alisation, gr\u00e2ce a sa capacit\u00e9 d\u2019exprimer, compl\u00e8tement, la caract\u00e9ristique distinctive de sa personnalit\u00e9.<\/p>\n<\/div>\n\n\n\n<div class=\"wp-block-column is-layout-flow wp-block-column-is-layout-flow\">\n<figure class=\"wp-block-image size-full is-style-rounded\"><img loading=\"lazy\" decoding=\"async\" width=\"468\" height=\"297\" src=\"https:\/\/www.risco.it\/wp-content\/uploads\/2019\/06\/uff-tec.jpg\" alt=\"\" class=\"wp-image-6480\" srcset=\"https:\/\/www.risco.it\/wp-content\/uploads\/2019\/06\/uff-tec.jpg 468w, https:\/\/www.risco.it\/wp-content\/uploads\/2019\/06\/uff-tec-150x95.jpg 150w, https:\/\/www.risco.it\/wp-content\/uploads\/2019\/06\/uff-tec-300x190.jpg 300w\" sizes=\"auto, (max-width: 468px) 100vw, 468px\" \/><\/figure>\n<\/div>\n<\/div>\n\n\n\n<h2 class=\"wp-block-heading\" id=\"h-recherche\">Recherche<\/h2>\n\n\n\n<div class=\"wp-block-columns is-layout-flex wp-container-core-columns-is-layout-28f84493 wp-block-columns-is-layout-flex\">\n<div class=\"wp-block-column is-layout-flow wp-block-column-is-layout-flow\">\n<p>Les techniques modernes de recherche utilis\u00e9es par Risco permettent l\u2019\u00e9volution de l\u2019entreprise: le r\u00e9sultat de cette recherche continue est le num\u00e9ro consid\u00e9rable des brevets d\u00e9pos\u00e9s par la soci\u00e9t\u00e9 dans le domaine mondial. Non seulement la recherche est appliqu\u00e9e aux produits d\u2019entreprise dans le cadre technique, m\u00e9canique, \u00e9lectronique ou dans la recherche des nouveaux mat\u00e9riaux, mais aussi dans l\u2019organisation, l\u2019op\u00e9rativit\u00e9 et la fonctionnalit\u00e9, marquant le d\u00e9tour repr\u00e9sentant un progr\u00e8s net.<\/p>\n<\/div>\n\n\n\n<div class=\"wp-block-column is-layout-flow wp-block-column-is-layout-flow\">\n<figure class=\"wp-block-image size-large is-style-rounded\"><img loading=\"lazy\" decoding=\"async\" width=\"1024\" height=\"624\" src=\"https:\/\/www.risco.it\/wp-content\/uploads\/2019\/06\/ricerca-1024x624.jpg\" alt=\"\" class=\"wp-image-6489\" srcset=\"https:\/\/www.risco.it\/wp-content\/uploads\/2019\/06\/ricerca-1024x624.jpg 1024w, https:\/\/www.risco.it\/wp-content\/uploads\/2019\/06\/ricerca-150x91.jpg 150w, https:\/\/www.risco.it\/wp-content\/uploads\/2019\/06\/ricerca-300x183.jpg 300w, https:\/\/www.risco.it\/wp-content\/uploads\/2019\/06\/ricerca-768x468.jpg 768w, https:\/\/www.risco.it\/wp-content\/uploads\/2019\/06\/ricerca.jpg 1066w\" sizes=\"auto, (max-width: 1024px) 100vw, 1024px\" \/><\/figure>\n<\/div>\n<\/div>\n<\/div>\n","protected":false},"excerpt":{"rendered":"<p>Innovation Le point crucial de Risco est l\u2019innovation constante de ses produits, pour offrir une technologie continuellement mise \u00e0 jour [&hellip;]<\/p>\n","protected":false},"author":4,"featured_media":18843,"parent":3901,"menu_order":275,"comment_status":"closed","ping_status":"closed","template":"","meta":{"_acf_changed":false,"inline_featured_image":false,"_uag_custom_page_level_css":"","site-sidebar-layout":"default","site-content-layout":"","ast-site-content-layout":"default","site-content-style":"default","site-sidebar-style":"default","ast-global-header-display":"","ast-banner-title-visibility":"","ast-main-header-display":"","ast-hfb-above-header-display":"","ast-hfb-below-header-display":"","ast-hfb-mobile-header-display":"","site-post-title":"","ast-breadcrumbs-content":"","ast-featured-img":"","footer-sml-layout":"","ast-disable-related-posts":"","theme-transparent-header-meta":"","adv-header-id-meta":"","stick-header-meta":"","header-above-stick-meta":"","header-main-stick-meta":"","header-below-stick-meta":"","astra-migrate-meta-layouts":"default","ast-page-background-enabled":"default","ast-page-background-meta":{"desktop":{"background-color":"var(--ast-global-color-4)","background-image":"","background-repeat":"repeat","background-position":"center center","background-size":"auto","background-attachment":"scroll","background-type":"","background-media":"","overlay-type":"","overlay-color":"","overlay-opacity":"","overlay-gradient":""},"tablet":{"background-color":"","background-image":"","background-repeat":"repeat","background-position":"center center","background-size":"auto","background-attachment":"scroll","background-type":"","background-media":"","overlay-type":"","overlay-color":"","overlay-opacity":"","overlay-gradient":""},"mobile":{"background-color":"","background-image":"","background-repeat":"repeat","background-position":"center center","background-size":"auto","background-attachment":"scroll","background-type":"","background-media":"","overlay-type":"","overlay-color":"","overlay-opacity":"","overlay-gradient":""}},"ast-content-background-meta":{"desktop":{"background-color":"var(--ast-global-color-5)","background-image":"","background-repeat":"repeat","background-position":"center center","background-size":"auto","background-attachment":"scroll","background-type":"","background-media":"","overlay-type":"","overlay-color":"","overlay-opacity":"","overlay-gradient":""},"tablet":{"background-color":"var(--ast-global-color-5)","background-image":"","background-repeat":"repeat","background-position":"center center","background-size":"auto","background-attachment":"scroll","background-type":"","background-media":"","overlay-type":"","overlay-color":"","overlay-opacity":"","overlay-gradient":""},"mobile":{"background-color":"var(--ast-global-color-5)","background-image":"","background-repeat":"repeat","background-position":"center center","background-size":"auto","background-attachment":"scroll","background-type":"","background-media":"","overlay-type":"","overlay-color":"","overlay-opacity":"","overlay-gradient":""}},"footnotes":""},"class_list":["post-4745","page","type-page","status-publish","has-post-thumbnail","hentry"],"acf":[],"yoast_head":"<!-- This site is optimized with the Yoast SEO Premium plugin v22.0 (Yoast SEO v27.1.1) - https:\/\/yoast.com\/product\/yoast-seo-premium-wordpress\/ -->\n<title>Innovation e Recherche - Risco<\/title>\n<meta name=\"robots\" content=\"index, follow, max-snippet:-1, max-image-preview:large, max-video-preview:-1\" \/>\n<link rel=\"canonical\" href=\"https:\/\/www.risco.it\/fr\/profil\/innovation-e-recherche\/\" \/>\n<meta property=\"og:locale\" content=\"fr_FR\" \/>\n<meta property=\"og:type\" content=\"article\" \/>\n<meta property=\"og:title\" content=\"Innovation e Recherche\" \/>\n<meta property=\"og:description\" content=\"Innovation Le point crucial de Risco est l\u2019innovation constante de ses produits, pour offrir une technologie continuellement mise \u00e0 jour [&hellip;]\" \/>\n<meta property=\"og:url\" content=\"https:\/\/www.risco.it\/fr\/profil\/innovation-e-recherche\/\" \/>\n<meta property=\"og:site_name\" content=\"Risco\" \/>\n<meta property=\"article:modified_time\" content=\"2025-06-05T09:18:51+00:00\" \/>\n<meta property=\"og:image\" content=\"https:\/\/www.risco.it\/wp-content\/uploads\/2025\/06\/028-2-copia.webp\" \/>\n\t<meta property=\"og:image:width\" content=\"1920\" \/>\n\t<meta property=\"og:image:height\" content=\"1280\" \/>\n\t<meta property=\"og:image:type\" content=\"image\/webp\" \/>\n<meta name=\"twitter:card\" content=\"summary_large_image\" \/>\n<meta name=\"twitter:label1\" content=\"Dur\u00e9e de lecture estim\u00e9e\" \/>\n\t<meta name=\"twitter:data1\" content=\"2 minutes\" \/>\n<!-- \/ Yoast SEO Premium plugin. -->","yoast_head_json":{"title":"Innovation e Recherche - Risco","robots":{"index":"index","follow":"follow","max-snippet":"max-snippet:-1","max-image-preview":"max-image-preview:large","max-video-preview":"max-video-preview:-1"},"canonical":"https:\/\/www.risco.it\/fr\/profil\/innovation-e-recherche\/","og_locale":"fr_FR","og_type":"article","og_title":"Innovation e Recherche","og_description":"Innovation Le point crucial de Risco est l\u2019innovation constante de ses produits, pour offrir une technologie continuellement mise \u00e0 jour [&hellip;]","og_url":"https:\/\/www.risco.it\/fr\/profil\/innovation-e-recherche\/","og_site_name":"Risco","article_modified_time":"2025-06-05T09:18:51+00:00","og_image":[{"width":1920,"height":1280,"url":"https:\/\/www.risco.it\/wp-content\/uploads\/2025\/06\/028-2-copia.webp","type":"image\/webp"}],"twitter_card":"summary_large_image","twitter_misc":{"Dur\u00e9e de lecture estim\u00e9e":"2 minutes"},"schema":{"@context":"https:\/\/schema.org","@graph":[{"@type":"WebPage","@id":"https:\/\/www.risco.it\/fr\/profil\/innovation-e-recherche\/","url":"https:\/\/www.risco.it\/fr\/profil\/innovation-e-recherche\/","name":"Innovation e Recherche - Risco","isPartOf":{"@id":"https:\/\/www.risco.it\/fr\/#website"},"primaryImageOfPage":{"@id":"https:\/\/www.risco.it\/fr\/profil\/innovation-e-recherche\/#primaryimage"},"image":{"@id":"https:\/\/www.risco.it\/fr\/profil\/innovation-e-recherche\/#primaryimage"},"thumbnailUrl":"https:\/\/www.risco.it\/wp-content\/uploads\/2025\/06\/028-2-copia.webp","datePublished":"2018-04-11T08:52:27+00:00","dateModified":"2025-06-05T09:18:51+00:00","breadcrumb":{"@id":"https:\/\/www.risco.it\/fr\/profil\/innovation-e-recherche\/#breadcrumb"},"inLanguage":"fr-FR","potentialAction":[{"@type":"ReadAction","target":["https:\/\/www.risco.it\/fr\/profil\/innovation-e-recherche\/"]}]},{"@type":"ImageObject","inLanguage":"fr-FR","@id":"https:\/\/www.risco.it\/fr\/profil\/innovation-e-recherche\/#primaryimage","url":"https:\/\/www.risco.it\/wp-content\/uploads\/2025\/06\/028-2-copia.webp","contentUrl":"https:\/\/www.risco.it\/wp-content\/uploads\/2025\/06\/028-2-copia.webp","width":1920,"height":1280},{"@type":"BreadcrumbList","@id":"https:\/\/www.risco.it\/fr\/profil\/innovation-e-recherche\/#breadcrumb","itemListElement":[{"@type":"ListItem","position":1,"name":"Home","item":"https:\/\/www.risco.it\/fr\/"},{"@type":"ListItem","position":2,"name":"Profil","item":"https:\/\/www.risco.it\/fr\/profil\/"},{"@type":"ListItem","position":3,"name":"Innovation e Recherche"}]},{"@type":"WebSite","@id":"https:\/\/www.risco.it\/fr\/#website","url":"https:\/\/www.risco.it\/fr\/","name":"Risco","description":"Vacuum fillers and meat processing machines","publisher":{"@id":"https:\/\/www.risco.it\/fr\/#organization"},"potentialAction":[{"@type":"SearchAction","target":{"@type":"EntryPoint","urlTemplate":"https:\/\/www.risco.it\/fr\/?s={search_term_string}"},"query-input":{"@type":"PropertyValueSpecification","valueRequired":true,"valueName":"search_term_string"}}],"inLanguage":"fr-FR"},{"@type":"Organization","@id":"https:\/\/www.risco.it\/fr\/#organization","name":"Risco","url":"https:\/\/www.risco.it\/fr\/","logo":{"@type":"ImageObject","inLanguage":"fr-FR","@id":"https:\/\/www.risco.it\/fr\/#\/schema\/logo\/image\/","url":"https:\/\/www.risco.it\/wp-content\/uploads\/2020\/12\/Risco_logo.svg","contentUrl":"https:\/\/www.risco.it\/wp-content\/uploads\/2020\/12\/Risco_logo.svg","caption":"Risco"},"image":{"@id":"https:\/\/www.risco.it\/fr\/#\/schema\/logo\/image\/"}}]}},"uagb_featured_image_src":{"full":["https:\/\/www.risco.it\/wp-content\/uploads\/2025\/06\/028-2-copia.webp",1920,1280,false],"thumbnail":["https:\/\/www.risco.it\/wp-content\/uploads\/2025\/06\/028-2-copia-150x100.webp",150,100,true],"medium":["https:\/\/www.risco.it\/wp-content\/uploads\/2025\/06\/028-2-copia-300x200.webp",300,200,true],"medium_large":["https:\/\/www.risco.it\/wp-content\/uploads\/2025\/06\/028-2-copia-768x512.webp",768,512,true],"large":["https:\/\/www.risco.it\/wp-content\/uploads\/2025\/06\/028-2-copia-1024x683.webp",1024,683,true],"1536x1536":["https:\/\/www.risco.it\/wp-content\/uploads\/2025\/06\/028-2-copia-1536x1024.webp",1536,1024,true],"2048x2048":["https:\/\/www.risco.it\/wp-content\/uploads\/2025\/06\/028-2-copia.webp",1920,1280,false]},"uagb_author_info":{"display_name":"tradenet","author_link":"https:\/\/www.risco.it\/fr\/author\/admintradenet\/"},"uagb_comment_info":0,"uagb_excerpt":"Innovation Le point crucial de Risco est l\u2019innovation constante de ses produits, pour offrir une technologie continuellement mise \u00e0 jour [&hellip;]","_links":{"self":[{"href":"https:\/\/www.risco.it\/fr\/wp-json\/wp\/v2\/pages\/4745","targetHints":{"allow":["GET"]}}],"collection":[{"href":"https:\/\/www.risco.it\/fr\/wp-json\/wp\/v2\/pages"}],"about":[{"href":"https:\/\/www.risco.it\/fr\/wp-json\/wp\/v2\/types\/page"}],"author":[{"embeddable":true,"href":"https:\/\/www.risco.it\/fr\/wp-json\/wp\/v2\/users\/4"}],"replies":[{"embeddable":true,"href":"https:\/\/www.risco.it\/fr\/wp-json\/wp\/v2\/comments?post=4745"}],"version-history":[{"count":8,"href":"https:\/\/www.risco.it\/fr\/wp-json\/wp\/v2\/pages\/4745\/revisions"}],"predecessor-version":[{"id":17184,"href":"https:\/\/www.risco.it\/fr\/wp-json\/wp\/v2\/pages\/4745\/revisions\/17184"}],"up":[{"embeddable":true,"href":"https:\/\/www.risco.it\/fr\/wp-json\/wp\/v2\/pages\/3901"}],"wp:featuredmedia":[{"embeddable":true,"href":"https:\/\/www.risco.it\/fr\/wp-json\/wp\/v2\/media\/18843"}],"wp:attachment":[{"href":"https:\/\/www.risco.it\/fr\/wp-json\/wp\/v2\/media?parent=4745"}],"curies":[{"name":"wp","href":"https:\/\/api.w.org\/{rel}","templated":true}]}}