{"id":4725,"date":"2018-04-11T10:55:08","date_gmt":"2018-04-11T08:55:08","guid":{"rendered":"http:\/\/risco.clientbook.it\/?page_id=4725"},"modified":"2024-09-20T17:04:24","modified_gmt":"2024-09-20T15:04:24","slug":"disposition-du-client","status":"publish","type":"page","link":"https:\/\/www.risco.it\/fr\/profil\/disposition-du-client\/","title":{"rendered":"A disposition du Client"},"content":{"rendered":"\n<div class=\"wp-block-group is-layout-constrained wp-container-core-group-is-layout-d22ff40a wp-block-group-is-layout-constrained\" style=\"padding-top:0px;padding-right:0px;padding-bottom:0px;padding-left:0px\">\n<h2 class=\"wp-block-heading\" id=\"h-a-disposition-du-client\">A disposition du Client<\/h2>\n\n\n\n<div class=\"wp-block-columns is-layout-flex wp-container-core-columns-is-layout-28f84493 wp-block-columns-is-layout-flex\">\n<div class=\"wp-block-column is-layout-flow wp-block-column-is-layout-flow\">\n<p>L\u2019offre de Risco est toujours destin\u00e9e \u00e0 garantir \u00e0 l\u2019utilisateur-client des solutions lui permettant d\u2019am\u00e9liorer et valoriser sa production. Les machines Risco sont le r\u00e9sultat des recherches et \u00e9tudes attentifs destin\u00e9s \u00e0 aider nos clients et d\u00e9velopper des nouvelles solutions, dans le domaine de la production et du produit fini. Innovation, efficience et automation sont les mots clef n\u00e9cessaires aujourd\u2019hui pour le succ\u00e8s de toute entreprise soit-elle grande, moyenne ou petite. L\u2019application constante de Risco garantit la qualit\u00e9 \u00e9lev\u00e9e du service avant et apr\u00e8s la vente, en faisant correspondre les services et les produits aux exigences des clients, o\u00f9 qu\u2019ils se trouvent. Nous voulons \u00eatre surs de la satisfaction des ceux qui ont choisi le marque Risco, ainsi qu\u2019ils se consid\u00e8rent une partie int\u00e9grante d\u2019un projet d\u2019entreprise en d\u00e9veloppement constant.<\/p>\n<\/div>\n\n\n\n<div class=\"wp-block-column is-layout-flow wp-block-column-is-layout-flow\">\n<figure class=\"wp-block-image size-full is-style-rounded\"><img loading=\"lazy\" decoding=\"async\" width=\"667\" height=\"410\" src=\"https:\/\/www.risco.it\/wp-content\/uploads\/2022\/09\/customer-orientation.jpg\" alt=\"\" class=\"wp-image-10662\" srcset=\"https:\/\/www.risco.it\/wp-content\/uploads\/2022\/09\/customer-orientation.jpg 667w, https:\/\/www.risco.it\/wp-content\/uploads\/2022\/09\/customer-orientation-150x92.jpg 150w, https:\/\/www.risco.it\/wp-content\/uploads\/2022\/09\/customer-orientation-300x184.jpg 300w\" sizes=\"auto, (max-width: 667px) 100vw, 667px\" \/><\/figure>\n<\/div>\n<\/div>\n<\/div>\n","protected":false},"excerpt":{"rendered":"<p>A disposition du Client L\u2019offre de Risco est toujours destin\u00e9e \u00e0 garantir \u00e0 l\u2019utilisateur-client des solutions lui permettant d\u2019am\u00e9liorer et [&hellip;]<\/p>\n","protected":false},"author":4,"featured_media":18394,"parent":3901,"menu_order":271,"comment_status":"closed","ping_status":"closed","template":"","meta":{"_acf_changed":false,"inline_featured_image":false,"_uag_custom_page_level_css":"","site-sidebar-layout":"default","site-content-layout":"","ast-site-content-layout":"default","site-content-style":"default","site-sidebar-style":"default","ast-global-header-display":"","ast-banner-title-visibility":"","ast-main-header-display":"","ast-hfb-above-header-display":"","ast-hfb-below-header-display":"","ast-hfb-mobile-header-display":"","site-post-title":"","ast-breadcrumbs-content":"","ast-featured-img":"","footer-sml-layout":"","ast-disable-related-posts":"","theme-transparent-header-meta":"","adv-header-id-meta":"","stick-header-meta":"","header-above-stick-meta":"","header-main-stick-meta":"","header-below-stick-meta":"","astra-migrate-meta-layouts":"default","ast-page-background-enabled":"default","ast-page-background-meta":{"desktop":{"background-color":"var(--ast-global-color-4)","background-image":"","background-repeat":"repeat","background-position":"center center","background-size":"auto","background-attachment":"scroll","background-type":"","background-media":"","overlay-type":"","overlay-color":"","overlay-opacity":"","overlay-gradient":""},"tablet":{"background-color":"","background-image":"","background-repeat":"repeat","background-position":"center center","background-size":"auto","background-attachment":"scroll","background-type":"","background-media":"","overlay-type":"","overlay-color":"","overlay-opacity":"","overlay-gradient":""},"mobile":{"background-color":"","background-image":"","background-repeat":"repeat","background-position":"center center","background-size":"auto","background-attachment":"scroll","background-type":"","background-media":"","overlay-type":"","overlay-color":"","overlay-opacity":"","overlay-gradient":""}},"ast-content-background-meta":{"desktop":{"background-color":"var(--ast-global-color-5)","background-image":"","background-repeat":"repeat","background-position":"center center","background-size":"auto","background-attachment":"scroll","background-type":"","background-media":"","overlay-type":"","overlay-color":"","overlay-opacity":"","overlay-gradient":""},"tablet":{"background-color":"var(--ast-global-color-5)","background-image":"","background-repeat":"repeat","background-position":"center center","background-size":"auto","background-attachment":"scroll","background-type":"","background-media":"","overlay-type":"","overlay-color":"","overlay-opacity":"","overlay-gradient":""},"mobile":{"background-color":"var(--ast-global-color-5)","background-image":"","background-repeat":"repeat","background-position":"center center","background-size":"auto","background-attachment":"scroll","background-type":"","background-media":"","overlay-type":"","overlay-color":"","overlay-opacity":"","overlay-gradient":""}},"footnotes":""},"class_list":["post-4725","page","type-page","status-publish","has-post-thumbnail","hentry"],"acf":[],"yoast_head":"<!-- This site is optimized with the Yoast SEO Premium plugin v22.0 (Yoast SEO v27.1.1) - https:\/\/yoast.com\/product\/yoast-seo-premium-wordpress\/ -->\n<title>A disposition du Client - Risco<\/title>\n<meta name=\"robots\" content=\"index, follow, max-snippet:-1, max-image-preview:large, max-video-preview:-1\" \/>\n<link rel=\"canonical\" href=\"https:\/\/www.risco.it\/fr\/profil\/disposition-du-client\/\" \/>\n<meta property=\"og:locale\" content=\"fr_FR\" \/>\n<meta property=\"og:type\" content=\"article\" \/>\n<meta property=\"og:title\" content=\"A disposition du Client\" \/>\n<meta property=\"og:description\" content=\"A disposition du Client L\u2019offre de Risco est toujours destin\u00e9e \u00e0 garantir \u00e0 l\u2019utilisateur-client des solutions lui permettant d\u2019am\u00e9liorer et [&hellip;]\" \/>\n<meta property=\"og:url\" content=\"https:\/\/www.risco.it\/fr\/profil\/disposition-du-client\/\" \/>\n<meta property=\"og:site_name\" content=\"Risco\" \/>\n<meta property=\"article:modified_time\" content=\"2024-09-20T15:04:24+00:00\" \/>\n<meta property=\"og:image\" content=\"https:\/\/www.risco.it\/wp-content\/uploads\/2024\/06\/Risco_azienda_04w.jpg\" \/>\n\t<meta property=\"og:image:width\" content=\"1920\" \/>\n\t<meta property=\"og:image:height\" content=\"640\" \/>\n\t<meta property=\"og:image:type\" content=\"image\/jpeg\" \/>\n<meta name=\"twitter:card\" content=\"summary_large_image\" \/>\n<meta name=\"twitter:label1\" content=\"Dur\u00e9e de lecture estim\u00e9e\" \/>\n\t<meta name=\"twitter:data1\" content=\"1 minute\" \/>\n<!-- \/ Yoast SEO Premium plugin. -->","yoast_head_json":{"title":"A disposition du Client - Risco","robots":{"index":"index","follow":"follow","max-snippet":"max-snippet:-1","max-image-preview":"max-image-preview:large","max-video-preview":"max-video-preview:-1"},"canonical":"https:\/\/www.risco.it\/fr\/profil\/disposition-du-client\/","og_locale":"fr_FR","og_type":"article","og_title":"A disposition du Client","og_description":"A disposition du Client L\u2019offre de Risco est toujours destin\u00e9e \u00e0 garantir \u00e0 l\u2019utilisateur-client des solutions lui permettant d\u2019am\u00e9liorer et [&hellip;]","og_url":"https:\/\/www.risco.it\/fr\/profil\/disposition-du-client\/","og_site_name":"Risco","article_modified_time":"2024-09-20T15:04:24+00:00","og_image":[{"width":1920,"height":640,"url":"https:\/\/www.risco.it\/wp-content\/uploads\/2024\/06\/Risco_azienda_04w.jpg","type":"image\/jpeg"}],"twitter_card":"summary_large_image","twitter_misc":{"Dur\u00e9e de lecture estim\u00e9e":"1 minute"},"schema":{"@context":"https:\/\/schema.org","@graph":[{"@type":"WebPage","@id":"https:\/\/www.risco.it\/fr\/profil\/disposition-du-client\/","url":"https:\/\/www.risco.it\/fr\/profil\/disposition-du-client\/","name":"A disposition du Client - Risco","isPartOf":{"@id":"https:\/\/www.risco.it\/fr\/#website"},"primaryImageOfPage":{"@id":"https:\/\/www.risco.it\/fr\/profil\/disposition-du-client\/#primaryimage"},"image":{"@id":"https:\/\/www.risco.it\/fr\/profil\/disposition-du-client\/#primaryimage"},"thumbnailUrl":"https:\/\/www.risco.it\/wp-content\/uploads\/2025\/04\/028-2-copia.webp","datePublished":"2018-04-11T08:55:08+00:00","dateModified":"2024-09-20T15:04:24+00:00","breadcrumb":{"@id":"https:\/\/www.risco.it\/fr\/profil\/disposition-du-client\/#breadcrumb"},"inLanguage":"fr-FR","potentialAction":[{"@type":"ReadAction","target":["https:\/\/www.risco.it\/fr\/profil\/disposition-du-client\/"]}]},{"@type":"ImageObject","inLanguage":"fr-FR","@id":"https:\/\/www.risco.it\/fr\/profil\/disposition-du-client\/#primaryimage","url":"https:\/\/www.risco.it\/wp-content\/uploads\/2025\/04\/028-2-copia.webp","contentUrl":"https:\/\/www.risco.it\/wp-content\/uploads\/2025\/04\/028-2-copia.webp","width":2560,"height":1707},{"@type":"BreadcrumbList","@id":"https:\/\/www.risco.it\/fr\/profil\/disposition-du-client\/#breadcrumb","itemListElement":[{"@type":"ListItem","position":1,"name":"Home","item":"https:\/\/www.risco.it\/fr\/"},{"@type":"ListItem","position":2,"name":"Profil","item":"https:\/\/www.risco.it\/fr\/profil\/"},{"@type":"ListItem","position":3,"name":"A disposition du Client"}]},{"@type":"WebSite","@id":"https:\/\/www.risco.it\/fr\/#website","url":"https:\/\/www.risco.it\/fr\/","name":"Risco","description":"Vacuum fillers and meat processing machines","publisher":{"@id":"https:\/\/www.risco.it\/fr\/#organization"},"potentialAction":[{"@type":"SearchAction","target":{"@type":"EntryPoint","urlTemplate":"https:\/\/www.risco.it\/fr\/?s={search_term_string}"},"query-input":{"@type":"PropertyValueSpecification","valueRequired":true,"valueName":"search_term_string"}}],"inLanguage":"fr-FR"},{"@type":"Organization","@id":"https:\/\/www.risco.it\/fr\/#organization","name":"Risco","url":"https:\/\/www.risco.it\/fr\/","logo":{"@type":"ImageObject","inLanguage":"fr-FR","@id":"https:\/\/www.risco.it\/fr\/#\/schema\/logo\/image\/","url":"https:\/\/www.risco.it\/wp-content\/uploads\/2020\/12\/Risco_logo.svg","contentUrl":"https:\/\/www.risco.it\/wp-content\/uploads\/2020\/12\/Risco_logo.svg","caption":"Risco"},"image":{"@id":"https:\/\/www.risco.it\/fr\/#\/schema\/logo\/image\/"}}]}},"uagb_featured_image_src":{"full":["https:\/\/www.risco.it\/wp-content\/uploads\/2025\/04\/028-2-copia.webp",2560,1707,false],"thumbnail":["https:\/\/www.risco.it\/wp-content\/uploads\/2025\/04\/028-profile-150x100.jpeg",150,100,true],"medium":["https:\/\/www.risco.it\/wp-content\/uploads\/2025\/04\/028-profile-300x200.jpeg",300,200,true],"medium_large":["https:\/\/www.risco.it\/wp-content\/uploads\/2025\/04\/028-profile-768x512.jpeg",768,512,true],"large":["https:\/\/www.risco.it\/wp-content\/uploads\/2025\/04\/028-profile-1024x683.jpeg",1024,683,true],"1536x1536":["https:\/\/www.risco.it\/wp-content\/uploads\/2025\/04\/028-profile-1536x1024.jpeg",1536,1024,true],"2048x2048":["https:\/\/www.risco.it\/wp-content\/uploads\/2025\/04\/028-profile-2048x1365.jpeg",2048,1365,true]},"uagb_author_info":{"display_name":"tradenet","author_link":"https:\/\/www.risco.it\/fr\/author\/admintradenet\/"},"uagb_comment_info":0,"uagb_excerpt":"A disposition du Client L\u2019offre de Risco est toujours destin\u00e9e \u00e0 garantir \u00e0 l\u2019utilisateur-client des solutions lui permettant d\u2019am\u00e9liorer et [&hellip;]","_links":{"self":[{"href":"https:\/\/www.risco.it\/fr\/wp-json\/wp\/v2\/pages\/4725","targetHints":{"allow":["GET"]}}],"collection":[{"href":"https:\/\/www.risco.it\/fr\/wp-json\/wp\/v2\/pages"}],"about":[{"href":"https:\/\/www.risco.it\/fr\/wp-json\/wp\/v2\/types\/page"}],"author":[{"embeddable":true,"href":"https:\/\/www.risco.it\/fr\/wp-json\/wp\/v2\/users\/4"}],"replies":[{"embeddable":true,"href":"https:\/\/www.risco.it\/fr\/wp-json\/wp\/v2\/comments?post=4725"}],"version-history":[{"count":11,"href":"https:\/\/www.risco.it\/fr\/wp-json\/wp\/v2\/pages\/4725\/revisions"}],"predecessor-version":[{"id":17185,"href":"https:\/\/www.risco.it\/fr\/wp-json\/wp\/v2\/pages\/4725\/revisions\/17185"}],"up":[{"embeddable":true,"href":"https:\/\/www.risco.it\/fr\/wp-json\/wp\/v2\/pages\/3901"}],"wp:featuredmedia":[{"embeddable":true,"href":"https:\/\/www.risco.it\/fr\/wp-json\/wp\/v2\/media\/18394"}],"wp:attachment":[{"href":"https:\/\/www.risco.it\/fr\/wp-json\/wp\/v2\/media?parent=4725"}],"curies":[{"name":"wp","href":"https:\/\/api.w.org\/{rel}","templated":true}]}}