{"id":4707,"date":"2018-04-11T10:48:06","date_gmt":"2018-04-11T08:48:06","guid":{"rendered":"http:\/\/risco.clientbook.it\/?page_id=4707"},"modified":"2024-09-20T17:03:39","modified_gmt":"2024-09-20T15:03:39","slug":"qualite-e-technologie","status":"publish","type":"page","link":"https:\/\/www.risco.it\/fr\/profil\/qualite-e-technologie\/","title":{"rendered":"Qualit\u00e9 e Technologie"},"content":{"rendered":"\n<div class=\"wp-block-group is-layout-constrained wp-container-core-group-is-layout-d22ff40a wp-block-group-is-layout-constrained\" style=\"padding-top:0px;padding-right:0px;padding-bottom:0px;padding-left:0px\">\n<h2 class=\"wp-block-heading\" id=\"h-qualite\">Qualit\u00e9<\/h2>\n\n\n\n<div class=\"wp-block-columns is-layout-flex wp-container-core-columns-is-layout-47c5d72a wp-block-columns-is-layout-flex\" style=\"margin-bottom:var(--wp--preset--spacing--80)\">\n<div class=\"wp-block-column is-layout-flow wp-block-column-is-layout-flow\">\n<p>Risco s\u2019engage \u00e0 garantir toujours la meilleure qualit\u00e9 du produit par un projet soigneux, l\u2019adoption de technologies innovantes dans les syst\u00e8mes productifs, la d\u00e9finition des standards m\u00e9caniques et techniques \u00e9lev\u00e9s, la recherche de la meilleure qualit\u00e9 des mat\u00e9riaux et des composants utilis\u00e9s. Les composants des produits Risco sont contr\u00f4l\u00e9s et essay\u00e9s dans chaque phase de production. Le produit assembl\u00e9 est le r\u00e9sultat de proc\u00e9dures soigneuses et la qualit\u00e9 finale a sans doute une valeur \u00e9lev\u00e9e.<\/p>\n<\/div>\n\n\n\n<div class=\"wp-block-column is-layout-flow wp-block-column-is-layout-flow\">\n<figure class=\"wp-block-image size-full is-style-rounded\"><img loading=\"lazy\" decoding=\"async\" width=\"1024\" height=\"683\" src=\"https:\/\/www.risco.it\/wp-content\/uploads\/2019\/06\/controllo.jpg\" alt=\"\" class=\"wp-image-6199\" srcset=\"https:\/\/www.risco.it\/wp-content\/uploads\/2019\/06\/controllo.jpg 1024w, https:\/\/www.risco.it\/wp-content\/uploads\/2019\/06\/controllo-150x100.jpg 150w, https:\/\/www.risco.it\/wp-content\/uploads\/2019\/06\/controllo-300x200.jpg 300w, https:\/\/www.risco.it\/wp-content\/uploads\/2019\/06\/controllo-768x512.jpg 768w\" sizes=\"auto, (max-width: 1024px) 100vw, 1024px\" \/><\/figure>\n<\/div>\n<\/div>\n\n\n\n<h2 class=\"wp-block-heading\" id=\"h-technologie\">Technologie<\/h2>\n\n\n\n<div class=\"wp-block-columns is-layout-flex wp-container-core-columns-is-layout-28f84493 wp-block-columns-is-layout-flex\">\n<div class=\"wp-block-column is-layout-flow wp-block-column-is-layout-flow\">\n<p>La Technologie des produits Risco est le r\u00e9sultat des \u00e9tudes constantes des services de Recherche et D\u00e9veloppement collaborant toujours en synergie. Les recherches technologiques sont effectu\u00e9es au niveau international gr\u00e2ce \u00e0 l\u2019apport des sp\u00e9cialistes dans tous les domaines d\u2019application, de celui alimentaire \u00e0 celui m\u00e9canique, en passant par l\u2019\u00e9lectronique jusqu\u2019au domaine informatique. Risco engage une consid\u00e9rable partie de ses ressources dans la recherche et la production des nouveaux produits, en supportant et am\u00e9liorant ceux existants. Les id\u00e9es sont d\u00e9velopp\u00e9es \u00e0 travers les \u00e9tudes de technologie toujours plus sophistiqu\u00e9e et les essais continus de v\u00e9rification par un parcours net, un style toujours reconnaissable, faisant sentir les clients et le personnel Risco, comme partie d\u2019un seul projet.<\/p>\n<\/div>\n\n\n\n<div class=\"wp-block-column is-layout-flow wp-block-column-is-layout-flow\">\n<figure class=\"wp-block-image size-full is-style-rounded\"><img loading=\"lazy\" decoding=\"async\" width=\"600\" height=\"400\" src=\"https:\/\/www.risco.it\/wp-content\/uploads\/2019\/03\/Risco_tecnologia-021.jpg\" alt=\"\" class=\"wp-image-6052\" srcset=\"https:\/\/www.risco.it\/wp-content\/uploads\/2019\/03\/Risco_tecnologia-021.jpg 600w, https:\/\/www.risco.it\/wp-content\/uploads\/2019\/03\/Risco_tecnologia-021-150x100.jpg 150w, https:\/\/www.risco.it\/wp-content\/uploads\/2019\/03\/Risco_tecnologia-021-300x200.jpg 300w\" sizes=\"auto, (max-width: 600px) 100vw, 600px\" \/><\/figure>\n<\/div>\n<\/div>\n<\/div>\n","protected":false},"excerpt":{"rendered":"<p>Qualit\u00e9 Risco s\u2019engage \u00e0 garantir toujours la meilleure qualit\u00e9 du produit par un projet soigneux, l\u2019adoption de technologies innovantes dans [&hellip;]<\/p>\n","protected":false},"author":4,"featured_media":18394,"parent":3901,"menu_order":261,"comment_status":"closed","ping_status":"closed","template":"","meta":{"_acf_changed":false,"inline_featured_image":false,"_uag_custom_page_level_css":"","site-sidebar-layout":"default","site-content-layout":"","ast-site-content-layout":"default","site-content-style":"default","site-sidebar-style":"default","ast-global-header-display":"","ast-banner-title-visibility":"","ast-main-header-display":"","ast-hfb-above-header-display":"","ast-hfb-below-header-display":"","ast-hfb-mobile-header-display":"","site-post-title":"","ast-breadcrumbs-content":"","ast-featured-img":"","footer-sml-layout":"","ast-disable-related-posts":"","theme-transparent-header-meta":"","adv-header-id-meta":"","stick-header-meta":"","header-above-stick-meta":"","header-main-stick-meta":"","header-below-stick-meta":"","astra-migrate-meta-layouts":"default","ast-page-background-enabled":"default","ast-page-background-meta":{"desktop":{"background-color":"var(--ast-global-color-4)","background-image":"","background-repeat":"repeat","background-position":"center center","background-size":"auto","background-attachment":"scroll","background-type":"","background-media":"","overlay-type":"","overlay-color":"","overlay-opacity":"","overlay-gradient":""},"tablet":{"background-color":"","background-image":"","background-repeat":"repeat","background-position":"center center","background-size":"auto","background-attachment":"scroll","background-type":"","background-media":"","overlay-type":"","overlay-color":"","overlay-opacity":"","overlay-gradient":""},"mobile":{"background-color":"","background-image":"","background-repeat":"repeat","background-position":"center center","background-size":"auto","background-attachment":"scroll","background-type":"","background-media":"","overlay-type":"","overlay-color":"","overlay-opacity":"","overlay-gradient":""}},"ast-content-background-meta":{"desktop":{"background-color":"var(--ast-global-color-5)","background-image":"","background-repeat":"repeat","background-position":"center center","background-size":"auto","background-attachment":"scroll","background-type":"","background-media":"","overlay-type":"","overlay-color":"","overlay-opacity":"","overlay-gradient":""},"tablet":{"background-color":"var(--ast-global-color-5)","background-image":"","background-repeat":"repeat","background-position":"center center","background-size":"auto","background-attachment":"scroll","background-type":"","background-media":"","overlay-type":"","overlay-color":"","overlay-opacity":"","overlay-gradient":""},"mobile":{"background-color":"var(--ast-global-color-5)","background-image":"","background-repeat":"repeat","background-position":"center center","background-size":"auto","background-attachment":"scroll","background-type":"","background-media":"","overlay-type":"","overlay-color":"","overlay-opacity":"","overlay-gradient":""}},"footnotes":""},"class_list":["post-4707","page","type-page","status-publish","has-post-thumbnail","hentry"],"acf":[],"yoast_head":"<!-- This site is optimized with the Yoast SEO Premium plugin v22.0 (Yoast SEO v27.1.1) - https:\/\/yoast.com\/product\/yoast-seo-premium-wordpress\/ -->\n<title>Qualit\u00e9 e Technologie - Risco<\/title>\n<meta name=\"robots\" content=\"index, follow, max-snippet:-1, max-image-preview:large, max-video-preview:-1\" \/>\n<link rel=\"canonical\" href=\"https:\/\/www.risco.it\/fr\/profil\/qualite-e-technologie\/\" \/>\n<meta property=\"og:locale\" content=\"fr_FR\" \/>\n<meta property=\"og:type\" content=\"article\" \/>\n<meta property=\"og:title\" content=\"Qualit\u00e9 e Technologie\" \/>\n<meta property=\"og:description\" content=\"Qualit\u00e9 Risco s\u2019engage \u00e0 garantir toujours la meilleure qualit\u00e9 du produit par un projet soigneux, l\u2019adoption de technologies innovantes dans [&hellip;]\" \/>\n<meta property=\"og:url\" content=\"https:\/\/www.risco.it\/fr\/profil\/qualite-e-technologie\/\" \/>\n<meta property=\"og:site_name\" content=\"Risco\" \/>\n<meta property=\"article:modified_time\" content=\"2024-09-20T15:03:39+00:00\" \/>\n<meta property=\"og:image\" content=\"https:\/\/www.risco.it\/wp-content\/uploads\/2024\/06\/Risco_azienda_04w.jpg\" \/>\n\t<meta property=\"og:image:width\" content=\"1920\" \/>\n\t<meta property=\"og:image:height\" content=\"640\" \/>\n\t<meta property=\"og:image:type\" content=\"image\/jpeg\" \/>\n<meta name=\"twitter:card\" content=\"summary_large_image\" \/>\n<meta name=\"twitter:label1\" content=\"Dur\u00e9e de lecture estim\u00e9e\" \/>\n\t<meta name=\"twitter:data1\" content=\"2 minutes\" \/>\n<!-- \/ Yoast SEO Premium plugin. -->","yoast_head_json":{"title":"Qualit\u00e9 e Technologie - Risco","robots":{"index":"index","follow":"follow","max-snippet":"max-snippet:-1","max-image-preview":"max-image-preview:large","max-video-preview":"max-video-preview:-1"},"canonical":"https:\/\/www.risco.it\/fr\/profil\/qualite-e-technologie\/","og_locale":"fr_FR","og_type":"article","og_title":"Qualit\u00e9 e Technologie","og_description":"Qualit\u00e9 Risco s\u2019engage \u00e0 garantir toujours la meilleure qualit\u00e9 du produit par un projet soigneux, l\u2019adoption de technologies innovantes dans [&hellip;]","og_url":"https:\/\/www.risco.it\/fr\/profil\/qualite-e-technologie\/","og_site_name":"Risco","article_modified_time":"2024-09-20T15:03:39+00:00","og_image":[{"width":1920,"height":640,"url":"https:\/\/www.risco.it\/wp-content\/uploads\/2024\/06\/Risco_azienda_04w.jpg","type":"image\/jpeg"}],"twitter_card":"summary_large_image","twitter_misc":{"Dur\u00e9e de lecture estim\u00e9e":"2 minutes"},"schema":{"@context":"https:\/\/schema.org","@graph":[{"@type":"WebPage","@id":"https:\/\/www.risco.it\/fr\/profil\/qualite-e-technologie\/","url":"https:\/\/www.risco.it\/fr\/profil\/qualite-e-technologie\/","name":"Qualit\u00e9 e Technologie - Risco","isPartOf":{"@id":"https:\/\/www.risco.it\/fr\/#website"},"primaryImageOfPage":{"@id":"https:\/\/www.risco.it\/fr\/profil\/qualite-e-technologie\/#primaryimage"},"image":{"@id":"https:\/\/www.risco.it\/fr\/profil\/qualite-e-technologie\/#primaryimage"},"thumbnailUrl":"https:\/\/www.risco.it\/wp-content\/uploads\/2025\/04\/028-2-copia.webp","datePublished":"2018-04-11T08:48:06+00:00","dateModified":"2024-09-20T15:03:39+00:00","breadcrumb":{"@id":"https:\/\/www.risco.it\/fr\/profil\/qualite-e-technologie\/#breadcrumb"},"inLanguage":"fr-FR","potentialAction":[{"@type":"ReadAction","target":["https:\/\/www.risco.it\/fr\/profil\/qualite-e-technologie\/"]}]},{"@type":"ImageObject","inLanguage":"fr-FR","@id":"https:\/\/www.risco.it\/fr\/profil\/qualite-e-technologie\/#primaryimage","url":"https:\/\/www.risco.it\/wp-content\/uploads\/2025\/04\/028-2-copia.webp","contentUrl":"https:\/\/www.risco.it\/wp-content\/uploads\/2025\/04\/028-2-copia.webp","width":2560,"height":1707},{"@type":"BreadcrumbList","@id":"https:\/\/www.risco.it\/fr\/profil\/qualite-e-technologie\/#breadcrumb","itemListElement":[{"@type":"ListItem","position":1,"name":"Home","item":"https:\/\/www.risco.it\/fr\/"},{"@type":"ListItem","position":2,"name":"Profil","item":"https:\/\/www.risco.it\/fr\/profil\/"},{"@type":"ListItem","position":3,"name":"Qualit\u00e9 e Technologie"}]},{"@type":"WebSite","@id":"https:\/\/www.risco.it\/fr\/#website","url":"https:\/\/www.risco.it\/fr\/","name":"Risco","description":"Vacuum fillers and meat processing machines","publisher":{"@id":"https:\/\/www.risco.it\/fr\/#organization"},"potentialAction":[{"@type":"SearchAction","target":{"@type":"EntryPoint","urlTemplate":"https:\/\/www.risco.it\/fr\/?s={search_term_string}"},"query-input":{"@type":"PropertyValueSpecification","valueRequired":true,"valueName":"search_term_string"}}],"inLanguage":"fr-FR"},{"@type":"Organization","@id":"https:\/\/www.risco.it\/fr\/#organization","name":"Risco","url":"https:\/\/www.risco.it\/fr\/","logo":{"@type":"ImageObject","inLanguage":"fr-FR","@id":"https:\/\/www.risco.it\/fr\/#\/schema\/logo\/image\/","url":"https:\/\/www.risco.it\/wp-content\/uploads\/2020\/12\/Risco_logo.svg","contentUrl":"https:\/\/www.risco.it\/wp-content\/uploads\/2020\/12\/Risco_logo.svg","caption":"Risco"},"image":{"@id":"https:\/\/www.risco.it\/fr\/#\/schema\/logo\/image\/"}}]}},"uagb_featured_image_src":{"full":["https:\/\/www.risco.it\/wp-content\/uploads\/2025\/04\/028-2-copia.webp",2560,1707,false],"thumbnail":["https:\/\/www.risco.it\/wp-content\/uploads\/2025\/04\/028-profile-150x100.jpeg",150,100,true],"medium":["https:\/\/www.risco.it\/wp-content\/uploads\/2025\/04\/028-profile-300x200.jpeg",300,200,true],"medium_large":["https:\/\/www.risco.it\/wp-content\/uploads\/2025\/04\/028-profile-768x512.jpeg",768,512,true],"large":["https:\/\/www.risco.it\/wp-content\/uploads\/2025\/04\/028-profile-1024x683.jpeg",1024,683,true],"1536x1536":["https:\/\/www.risco.it\/wp-content\/uploads\/2025\/04\/028-profile-1536x1024.jpeg",1536,1024,true],"2048x2048":["https:\/\/www.risco.it\/wp-content\/uploads\/2025\/04\/028-profile-2048x1365.jpeg",2048,1365,true]},"uagb_author_info":{"display_name":"tradenet","author_link":"https:\/\/www.risco.it\/fr\/author\/admintradenet\/"},"uagb_comment_info":0,"uagb_excerpt":"Qualit\u00e9 Risco s\u2019engage \u00e0 garantir toujours la meilleure qualit\u00e9 du produit par un projet soigneux, l\u2019adoption de technologies innovantes dans [&hellip;]","_links":{"self":[{"href":"https:\/\/www.risco.it\/fr\/wp-json\/wp\/v2\/pages\/4707","targetHints":{"allow":["GET"]}}],"collection":[{"href":"https:\/\/www.risco.it\/fr\/wp-json\/wp\/v2\/pages"}],"about":[{"href":"https:\/\/www.risco.it\/fr\/wp-json\/wp\/v2\/types\/page"}],"author":[{"embeddable":true,"href":"https:\/\/www.risco.it\/fr\/wp-json\/wp\/v2\/users\/4"}],"replies":[{"embeddable":true,"href":"https:\/\/www.risco.it\/fr\/wp-json\/wp\/v2\/comments?post=4707"}],"version-history":[{"count":11,"href":"https:\/\/www.risco.it\/fr\/wp-json\/wp\/v2\/pages\/4707\/revisions"}],"predecessor-version":[{"id":17183,"href":"https:\/\/www.risco.it\/fr\/wp-json\/wp\/v2\/pages\/4707\/revisions\/17183"}],"up":[{"embeddable":true,"href":"https:\/\/www.risco.it\/fr\/wp-json\/wp\/v2\/pages\/3901"}],"wp:featuredmedia":[{"embeddable":true,"href":"https:\/\/www.risco.it\/fr\/wp-json\/wp\/v2\/media\/18394"}],"wp:attachment":[{"href":"https:\/\/www.risco.it\/fr\/wp-json\/wp\/v2\/media?parent=4707"}],"curies":[{"name":"wp","href":"https:\/\/api.w.org\/{rel}","templated":true}]}}