{"id":4687,"date":"2018-04-11T10:36:14","date_gmt":"2018-04-11T08:36:14","guid":{"rendered":"http:\/\/risco.clientbook.it\/?page_id=4687"},"modified":"2024-09-20T17:03:16","modified_gmt":"2024-09-20T15:03:16","slug":"tradition-modernite","status":"publish","type":"page","link":"https:\/\/www.risco.it\/fr\/profil\/tradition-modernite\/","title":{"rendered":"Tradition e Modernit\u00e9"},"content":{"rendered":"\n<div class=\"wp-block-group is-layout-constrained wp-container-core-group-is-layout-d22ff40a wp-block-group-is-layout-constrained\" style=\"padding-top:0px;padding-right:0px;padding-bottom:0px;padding-left:0px\">\n<h2 class=\"wp-block-heading\" id=\"h-tradition\">Tradition<\/h2>\n\n\n\n<div class=\"wp-block-columns is-layout-flex wp-container-core-columns-is-layout-47c5d72a wp-block-columns-is-layout-flex\" style=\"margin-bottom:var(--wp--preset--spacing--80)\">\n<div class=\"wp-block-column is-layout-flow wp-block-column-is-layout-flow\">\n<p>Risco est la soci\u00e9t\u00e9 leader dans la production de machines et syst\u00e8mes pour la transformation de la viande qui a gagn\u00e9 une position de premier plan sur les march\u00e9s mondiaux. Dans l\u2019activit\u00e9 depuis plus de cinquante ans, Risco est aujourd\u2019hui une soci\u00e9t\u00e9 conjuguant une tradition familiale avec une gestion efficace et \u00e9volue. L\u2019exp\u00e9rience acquise et les nouveaux proc\u00e9d\u00e9s op\u00e9ratifs, projettent Risco dans le panorama mondial comme une pionni\u00e8re dans la recherche de nouvelles solutions, nouveau proc\u00e9d\u00e9s, nouveaux march\u00e9s et un succ\u00e8s renouvel\u00e9. L\u2019\u00e9volution de la soci\u00e9t\u00e9 et l\u2019expansion constante dans les ann\u00e9es repr\u00e9sentent, non-seulement la fiert\u00e9, mais aussi la d\u00e9monstration r\u00e9elle de son adaptabilit\u00e9 au march\u00e9 et aux n\u00e9cessit\u00e9s du client. La clef du succ\u00e8s des produits Risco c\u2019est la conjonction parfaite entre la tradition et l\u2019innovation \u00e9tant le point de d\u00e9part de tous les produits propos\u00e9s par Risco.<\/p>\n<\/div>\n\n\n\n<div class=\"wp-block-column is-layout-flow wp-block-column-is-layout-flow\">\n<figure class=\"wp-block-image size-full is-style-rounded\"><img loading=\"lazy\" decoding=\"async\" width=\"600\" height=\"400\" src=\"https:\/\/www.risco.it\/wp-content\/uploads\/2018\/04\/Risco-stabile-e1541598831914.jpg\" alt=\"\" class=\"wp-image-354\" srcset=\"https:\/\/www.risco.it\/wp-content\/uploads\/2018\/04\/Risco-stabile-e1541598831914.jpg 600w, https:\/\/www.risco.it\/wp-content\/uploads\/2018\/04\/Risco-stabile-e1541598831914-150x100.jpg 150w, https:\/\/www.risco.it\/wp-content\/uploads\/2018\/04\/Risco-stabile-e1541598831914-300x200.jpg 300w\" sizes=\"auto, (max-width: 600px) 100vw, 600px\" \/><\/figure>\n<\/div>\n<\/div>\n\n\n\n<h2 class=\"wp-block-heading\" id=\"h-modernite\">Modernit\u00e9<\/h2>\n\n\n\n<div class=\"wp-block-columns is-layout-flex wp-container-core-columns-is-layout-28f84493 wp-block-columns-is-layout-flex\">\n<div class=\"wp-block-column is-layout-flow wp-block-column-is-layout-flow\">\n<p>Risco s\u2019inspire aux technologies d\u2019avant-garde pour rechercher et am\u00e9liorer ses produits, en optimisant les proc\u00e9d\u00e9s de son organisation et production. La modernit\u00e9, v\u00e9cue et approfondie dans tous les secteurs de la soci\u00e9t\u00e9, est source d\u2019inspiration pour toute son activit\u00e9, soit concernant les produits soit les services. L\u2019\u00e9quipe dirigeante donne les techniques d\u2019am\u00e9lioration constante \u00e0 tous les d\u00e9partements de l\u2019entreprise pour maintenir une innovation constante. Le dynamisme, le progr\u00e8s, la vitesse nous ont toujours caract\u00e9ris\u00e9s: pour se renouveler il ne faut jamais s\u2019arr\u00eater.<\/p>\n<\/div>\n\n\n\n<div class=\"wp-block-column is-layout-flow wp-block-column-is-layout-flow\">\n<figure class=\"wp-block-image size-full is-style-rounded\"><img loading=\"lazy\" decoding=\"async\" width=\"600\" height=\"400\" src=\"https:\/\/www.risco.it\/wp-content\/uploads\/2018\/04\/mod.jpg\" alt=\"\" class=\"wp-image-355\" srcset=\"https:\/\/www.risco.it\/wp-content\/uploads\/2018\/04\/mod.jpg 600w, https:\/\/www.risco.it\/wp-content\/uploads\/2018\/04\/mod-150x100.jpg 150w, https:\/\/www.risco.it\/wp-content\/uploads\/2018\/04\/mod-300x200.jpg 300w\" sizes=\"auto, (max-width: 600px) 100vw, 600px\" \/><\/figure>\n<\/div>\n<\/div>\n<\/div>\n","protected":false},"excerpt":{"rendered":"<p>Tradition Risco est la soci\u00e9t\u00e9 leader dans la production de machines et syst\u00e8mes pour la transformation de la viande qui [&hellip;]<\/p>\n","protected":false},"author":4,"featured_media":18394,"parent":3901,"menu_order":256,"comment_status":"closed","ping_status":"closed","template":"","meta":{"_acf_changed":false,"inline_featured_image":false,"_uag_custom_page_level_css":"","site-sidebar-layout":"default","site-content-layout":"","ast-site-content-layout":"default","site-content-style":"default","site-sidebar-style":"default","ast-global-header-display":"","ast-banner-title-visibility":"","ast-main-header-display":"","ast-hfb-above-header-display":"","ast-hfb-below-header-display":"","ast-hfb-mobile-header-display":"","site-post-title":"","ast-breadcrumbs-content":"","ast-featured-img":"","footer-sml-layout":"","ast-disable-related-posts":"","theme-transparent-header-meta":"","adv-header-id-meta":"","stick-header-meta":"","header-above-stick-meta":"","header-main-stick-meta":"","header-below-stick-meta":"","astra-migrate-meta-layouts":"default","ast-page-background-enabled":"default","ast-page-background-meta":{"desktop":{"background-color":"var(--ast-global-color-4)","background-image":"","background-repeat":"repeat","background-position":"center center","background-size":"auto","background-attachment":"scroll","background-type":"","background-media":"","overlay-type":"","overlay-color":"","overlay-opacity":"","overlay-gradient":""},"tablet":{"background-color":"","background-image":"","background-repeat":"repeat","background-position":"center center","background-size":"auto","background-attachment":"scroll","background-type":"","background-media":"","overlay-type":"","overlay-color":"","overlay-opacity":"","overlay-gradient":""},"mobile":{"background-color":"","background-image":"","background-repeat":"repeat","background-position":"center center","background-size":"auto","background-attachment":"scroll","background-type":"","background-media":"","overlay-type":"","overlay-color":"","overlay-opacity":"","overlay-gradient":""}},"ast-content-background-meta":{"desktop":{"background-color":"var(--ast-global-color-5)","background-image":"","background-repeat":"repeat","background-position":"center center","background-size":"auto","background-attachment":"scroll","background-type":"","background-media":"","overlay-type":"","overlay-color":"","overlay-opacity":"","overlay-gradient":""},"tablet":{"background-color":"var(--ast-global-color-5)","background-image":"","background-repeat":"repeat","background-position":"center center","background-size":"auto","background-attachment":"scroll","background-type":"","background-media":"","overlay-type":"","overlay-color":"","overlay-opacity":"","overlay-gradient":""},"mobile":{"background-color":"var(--ast-global-color-5)","background-image":"","background-repeat":"repeat","background-position":"center center","background-size":"auto","background-attachment":"scroll","background-type":"","background-media":"","overlay-type":"","overlay-color":"","overlay-opacity":"","overlay-gradient":""}},"footnotes":""},"class_list":["post-4687","page","type-page","status-publish","has-post-thumbnail","hentry"],"acf":[],"yoast_head":"<!-- This site is optimized with the Yoast SEO Premium plugin v22.0 (Yoast SEO v27.1.1) - https:\/\/yoast.com\/product\/yoast-seo-premium-wordpress\/ -->\n<title>Tradition e Modernit\u00e9 - Risco<\/title>\n<meta name=\"robots\" content=\"index, follow, max-snippet:-1, max-image-preview:large, max-video-preview:-1\" \/>\n<link rel=\"canonical\" href=\"https:\/\/www.risco.it\/fr\/profil\/tradition-modernite\/\" \/>\n<meta property=\"og:locale\" content=\"fr_FR\" \/>\n<meta property=\"og:type\" content=\"article\" \/>\n<meta property=\"og:title\" content=\"Tradition e Modernit\u00e9\" \/>\n<meta property=\"og:description\" content=\"Tradition Risco est la soci\u00e9t\u00e9 leader dans la production de machines et syst\u00e8mes pour la transformation de la viande qui [&hellip;]\" \/>\n<meta property=\"og:url\" content=\"https:\/\/www.risco.it\/fr\/profil\/tradition-modernite\/\" \/>\n<meta property=\"og:site_name\" content=\"Risco\" \/>\n<meta property=\"article:modified_time\" content=\"2024-09-20T15:03:16+00:00\" \/>\n<meta property=\"og:image\" content=\"https:\/\/www.risco.it\/wp-content\/uploads\/2024\/06\/Risco_azienda_04w.jpg\" \/>\n\t<meta property=\"og:image:width\" content=\"1920\" \/>\n\t<meta property=\"og:image:height\" content=\"640\" \/>\n\t<meta property=\"og:image:type\" content=\"image\/jpeg\" \/>\n<meta name=\"twitter:card\" content=\"summary_large_image\" \/>\n<meta name=\"twitter:label1\" content=\"Dur\u00e9e de lecture estim\u00e9e\" \/>\n\t<meta name=\"twitter:data1\" content=\"2 minutes\" \/>\n<!-- \/ Yoast SEO Premium plugin. -->","yoast_head_json":{"title":"Tradition e Modernit\u00e9 - Risco","robots":{"index":"index","follow":"follow","max-snippet":"max-snippet:-1","max-image-preview":"max-image-preview:large","max-video-preview":"max-video-preview:-1"},"canonical":"https:\/\/www.risco.it\/fr\/profil\/tradition-modernite\/","og_locale":"fr_FR","og_type":"article","og_title":"Tradition e Modernit\u00e9","og_description":"Tradition Risco est la soci\u00e9t\u00e9 leader dans la production de machines et syst\u00e8mes pour la transformation de la viande qui [&hellip;]","og_url":"https:\/\/www.risco.it\/fr\/profil\/tradition-modernite\/","og_site_name":"Risco","article_modified_time":"2024-09-20T15:03:16+00:00","og_image":[{"width":1920,"height":640,"url":"https:\/\/www.risco.it\/wp-content\/uploads\/2024\/06\/Risco_azienda_04w.jpg","type":"image\/jpeg"}],"twitter_card":"summary_large_image","twitter_misc":{"Dur\u00e9e de lecture estim\u00e9e":"2 minutes"},"schema":{"@context":"https:\/\/schema.org","@graph":[{"@type":"WebPage","@id":"https:\/\/www.risco.it\/fr\/profil\/tradition-modernite\/","url":"https:\/\/www.risco.it\/fr\/profil\/tradition-modernite\/","name":"Tradition e Modernit\u00e9 - Risco","isPartOf":{"@id":"https:\/\/www.risco.it\/fr\/#website"},"primaryImageOfPage":{"@id":"https:\/\/www.risco.it\/fr\/profil\/tradition-modernite\/#primaryimage"},"image":{"@id":"https:\/\/www.risco.it\/fr\/profil\/tradition-modernite\/#primaryimage"},"thumbnailUrl":"https:\/\/www.risco.it\/wp-content\/uploads\/2025\/04\/028-2-copia.webp","datePublished":"2018-04-11T08:36:14+00:00","dateModified":"2024-09-20T15:03:16+00:00","breadcrumb":{"@id":"https:\/\/www.risco.it\/fr\/profil\/tradition-modernite\/#breadcrumb"},"inLanguage":"fr-FR","potentialAction":[{"@type":"ReadAction","target":["https:\/\/www.risco.it\/fr\/profil\/tradition-modernite\/"]}]},{"@type":"ImageObject","inLanguage":"fr-FR","@id":"https:\/\/www.risco.it\/fr\/profil\/tradition-modernite\/#primaryimage","url":"https:\/\/www.risco.it\/wp-content\/uploads\/2025\/04\/028-2-copia.webp","contentUrl":"https:\/\/www.risco.it\/wp-content\/uploads\/2025\/04\/028-2-copia.webp","width":2560,"height":1707},{"@type":"BreadcrumbList","@id":"https:\/\/www.risco.it\/fr\/profil\/tradition-modernite\/#breadcrumb","itemListElement":[{"@type":"ListItem","position":1,"name":"Home","item":"https:\/\/www.risco.it\/fr\/"},{"@type":"ListItem","position":2,"name":"Profil","item":"https:\/\/www.risco.it\/fr\/profil\/"},{"@type":"ListItem","position":3,"name":"Tradition e Modernit\u00e9"}]},{"@type":"WebSite","@id":"https:\/\/www.risco.it\/fr\/#website","url":"https:\/\/www.risco.it\/fr\/","name":"Risco","description":"Vacuum fillers and meat processing machines","publisher":{"@id":"https:\/\/www.risco.it\/fr\/#organization"},"potentialAction":[{"@type":"SearchAction","target":{"@type":"EntryPoint","urlTemplate":"https:\/\/www.risco.it\/fr\/?s={search_term_string}"},"query-input":{"@type":"PropertyValueSpecification","valueRequired":true,"valueName":"search_term_string"}}],"inLanguage":"fr-FR"},{"@type":"Organization","@id":"https:\/\/www.risco.it\/fr\/#organization","name":"Risco","url":"https:\/\/www.risco.it\/fr\/","logo":{"@type":"ImageObject","inLanguage":"fr-FR","@id":"https:\/\/www.risco.it\/fr\/#\/schema\/logo\/image\/","url":"https:\/\/www.risco.it\/wp-content\/uploads\/2020\/12\/Risco_logo.svg","contentUrl":"https:\/\/www.risco.it\/wp-content\/uploads\/2020\/12\/Risco_logo.svg","caption":"Risco"},"image":{"@id":"https:\/\/www.risco.it\/fr\/#\/schema\/logo\/image\/"}}]}},"uagb_featured_image_src":{"full":["https:\/\/www.risco.it\/wp-content\/uploads\/2025\/04\/028-2-copia.webp",2560,1707,false],"thumbnail":["https:\/\/www.risco.it\/wp-content\/uploads\/2025\/04\/028-profile-150x100.jpeg",150,100,true],"medium":["https:\/\/www.risco.it\/wp-content\/uploads\/2025\/04\/028-profile-300x200.jpeg",300,200,true],"medium_large":["https:\/\/www.risco.it\/wp-content\/uploads\/2025\/04\/028-profile-768x512.jpeg",768,512,true],"large":["https:\/\/www.risco.it\/wp-content\/uploads\/2025\/04\/028-profile-1024x683.jpeg",1024,683,true],"1536x1536":["https:\/\/www.risco.it\/wp-content\/uploads\/2025\/04\/028-profile-1536x1024.jpeg",1536,1024,true],"2048x2048":["https:\/\/www.risco.it\/wp-content\/uploads\/2025\/04\/028-profile-2048x1365.jpeg",2048,1365,true]},"uagb_author_info":{"display_name":"tradenet","author_link":"https:\/\/www.risco.it\/fr\/author\/admintradenet\/"},"uagb_comment_info":0,"uagb_excerpt":"Tradition Risco est la soci\u00e9t\u00e9 leader dans la production de machines et syst\u00e8mes pour la transformation de la viande qui [&hellip;]","_links":{"self":[{"href":"https:\/\/www.risco.it\/fr\/wp-json\/wp\/v2\/pages\/4687","targetHints":{"allow":["GET"]}}],"collection":[{"href":"https:\/\/www.risco.it\/fr\/wp-json\/wp\/v2\/pages"}],"about":[{"href":"https:\/\/www.risco.it\/fr\/wp-json\/wp\/v2\/types\/page"}],"author":[{"embeddable":true,"href":"https:\/\/www.risco.it\/fr\/wp-json\/wp\/v2\/users\/4"}],"replies":[{"embeddable":true,"href":"https:\/\/www.risco.it\/fr\/wp-json\/wp\/v2\/comments?post=4687"}],"version-history":[{"count":19,"href":"https:\/\/www.risco.it\/fr\/wp-json\/wp\/v2\/pages\/4687\/revisions"}],"predecessor-version":[{"id":17182,"href":"https:\/\/www.risco.it\/fr\/wp-json\/wp\/v2\/pages\/4687\/revisions\/17182"}],"up":[{"embeddable":true,"href":"https:\/\/www.risco.it\/fr\/wp-json\/wp\/v2\/pages\/3901"}],"wp:featuredmedia":[{"embeddable":true,"href":"https:\/\/www.risco.it\/fr\/wp-json\/wp\/v2\/media\/18394"}],"wp:attachment":[{"href":"https:\/\/www.risco.it\/fr\/wp-json\/wp\/v2\/media?parent=4687"}],"curies":[{"name":"wp","href":"https:\/\/api.w.org\/{rel}","templated":true}]}}