{"id":4587,"date":"2018-04-11T12:39:40","date_gmt":"2018-04-11T10:39:40","guid":{"rendered":"http:\/\/risco.clientbook.it\/?page_id=4587"},"modified":"2019-08-27T15:36:48","modified_gmt":"2019-08-27T13:36:48","slug":"carriere","status":"publish","type":"page","link":"https:\/\/www.risco.it\/fr\/carriere\/","title":{"rendered":"Carri\u00e8re"},"content":{"rendered":"<h2>Carri\u00e8re<\/h2>\n<p>Les personnes qui travaillent dans notre entreprise font de leur mieux pour r\u00e9aliser les objectifs pr\u00e9fix\u00e9s et supporter Risco au niveau mondial d\u2019entreprise comp\u00e9titive. Si vous pensez avoir de la comp\u00e9tence, esprit d\u2019initiative et capacit\u00e9 d\u2019innovation et vous voulez contacter la maison Risco, envoiez-nous votre <em>Curriculum Vitae<\/em>, avec une br\u00e8ve pr\u00e9sentation et l\u2019autorisation \u00e0 traiter les d\u00e9tails personnels \u00e0 <a href=\"mailto:risco@risco.it\">job@risco.it<\/a><\/p>\n","protected":false},"excerpt":{"rendered":"<p>Carri\u00e8re Les personnes qui travaillent dans notre entreprise font de leur mieux pour r\u00e9aliser les objectifs pr\u00e9fix\u00e9s et supporter Risco [&hellip;]<\/p>\n","protected":false},"author":4,"featured_media":6105,"parent":0,"menu_order":166,"comment_status":"closed","ping_status":"closed","template":"","meta":{"_acf_changed":false,"inline_featured_image":false,"_uag_custom_page_level_css":"","site-sidebar-layout":"default","site-content-layout":"","ast-site-content-layout":"default","site-content-style":"default","site-sidebar-style":"default","ast-global-header-display":"","ast-banner-title-visibility":"","ast-main-header-display":"","ast-hfb-above-header-display":"","ast-hfb-below-header-display":"","ast-hfb-mobile-header-display":"","site-post-title":"","ast-breadcrumbs-content":"","ast-featured-img":"","footer-sml-layout":"","ast-disable-related-posts":"","theme-transparent-header-meta":"","adv-header-id-meta":"","stick-header-meta":"","header-above-stick-meta":"","header-main-stick-meta":"","header-below-stick-meta":"","astra-migrate-meta-layouts":"default","ast-page-background-enabled":"default","ast-page-background-meta":{"desktop":{"background-color":"var(--ast-global-color-4)","background-image":"","background-repeat":"repeat","background-position":"center center","background-size":"auto","background-attachment":"scroll","background-type":"","background-media":"","overlay-type":"","overlay-color":"","overlay-opacity":"","overlay-gradient":""},"tablet":{"background-color":"","background-image":"","background-repeat":"repeat","background-position":"center center","background-size":"auto","background-attachment":"scroll","background-type":"","background-media":"","overlay-type":"","overlay-color":"","overlay-opacity":"","overlay-gradient":""},"mobile":{"background-color":"","background-image":"","background-repeat":"repeat","background-position":"center center","background-size":"auto","background-attachment":"scroll","background-type":"","background-media":"","overlay-type":"","overlay-color":"","overlay-opacity":"","overlay-gradient":""}},"ast-content-background-meta":{"desktop":{"background-color":"var(--ast-global-color-5)","background-image":"","background-repeat":"repeat","background-position":"center center","background-size":"auto","background-attachment":"scroll","background-type":"","background-media":"","overlay-type":"","overlay-color":"","overlay-opacity":"","overlay-gradient":""},"tablet":{"background-color":"var(--ast-global-color-5)","background-image":"","background-repeat":"repeat","background-position":"center center","background-size":"auto","background-attachment":"scroll","background-type":"","background-media":"","overlay-type":"","overlay-color":"","overlay-opacity":"","overlay-gradient":""},"mobile":{"background-color":"var(--ast-global-color-5)","background-image":"","background-repeat":"repeat","background-position":"center center","background-size":"auto","background-attachment":"scroll","background-type":"","background-media":"","overlay-type":"","overlay-color":"","overlay-opacity":"","overlay-gradient":""}},"footnotes":""},"class_list":["post-4587","page","type-page","status-publish","has-post-thumbnail","hentry"],"acf":[],"yoast_head":"<!-- This site is optimized with the Yoast SEO Premium plugin v22.0 (Yoast SEO v27.1.1) - https:\/\/yoast.com\/product\/yoast-seo-premium-wordpress\/ -->\n<title>Carri\u00e8re - Risco<\/title>\n<meta name=\"robots\" content=\"index, follow, max-snippet:-1, max-image-preview:large, max-video-preview:-1\" \/>\n<link rel=\"canonical\" href=\"https:\/\/www.risco.it\/fr\/carriere\/\" \/>\n<meta property=\"og:locale\" content=\"fr_FR\" \/>\n<meta property=\"og:type\" content=\"article\" \/>\n<meta property=\"og:title\" content=\"Carri\u00e8re\" \/>\n<meta property=\"og:description\" content=\"Carri\u00e8re Les personnes qui travaillent dans notre entreprise font de leur mieux pour r\u00e9aliser les objectifs pr\u00e9fix\u00e9s et supporter Risco [&hellip;]\" \/>\n<meta property=\"og:url\" content=\"https:\/\/www.risco.it\/fr\/carriere\/\" \/>\n<meta property=\"og:site_name\" content=\"Risco\" \/>\n<meta property=\"article:modified_time\" content=\"2019-08-27T13:36:48+00:00\" \/>\n<meta property=\"og:image\" content=\"https:\/\/www.risco.it\/wp-content\/uploads\/2019\/03\/banner_careers.jpg\" \/>\n\t<meta property=\"og:image:width\" content=\"1024\" \/>\n\t<meta property=\"og:image:height\" content=\"200\" \/>\n\t<meta property=\"og:image:type\" content=\"image\/jpeg\" \/>\n<meta name=\"twitter:card\" content=\"summary_large_image\" \/>\n<!-- \/ Yoast SEO Premium plugin. -->","yoast_head_json":{"title":"Carri\u00e8re - Risco","robots":{"index":"index","follow":"follow","max-snippet":"max-snippet:-1","max-image-preview":"max-image-preview:large","max-video-preview":"max-video-preview:-1"},"canonical":"https:\/\/www.risco.it\/fr\/carriere\/","og_locale":"fr_FR","og_type":"article","og_title":"Carri\u00e8re","og_description":"Carri\u00e8re Les personnes qui travaillent dans notre entreprise font de leur mieux pour r\u00e9aliser les objectifs pr\u00e9fix\u00e9s et supporter Risco [&hellip;]","og_url":"https:\/\/www.risco.it\/fr\/carriere\/","og_site_name":"Risco","article_modified_time":"2019-08-27T13:36:48+00:00","og_image":[{"width":1024,"height":200,"url":"https:\/\/www.risco.it\/wp-content\/uploads\/2019\/03\/banner_careers.jpg","type":"image\/jpeg"}],"twitter_card":"summary_large_image","schema":{"@context":"https:\/\/schema.org","@graph":[{"@type":"WebPage","@id":"https:\/\/www.risco.it\/fr\/carriere\/","url":"https:\/\/www.risco.it\/fr\/carriere\/","name":"Carri\u00e8re - Risco","isPartOf":{"@id":"https:\/\/www.risco.it\/fr\/#website"},"primaryImageOfPage":{"@id":"https:\/\/www.risco.it\/fr\/carriere\/#primaryimage"},"image":{"@id":"https:\/\/www.risco.it\/fr\/carriere\/#primaryimage"},"thumbnailUrl":"https:\/\/www.risco.it\/wp-content\/uploads\/2019\/03\/banner_careers.jpg","datePublished":"2018-04-11T10:39:40+00:00","dateModified":"2019-08-27T13:36:48+00:00","breadcrumb":{"@id":"https:\/\/www.risco.it\/fr\/carriere\/#breadcrumb"},"inLanguage":"fr-FR","potentialAction":[{"@type":"ReadAction","target":["https:\/\/www.risco.it\/fr\/carriere\/"]}]},{"@type":"ImageObject","inLanguage":"fr-FR","@id":"https:\/\/www.risco.it\/fr\/carriere\/#primaryimage","url":"https:\/\/www.risco.it\/wp-content\/uploads\/2019\/03\/banner_careers.jpg","contentUrl":"https:\/\/www.risco.it\/wp-content\/uploads\/2019\/03\/banner_careers.jpg","width":1024,"height":200},{"@type":"BreadcrumbList","@id":"https:\/\/www.risco.it\/fr\/carriere\/#breadcrumb","itemListElement":[{"@type":"ListItem","position":1,"name":"Home","item":"https:\/\/www.risco.it\/fr\/"},{"@type":"ListItem","position":2,"name":"Carri\u00e8re"}]},{"@type":"WebSite","@id":"https:\/\/www.risco.it\/fr\/#website","url":"https:\/\/www.risco.it\/fr\/","name":"Risco","description":"Vacuum fillers and meat processing machines","publisher":{"@id":"https:\/\/www.risco.it\/fr\/#organization"},"potentialAction":[{"@type":"SearchAction","target":{"@type":"EntryPoint","urlTemplate":"https:\/\/www.risco.it\/fr\/?s={search_term_string}"},"query-input":{"@type":"PropertyValueSpecification","valueRequired":true,"valueName":"search_term_string"}}],"inLanguage":"fr-FR"},{"@type":"Organization","@id":"https:\/\/www.risco.it\/fr\/#organization","name":"Risco","url":"https:\/\/www.risco.it\/fr\/","logo":{"@type":"ImageObject","inLanguage":"fr-FR","@id":"https:\/\/www.risco.it\/fr\/#\/schema\/logo\/image\/","url":"https:\/\/www.risco.it\/wp-content\/uploads\/2020\/12\/Risco_logo.svg","contentUrl":"https:\/\/www.risco.it\/wp-content\/uploads\/2020\/12\/Risco_logo.svg","caption":"Risco"},"image":{"@id":"https:\/\/www.risco.it\/fr\/#\/schema\/logo\/image\/"}}]}},"uagb_featured_image_src":{"full":["https:\/\/www.risco.it\/wp-content\/uploads\/2019\/03\/banner_careers.jpg",1024,200,false],"thumbnail":["https:\/\/www.risco.it\/wp-content\/uploads\/2019\/03\/banner_careers-150x29.jpg",150,29,true],"medium":["https:\/\/www.risco.it\/wp-content\/uploads\/2019\/03\/banner_careers-300x59.jpg",300,59,true],"medium_large":["https:\/\/www.risco.it\/wp-content\/uploads\/2019\/03\/banner_careers-768x150.jpg",768,150,true],"large":["https:\/\/www.risco.it\/wp-content\/uploads\/2019\/03\/banner_careers-1024x200.jpg",1024,200,true],"1536x1536":["https:\/\/www.risco.it\/wp-content\/uploads\/2019\/03\/banner_careers.jpg",1024,200,false],"2048x2048":["https:\/\/www.risco.it\/wp-content\/uploads\/2019\/03\/banner_careers.jpg",1024,200,false]},"uagb_author_info":{"display_name":"tradenet","author_link":"https:\/\/www.risco.it\/fr\/author\/admintradenet\/"},"uagb_comment_info":0,"uagb_excerpt":"Carri\u00e8re Les personnes qui travaillent dans notre entreprise font de leur mieux pour r\u00e9aliser les objectifs pr\u00e9fix\u00e9s et supporter Risco [&hellip;]","_links":{"self":[{"href":"https:\/\/www.risco.it\/fr\/wp-json\/wp\/v2\/pages\/4587","targetHints":{"allow":["GET"]}}],"collection":[{"href":"https:\/\/www.risco.it\/fr\/wp-json\/wp\/v2\/pages"}],"about":[{"href":"https:\/\/www.risco.it\/fr\/wp-json\/wp\/v2\/types\/page"}],"author":[{"embeddable":true,"href":"https:\/\/www.risco.it\/fr\/wp-json\/wp\/v2\/users\/4"}],"replies":[{"embeddable":true,"href":"https:\/\/www.risco.it\/fr\/wp-json\/wp\/v2\/comments?post=4587"}],"version-history":[{"count":5,"href":"https:\/\/www.risco.it\/fr\/wp-json\/wp\/v2\/pages\/4587\/revisions"}],"predecessor-version":[{"id":6927,"href":"https:\/\/www.risco.it\/fr\/wp-json\/wp\/v2\/pages\/4587\/revisions\/6927"}],"wp:featuredmedia":[{"embeddable":true,"href":"https:\/\/www.risco.it\/fr\/wp-json\/wp\/v2\/media\/6105"}],"wp:attachment":[{"href":"https:\/\/www.risco.it\/fr\/wp-json\/wp\/v2\/media?parent=4587"}],"curies":[{"name":"wp","href":"https:\/\/api.w.org\/{rel}","templated":true}]}}