{"id":4473,"date":"2018-04-11T11:52:58","date_gmt":"2018-04-11T09:52:58","guid":{"rendered":"http:\/\/risco.clientbook.it\/?page_id=4473"},"modified":"2024-06-11T17:53:49","modified_gmt":"2024-06-11T15:53:49","slug":"fromages","status":"publish","type":"page","link":"https:\/\/www.risco.it\/fr\/applications\/type-de-produit\/fromages\/","title":{"rendered":"Fromages e produits laitiers"},"content":{"rendered":"\n<p>Avec Les appareils Risco il est possible de travailler diff\u00e9rents types de fromages, des cr\u00e8mes aux p\u00e2tes molles et jusqu\u2019aux produits \u00e0 p\u00e2te dure, comme la mozzarella.<br>Les syst\u00e8mes de portionnage, tout come ceux de formage et co-extrusion, vous permettront de cr\u00e9er des nouveaux produits \u00e0 succ\u00e8s.<\/p>\n\n\n\n<h2 class=\"wp-block-heading\" id=\"h-produits\">Produits<\/h2>\n\n\n\n<div class=\"wp-block-group application-products is-layout-constrained wp-container-core-group-is-layout-d22ff40a wp-block-group-is-layout-constrained\" style=\"padding-top:0px;padding-right:0px;padding-bottom:0px;padding-left:0px\">\n<div class=\"wp-block-columns is-layout-flex wp-container-core-columns-is-layout-28f84493 wp-block-columns-is-layout-flex\">\n<div class=\"wp-block-column is-layout-flow wp-block-column-is-layout-flow\">\n<figure class=\"wp-block-image size-full\"><img loading=\"lazy\" decoding=\"async\" width=\"600\" height=\"600\" src=\"https:\/\/www.risco.it\/wp-content\/uploads\/2024\/05\/cream-cheese-1.jpg\" alt=\"\" class=\"wp-image-15756\" srcset=\"https:\/\/www.risco.it\/wp-content\/uploads\/2024\/05\/cream-cheese-1.jpg 600w, https:\/\/www.risco.it\/wp-content\/uploads\/2024\/05\/cream-cheese-1-300x300.jpg 300w, https:\/\/www.risco.it\/wp-content\/uploads\/2024\/05\/cream-cheese-1-150x150.jpg 150w\" sizes=\"auto, (max-width: 600px) 100vw, 600px\" \/><\/figure>\n\n\n\n<h4 class=\"wp-block-heading\" id=\"h-fromage-de-chevre\">Fromage de ch\u00e8vre<\/h4>\n<\/div>\n\n\n\n<div class=\"wp-block-column is-layout-flow wp-block-column-is-layout-flow\">\n<figure class=\"wp-block-image size-full\"><img loading=\"lazy\" decoding=\"async\" width=\"599\" height=\"598\" src=\"https:\/\/www.risco.it\/wp-content\/uploads\/2024\/04\/AdobeStock_50172595.jpg\" alt=\"\" class=\"wp-image-15023\" srcset=\"https:\/\/www.risco.it\/wp-content\/uploads\/2024\/04\/AdobeStock_50172595.jpg 599w, https:\/\/www.risco.it\/wp-content\/uploads\/2024\/04\/AdobeStock_50172595-300x300.jpg 300w, https:\/\/www.risco.it\/wp-content\/uploads\/2024\/04\/AdobeStock_50172595-150x150.jpg 150w\" sizes=\"auto, (max-width: 599px) 100vw, 599px\" \/><\/figure>\n\n\n\n<h4 class=\"wp-block-heading\" id=\"h-produits-faconnes\">Produits fa\u00e7onn\u00e9s<\/h4>\n<\/div>\n\n\n\n<div class=\"wp-block-column is-layout-flow wp-block-column-is-layout-flow\">\n<figure class=\"wp-block-image size-large\"><img loading=\"lazy\" decoding=\"async\" width=\"600\" height=\"600\" src=\"https:\/\/www.risco.it\/wp-content\/uploads\/2024\/01\/dumplings.jpg\" alt=\"\" class=\"wp-image-13069\" srcset=\"https:\/\/www.risco.it\/wp-content\/uploads\/2024\/01\/dumplings.jpg 600w, https:\/\/www.risco.it\/wp-content\/uploads\/2024\/01\/dumplings-150x150.jpg 150w, https:\/\/www.risco.it\/wp-content\/uploads\/2024\/01\/dumplings-300x300.jpg 300w\" sizes=\"auto, (max-width: 600px) 100vw, 600px\" \/><\/figure>\n\n\n\n<h4 class=\"wp-block-heading\" id=\"h-produits-fourres\">Produits fourr\u00e9s<\/h4>\n<\/div>\n\n\n\n<div class=\"wp-block-column is-layout-flow wp-block-column-is-layout-flow\">\n<figure class=\"wp-block-image size-full\"><img loading=\"lazy\" decoding=\"async\" width=\"600\" height=\"600\" src=\"https:\/\/www.risco.it\/wp-content\/uploads\/2024\/05\/butter.jpg\" alt=\"\" class=\"wp-image-15762\" srcset=\"https:\/\/www.risco.it\/wp-content\/uploads\/2024\/05\/butter.jpg 600w, https:\/\/www.risco.it\/wp-content\/uploads\/2024\/05\/butter-300x300.jpg 300w, https:\/\/www.risco.it\/wp-content\/uploads\/2024\/05\/butter-150x150.jpg 150w\" sizes=\"auto, (max-width: 600px) 100vw, 600px\" \/><\/figure>\n\n\n\n<h4 class=\"wp-block-heading\" id=\"h-beurre\">Beurre<\/h4>\n<\/div>\n<\/div>\n<\/div>\n","protected":false},"excerpt":{"rendered":"<p>Avec Les appareils Risco il est possible de travailler diff\u00e9rents types de fromages, des cr\u00e8mes aux p\u00e2tes molles et jusqu\u2019aux [&hellip;]<\/p>\n","protected":false},"author":4,"featured_media":16096,"parent":4327,"menu_order":146,"comment_status":"closed","ping_status":"closed","template":"products-page.php","meta":{"_acf_changed":false,"inline_featured_image":false,"_uag_custom_page_level_css":"","site-sidebar-layout":"no-sidebar","site-content-layout":"","ast-site-content-layout":"default","site-content-style":"default","site-sidebar-style":"default","ast-global-header-display":"","ast-banner-title-visibility":"","ast-main-header-display":"","ast-hfb-above-header-display":"","ast-hfb-below-header-display":"","ast-hfb-mobile-header-display":"","site-post-title":"","ast-breadcrumbs-content":"","ast-featured-img":"","footer-sml-layout":"","ast-disable-related-posts":"","theme-transparent-header-meta":"","adv-header-id-meta":"","stick-header-meta":"","header-above-stick-meta":"","header-main-stick-meta":"","header-below-stick-meta":"","astra-migrate-meta-layouts":"default","ast-page-background-enabled":"default","ast-page-background-meta":{"desktop":{"background-color":"var(--ast-global-color-4)","background-image":"","background-repeat":"repeat","background-position":"center center","background-size":"auto","background-attachment":"scroll","background-type":"","background-media":"","overlay-type":"","overlay-color":"","overlay-opacity":"","overlay-gradient":""},"tablet":{"background-color":"","background-image":"","background-repeat":"repeat","background-position":"center center","background-size":"auto","background-attachment":"scroll","background-type":"","background-media":"","overlay-type":"","overlay-color":"","overlay-opacity":"","overlay-gradient":""},"mobile":{"background-color":"","background-image":"","background-repeat":"repeat","background-position":"center center","background-size":"auto","background-attachment":"scroll","background-type":"","background-media":"","overlay-type":"","overlay-color":"","overlay-opacity":"","overlay-gradient":""}},"ast-content-background-meta":{"desktop":{"background-color":"var(--ast-global-color-5)","background-image":"","background-repeat":"repeat","background-position":"center center","background-size":"auto","background-attachment":"scroll","background-type":"","background-media":"","overlay-type":"","overlay-color":"","overlay-opacity":"","overlay-gradient":""},"tablet":{"background-color":"var(--ast-global-color-5)","background-image":"","background-repeat":"repeat","background-position":"center center","background-size":"auto","background-attachment":"scroll","background-type":"","background-media":"","overlay-type":"","overlay-color":"","overlay-opacity":"","overlay-gradient":""},"mobile":{"background-color":"var(--ast-global-color-5)","background-image":"","background-repeat":"repeat","background-position":"center center","background-size":"auto","background-attachment":"scroll","background-type":"","background-media":"","overlay-type":"","overlay-color":"","overlay-opacity":"","overlay-gradient":""}},"footnotes":""},"class_list":["post-4473","page","type-page","status-publish","has-post-thumbnail","hentry"],"acf":[],"yoast_head":"<!-- This site is optimized with the Yoast SEO Premium plugin v22.0 (Yoast SEO v27.1.1) - https:\/\/yoast.com\/product\/yoast-seo-premium-wordpress\/ -->\n<title>Fromages e produits laitiers - Risco<\/title>\n<meta name=\"robots\" content=\"index, follow, max-snippet:-1, max-image-preview:large, max-video-preview:-1\" \/>\n<link rel=\"canonical\" href=\"https:\/\/www.risco.it\/fr\/applications\/type-de-produit\/fromages\/\" \/>\n<meta property=\"og:locale\" content=\"fr_FR\" \/>\n<meta property=\"og:type\" content=\"article\" \/>\n<meta property=\"og:title\" content=\"Fromages e produits laitiers\" \/>\n<meta property=\"og:description\" content=\"Avec Les appareils Risco il est possible de travailler diff\u00e9rents types de fromages, des cr\u00e8mes aux p\u00e2tes molles et jusqu\u2019aux [&hellip;]\" \/>\n<meta property=\"og:url\" content=\"https:\/\/www.risco.it\/fr\/applications\/type-de-produit\/fromages\/\" \/>\n<meta property=\"og:site_name\" content=\"Risco\" \/>\n<meta property=\"article:modified_time\" content=\"2024-06-11T15:53:49+00:00\" \/>\n<meta property=\"og:image\" content=\"https:\/\/www.risco.it\/wp-content\/uploads\/2024\/05\/banner-risco-accessories.jpg\" \/>\n\t<meta property=\"og:image:width\" content=\"1980\" \/>\n\t<meta property=\"og:image:height\" content=\"743\" \/>\n\t<meta property=\"og:image:type\" content=\"image\/jpeg\" \/>\n<meta name=\"twitter:card\" content=\"summary_large_image\" \/>\n<meta name=\"twitter:label1\" content=\"Dur\u00e9e de lecture estim\u00e9e\" \/>\n\t<meta name=\"twitter:data1\" content=\"2 minutes\" \/>\n<!-- \/ Yoast SEO Premium plugin. -->","yoast_head_json":{"title":"Fromages e produits laitiers - Risco","robots":{"index":"index","follow":"follow","max-snippet":"max-snippet:-1","max-image-preview":"max-image-preview:large","max-video-preview":"max-video-preview:-1"},"canonical":"https:\/\/www.risco.it\/fr\/applications\/type-de-produit\/fromages\/","og_locale":"fr_FR","og_type":"article","og_title":"Fromages e produits laitiers","og_description":"Avec Les appareils Risco il est possible de travailler diff\u00e9rents types de fromages, des cr\u00e8mes aux p\u00e2tes molles et jusqu\u2019aux [&hellip;]","og_url":"https:\/\/www.risco.it\/fr\/applications\/type-de-produit\/fromages\/","og_site_name":"Risco","article_modified_time":"2024-06-11T15:53:49+00:00","og_image":[{"width":1980,"height":743,"url":"https:\/\/www.risco.it\/wp-content\/uploads\/2024\/05\/banner-risco-accessories.jpg","type":"image\/jpeg"}],"twitter_card":"summary_large_image","twitter_misc":{"Dur\u00e9e de lecture estim\u00e9e":"2 minutes"},"schema":{"@context":"https:\/\/schema.org","@graph":[{"@type":"WebPage","@id":"https:\/\/www.risco.it\/fr\/applications\/type-de-produit\/fromages\/","url":"https:\/\/www.risco.it\/fr\/applications\/type-de-produit\/fromages\/","name":"Fromages e produits laitiers - Risco","isPartOf":{"@id":"https:\/\/www.risco.it\/fr\/#website"},"primaryImageOfPage":{"@id":"https:\/\/www.risco.it\/fr\/applications\/type-de-produit\/fromages\/#primaryimage"},"image":{"@id":"https:\/\/www.risco.it\/fr\/applications\/type-de-produit\/fromages\/#primaryimage"},"thumbnailUrl":"https:\/\/www.risco.it\/wp-content\/uploads\/2024\/05\/banner-risco-accessories.jpg","datePublished":"2018-04-11T09:52:58+00:00","dateModified":"2024-06-11T15:53:49+00:00","breadcrumb":{"@id":"https:\/\/www.risco.it\/fr\/applications\/type-de-produit\/fromages\/#breadcrumb"},"inLanguage":"fr-FR","potentialAction":[{"@type":"ReadAction","target":["https:\/\/www.risco.it\/fr\/applications\/type-de-produit\/fromages\/"]}]},{"@type":"ImageObject","inLanguage":"fr-FR","@id":"https:\/\/www.risco.it\/fr\/applications\/type-de-produit\/fromages\/#primaryimage","url":"https:\/\/www.risco.it\/wp-content\/uploads\/2024\/05\/banner-risco-accessories.jpg","contentUrl":"https:\/\/www.risco.it\/wp-content\/uploads\/2024\/05\/banner-risco-accessories.jpg","width":1980,"height":743},{"@type":"BreadcrumbList","@id":"https:\/\/www.risco.it\/fr\/applications\/type-de-produit\/fromages\/#breadcrumb","itemListElement":[{"@type":"ListItem","position":1,"name":"Home","item":"https:\/\/www.risco.it\/fr\/"},{"@type":"ListItem","position":2,"name":"Applications","item":"https:\/\/www.risco.it\/fr\/applications\/"},{"@type":"ListItem","position":3,"name":"Type de produit","item":"https:\/\/www.risco.it\/fr\/applications\/type-de-produit\/"},{"@type":"ListItem","position":4,"name":"Fromages e produits laitiers"}]},{"@type":"WebSite","@id":"https:\/\/www.risco.it\/fr\/#website","url":"https:\/\/www.risco.it\/fr\/","name":"Risco","description":"Vacuum fillers and meat processing machines","publisher":{"@id":"https:\/\/www.risco.it\/fr\/#organization"},"potentialAction":[{"@type":"SearchAction","target":{"@type":"EntryPoint","urlTemplate":"https:\/\/www.risco.it\/fr\/?s={search_term_string}"},"query-input":{"@type":"PropertyValueSpecification","valueRequired":true,"valueName":"search_term_string"}}],"inLanguage":"fr-FR"},{"@type":"Organization","@id":"https:\/\/www.risco.it\/fr\/#organization","name":"Risco","url":"https:\/\/www.risco.it\/fr\/","logo":{"@type":"ImageObject","inLanguage":"fr-FR","@id":"https:\/\/www.risco.it\/fr\/#\/schema\/logo\/image\/","url":"https:\/\/www.risco.it\/wp-content\/uploads\/2020\/12\/Risco_logo.svg","contentUrl":"https:\/\/www.risco.it\/wp-content\/uploads\/2020\/12\/Risco_logo.svg","caption":"Risco"},"image":{"@id":"https:\/\/www.risco.it\/fr\/#\/schema\/logo\/image\/"}}]}},"uagb_featured_image_src":{"full":["https:\/\/www.risco.it\/wp-content\/uploads\/2024\/05\/banner-risco-accessories.jpg",1980,743,false],"thumbnail":["https:\/\/www.risco.it\/wp-content\/uploads\/2024\/05\/banner-risco-accessories-150x56.jpg",150,56,true],"medium":["https:\/\/www.risco.it\/wp-content\/uploads\/2024\/05\/banner-risco-accessories-300x113.jpg",300,113,true],"medium_large":["https:\/\/www.risco.it\/wp-content\/uploads\/2024\/05\/banner-risco-accessories-768x288.jpg",768,288,true],"large":["https:\/\/www.risco.it\/wp-content\/uploads\/2024\/05\/banner-risco-accessories-1024x384.jpg",1024,384,true],"1536x1536":["https:\/\/www.risco.it\/wp-content\/uploads\/2024\/05\/banner-risco-accessories-1536x576.jpg",1536,576,true],"2048x2048":["https:\/\/www.risco.it\/wp-content\/uploads\/2024\/05\/banner-risco-accessories.jpg",1980,743,false]},"uagb_author_info":{"display_name":"tradenet","author_link":"https:\/\/www.risco.it\/fr\/author\/admintradenet\/"},"uagb_comment_info":0,"uagb_excerpt":"Avec Les appareils Risco il est possible de travailler diff\u00e9rents types de fromages, des cr\u00e8mes aux p\u00e2tes molles et jusqu\u2019aux [&hellip;]","_links":{"self":[{"href":"https:\/\/www.risco.it\/fr\/wp-json\/wp\/v2\/pages\/4473","targetHints":{"allow":["GET"]}}],"collection":[{"href":"https:\/\/www.risco.it\/fr\/wp-json\/wp\/v2\/pages"}],"about":[{"href":"https:\/\/www.risco.it\/fr\/wp-json\/wp\/v2\/types\/page"}],"author":[{"embeddable":true,"href":"https:\/\/www.risco.it\/fr\/wp-json\/wp\/v2\/users\/4"}],"replies":[{"embeddable":true,"href":"https:\/\/www.risco.it\/fr\/wp-json\/wp\/v2\/comments?post=4473"}],"version-history":[{"count":10,"href":"https:\/\/www.risco.it\/fr\/wp-json\/wp\/v2\/pages\/4473\/revisions"}],"predecessor-version":[{"id":16398,"href":"https:\/\/www.risco.it\/fr\/wp-json\/wp\/v2\/pages\/4473\/revisions\/16398"}],"up":[{"embeddable":true,"href":"https:\/\/www.risco.it\/fr\/wp-json\/wp\/v2\/pages\/4327"}],"wp:featuredmedia":[{"embeddable":true,"href":"https:\/\/www.risco.it\/fr\/wp-json\/wp\/v2\/media\/16096"}],"wp:attachment":[{"href":"https:\/\/www.risco.it\/fr\/wp-json\/wp\/v2\/media?parent=4473"}],"curies":[{"name":"wp","href":"https:\/\/api.w.org\/{rel}","templated":true}]}}