{"id":4437,"date":"2018-04-11T11:49:03","date_gmt":"2018-04-11T09:49:03","guid":{"rendered":"http:\/\/risco.clientbook.it\/?page_id=4437"},"modified":"2024-06-11T17:49:12","modified_gmt":"2024-06-11T15:49:12","slug":"patisserie","status":"publish","type":"page","link":"https:\/\/www.risco.it\/fr\/applications\/type-de-produit\/patisserie\/","title":{"rendered":"Produits de boulangerie"},"content":{"rendered":"\n<p>La gamme complete de poussoirs sous-vide, les syst\u00e8mes de portionnage et les solutions de d\u00e9pose Risco, sont en mesure de travailler les produits les plus d\u00e9licats et de les d\u00e9poser avec une extr\u00e8me pr\u00e9cision de portionnage (avec une pr\u00e9cision de portionnage tr\u00e8s el\u00e9v\u00e9), sans en perdre la forme et la dimension de la pi\u00e8ce.<\/p>\n\n\n\n<h2 class=\"wp-block-heading\" id=\"h-produits\">Produits<\/h2>\n\n\n\n<div class=\"wp-block-group application-products is-layout-constrained wp-container-core-group-is-layout-d22ff40a wp-block-group-is-layout-constrained\" style=\"padding-top:0px;padding-right:0px;padding-bottom:0px;padding-left:0px\">\n<div class=\"wp-block-columns is-layout-flex wp-container-core-columns-is-layout-28f84493 wp-block-columns-is-layout-flex\">\n<div class=\"wp-block-column is-layout-flow wp-block-column-is-layout-flow\" style=\"flex-basis:25%\">\n<figure class=\"wp-block-image size-full\"><img loading=\"lazy\" decoding=\"async\" width=\"600\" height=\"600\" src=\"https:\/\/www.risco.it\/wp-content\/uploads\/2024\/01\/gluten-free-dough.jpg\" alt=\"\" class=\"wp-image-13203\" style=\"object-fit:cover\" srcset=\"https:\/\/www.risco.it\/wp-content\/uploads\/2024\/01\/gluten-free-dough.jpg 600w, https:\/\/www.risco.it\/wp-content\/uploads\/2024\/01\/gluten-free-dough-150x150.jpg 150w, https:\/\/www.risco.it\/wp-content\/uploads\/2024\/01\/gluten-free-dough-300x300.jpg 300w\" sizes=\"auto, (max-width: 600px) 100vw, 600px\" \/><\/figure>\n\n\n\n<h4 class=\"wp-block-heading\" id=\"h-pate-sans-gluten\">P\u00e2te sans gluten<\/h4>\n<\/div>\n\n\n\n<div class=\"wp-block-column is-layout-flow wp-block-column-is-layout-flow\" style=\"flex-basis:25%\">\n<figure class=\"wp-block-image size-large\"><img loading=\"lazy\" decoding=\"async\" width=\"600\" height=\"600\" src=\"https:\/\/www.risco.it\/wp-content\/uploads\/2024\/01\/brownie.jpg\" alt=\"\" class=\"wp-image-13179\" srcset=\"https:\/\/www.risco.it\/wp-content\/uploads\/2024\/01\/brownie.jpg 600w, https:\/\/www.risco.it\/wp-content\/uploads\/2024\/01\/brownie-150x150.jpg 150w, https:\/\/www.risco.it\/wp-content\/uploads\/2024\/01\/brownie-300x300.jpg 300w\" sizes=\"auto, (max-width: 600px) 100vw, 600px\" \/><\/figure>\n\n\n\n<h4 class=\"wp-block-heading\" id=\"h-pates-a-tartiner-brownies\">P\u00e2tes \u00e0 tartiner &#8211; Brownies<\/h4>\n<\/div>\n\n\n\n<div class=\"wp-block-column is-layout-flow wp-block-column-is-layout-flow\" style=\"flex-basis:25%\">\n<figure class=\"wp-block-image size-full\"><img loading=\"lazy\" decoding=\"async\" width=\"600\" height=\"600\" src=\"https:\/\/www.risco.it\/wp-content\/uploads\/2024\/01\/pie-filling.jpg\" alt=\"\" class=\"wp-image-13215\" srcset=\"https:\/\/www.risco.it\/wp-content\/uploads\/2024\/01\/pie-filling.jpg 600w, https:\/\/www.risco.it\/wp-content\/uploads\/2024\/01\/pie-filling-150x150.jpg 150w, https:\/\/www.risco.it\/wp-content\/uploads\/2024\/01\/pie-filling-300x300.jpg 300w\" sizes=\"auto, (max-width: 600px) 100vw, 600px\" \/><\/figure>\n\n\n\n<h4 class=\"wp-block-heading\" id=\"h-garnitures-pour-tartes\">Garnitures pour tartes<\/h4>\n<\/div>\n\n\n\n<div class=\"wp-block-column is-layout-flow wp-block-column-is-layout-flow\" style=\"flex-basis:25%\">\n<figure class=\"wp-block-image size-full\"><img loading=\"lazy\" decoding=\"async\" width=\"600\" height=\"600\" src=\"https:\/\/www.risco.it\/wp-content\/uploads\/2024\/01\/chocolate-cookies.jpg\" alt=\"\" class=\"wp-image-13197\" srcset=\"https:\/\/www.risco.it\/wp-content\/uploads\/2024\/01\/chocolate-cookies.jpg 600w, https:\/\/www.risco.it\/wp-content\/uploads\/2024\/01\/chocolate-cookies-150x150.jpg 150w, https:\/\/www.risco.it\/wp-content\/uploads\/2024\/01\/chocolate-cookies-300x300.jpg 300w\" sizes=\"auto, (max-width: 600px) 100vw, 600px\" \/><\/figure>\n\n\n\n<h4 class=\"wp-block-heading\" id=\"h-biscuits\">Biscuits<\/h4>\n<\/div>\n<\/div>\n\n\n\n<div class=\"wp-block-columns is-layout-flex wp-container-core-columns-is-layout-28f84493 wp-block-columns-is-layout-flex\">\n<div class=\"wp-block-column is-layout-flow wp-block-column-is-layout-flow\" style=\"flex-basis:25%\">\n<h4 class=\"wp-block-heading\" id=\"h-\"><\/h4>\n<\/div>\n<\/div>\n<\/div>\n","protected":false},"excerpt":{"rendered":"<p>La gamme complete de poussoirs sous-vide, les syst\u00e8mes de portionnage et les solutions de d\u00e9pose Risco, sont en mesure de [&hellip;]<\/p>\n","protected":false},"author":4,"featured_media":12919,"parent":4327,"menu_order":131,"comment_status":"closed","ping_status":"closed","template":"products-page.php","meta":{"_acf_changed":false,"inline_featured_image":false,"_uag_custom_page_level_css":"","site-sidebar-layout":"no-sidebar","site-content-layout":"","ast-site-content-layout":"default","site-content-style":"default","site-sidebar-style":"default","ast-global-header-display":"","ast-banner-title-visibility":"","ast-main-header-display":"","ast-hfb-above-header-display":"","ast-hfb-below-header-display":"","ast-hfb-mobile-header-display":"","site-post-title":"","ast-breadcrumbs-content":"","ast-featured-img":"","footer-sml-layout":"","ast-disable-related-posts":"","theme-transparent-header-meta":"","adv-header-id-meta":"","stick-header-meta":"","header-above-stick-meta":"","header-main-stick-meta":"","header-below-stick-meta":"","astra-migrate-meta-layouts":"default","ast-page-background-enabled":"default","ast-page-background-meta":{"desktop":{"background-color":"var(--ast-global-color-4)","background-image":"","background-repeat":"repeat","background-position":"center center","background-size":"auto","background-attachment":"scroll","background-type":"","background-media":"","overlay-type":"","overlay-color":"","overlay-opacity":"","overlay-gradient":""},"tablet":{"background-color":"","background-image":"","background-repeat":"repeat","background-position":"center center","background-size":"auto","background-attachment":"scroll","background-type":"","background-media":"","overlay-type":"","overlay-color":"","overlay-opacity":"","overlay-gradient":""},"mobile":{"background-color":"","background-image":"","background-repeat":"repeat","background-position":"center center","background-size":"auto","background-attachment":"scroll","background-type":"","background-media":"","overlay-type":"","overlay-color":"","overlay-opacity":"","overlay-gradient":""}},"ast-content-background-meta":{"desktop":{"background-color":"var(--ast-global-color-5)","background-image":"","background-repeat":"repeat","background-position":"center center","background-size":"auto","background-attachment":"scroll","background-type":"","background-media":"","overlay-type":"","overlay-color":"","overlay-opacity":"","overlay-gradient":""},"tablet":{"background-color":"var(--ast-global-color-5)","background-image":"","background-repeat":"repeat","background-position":"center center","background-size":"auto","background-attachment":"scroll","background-type":"","background-media":"","overlay-type":"","overlay-color":"","overlay-opacity":"","overlay-gradient":""},"mobile":{"background-color":"var(--ast-global-color-5)","background-image":"","background-repeat":"repeat","background-position":"center center","background-size":"auto","background-attachment":"scroll","background-type":"","background-media":"","overlay-type":"","overlay-color":"","overlay-opacity":"","overlay-gradient":""}},"footnotes":""},"class_list":["post-4437","page","type-page","status-publish","has-post-thumbnail","hentry"],"acf":[],"yoast_head":"<!-- This site is optimized with the Yoast SEO Premium plugin v22.0 (Yoast SEO v27.1.1) - https:\/\/yoast.com\/product\/yoast-seo-premium-wordpress\/ -->\n<title>Produits de boulangerie - Risco<\/title>\n<meta name=\"robots\" content=\"index, follow, max-snippet:-1, max-image-preview:large, max-video-preview:-1\" \/>\n<link rel=\"canonical\" href=\"https:\/\/www.risco.it\/fr\/applications\/type-de-produit\/patisserie\/\" \/>\n<meta property=\"og:locale\" content=\"fr_FR\" \/>\n<meta property=\"og:type\" content=\"article\" \/>\n<meta property=\"og:title\" content=\"Produits de boulangerie\" \/>\n<meta property=\"og:description\" content=\"La gamme complete de poussoirs sous-vide, les syst\u00e8mes de portionnage et les solutions de d\u00e9pose Risco, sont en mesure de [&hellip;]\" \/>\n<meta property=\"og:url\" content=\"https:\/\/www.risco.it\/fr\/applications\/type-de-produit\/patisserie\/\" \/>\n<meta property=\"og:site_name\" content=\"Risco\" \/>\n<meta property=\"article:modified_time\" content=\"2024-06-11T15:49:12+00:00\" \/>\n<meta property=\"og:image\" content=\"https:\/\/www.risco.it\/wp-content\/uploads\/2024\/01\/bakery-1.jpg\" \/>\n\t<meta property=\"og:image:width\" content=\"1920\" \/>\n\t<meta property=\"og:image:height\" content=\"1080\" \/>\n\t<meta property=\"og:image:type\" content=\"image\/jpeg\" \/>\n<meta name=\"twitter:card\" content=\"summary_large_image\" \/>\n<meta name=\"twitter:label1\" content=\"Dur\u00e9e de lecture estim\u00e9e\" \/>\n\t<meta name=\"twitter:data1\" content=\"2 minutes\" \/>\n<!-- \/ Yoast SEO Premium plugin. -->","yoast_head_json":{"title":"Produits de boulangerie - Risco","robots":{"index":"index","follow":"follow","max-snippet":"max-snippet:-1","max-image-preview":"max-image-preview:large","max-video-preview":"max-video-preview:-1"},"canonical":"https:\/\/www.risco.it\/fr\/applications\/type-de-produit\/patisserie\/","og_locale":"fr_FR","og_type":"article","og_title":"Produits de boulangerie","og_description":"La gamme complete de poussoirs sous-vide, les syst\u00e8mes de portionnage et les solutions de d\u00e9pose Risco, sont en mesure de [&hellip;]","og_url":"https:\/\/www.risco.it\/fr\/applications\/type-de-produit\/patisserie\/","og_site_name":"Risco","article_modified_time":"2024-06-11T15:49:12+00:00","og_image":[{"width":1920,"height":1080,"url":"https:\/\/www.risco.it\/wp-content\/uploads\/2024\/01\/bakery-1.jpg","type":"image\/jpeg"}],"twitter_card":"summary_large_image","twitter_misc":{"Dur\u00e9e de lecture estim\u00e9e":"2 minutes"},"schema":{"@context":"https:\/\/schema.org","@graph":[{"@type":"WebPage","@id":"https:\/\/www.risco.it\/fr\/applications\/type-de-produit\/patisserie\/","url":"https:\/\/www.risco.it\/fr\/applications\/type-de-produit\/patisserie\/","name":"Produits de boulangerie - Risco","isPartOf":{"@id":"https:\/\/www.risco.it\/fr\/#website"},"primaryImageOfPage":{"@id":"https:\/\/www.risco.it\/fr\/applications\/type-de-produit\/patisserie\/#primaryimage"},"image":{"@id":"https:\/\/www.risco.it\/fr\/applications\/type-de-produit\/patisserie\/#primaryimage"},"thumbnailUrl":"https:\/\/www.risco.it\/wp-content\/uploads\/2024\/01\/bakery-1.jpg","datePublished":"2018-04-11T09:49:03+00:00","dateModified":"2024-06-11T15:49:12+00:00","breadcrumb":{"@id":"https:\/\/www.risco.it\/fr\/applications\/type-de-produit\/patisserie\/#breadcrumb"},"inLanguage":"fr-FR","potentialAction":[{"@type":"ReadAction","target":["https:\/\/www.risco.it\/fr\/applications\/type-de-produit\/patisserie\/"]}]},{"@type":"ImageObject","inLanguage":"fr-FR","@id":"https:\/\/www.risco.it\/fr\/applications\/type-de-produit\/patisserie\/#primaryimage","url":"https:\/\/www.risco.it\/wp-content\/uploads\/2024\/01\/bakery-1.jpg","contentUrl":"https:\/\/www.risco.it\/wp-content\/uploads\/2024\/01\/bakery-1.jpg","width":1920,"height":1080},{"@type":"BreadcrumbList","@id":"https:\/\/www.risco.it\/fr\/applications\/type-de-produit\/patisserie\/#breadcrumb","itemListElement":[{"@type":"ListItem","position":1,"name":"Home","item":"https:\/\/www.risco.it\/fr\/"},{"@type":"ListItem","position":2,"name":"Applications","item":"https:\/\/www.risco.it\/fr\/applications\/"},{"@type":"ListItem","position":3,"name":"Type de produit","item":"https:\/\/www.risco.it\/fr\/applications\/type-de-produit\/"},{"@type":"ListItem","position":4,"name":"Produits de boulangerie"}]},{"@type":"WebSite","@id":"https:\/\/www.risco.it\/fr\/#website","url":"https:\/\/www.risco.it\/fr\/","name":"Risco","description":"Vacuum fillers and meat processing machines","publisher":{"@id":"https:\/\/www.risco.it\/fr\/#organization"},"potentialAction":[{"@type":"SearchAction","target":{"@type":"EntryPoint","urlTemplate":"https:\/\/www.risco.it\/fr\/?s={search_term_string}"},"query-input":{"@type":"PropertyValueSpecification","valueRequired":true,"valueName":"search_term_string"}}],"inLanguage":"fr-FR"},{"@type":"Organization","@id":"https:\/\/www.risco.it\/fr\/#organization","name":"Risco","url":"https:\/\/www.risco.it\/fr\/","logo":{"@type":"ImageObject","inLanguage":"fr-FR","@id":"https:\/\/www.risco.it\/fr\/#\/schema\/logo\/image\/","url":"https:\/\/www.risco.it\/wp-content\/uploads\/2020\/12\/Risco_logo.svg","contentUrl":"https:\/\/www.risco.it\/wp-content\/uploads\/2020\/12\/Risco_logo.svg","caption":"Risco"},"image":{"@id":"https:\/\/www.risco.it\/fr\/#\/schema\/logo\/image\/"}}]}},"uagb_featured_image_src":{"full":["https:\/\/www.risco.it\/wp-content\/uploads\/2024\/01\/bakery-1.jpg",1920,1080,false],"thumbnail":["https:\/\/www.risco.it\/wp-content\/uploads\/2024\/01\/bakery-1-150x84.jpg",150,84,true],"medium":["https:\/\/www.risco.it\/wp-content\/uploads\/2024\/01\/bakery-1-300x169.jpg",300,169,true],"medium_large":["https:\/\/www.risco.it\/wp-content\/uploads\/2024\/01\/bakery-1-768x432.jpg",768,432,true],"large":["https:\/\/www.risco.it\/wp-content\/uploads\/2024\/01\/bakery-1-1024x576.jpg",1024,576,true],"1536x1536":["https:\/\/www.risco.it\/wp-content\/uploads\/2024\/01\/bakery-1-1536x864.jpg",1536,864,true],"2048x2048":["https:\/\/www.risco.it\/wp-content\/uploads\/2024\/01\/bakery-1.jpg",1920,1080,false]},"uagb_author_info":{"display_name":"tradenet","author_link":"https:\/\/www.risco.it\/fr\/author\/admintradenet\/"},"uagb_comment_info":0,"uagb_excerpt":"La gamme complete de poussoirs sous-vide, les syst\u00e8mes de portionnage et les solutions de d\u00e9pose Risco, sont en mesure de [&hellip;]","_links":{"self":[{"href":"https:\/\/www.risco.it\/fr\/wp-json\/wp\/v2\/pages\/4437","targetHints":{"allow":["GET"]}}],"collection":[{"href":"https:\/\/www.risco.it\/fr\/wp-json\/wp\/v2\/pages"}],"about":[{"href":"https:\/\/www.risco.it\/fr\/wp-json\/wp\/v2\/types\/page"}],"author":[{"embeddable":true,"href":"https:\/\/www.risco.it\/fr\/wp-json\/wp\/v2\/users\/4"}],"replies":[{"embeddable":true,"href":"https:\/\/www.risco.it\/fr\/wp-json\/wp\/v2\/comments?post=4437"}],"version-history":[{"count":15,"href":"https:\/\/www.risco.it\/fr\/wp-json\/wp\/v2\/pages\/4437\/revisions"}],"predecessor-version":[{"id":16386,"href":"https:\/\/www.risco.it\/fr\/wp-json\/wp\/v2\/pages\/4437\/revisions\/16386"}],"up":[{"embeddable":true,"href":"https:\/\/www.risco.it\/fr\/wp-json\/wp\/v2\/pages\/4327"}],"wp:featuredmedia":[{"embeddable":true,"href":"https:\/\/www.risco.it\/fr\/wp-json\/wp\/v2\/media\/12919"}],"wp:attachment":[{"href":"https:\/\/www.risco.it\/fr\/wp-json\/wp\/v2\/media?parent=4437"}],"curies":[{"name":"wp","href":"https:\/\/api.w.org\/{rel}","templated":true}]}}