{"id":4264,"date":"2018-04-11T12:03:35","date_gmt":"2018-04-11T10:03:35","guid":{"rendered":"http:\/\/risco.clientbook.it\/?page_id=4264"},"modified":"2025-03-10T18:27:21","modified_gmt":"2025-03-10T17:27:21","slug":"hachage","status":"publish","type":"page","link":"https:\/\/www.risco.it\/fr\/applications\/type-de-transformation\/hachage\/","title":{"rendered":"Hachage"},"content":{"rendered":"\n<div class=\"wp-block-group is-layout-constrained wp-container-core-group-is-layout-d22ff40a wp-block-group-is-layout-constrained\" style=\"padding-top:0px;padding-right:0px;padding-bottom:0px;padding-left:0px\">\n<div class=\"wp-block-columns is-layout-flex wp-container-core-columns-is-layout-28f84493 wp-block-columns-is-layout-flex\">\n<div class=\"wp-block-column is-layout-flow wp-block-column-is-layout-flow\">\n<p>Le hachage des produits alimentaires doit s\u2019effectuer d\u2019une fa\u00e7on claire, pr\u00e9cise et rapide afin de conserver le plus possible la qualit\u00e9 originale du produit. Le syst\u00e8me de coupe net et optimis\u00e9 pour la production de viande hach\u00e9e en barquette, ainsi que les produits portionn\u00e9s, tordus ou ferm\u00e9s par le syst\u00e8me de clippage, avec l\u2019hachoir en ligne Risco, am\u00e9liorent l\u2019aspect du produit final, en am\u00e9liorant la d\u00e9finition du produit hach\u00e9 et en \u00e9levant les standards de production de l\u2019utilisateur.<\/p>\n\n\n\n<h4 class=\"wp-block-heading\" id=\"h-caracteristiques-principales\">Caract\u00e9ristiques principales<\/h4>\n\n\n\n<ul class=\"wp-block-list\">\n<li>D\u00e9finition optimale du produit hach\u00e9<\/li>\n\n\n\n<li>Couleur excellente<\/li>\n\n\n\n<li>Distribution optimale du maigre et du gras<\/li>\n\n\n\n<li>Meilleure structure du produit<\/li>\n\n\n\n<li>Automation avec syst\u00e8me de d\u00e9p\u00f4t en barquette automatique<\/li>\n\n\n\n<li>Plusieurs productions avec flexibilit\u00e9 des syst\u00e8mes de coupe<\/li>\n<\/ul>\n<\/div>\n<\/div>\n<\/div>\n","protected":false},"excerpt":{"rendered":"<p>Le hachage des produits alimentaires doit s\u2019effectuer d\u2019une fa\u00e7on claire, pr\u00e9cise et rapide afin de conserver le plus possible la [&hellip;]<\/p>\n","protected":false},"author":4,"featured_media":18290,"parent":4166,"menu_order":54,"comment_status":"closed","ping_status":"closed","template":"products-page.php","meta":{"_acf_changed":false,"inline_featured_image":false,"_uag_custom_page_level_css":"","site-sidebar-layout":"no-sidebar","site-content-layout":"","ast-site-content-layout":"default","site-content-style":"default","site-sidebar-style":"default","ast-global-header-display":"","ast-banner-title-visibility":"","ast-main-header-display":"","ast-hfb-above-header-display":"","ast-hfb-below-header-display":"","ast-hfb-mobile-header-display":"","site-post-title":"","ast-breadcrumbs-content":"","ast-featured-img":"disabled","footer-sml-layout":"","ast-disable-related-posts":"","theme-transparent-header-meta":"","adv-header-id-meta":"","stick-header-meta":"","header-above-stick-meta":"","header-main-stick-meta":"","header-below-stick-meta":"","astra-migrate-meta-layouts":"default","ast-page-background-enabled":"default","ast-page-background-meta":{"desktop":{"background-color":"var(--ast-global-color-4)","background-image":"","background-repeat":"repeat","background-position":"center center","background-size":"auto","background-attachment":"scroll","background-type":"","background-media":"","overlay-type":"","overlay-color":"","overlay-opacity":"","overlay-gradient":""},"tablet":{"background-color":"","background-image":"","background-repeat":"repeat","background-position":"center center","background-size":"auto","background-attachment":"scroll","background-type":"","background-media":"","overlay-type":"","overlay-color":"","overlay-opacity":"","overlay-gradient":""},"mobile":{"background-color":"","background-image":"","background-repeat":"repeat","background-position":"center center","background-size":"auto","background-attachment":"scroll","background-type":"","background-media":"","overlay-type":"","overlay-color":"","overlay-opacity":"","overlay-gradient":""}},"ast-content-background-meta":{"desktop":{"background-color":"var(--ast-global-color-5)","background-image":"","background-repeat":"repeat","background-position":"center center","background-size":"auto","background-attachment":"scroll","background-type":"","background-media":"","overlay-type":"","overlay-color":"","overlay-opacity":"","overlay-gradient":""},"tablet":{"background-color":"var(--ast-global-color-5)","background-image":"","background-repeat":"repeat","background-position":"center center","background-size":"auto","background-attachment":"scroll","background-type":"","background-media":"","overlay-type":"","overlay-color":"","overlay-opacity":"","overlay-gradient":""},"mobile":{"background-color":"var(--ast-global-color-5)","background-image":"","background-repeat":"repeat","background-position":"center center","background-size":"auto","background-attachment":"scroll","background-type":"","background-media":"","overlay-type":"","overlay-color":"","overlay-opacity":"","overlay-gradient":""}},"footnotes":""},"class_list":["post-4264","page","type-page","status-publish","has-post-thumbnail","hentry"],"acf":[],"yoast_head":"<!-- This site is optimized with the Yoast SEO Premium plugin v22.0 (Yoast SEO v27.1.1) - https:\/\/yoast.com\/product\/yoast-seo-premium-wordpress\/ -->\n<title>Hachage - Risco<\/title>\n<meta name=\"robots\" content=\"index, follow, max-snippet:-1, max-image-preview:large, max-video-preview:-1\" \/>\n<link rel=\"canonical\" href=\"https:\/\/www.risco.it\/fr\/applications\/type-de-transformation\/hachage\/\" \/>\n<meta property=\"og:locale\" content=\"fr_FR\" \/>\n<meta property=\"og:type\" content=\"article\" \/>\n<meta property=\"og:title\" content=\"Hachage\" \/>\n<meta property=\"og:description\" content=\"Le hachage des produits alimentaires doit s\u2019effectuer d\u2019une fa\u00e7on claire, pr\u00e9cise et rapide afin de conserver le plus possible la [&hellip;]\" \/>\n<meta property=\"og:url\" content=\"https:\/\/www.risco.it\/fr\/applications\/type-de-transformation\/hachage\/\" \/>\n<meta property=\"og:site_name\" content=\"Risco\" \/>\n<meta property=\"article:modified_time\" content=\"2025-03-10T17:27:21+00:00\" \/>\n<meta property=\"og:image\" content=\"https:\/\/www.risco.it\/wp-content\/uploads\/2024\/05\/groundmeat.jpg\" \/>\n\t<meta property=\"og:image:width\" content=\"600\" \/>\n\t<meta property=\"og:image:height\" content=\"601\" \/>\n\t<meta property=\"og:image:type\" content=\"image\/jpeg\" \/>\n<meta name=\"twitter:card\" content=\"summary_large_image\" \/>\n<meta name=\"twitter:label1\" content=\"Dur\u00e9e de lecture estim\u00e9e\" \/>\n\t<meta name=\"twitter:data1\" content=\"1 minute\" \/>\n<!-- \/ Yoast SEO Premium plugin. -->","yoast_head_json":{"title":"Hachage - Risco","robots":{"index":"index","follow":"follow","max-snippet":"max-snippet:-1","max-image-preview":"max-image-preview:large","max-video-preview":"max-video-preview:-1"},"canonical":"https:\/\/www.risco.it\/fr\/applications\/type-de-transformation\/hachage\/","og_locale":"fr_FR","og_type":"article","og_title":"Hachage","og_description":"Le hachage des produits alimentaires doit s\u2019effectuer d\u2019une fa\u00e7on claire, pr\u00e9cise et rapide afin de conserver le plus possible la [&hellip;]","og_url":"https:\/\/www.risco.it\/fr\/applications\/type-de-transformation\/hachage\/","og_site_name":"Risco","article_modified_time":"2025-03-10T17:27:21+00:00","og_image":[{"width":600,"height":601,"url":"https:\/\/www.risco.it\/wp-content\/uploads\/2024\/05\/groundmeat.jpg","type":"image\/jpeg"}],"twitter_card":"summary_large_image","twitter_misc":{"Dur\u00e9e de lecture estim\u00e9e":"1 minute"},"schema":{"@context":"https:\/\/schema.org","@graph":[{"@type":"WebPage","@id":"https:\/\/www.risco.it\/fr\/applications\/type-de-transformation\/hachage\/","url":"https:\/\/www.risco.it\/fr\/applications\/type-de-transformation\/hachage\/","name":"Hachage - Risco","isPartOf":{"@id":"https:\/\/www.risco.it\/fr\/#website"},"primaryImageOfPage":{"@id":"https:\/\/www.risco.it\/fr\/applications\/type-de-transformation\/hachage\/#primaryimage"},"image":{"@id":"https:\/\/www.risco.it\/fr\/applications\/type-de-transformation\/hachage\/#primaryimage"},"thumbnailUrl":"https:\/\/www.risco.it\/wp-content\/uploads\/2025\/04\/grinding.jpg","datePublished":"2018-04-11T10:03:35+00:00","dateModified":"2025-03-10T17:27:21+00:00","breadcrumb":{"@id":"https:\/\/www.risco.it\/fr\/applications\/type-de-transformation\/hachage\/#breadcrumb"},"inLanguage":"fr-FR","potentialAction":[{"@type":"ReadAction","target":["https:\/\/www.risco.it\/fr\/applications\/type-de-transformation\/hachage\/"]}]},{"@type":"ImageObject","inLanguage":"fr-FR","@id":"https:\/\/www.risco.it\/fr\/applications\/type-de-transformation\/hachage\/#primaryimage","url":"https:\/\/www.risco.it\/wp-content\/uploads\/2025\/04\/grinding.jpg","contentUrl":"https:\/\/www.risco.it\/wp-content\/uploads\/2025\/04\/grinding.jpg","width":1920,"height":1000},{"@type":"BreadcrumbList","@id":"https:\/\/www.risco.it\/fr\/applications\/type-de-transformation\/hachage\/#breadcrumb","itemListElement":[{"@type":"ListItem","position":1,"name":"Home","item":"https:\/\/www.risco.it\/fr\/"},{"@type":"ListItem","position":2,"name":"Applications","item":"https:\/\/www.risco.it\/fr\/applications\/"},{"@type":"ListItem","position":3,"name":"Type de transformation","item":"https:\/\/www.risco.it\/fr\/applications\/type-de-transformation\/"},{"@type":"ListItem","position":4,"name":"Hachage"}]},{"@type":"WebSite","@id":"https:\/\/www.risco.it\/fr\/#website","url":"https:\/\/www.risco.it\/fr\/","name":"Risco","description":"Vacuum fillers and meat processing machines","publisher":{"@id":"https:\/\/www.risco.it\/fr\/#organization"},"potentialAction":[{"@type":"SearchAction","target":{"@type":"EntryPoint","urlTemplate":"https:\/\/www.risco.it\/fr\/?s={search_term_string}"},"query-input":{"@type":"PropertyValueSpecification","valueRequired":true,"valueName":"search_term_string"}}],"inLanguage":"fr-FR"},{"@type":"Organization","@id":"https:\/\/www.risco.it\/fr\/#organization","name":"Risco","url":"https:\/\/www.risco.it\/fr\/","logo":{"@type":"ImageObject","inLanguage":"fr-FR","@id":"https:\/\/www.risco.it\/fr\/#\/schema\/logo\/image\/","url":"https:\/\/www.risco.it\/wp-content\/uploads\/2020\/12\/Risco_logo.svg","contentUrl":"https:\/\/www.risco.it\/wp-content\/uploads\/2020\/12\/Risco_logo.svg","caption":"Risco"},"image":{"@id":"https:\/\/www.risco.it\/fr\/#\/schema\/logo\/image\/"}}]}},"uagb_featured_image_src":{"full":["https:\/\/www.risco.it\/wp-content\/uploads\/2025\/04\/grinding.jpg",1920,1000,false],"thumbnail":["https:\/\/www.risco.it\/wp-content\/uploads\/2025\/04\/grinding-150x78.jpg",150,78,true],"medium":["https:\/\/www.risco.it\/wp-content\/uploads\/2025\/04\/grinding-300x156.jpg",300,156,true],"medium_large":["https:\/\/www.risco.it\/wp-content\/uploads\/2025\/04\/grinding-768x400.jpg",768,400,true],"large":["https:\/\/www.risco.it\/wp-content\/uploads\/2025\/04\/grinding-1024x533.jpg",1024,533,true],"1536x1536":["https:\/\/www.risco.it\/wp-content\/uploads\/2025\/04\/grinding-1536x800.jpg",1536,800,true],"2048x2048":["https:\/\/www.risco.it\/wp-content\/uploads\/2025\/04\/grinding.jpg",1920,1000,false]},"uagb_author_info":{"display_name":"tradenet","author_link":"https:\/\/www.risco.it\/fr\/author\/admintradenet\/"},"uagb_comment_info":0,"uagb_excerpt":"Le hachage des produits alimentaires doit s\u2019effectuer d\u2019une fa\u00e7on claire, pr\u00e9cise et rapide afin de conserver le plus possible la [&hellip;]","_links":{"self":[{"href":"https:\/\/www.risco.it\/fr\/wp-json\/wp\/v2\/pages\/4264","targetHints":{"allow":["GET"]}}],"collection":[{"href":"https:\/\/www.risco.it\/fr\/wp-json\/wp\/v2\/pages"}],"about":[{"href":"https:\/\/www.risco.it\/fr\/wp-json\/wp\/v2\/types\/page"}],"author":[{"embeddable":true,"href":"https:\/\/www.risco.it\/fr\/wp-json\/wp\/v2\/users\/4"}],"replies":[{"embeddable":true,"href":"https:\/\/www.risco.it\/fr\/wp-json\/wp\/v2\/comments?post=4264"}],"version-history":[{"count":8,"href":"https:\/\/www.risco.it\/fr\/wp-json\/wp\/v2\/pages\/4264\/revisions"}],"predecessor-version":[{"id":17676,"href":"https:\/\/www.risco.it\/fr\/wp-json\/wp\/v2\/pages\/4264\/revisions\/17676"}],"up":[{"embeddable":true,"href":"https:\/\/www.risco.it\/fr\/wp-json\/wp\/v2\/pages\/4166"}],"wp:featuredmedia":[{"embeddable":true,"href":"https:\/\/www.risco.it\/fr\/wp-json\/wp\/v2\/media\/18290"}],"wp:attachment":[{"href":"https:\/\/www.risco.it\/fr\/wp-json\/wp\/v2\/media?parent=4264"}],"curies":[{"name":"wp","href":"https:\/\/api.w.org\/{rel}","templated":true}]}}