{"id":4246,"date":"2018-04-11T12:05:12","date_gmt":"2018-04-11T10:05:12","guid":{"rendered":"http:\/\/risco.clientbook.it\/?page_id=4246"},"modified":"2025-03-10T18:22:24","modified_gmt":"2025-03-10T17:22:24","slug":"formage","status":"publish","type":"page","link":"https:\/\/www.risco.it\/fr\/applications\/type-de-transformation\/formage\/","title":{"rendered":"Formage"},"content":{"rendered":"\n<div class=\"wp-block-group is-layout-constrained wp-container-core-group-is-layout-d22ff40a wp-block-group-is-layout-constrained\" style=\"padding-top:0px;padding-right:0px;padding-bottom:0px;padding-left:0px\">\n<div class=\"wp-block-columns is-layout-flex wp-container-core-columns-is-layout-28f84493 wp-block-columns-is-layout-flex\">\n<div class=\"wp-block-column is-layout-flow wp-block-column-is-layout-flow\">\n<p>Le succ\u00e8s d\u2019un producteur se base souvent sur les innovations du produit. Risco supporte la r\u00e9alisation de nouveaux produits alimentaires ayant forme, consistance, pr\u00e9sentation ou go\u00fbt originaux. Les syst\u00e8mes de formage Risco permettent la r\u00e9alisation de produits de viande, poisson, fromage ou diff\u00e9rentes p\u00e2tes en forme ronde, ovale, carr\u00e9e ou formes sp\u00e9ciales, produits co-extrud\u00e9s et farces, en satisfaisant les nouvelles tendances du march\u00e9. La taille des formes peut \u00eatre facilement modifi\u00e9e gr\u00e2ce \u00e0 la flexibilit\u00e9 des syst\u00e8mes pour une production vraiment efficace, dynamique, diff\u00e9rente.<\/p>\n\n\n\n<h4 class=\"wp-block-heading\" id=\"h-caracteristiques-principales\">Caract\u00e9ristiques principales<\/h4>\n\n\n\n<ul class=\"wp-block-list\">\n<li>Concentration \u00e9lev\u00e9e du produit<\/li>\n\n\n\n<li>Formage net des contours du produit<\/li>\n\n\n\n<li>Contr\u00f4le optimal du poids des portions<\/li>\n\n\n\n<li>Flexibilit\u00e9 des syst\u00e8mes<\/li>\n\n\n\n<li>Syst\u00e8mes conformes aux standards d\u2019hygi\u00e8ne les plus \u00e9lev\u00e9s<\/li>\n<\/ul>\n<\/div>\n<\/div>\n<\/div>\n","protected":false},"excerpt":{"rendered":"<p>Le succ\u00e8s d\u2019un producteur se base souvent sur les innovations du produit. Risco supporte la r\u00e9alisation de nouveaux produits alimentaires [&hellip;]<\/p>\n","protected":false},"author":4,"featured_media":18382,"parent":4166,"menu_order":66,"comment_status":"closed","ping_status":"closed","template":"products-page.php","meta":{"_acf_changed":false,"inline_featured_image":false,"_uag_custom_page_level_css":"","site-sidebar-layout":"no-sidebar","site-content-layout":"","ast-site-content-layout":"default","site-content-style":"default","site-sidebar-style":"default","ast-global-header-display":"","ast-banner-title-visibility":"","ast-main-header-display":"","ast-hfb-above-header-display":"","ast-hfb-below-header-display":"","ast-hfb-mobile-header-display":"","site-post-title":"","ast-breadcrumbs-content":"","ast-featured-img":"disabled","footer-sml-layout":"","ast-disable-related-posts":"","theme-transparent-header-meta":"","adv-header-id-meta":"","stick-header-meta":"","header-above-stick-meta":"","header-main-stick-meta":"","header-below-stick-meta":"","astra-migrate-meta-layouts":"default","ast-page-background-enabled":"default","ast-page-background-meta":{"desktop":{"background-color":"var(--ast-global-color-4)","background-image":"","background-repeat":"repeat","background-position":"center center","background-size":"auto","background-attachment":"scroll","background-type":"","background-media":"","overlay-type":"","overlay-color":"","overlay-opacity":"","overlay-gradient":""},"tablet":{"background-color":"","background-image":"","background-repeat":"repeat","background-position":"center center","background-size":"auto","background-attachment":"scroll","background-type":"","background-media":"","overlay-type":"","overlay-color":"","overlay-opacity":"","overlay-gradient":""},"mobile":{"background-color":"","background-image":"","background-repeat":"repeat","background-position":"center center","background-size":"auto","background-attachment":"scroll","background-type":"","background-media":"","overlay-type":"","overlay-color":"","overlay-opacity":"","overlay-gradient":""}},"ast-content-background-meta":{"desktop":{"background-color":"var(--ast-global-color-5)","background-image":"","background-repeat":"repeat","background-position":"center center","background-size":"auto","background-attachment":"scroll","background-type":"","background-media":"","overlay-type":"","overlay-color":"","overlay-opacity":"","overlay-gradient":""},"tablet":{"background-color":"var(--ast-global-color-5)","background-image":"","background-repeat":"repeat","background-position":"center center","background-size":"auto","background-attachment":"scroll","background-type":"","background-media":"","overlay-type":"","overlay-color":"","overlay-opacity":"","overlay-gradient":""},"mobile":{"background-color":"var(--ast-global-color-5)","background-image":"","background-repeat":"repeat","background-position":"center center","background-size":"auto","background-attachment":"scroll","background-type":"","background-media":"","overlay-type":"","overlay-color":"","overlay-opacity":"","overlay-gradient":""}},"footnotes":""},"class_list":["post-4246","page","type-page","status-publish","has-post-thumbnail","hentry"],"acf":[],"yoast_head":"<!-- This site is optimized with the Yoast SEO Premium plugin v22.0 (Yoast SEO v27.1.1) - https:\/\/yoast.com\/product\/yoast-seo-premium-wordpress\/ -->\n<title>Formage - Risco<\/title>\n<meta name=\"robots\" content=\"index, follow, max-snippet:-1, max-image-preview:large, max-video-preview:-1\" \/>\n<link rel=\"canonical\" href=\"https:\/\/www.risco.it\/fr\/applications\/type-de-transformation\/formage\/\" \/>\n<meta property=\"og:locale\" content=\"fr_FR\" \/>\n<meta property=\"og:type\" content=\"article\" \/>\n<meta property=\"og:title\" content=\"Formage\" \/>\n<meta property=\"og:description\" content=\"Le succ\u00e8s d\u2019un producteur se base souvent sur les innovations du produit. Risco supporte la r\u00e9alisation de nouveaux produits alimentaires [&hellip;]\" \/>\n<meta property=\"og:url\" content=\"https:\/\/www.risco.it\/fr\/applications\/type-de-transformation\/formage\/\" \/>\n<meta property=\"og:site_name\" content=\"Risco\" \/>\n<meta property=\"article:modified_time\" content=\"2025-03-10T17:22:24+00:00\" \/>\n<meta property=\"og:image\" content=\"https:\/\/www.risco.it\/wp-content\/uploads\/2024\/05\/ATM-formed-burger.jpg\" \/>\n\t<meta property=\"og:image:width\" content=\"600\" \/>\n\t<meta property=\"og:image:height\" content=\"601\" \/>\n\t<meta property=\"og:image:type\" content=\"image\/jpeg\" \/>\n<meta name=\"twitter:card\" content=\"summary_large_image\" \/>\n<meta name=\"twitter:label1\" content=\"Dur\u00e9e de lecture estim\u00e9e\" \/>\n\t<meta name=\"twitter:data1\" content=\"1 minute\" \/>\n<!-- \/ Yoast SEO Premium plugin. -->","yoast_head_json":{"title":"Formage - Risco","robots":{"index":"index","follow":"follow","max-snippet":"max-snippet:-1","max-image-preview":"max-image-preview:large","max-video-preview":"max-video-preview:-1"},"canonical":"https:\/\/www.risco.it\/fr\/applications\/type-de-transformation\/formage\/","og_locale":"fr_FR","og_type":"article","og_title":"Formage","og_description":"Le succ\u00e8s d\u2019un producteur se base souvent sur les innovations du produit. Risco supporte la r\u00e9alisation de nouveaux produits alimentaires [&hellip;]","og_url":"https:\/\/www.risco.it\/fr\/applications\/type-de-transformation\/formage\/","og_site_name":"Risco","article_modified_time":"2025-03-10T17:22:24+00:00","og_image":[{"width":600,"height":601,"url":"https:\/\/www.risco.it\/wp-content\/uploads\/2024\/05\/ATM-formed-burger.jpg","type":"image\/jpeg"}],"twitter_card":"summary_large_image","twitter_misc":{"Dur\u00e9e de lecture estim\u00e9e":"1 minute"},"schema":{"@context":"https:\/\/schema.org","@graph":[{"@type":"WebPage","@id":"https:\/\/www.risco.it\/fr\/applications\/type-de-transformation\/formage\/","url":"https:\/\/www.risco.it\/fr\/applications\/type-de-transformation\/formage\/","name":"Formage - Risco","isPartOf":{"@id":"https:\/\/www.risco.it\/fr\/#website"},"primaryImageOfPage":{"@id":"https:\/\/www.risco.it\/fr\/applications\/type-de-transformation\/formage\/#primaryimage"},"image":{"@id":"https:\/\/www.risco.it\/fr\/applications\/type-de-transformation\/formage\/#primaryimage"},"thumbnailUrl":"https:\/\/www.risco.it\/wp-content\/uploads\/2025\/04\/forming-risco-g.jpeg","datePublished":"2018-04-11T10:05:12+00:00","dateModified":"2025-03-10T17:22:24+00:00","breadcrumb":{"@id":"https:\/\/www.risco.it\/fr\/applications\/type-de-transformation\/formage\/#breadcrumb"},"inLanguage":"fr-FR","potentialAction":[{"@type":"ReadAction","target":["https:\/\/www.risco.it\/fr\/applications\/type-de-transformation\/formage\/"]}]},{"@type":"ImageObject","inLanguage":"fr-FR","@id":"https:\/\/www.risco.it\/fr\/applications\/type-de-transformation\/formage\/#primaryimage","url":"https:\/\/www.risco.it\/wp-content\/uploads\/2025\/04\/forming-risco-g.jpeg","contentUrl":"https:\/\/www.risco.it\/wp-content\/uploads\/2025\/04\/forming-risco-g.jpeg","width":1280,"height":853},{"@type":"BreadcrumbList","@id":"https:\/\/www.risco.it\/fr\/applications\/type-de-transformation\/formage\/#breadcrumb","itemListElement":[{"@type":"ListItem","position":1,"name":"Home","item":"https:\/\/www.risco.it\/fr\/"},{"@type":"ListItem","position":2,"name":"Applications","item":"https:\/\/www.risco.it\/fr\/applications\/"},{"@type":"ListItem","position":3,"name":"Type de transformation","item":"https:\/\/www.risco.it\/fr\/applications\/type-de-transformation\/"},{"@type":"ListItem","position":4,"name":"Formage"}]},{"@type":"WebSite","@id":"https:\/\/www.risco.it\/fr\/#website","url":"https:\/\/www.risco.it\/fr\/","name":"Risco","description":"Vacuum fillers and meat processing machines","publisher":{"@id":"https:\/\/www.risco.it\/fr\/#organization"},"potentialAction":[{"@type":"SearchAction","target":{"@type":"EntryPoint","urlTemplate":"https:\/\/www.risco.it\/fr\/?s={search_term_string}"},"query-input":{"@type":"PropertyValueSpecification","valueRequired":true,"valueName":"search_term_string"}}],"inLanguage":"fr-FR"},{"@type":"Organization","@id":"https:\/\/www.risco.it\/fr\/#organization","name":"Risco","url":"https:\/\/www.risco.it\/fr\/","logo":{"@type":"ImageObject","inLanguage":"fr-FR","@id":"https:\/\/www.risco.it\/fr\/#\/schema\/logo\/image\/","url":"https:\/\/www.risco.it\/wp-content\/uploads\/2020\/12\/Risco_logo.svg","contentUrl":"https:\/\/www.risco.it\/wp-content\/uploads\/2020\/12\/Risco_logo.svg","caption":"Risco"},"image":{"@id":"https:\/\/www.risco.it\/fr\/#\/schema\/logo\/image\/"}}]}},"uagb_featured_image_src":{"full":["https:\/\/www.risco.it\/wp-content\/uploads\/2025\/04\/forming-risco-g.jpeg",1280,853,false],"thumbnail":["https:\/\/www.risco.it\/wp-content\/uploads\/2025\/04\/forming-risco-g-150x100.jpeg",150,100,true],"medium":["https:\/\/www.risco.it\/wp-content\/uploads\/2025\/04\/forming-risco-g-300x200.jpeg",300,200,true],"medium_large":["https:\/\/www.risco.it\/wp-content\/uploads\/2025\/04\/forming-risco-g-768x512.jpeg",768,512,true],"large":["https:\/\/www.risco.it\/wp-content\/uploads\/2025\/04\/forming-risco-g-1024x682.jpeg",1024,682,true],"1536x1536":["https:\/\/www.risco.it\/wp-content\/uploads\/2025\/04\/forming-risco-g.jpeg",1280,853,false],"2048x2048":["https:\/\/www.risco.it\/wp-content\/uploads\/2025\/04\/forming-risco-g.jpeg",1280,853,false]},"uagb_author_info":{"display_name":"tradenet","author_link":"https:\/\/www.risco.it\/fr\/author\/admintradenet\/"},"uagb_comment_info":0,"uagb_excerpt":"Le succ\u00e8s d\u2019un producteur se base souvent sur les innovations du produit. Risco supporte la r\u00e9alisation de nouveaux produits alimentaires [&hellip;]","_links":{"self":[{"href":"https:\/\/www.risco.it\/fr\/wp-json\/wp\/v2\/pages\/4246","targetHints":{"allow":["GET"]}}],"collection":[{"href":"https:\/\/www.risco.it\/fr\/wp-json\/wp\/v2\/pages"}],"about":[{"href":"https:\/\/www.risco.it\/fr\/wp-json\/wp\/v2\/types\/page"}],"author":[{"embeddable":true,"href":"https:\/\/www.risco.it\/fr\/wp-json\/wp\/v2\/users\/4"}],"replies":[{"embeddable":true,"href":"https:\/\/www.risco.it\/fr\/wp-json\/wp\/v2\/comments?post=4246"}],"version-history":[{"count":8,"href":"https:\/\/www.risco.it\/fr\/wp-json\/wp\/v2\/pages\/4246\/revisions"}],"predecessor-version":[{"id":17668,"href":"https:\/\/www.risco.it\/fr\/wp-json\/wp\/v2\/pages\/4246\/revisions\/17668"}],"up":[{"embeddable":true,"href":"https:\/\/www.risco.it\/fr\/wp-json\/wp\/v2\/pages\/4166"}],"wp:featuredmedia":[{"embeddable":true,"href":"https:\/\/www.risco.it\/fr\/wp-json\/wp\/v2\/media\/18382"}],"wp:attachment":[{"href":"https:\/\/www.risco.it\/fr\/wp-json\/wp\/v2\/media?parent=4246"}],"curies":[{"name":"wp","href":"https:\/\/api.w.org\/{rel}","templated":true}]}}