{"id":7158,"date":"2018-09-24T18:39:48","date_gmt":"2018-09-24T16:39:48","guid":{"rendered":"http:\/\/risco.clientbook.it\/?page_id=7158"},"modified":"2024-06-11T18:05:54","modified_gmt":"2024-06-11T16:05:54","slug":"muscolo-entero","status":"publish","type":"page","link":"https:\/\/www.risco.it\/es\/aplicaciones\/tipo-de-producto\/muscolo-entero\/","title":{"rendered":"M\u00fasculo entero"},"content":{"rendered":"\n<p>La embutici\u00f3n del m\u00fasculo entero requiere de una embutidora industrial al vac\u00edo total construida especialmente para tratar los trozos de carne con m\u00e1xima delicadeza, manteniendo as\u00ed su integridad original. El sistema de rellenar una paleta conc\u00e9ntrica Risco, con alimentaci\u00f3n precisa y continua, y el control obtenido por el servomotor Risco, contribuyen a obtener en este modelo un rendimiento extraordinario. El resultado es un producto de alt\u00edsima calidad, compacto, uniforme y sin aire.<\/p>\n\n\n\n<h2 class=\"wp-block-heading\" id=\"h-productos\">Productos<\/h2>\n\n\n\n<div class=\"wp-block-group application-products is-layout-constrained wp-container-core-group-is-layout-d22ff40a wp-block-group-is-layout-constrained\" style=\"padding-top:0px;padding-right:0px;padding-bottom:0px;padding-left:0px\">\n<div class=\"wp-block-columns is-layout-flex wp-container-core-columns-is-layout-28f84493 wp-block-columns-is-layout-flex\">\n<div class=\"wp-block-column is-layout-flow wp-block-column-is-layout-flow\">\n<figure class=\"wp-block-image size-full\"><img loading=\"lazy\" decoding=\"async\" width=\"601\" height=\"601\" src=\"https:\/\/www.risco.it\/wp-content\/uploads\/2024\/04\/Prosciutto-36503-ritocco.jpg\" alt=\"\" class=\"wp-image-15030\" srcset=\"https:\/\/www.risco.it\/wp-content\/uploads\/2024\/04\/Prosciutto-36503-ritocco.jpg 601w, https:\/\/www.risco.it\/wp-content\/uploads\/2024\/04\/Prosciutto-36503-ritocco-300x300.jpg 300w, https:\/\/www.risco.it\/wp-content\/uploads\/2024\/04\/Prosciutto-36503-ritocco-150x150.jpg 150w\" sizes=\"auto, (max-width: 601px) 100vw, 601px\" \/><\/figure>\n\n\n\n<h4 class=\"wp-block-heading\" id=\"h-jamon\">Jam\u00f3n<\/h4>\n<\/div>\n\n\n\n<div class=\"wp-block-column is-layout-flow wp-block-column-is-layout-flow\">\n<figure class=\"wp-block-image size-full\"><img loading=\"lazy\" decoding=\"async\" width=\"600\" height=\"600\" src=\"https:\/\/www.risco.it\/wp-content\/uploads\/2024\/05\/Mortadella.jpg\" alt=\"\" class=\"wp-image-15795\" srcset=\"https:\/\/www.risco.it\/wp-content\/uploads\/2024\/05\/Mortadella.jpg 600w, https:\/\/www.risco.it\/wp-content\/uploads\/2024\/05\/Mortadella-300x300.jpg 300w, https:\/\/www.risco.it\/wp-content\/uploads\/2024\/05\/Mortadella-150x150.jpg 150w\" sizes=\"auto, (max-width: 600px) 100vw, 600px\" \/><\/figure>\n\n\n\n<h4 class=\"wp-block-heading\" id=\"h-mortadela\">Mortadela<\/h4>\n<\/div>\n<\/div>\n<\/div>\n","protected":false},"excerpt":{"rendered":"<p>La embutici\u00f3n del m\u00fasculo entero requiere de una embutidora industrial al vac\u00edo total construida especialmente para tratar los trozos de [&hellip;]<\/p>\n","protected":false},"author":5,"featured_media":18439,"parent":4344,"menu_order":122,"comment_status":"closed","ping_status":"closed","template":"products-page.php","meta":{"_acf_changed":false,"inline_featured_image":false,"_uag_custom_page_level_css":"","site-sidebar-layout":"no-sidebar","site-content-layout":"","ast-site-content-layout":"normal-width-container","site-content-style":"default","site-sidebar-style":"default","ast-global-header-display":"","ast-banner-title-visibility":"","ast-main-header-display":"","ast-hfb-above-header-display":"","ast-hfb-below-header-display":"","ast-hfb-mobile-header-display":"","site-post-title":"","ast-breadcrumbs-content":"","ast-featured-img":"","footer-sml-layout":"","ast-disable-related-posts":"","theme-transparent-header-meta":"","adv-header-id-meta":"","stick-header-meta":"","header-above-stick-meta":"","header-main-stick-meta":"","header-below-stick-meta":"","astra-migrate-meta-layouts":"default","ast-page-background-enabled":"default","ast-page-background-meta":{"desktop":{"background-color":"var(--ast-global-color-4)","background-image":"","background-repeat":"repeat","background-position":"center center","background-size":"auto","background-attachment":"scroll","background-type":"","background-media":"","overlay-type":"","overlay-color":"","overlay-opacity":"","overlay-gradient":""},"tablet":{"background-color":"","background-image":"","background-repeat":"repeat","background-position":"center center","background-size":"auto","background-attachment":"scroll","background-type":"","background-media":"","overlay-type":"","overlay-color":"","overlay-opacity":"","overlay-gradient":""},"mobile":{"background-color":"","background-image":"","background-repeat":"repeat","background-position":"center center","background-size":"auto","background-attachment":"scroll","background-type":"","background-media":"","overlay-type":"","overlay-color":"","overlay-opacity":"","overlay-gradient":""}},"ast-content-background-meta":{"desktop":{"background-color":"var(--ast-global-color-5)","background-image":"","background-repeat":"repeat","background-position":"center center","background-size":"auto","background-attachment":"scroll","background-type":"","background-media":"","overlay-type":"","overlay-color":"","overlay-opacity":"","overlay-gradient":""},"tablet":{"background-color":"var(--ast-global-color-5)","background-image":"","background-repeat":"repeat","background-position":"center center","background-size":"auto","background-attachment":"scroll","background-type":"","background-media":"","overlay-type":"","overlay-color":"","overlay-opacity":"","overlay-gradient":""},"mobile":{"background-color":"var(--ast-global-color-5)","background-image":"","background-repeat":"repeat","background-position":"center center","background-size":"auto","background-attachment":"scroll","background-type":"","background-media":"","overlay-type":"","overlay-color":"","overlay-opacity":"","overlay-gradient":""}},"footnotes":""},"class_list":["post-7158","page","type-page","status-publish","has-post-thumbnail","hentry"],"acf":[],"yoast_head":"<!-- This site is optimized with the Yoast SEO Premium plugin v22.0 (Yoast SEO v27.1.1) - https:\/\/yoast.com\/product\/yoast-seo-premium-wordpress\/ -->\n<title>M\u00fasculo entero - Risco<\/title>\n<meta name=\"robots\" content=\"index, follow, max-snippet:-1, max-image-preview:large, max-video-preview:-1\" \/>\n<link rel=\"canonical\" href=\"https:\/\/www.risco.it\/es\/aplicaciones\/tipo-de-producto\/muscolo-entero\/\" \/>\n<meta property=\"og:locale\" content=\"es_ES\" \/>\n<meta property=\"og:type\" content=\"article\" \/>\n<meta property=\"og:title\" content=\"M\u00fasculo entero\" \/>\n<meta property=\"og:description\" content=\"La embutici\u00f3n del m\u00fasculo entero requiere de una embutidora industrial al vac\u00edo total construida especialmente para tratar los trozos de [&hellip;]\" \/>\n<meta property=\"og:url\" content=\"https:\/\/www.risco.it\/es\/aplicaciones\/tipo-de-producto\/muscolo-entero\/\" \/>\n<meta property=\"og:site_name\" content=\"Risco\" \/>\n<meta property=\"article:modified_time\" content=\"2024-06-11T16:05:54+00:00\" \/>\n<meta property=\"og:image\" content=\"https:\/\/www.risco.it\/wp-content\/uploads\/2024\/05\/banner-whole-muscle.jpg\" \/>\n\t<meta property=\"og:image:width\" content=\"1930\" \/>\n\t<meta property=\"og:image:height\" content=\"1082\" \/>\n\t<meta property=\"og:image:type\" content=\"image\/jpeg\" \/>\n<meta name=\"twitter:card\" content=\"summary_large_image\" \/>\n<meta name=\"twitter:label1\" content=\"Tiempo de lectura\" \/>\n\t<meta name=\"twitter:data1\" content=\"1 minuto\" \/>\n<!-- \/ Yoast SEO Premium plugin. -->","yoast_head_json":{"title":"M\u00fasculo entero - Risco","robots":{"index":"index","follow":"follow","max-snippet":"max-snippet:-1","max-image-preview":"max-image-preview:large","max-video-preview":"max-video-preview:-1"},"canonical":"https:\/\/www.risco.it\/es\/aplicaciones\/tipo-de-producto\/muscolo-entero\/","og_locale":"es_ES","og_type":"article","og_title":"M\u00fasculo entero","og_description":"La embutici\u00f3n del m\u00fasculo entero requiere de una embutidora industrial al vac\u00edo total construida especialmente para tratar los trozos de [&hellip;]","og_url":"https:\/\/www.risco.it\/es\/aplicaciones\/tipo-de-producto\/muscolo-entero\/","og_site_name":"Risco","article_modified_time":"2024-06-11T16:05:54+00:00","og_image":[{"width":1930,"height":1082,"url":"https:\/\/www.risco.it\/wp-content\/uploads\/2024\/05\/banner-whole-muscle.jpg","type":"image\/jpeg"}],"twitter_card":"summary_large_image","twitter_misc":{"Tiempo de lectura":"1 minuto"},"schema":{"@context":"https:\/\/schema.org","@graph":[{"@type":"WebPage","@id":"https:\/\/www.risco.it\/es\/aplicaciones\/tipo-de-producto\/muscolo-entero\/","url":"https:\/\/www.risco.it\/es\/aplicaciones\/tipo-de-producto\/muscolo-entero\/","name":"M\u00fasculo entero - Risco","isPartOf":{"@id":"https:\/\/www.risco.it\/es\/#website"},"primaryImageOfPage":{"@id":"https:\/\/www.risco.it\/es\/aplicaciones\/tipo-de-producto\/muscolo-entero\/#primaryimage"},"image":{"@id":"https:\/\/www.risco.it\/es\/aplicaciones\/tipo-de-producto\/muscolo-entero\/#primaryimage"},"thumbnailUrl":"https:\/\/www.risco.it\/wp-content\/uploads\/2025\/04\/Mortadella-con-Fotomontaggio-scaled.jpg","datePublished":"2018-09-24T16:39:48+00:00","dateModified":"2024-06-11T16:05:54+00:00","breadcrumb":{"@id":"https:\/\/www.risco.it\/es\/aplicaciones\/tipo-de-producto\/muscolo-entero\/#breadcrumb"},"inLanguage":"es","potentialAction":[{"@type":"ReadAction","target":["https:\/\/www.risco.it\/es\/aplicaciones\/tipo-de-producto\/muscolo-entero\/"]}]},{"@type":"ImageObject","inLanguage":"es","@id":"https:\/\/www.risco.it\/es\/aplicaciones\/tipo-de-producto\/muscolo-entero\/#primaryimage","url":"https:\/\/www.risco.it\/wp-content\/uploads\/2025\/04\/Mortadella-con-Fotomontaggio-scaled.jpg","contentUrl":"https:\/\/www.risco.it\/wp-content\/uploads\/2025\/04\/Mortadella-con-Fotomontaggio-scaled.jpg","width":2560,"height":1766},{"@type":"BreadcrumbList","@id":"https:\/\/www.risco.it\/es\/aplicaciones\/tipo-de-producto\/muscolo-entero\/#breadcrumb","itemListElement":[{"@type":"ListItem","position":1,"name":"Home","item":"https:\/\/www.risco.it\/es\/"},{"@type":"ListItem","position":2,"name":"Aplicaciones","item":"https:\/\/www.risco.it\/es\/aplicaciones\/"},{"@type":"ListItem","position":3,"name":"Tipo de producto","item":"https:\/\/www.risco.it\/es\/aplicaciones\/tipo-de-producto\/"},{"@type":"ListItem","position":4,"name":"M\u00fasculo entero"}]},{"@type":"WebSite","@id":"https:\/\/www.risco.it\/es\/#website","url":"https:\/\/www.risco.it\/es\/","name":"Risco","description":"Vacuum fillers and meat processing machines","publisher":{"@id":"https:\/\/www.risco.it\/es\/#organization"},"potentialAction":[{"@type":"SearchAction","target":{"@type":"EntryPoint","urlTemplate":"https:\/\/www.risco.it\/es\/?s={search_term_string}"},"query-input":{"@type":"PropertyValueSpecification","valueRequired":true,"valueName":"search_term_string"}}],"inLanguage":"es"},{"@type":"Organization","@id":"https:\/\/www.risco.it\/es\/#organization","name":"Risco","url":"https:\/\/www.risco.it\/es\/","logo":{"@type":"ImageObject","inLanguage":"es","@id":"https:\/\/www.risco.it\/es\/#\/schema\/logo\/image\/","url":"https:\/\/www.risco.it\/wp-content\/uploads\/2020\/12\/Risco_logo.svg","contentUrl":"https:\/\/www.risco.it\/wp-content\/uploads\/2020\/12\/Risco_logo.svg","caption":"Risco"},"image":{"@id":"https:\/\/www.risco.it\/es\/#\/schema\/logo\/image\/"}}]}},"uagb_featured_image_src":{"full":["https:\/\/www.risco.it\/wp-content\/uploads\/2025\/04\/Mortadella-con-Fotomontaggio-scaled.jpg",2560,1766,false],"thumbnail":["https:\/\/www.risco.it\/wp-content\/uploads\/2025\/04\/Mortadella-con-Fotomontaggio-150x104.jpg",150,104,true],"medium":["https:\/\/www.risco.it\/wp-content\/uploads\/2025\/04\/Mortadella-con-Fotomontaggio-300x207.jpg",300,207,true],"medium_large":["https:\/\/www.risco.it\/wp-content\/uploads\/2025\/04\/Mortadella-con-Fotomontaggio-768x530.jpg",768,530,true],"large":["https:\/\/www.risco.it\/wp-content\/uploads\/2025\/04\/Mortadella-con-Fotomontaggio-1024x707.jpg",1024,707,true],"1536x1536":["https:\/\/www.risco.it\/wp-content\/uploads\/2025\/04\/Mortadella-con-Fotomontaggio-1536x1060.jpg",1536,1060,true],"2048x2048":["https:\/\/www.risco.it\/wp-content\/uploads\/2025\/04\/Mortadella-con-Fotomontaggio-2048x1413.jpg",2048,1413,true]},"uagb_author_info":{"display_name":"riscouser","author_link":"https:\/\/www.risco.it\/es\/author\/riscouser\/"},"uagb_comment_info":0,"uagb_excerpt":"La embutici\u00f3n del m\u00fasculo entero requiere de una embutidora industrial al vac\u00edo total construida especialmente para tratar los trozos de [&hellip;]","_links":{"self":[{"href":"https:\/\/www.risco.it\/es\/wp-json\/wp\/v2\/pages\/7158","targetHints":{"allow":["GET"]}}],"collection":[{"href":"https:\/\/www.risco.it\/es\/wp-json\/wp\/v2\/pages"}],"about":[{"href":"https:\/\/www.risco.it\/es\/wp-json\/wp\/v2\/types\/page"}],"author":[{"embeddable":true,"href":"https:\/\/www.risco.it\/es\/wp-json\/wp\/v2\/users\/5"}],"replies":[{"embeddable":true,"href":"https:\/\/www.risco.it\/es\/wp-json\/wp\/v2\/comments?post=7158"}],"version-history":[{"count":11,"href":"https:\/\/www.risco.it\/es\/wp-json\/wp\/v2\/pages\/7158\/revisions"}],"predecessor-version":[{"id":16419,"href":"https:\/\/www.risco.it\/es\/wp-json\/wp\/v2\/pages\/7158\/revisions\/16419"}],"up":[{"embeddable":true,"href":"https:\/\/www.risco.it\/es\/wp-json\/wp\/v2\/pages\/4344"}],"wp:featuredmedia":[{"embeddable":true,"href":"https:\/\/www.risco.it\/es\/wp-json\/wp\/v2\/media\/18439"}],"wp:attachment":[{"href":"https:\/\/www.risco.it\/es\/wp-json\/wp\/v2\/media?parent=7158"}],"curies":[{"name":"wp","href":"https:\/\/api.w.org\/{rel}","templated":true}]}}