{"id":4821,"date":"2018-04-11T11:00:48","date_gmt":"2018-04-11T09:00:48","guid":{"rendered":"http:\/\/risco.clientbook.it\/?page_id=4821"},"modified":"2025-06-05T11:21:31","modified_gmt":"2025-06-05T09:21:31","slug":"risco-equipo-de-colaboradores","status":"publish","type":"page","link":"https:\/\/www.risco.it\/es\/perfil\/risco-equipo-de-colaboradores\/","title":{"rendered":"Risco Equipo de Colaboradores"},"content":{"rendered":"\n<div class=\"wp-block-group is-layout-constrained wp-container-core-group-is-layout-d22ff40a wp-block-group-is-layout-constrained\" style=\"padding-top:0px;padding-right:0px;padding-bottom:0px;padding-left:0px\">\n<h2 class=\"wp-block-heading\" id=\"h-risco-equipo-de-colaboradores\">Risco Equipo de Colaboradores<\/h2>\n\n\n\n<div class=\"wp-block-columns is-layout-flex wp-container-core-columns-is-layout-28f84493 wp-block-columns-is-layout-flex\">\n<div class=\"wp-block-column is-layout-flow wp-block-column-is-layout-flow\">\n<p>El nombre Risco est\u00e1 constituido por personas; la adhesi\u00f3n a un sistema de valores compartidos, basado en la calidad humana, en el desarrollo de sus potencialidades en un contexto internacional, en el entusiasmo empresarial impulsado por la investigaci\u00f3n continua de la innovaci\u00f3n, en el valor de la prestaci\u00f3n conseguida a trav\u00e9s del trabajo de equipo: \u00e9stas son las caracter\u00edsticas fundamentales que contribuyen a constituir nuestro grupo. Risco ha creado un equipo a nivel internacional para mantener y mejorar sus propios productos, personas que se dedican con pasi\u00f3n y energ\u00eda a la b\u00fasqueda diaria de ideas nuevas, participando con su propio compromiso a lograr los objetivos previstos. Competencia, experiencia, capacidad, creatividad son puntos fundamentales en la acci\u00f3n de los equipos de trabajo que cada d\u00eda se comprometen en la empresa para mejorar su prestigio.<\/p>\n<\/div>\n\n\n\n<div class=\"wp-block-column is-layout-flow wp-block-column-is-layout-flow\">\n<figure class=\"wp-block-image size-large is-style-rounded\"><img loading=\"lazy\" decoding=\"async\" width=\"1024\" height=\"576\" src=\"https:\/\/www.risco.it\/wp-content\/uploads\/2023\/05\/team-building-adalah-1200x675-1-1024x576.jpg\" alt=\"\" class=\"wp-image-12175\" \/><\/figure>\n<\/div>\n<\/div>\n<\/div>\n","protected":false},"excerpt":{"rendered":"<p>Risco Equipo de Colaboradores El nombre Risco est\u00e1 constituido por personas; la adhesi\u00f3n a un sistema de valores compartidos, basado [&hellip;]<\/p>\n","protected":false},"author":4,"featured_media":18846,"parent":3913,"menu_order":296,"comment_status":"closed","ping_status":"closed","template":"","meta":{"_acf_changed":false,"inline_featured_image":false,"_uag_custom_page_level_css":"","site-sidebar-layout":"default","site-content-layout":"","ast-site-content-layout":"default","site-content-style":"default","site-sidebar-style":"default","ast-global-header-display":"","ast-banner-title-visibility":"","ast-main-header-display":"","ast-hfb-above-header-display":"","ast-hfb-below-header-display":"","ast-hfb-mobile-header-display":"","site-post-title":"","ast-breadcrumbs-content":"","ast-featured-img":"","footer-sml-layout":"","ast-disable-related-posts":"","theme-transparent-header-meta":"","adv-header-id-meta":"","stick-header-meta":"","header-above-stick-meta":"","header-main-stick-meta":"","header-below-stick-meta":"","astra-migrate-meta-layouts":"default","ast-page-background-enabled":"default","ast-page-background-meta":{"desktop":{"background-color":"var(--ast-global-color-4)","background-image":"","background-repeat":"repeat","background-position":"center center","background-size":"auto","background-attachment":"scroll","background-type":"","background-media":"","overlay-type":"","overlay-color":"","overlay-opacity":"","overlay-gradient":""},"tablet":{"background-color":"","background-image":"","background-repeat":"repeat","background-position":"center center","background-size":"auto","background-attachment":"scroll","background-type":"","background-media":"","overlay-type":"","overlay-color":"","overlay-opacity":"","overlay-gradient":""},"mobile":{"background-color":"","background-image":"","background-repeat":"repeat","background-position":"center center","background-size":"auto","background-attachment":"scroll","background-type":"","background-media":"","overlay-type":"","overlay-color":"","overlay-opacity":"","overlay-gradient":""}},"ast-content-background-meta":{"desktop":{"background-color":"var(--ast-global-color-5)","background-image":"","background-repeat":"repeat","background-position":"center center","background-size":"auto","background-attachment":"scroll","background-type":"","background-media":"","overlay-type":"","overlay-color":"","overlay-opacity":"","overlay-gradient":""},"tablet":{"background-color":"var(--ast-global-color-5)","background-image":"","background-repeat":"repeat","background-position":"center center","background-size":"auto","background-attachment":"scroll","background-type":"","background-media":"","overlay-type":"","overlay-color":"","overlay-opacity":"","overlay-gradient":""},"mobile":{"background-color":"var(--ast-global-color-5)","background-image":"","background-repeat":"repeat","background-position":"center center","background-size":"auto","background-attachment":"scroll","background-type":"","background-media":"","overlay-type":"","overlay-color":"","overlay-opacity":"","overlay-gradient":""}},"footnotes":""},"class_list":["post-4821","page","type-page","status-publish","has-post-thumbnail","hentry"],"acf":[],"yoast_head":"<!-- This site is optimized with the Yoast SEO Premium plugin v22.0 (Yoast SEO v27.1.1) - https:\/\/yoast.com\/product\/yoast-seo-premium-wordpress\/ -->\n<title>Risco Equipo de Colaboradores - Risco<\/title>\n<meta name=\"robots\" content=\"index, follow, max-snippet:-1, max-image-preview:large, max-video-preview:-1\" \/>\n<link rel=\"canonical\" href=\"https:\/\/www.risco.it\/es\/perfil\/risco-equipo-de-colaboradores\/\" \/>\n<meta property=\"og:locale\" content=\"es_ES\" \/>\n<meta property=\"og:type\" content=\"article\" \/>\n<meta property=\"og:title\" content=\"Risco Equipo de Colaboradores\" \/>\n<meta property=\"og:description\" content=\"Risco Equipo de Colaboradores El nombre Risco est\u00e1 constituido por personas; la adhesi\u00f3n a un sistema de valores compartidos, basado [&hellip;]\" \/>\n<meta property=\"og:url\" content=\"https:\/\/www.risco.it\/es\/perfil\/risco-equipo-de-colaboradores\/\" \/>\n<meta property=\"og:site_name\" content=\"Risco\" \/>\n<meta property=\"article:modified_time\" content=\"2025-06-05T09:21:31+00:00\" \/>\n<meta property=\"og:image\" content=\"https:\/\/www.risco.it\/wp-content\/uploads\/2025\/06\/028-2-copia.webp\" \/>\n\t<meta property=\"og:image:width\" content=\"1920\" \/>\n\t<meta property=\"og:image:height\" content=\"1280\" \/>\n\t<meta property=\"og:image:type\" content=\"image\/webp\" \/>\n<meta name=\"twitter:card\" content=\"summary_large_image\" \/>\n<meta name=\"twitter:label1\" content=\"Tiempo de lectura\" \/>\n\t<meta name=\"twitter:data1\" content=\"2 minutos\" \/>\n<!-- \/ Yoast SEO Premium plugin. -->","yoast_head_json":{"title":"Risco Equipo de Colaboradores - Risco","robots":{"index":"index","follow":"follow","max-snippet":"max-snippet:-1","max-image-preview":"max-image-preview:large","max-video-preview":"max-video-preview:-1"},"canonical":"https:\/\/www.risco.it\/es\/perfil\/risco-equipo-de-colaboradores\/","og_locale":"es_ES","og_type":"article","og_title":"Risco Equipo de Colaboradores","og_description":"Risco Equipo de Colaboradores El nombre Risco est\u00e1 constituido por personas; la adhesi\u00f3n a un sistema de valores compartidos, basado [&hellip;]","og_url":"https:\/\/www.risco.it\/es\/perfil\/risco-equipo-de-colaboradores\/","og_site_name":"Risco","article_modified_time":"2025-06-05T09:21:31+00:00","og_image":[{"width":1920,"height":1280,"url":"https:\/\/www.risco.it\/wp-content\/uploads\/2025\/06\/028-2-copia.webp","type":"image\/webp"}],"twitter_card":"summary_large_image","twitter_misc":{"Tiempo de lectura":"2 minutos"},"schema":{"@context":"https:\/\/schema.org","@graph":[{"@type":"WebPage","@id":"https:\/\/www.risco.it\/es\/perfil\/risco-equipo-de-colaboradores\/","url":"https:\/\/www.risco.it\/es\/perfil\/risco-equipo-de-colaboradores\/","name":"Risco Equipo de Colaboradores - Risco","isPartOf":{"@id":"https:\/\/www.risco.it\/es\/#website"},"primaryImageOfPage":{"@id":"https:\/\/www.risco.it\/es\/perfil\/risco-equipo-de-colaboradores\/#primaryimage"},"image":{"@id":"https:\/\/www.risco.it\/es\/perfil\/risco-equipo-de-colaboradores\/#primaryimage"},"thumbnailUrl":"https:\/\/www.risco.it\/wp-content\/uploads\/2025\/06\/028-2-copia.webp","datePublished":"2018-04-11T09:00:48+00:00","dateModified":"2025-06-05T09:21:31+00:00","breadcrumb":{"@id":"https:\/\/www.risco.it\/es\/perfil\/risco-equipo-de-colaboradores\/#breadcrumb"},"inLanguage":"es","potentialAction":[{"@type":"ReadAction","target":["https:\/\/www.risco.it\/es\/perfil\/risco-equipo-de-colaboradores\/"]}]},{"@type":"ImageObject","inLanguage":"es","@id":"https:\/\/www.risco.it\/es\/perfil\/risco-equipo-de-colaboradores\/#primaryimage","url":"https:\/\/www.risco.it\/wp-content\/uploads\/2025\/06\/028-2-copia.webp","contentUrl":"https:\/\/www.risco.it\/wp-content\/uploads\/2025\/06\/028-2-copia.webp","width":1920,"height":1280},{"@type":"BreadcrumbList","@id":"https:\/\/www.risco.it\/es\/perfil\/risco-equipo-de-colaboradores\/#breadcrumb","itemListElement":[{"@type":"ListItem","position":1,"name":"Home","item":"https:\/\/www.risco.it\/es\/"},{"@type":"ListItem","position":2,"name":"Perfil","item":"https:\/\/www.risco.it\/es\/perfil\/"},{"@type":"ListItem","position":3,"name":"Risco Equipo de Colaboradores"}]},{"@type":"WebSite","@id":"https:\/\/www.risco.it\/es\/#website","url":"https:\/\/www.risco.it\/es\/","name":"Risco","description":"Vacuum fillers and meat processing machines","publisher":{"@id":"https:\/\/www.risco.it\/es\/#organization"},"potentialAction":[{"@type":"SearchAction","target":{"@type":"EntryPoint","urlTemplate":"https:\/\/www.risco.it\/es\/?s={search_term_string}"},"query-input":{"@type":"PropertyValueSpecification","valueRequired":true,"valueName":"search_term_string"}}],"inLanguage":"es"},{"@type":"Organization","@id":"https:\/\/www.risco.it\/es\/#organization","name":"Risco","url":"https:\/\/www.risco.it\/es\/","logo":{"@type":"ImageObject","inLanguage":"es","@id":"https:\/\/www.risco.it\/es\/#\/schema\/logo\/image\/","url":"https:\/\/www.risco.it\/wp-content\/uploads\/2020\/12\/Risco_logo.svg","contentUrl":"https:\/\/www.risco.it\/wp-content\/uploads\/2020\/12\/Risco_logo.svg","caption":"Risco"},"image":{"@id":"https:\/\/www.risco.it\/es\/#\/schema\/logo\/image\/"}}]}},"uagb_featured_image_src":{"full":["https:\/\/www.risco.it\/wp-content\/uploads\/2025\/06\/028-2-copia.webp",1920,1280,false],"thumbnail":["https:\/\/www.risco.it\/wp-content\/uploads\/2025\/06\/028-2-copia-150x100.webp",150,100,true],"medium":["https:\/\/www.risco.it\/wp-content\/uploads\/2025\/06\/028-2-copia-300x200.webp",300,200,true],"medium_large":["https:\/\/www.risco.it\/wp-content\/uploads\/2025\/06\/028-2-copia-768x512.webp",768,512,true],"large":["https:\/\/www.risco.it\/wp-content\/uploads\/2025\/06\/028-2-copia-1024x683.webp",1024,683,true],"1536x1536":["https:\/\/www.risco.it\/wp-content\/uploads\/2025\/06\/028-2-copia-1536x1024.webp",1536,1024,true],"2048x2048":["https:\/\/www.risco.it\/wp-content\/uploads\/2025\/06\/028-2-copia.webp",1920,1280,false]},"uagb_author_info":{"display_name":"tradenet","author_link":"https:\/\/www.risco.it\/es\/author\/admintradenet\/"},"uagb_comment_info":0,"uagb_excerpt":"Risco Equipo de Colaboradores El nombre Risco est\u00e1 constituido por personas; la adhesi\u00f3n a un sistema de valores compartidos, basado [&hellip;]","_links":{"self":[{"href":"https:\/\/www.risco.it\/es\/wp-json\/wp\/v2\/pages\/4821","targetHints":{"allow":["GET"]}}],"collection":[{"href":"https:\/\/www.risco.it\/es\/wp-json\/wp\/v2\/pages"}],"about":[{"href":"https:\/\/www.risco.it\/es\/wp-json\/wp\/v2\/types\/page"}],"author":[{"embeddable":true,"href":"https:\/\/www.risco.it\/es\/wp-json\/wp\/v2\/users\/4"}],"replies":[{"embeddable":true,"href":"https:\/\/www.risco.it\/es\/wp-json\/wp\/v2\/comments?post=4821"}],"version-history":[{"count":15,"href":"https:\/\/www.risco.it\/es\/wp-json\/wp\/v2\/pages\/4821\/revisions"}],"predecessor-version":[{"id":16243,"href":"https:\/\/www.risco.it\/es\/wp-json\/wp\/v2\/pages\/4821\/revisions\/16243"}],"up":[{"embeddable":true,"href":"https:\/\/www.risco.it\/es\/wp-json\/wp\/v2\/pages\/3913"}],"wp:featuredmedia":[{"embeddable":true,"href":"https:\/\/www.risco.it\/es\/wp-json\/wp\/v2\/media\/18846"}],"wp:attachment":[{"href":"https:\/\/www.risco.it\/es\/wp-json\/wp\/v2\/media?parent=4821"}],"curies":[{"name":"wp","href":"https:\/\/api.w.org\/{rel}","templated":true}]}}