{"id":4781,"date":"2018-04-11T11:04:27","date_gmt":"2018-04-11T09:04:27","guid":{"rendered":"http:\/\/risco.clientbook.it\/?page_id=4781"},"modified":"2025-06-05T11:23:08","modified_gmt":"2025-06-05T09:23:08","slug":"medioambiente","status":"publish","type":"page","link":"https:\/\/www.risco.it\/es\/perfil\/medioambiente\/","title":{"rendered":"Medioambiente"},"content":{"rendered":"\n<div class=\"wp-block-group is-layout-constrained wp-container-core-group-is-layout-d22ff40a wp-block-group-is-layout-constrained\" style=\"padding-top:0px;padding-right:0px;padding-bottom:0px;padding-left:0px\">\n<h2 class=\"wp-block-heading\" id=\"h-medioambiente\">Medioambiente<\/h2>\n\n\n\n<div class=\"wp-block-columns is-layout-flex wp-container-core-columns-is-layout-28f84493 wp-block-columns-is-layout-flex\">\n<div class=\"wp-block-column is-layout-flow wp-block-column-is-layout-flow\">\n<p>Risco adopta los procedimientos m\u00e1s modernos para proteger el medioambiente. Los certificados medioambientales obtenidos por la empresa demuestran el compromiso constante de Risco en la defensa y en la protecci\u00f3n del medioambiente, a trav\u00e9s de una inversi\u00f3n continua de recursos. El personal encargado, a trav\u00e9s de cursos y reuniones impartidos por las directivas UE, se encarga de la puesta en pr\u00e1ctica de procedimientos que tienen el objetivo de garantizar la protecci\u00f3n del medioambiente y la eliminaci\u00f3n de impacto ambiental de la propia producci\u00f3n.<\/p>\n<\/div>\n\n\n\n<div class=\"wp-block-column is-layout-flow wp-block-column-is-layout-flow\">\n<figure class=\"wp-block-image size-full is-style-rounded\"><img loading=\"lazy\" decoding=\"async\" width=\"421\" height=\"230\" src=\"https:\/\/www.risco.it\/wp-content\/uploads\/2023\/04\/enironment.jpg\" alt=\"\" class=\"wp-image-11956\" srcset=\"https:\/\/www.risco.it\/wp-content\/uploads\/2023\/04\/enironment.jpg 421w, https:\/\/www.risco.it\/wp-content\/uploads\/2023\/04\/enironment-300x164.jpg 300w, https:\/\/www.risco.it\/wp-content\/uploads\/2023\/04\/enironment-150x82.jpg 150w\" sizes=\"auto, (max-width: 421px) 100vw, 421px\" \/><\/figure>\n<\/div>\n<\/div>\n<\/div>\n","protected":false},"excerpt":{"rendered":"<p>Medioambiente Risco adopta los procedimientos m\u00e1s modernos para proteger el medioambiente. Los certificados medioambientales obtenidos por la empresa demuestran el [&hellip;]<\/p>\n","protected":false},"author":4,"featured_media":18846,"parent":3913,"menu_order":286,"comment_status":"closed","ping_status":"closed","template":"","meta":{"_acf_changed":false,"inline_featured_image":false,"_uag_custom_page_level_css":"","site-sidebar-layout":"default","site-content-layout":"","ast-site-content-layout":"default","site-content-style":"default","site-sidebar-style":"default","ast-global-header-display":"","ast-banner-title-visibility":"","ast-main-header-display":"","ast-hfb-above-header-display":"","ast-hfb-below-header-display":"","ast-hfb-mobile-header-display":"","site-post-title":"","ast-breadcrumbs-content":"","ast-featured-img":"","footer-sml-layout":"","ast-disable-related-posts":"","theme-transparent-header-meta":"","adv-header-id-meta":"","stick-header-meta":"","header-above-stick-meta":"","header-main-stick-meta":"","header-below-stick-meta":"","astra-migrate-meta-layouts":"default","ast-page-background-enabled":"default","ast-page-background-meta":{"desktop":{"background-color":"var(--ast-global-color-4)","background-image":"","background-repeat":"repeat","background-position":"center center","background-size":"auto","background-attachment":"scroll","background-type":"","background-media":"","overlay-type":"","overlay-color":"","overlay-opacity":"","overlay-gradient":""},"tablet":{"background-color":"","background-image":"","background-repeat":"repeat","background-position":"center center","background-size":"auto","background-attachment":"scroll","background-type":"","background-media":"","overlay-type":"","overlay-color":"","overlay-opacity":"","overlay-gradient":""},"mobile":{"background-color":"","background-image":"","background-repeat":"repeat","background-position":"center center","background-size":"auto","background-attachment":"scroll","background-type":"","background-media":"","overlay-type":"","overlay-color":"","overlay-opacity":"","overlay-gradient":""}},"ast-content-background-meta":{"desktop":{"background-color":"var(--ast-global-color-5)","background-image":"","background-repeat":"repeat","background-position":"center center","background-size":"auto","background-attachment":"scroll","background-type":"","background-media":"","overlay-type":"","overlay-color":"","overlay-opacity":"","overlay-gradient":""},"tablet":{"background-color":"var(--ast-global-color-5)","background-image":"","background-repeat":"repeat","background-position":"center center","background-size":"auto","background-attachment":"scroll","background-type":"","background-media":"","overlay-type":"","overlay-color":"","overlay-opacity":"","overlay-gradient":""},"mobile":{"background-color":"var(--ast-global-color-5)","background-image":"","background-repeat":"repeat","background-position":"center center","background-size":"auto","background-attachment":"scroll","background-type":"","background-media":"","overlay-type":"","overlay-color":"","overlay-opacity":"","overlay-gradient":""}},"footnotes":""},"class_list":["post-4781","page","type-page","status-publish","has-post-thumbnail","hentry"],"acf":[],"yoast_head":"<!-- This site is optimized with the Yoast SEO Premium plugin v22.0 (Yoast SEO v27.1.1) - https:\/\/yoast.com\/product\/yoast-seo-premium-wordpress\/ -->\n<title>Medioambiente - Risco<\/title>\n<meta name=\"robots\" content=\"index, follow, max-snippet:-1, max-image-preview:large, max-video-preview:-1\" \/>\n<link rel=\"canonical\" href=\"https:\/\/www.risco.it\/es\/perfil\/medioambiente\/\" \/>\n<meta property=\"og:locale\" content=\"es_ES\" \/>\n<meta property=\"og:type\" content=\"article\" \/>\n<meta property=\"og:title\" content=\"Medioambiente\" \/>\n<meta property=\"og:description\" content=\"Medioambiente Risco adopta los procedimientos m\u00e1s modernos para proteger el medioambiente. Los certificados medioambientales obtenidos por la empresa demuestran el [&hellip;]\" \/>\n<meta property=\"og:url\" content=\"https:\/\/www.risco.it\/es\/perfil\/medioambiente\/\" \/>\n<meta property=\"og:site_name\" content=\"Risco\" \/>\n<meta property=\"article:modified_time\" content=\"2025-06-05T09:23:08+00:00\" \/>\n<meta property=\"og:image\" content=\"https:\/\/www.risco.it\/wp-content\/uploads\/2025\/06\/028-2-copia.webp\" \/>\n\t<meta property=\"og:image:width\" content=\"1920\" \/>\n\t<meta property=\"og:image:height\" content=\"1280\" \/>\n\t<meta property=\"og:image:type\" content=\"image\/webp\" \/>\n<meta name=\"twitter:card\" content=\"summary_large_image\" \/>\n<meta name=\"twitter:label1\" content=\"Tiempo de lectura\" \/>\n\t<meta name=\"twitter:data1\" content=\"1 minuto\" \/>\n<!-- \/ Yoast SEO Premium plugin. -->","yoast_head_json":{"title":"Medioambiente - Risco","robots":{"index":"index","follow":"follow","max-snippet":"max-snippet:-1","max-image-preview":"max-image-preview:large","max-video-preview":"max-video-preview:-1"},"canonical":"https:\/\/www.risco.it\/es\/perfil\/medioambiente\/","og_locale":"es_ES","og_type":"article","og_title":"Medioambiente","og_description":"Medioambiente Risco adopta los procedimientos m\u00e1s modernos para proteger el medioambiente. Los certificados medioambientales obtenidos por la empresa demuestran el [&hellip;]","og_url":"https:\/\/www.risco.it\/es\/perfil\/medioambiente\/","og_site_name":"Risco","article_modified_time":"2025-06-05T09:23:08+00:00","og_image":[{"width":1920,"height":1280,"url":"https:\/\/www.risco.it\/wp-content\/uploads\/2025\/06\/028-2-copia.webp","type":"image\/webp"}],"twitter_card":"summary_large_image","twitter_misc":{"Tiempo de lectura":"1 minuto"},"schema":{"@context":"https:\/\/schema.org","@graph":[{"@type":"WebPage","@id":"https:\/\/www.risco.it\/es\/perfil\/medioambiente\/","url":"https:\/\/www.risco.it\/es\/perfil\/medioambiente\/","name":"Medioambiente - Risco","isPartOf":{"@id":"https:\/\/www.risco.it\/es\/#website"},"primaryImageOfPage":{"@id":"https:\/\/www.risco.it\/es\/perfil\/medioambiente\/#primaryimage"},"image":{"@id":"https:\/\/www.risco.it\/es\/perfil\/medioambiente\/#primaryimage"},"thumbnailUrl":"https:\/\/www.risco.it\/wp-content\/uploads\/2025\/06\/028-2-copia.webp","datePublished":"2018-04-11T09:04:27+00:00","dateModified":"2025-06-05T09:23:08+00:00","breadcrumb":{"@id":"https:\/\/www.risco.it\/es\/perfil\/medioambiente\/#breadcrumb"},"inLanguage":"es","potentialAction":[{"@type":"ReadAction","target":["https:\/\/www.risco.it\/es\/perfil\/medioambiente\/"]}]},{"@type":"ImageObject","inLanguage":"es","@id":"https:\/\/www.risco.it\/es\/perfil\/medioambiente\/#primaryimage","url":"https:\/\/www.risco.it\/wp-content\/uploads\/2025\/06\/028-2-copia.webp","contentUrl":"https:\/\/www.risco.it\/wp-content\/uploads\/2025\/06\/028-2-copia.webp","width":1920,"height":1280},{"@type":"BreadcrumbList","@id":"https:\/\/www.risco.it\/es\/perfil\/medioambiente\/#breadcrumb","itemListElement":[{"@type":"ListItem","position":1,"name":"Home","item":"https:\/\/www.risco.it\/es\/"},{"@type":"ListItem","position":2,"name":"Perfil","item":"https:\/\/www.risco.it\/es\/perfil\/"},{"@type":"ListItem","position":3,"name":"Medioambiente"}]},{"@type":"WebSite","@id":"https:\/\/www.risco.it\/es\/#website","url":"https:\/\/www.risco.it\/es\/","name":"Risco","description":"Vacuum fillers and meat processing machines","publisher":{"@id":"https:\/\/www.risco.it\/es\/#organization"},"potentialAction":[{"@type":"SearchAction","target":{"@type":"EntryPoint","urlTemplate":"https:\/\/www.risco.it\/es\/?s={search_term_string}"},"query-input":{"@type":"PropertyValueSpecification","valueRequired":true,"valueName":"search_term_string"}}],"inLanguage":"es"},{"@type":"Organization","@id":"https:\/\/www.risco.it\/es\/#organization","name":"Risco","url":"https:\/\/www.risco.it\/es\/","logo":{"@type":"ImageObject","inLanguage":"es","@id":"https:\/\/www.risco.it\/es\/#\/schema\/logo\/image\/","url":"https:\/\/www.risco.it\/wp-content\/uploads\/2020\/12\/Risco_logo.svg","contentUrl":"https:\/\/www.risco.it\/wp-content\/uploads\/2020\/12\/Risco_logo.svg","caption":"Risco"},"image":{"@id":"https:\/\/www.risco.it\/es\/#\/schema\/logo\/image\/"}}]}},"uagb_featured_image_src":{"full":["https:\/\/www.risco.it\/wp-content\/uploads\/2025\/06\/028-2-copia.webp",1920,1280,false],"thumbnail":["https:\/\/www.risco.it\/wp-content\/uploads\/2025\/06\/028-2-copia-150x100.webp",150,100,true],"medium":["https:\/\/www.risco.it\/wp-content\/uploads\/2025\/06\/028-2-copia-300x200.webp",300,200,true],"medium_large":["https:\/\/www.risco.it\/wp-content\/uploads\/2025\/06\/028-2-copia-768x512.webp",768,512,true],"large":["https:\/\/www.risco.it\/wp-content\/uploads\/2025\/06\/028-2-copia-1024x683.webp",1024,683,true],"1536x1536":["https:\/\/www.risco.it\/wp-content\/uploads\/2025\/06\/028-2-copia-1536x1024.webp",1536,1024,true],"2048x2048":["https:\/\/www.risco.it\/wp-content\/uploads\/2025\/06\/028-2-copia.webp",1920,1280,false]},"uagb_author_info":{"display_name":"tradenet","author_link":"https:\/\/www.risco.it\/es\/author\/admintradenet\/"},"uagb_comment_info":0,"uagb_excerpt":"Medioambiente Risco adopta los procedimientos m\u00e1s modernos para proteger el medioambiente. Los certificados medioambientales obtenidos por la empresa demuestran el [&hellip;]","_links":{"self":[{"href":"https:\/\/www.risco.it\/es\/wp-json\/wp\/v2\/pages\/4781","targetHints":{"allow":["GET"]}}],"collection":[{"href":"https:\/\/www.risco.it\/es\/wp-json\/wp\/v2\/pages"}],"about":[{"href":"https:\/\/www.risco.it\/es\/wp-json\/wp\/v2\/types\/page"}],"author":[{"embeddable":true,"href":"https:\/\/www.risco.it\/es\/wp-json\/wp\/v2\/users\/4"}],"replies":[{"embeddable":true,"href":"https:\/\/www.risco.it\/es\/wp-json\/wp\/v2\/comments?post=4781"}],"version-history":[{"count":10,"href":"https:\/\/www.risco.it\/es\/wp-json\/wp\/v2\/pages\/4781\/revisions"}],"predecessor-version":[{"id":16255,"href":"https:\/\/www.risco.it\/es\/wp-json\/wp\/v2\/pages\/4781\/revisions\/16255"}],"up":[{"embeddable":true,"href":"https:\/\/www.risco.it\/es\/wp-json\/wp\/v2\/pages\/3913"}],"wp:featuredmedia":[{"embeddable":true,"href":"https:\/\/www.risco.it\/es\/wp-json\/wp\/v2\/media\/18846"}],"wp:attachment":[{"href":"https:\/\/www.risco.it\/es\/wp-json\/wp\/v2\/media?parent=4781"}],"curies":[{"name":"wp","href":"https:\/\/api.w.org\/{rel}","templated":true}]}}