{"id":4722,"date":"2018-04-11T10:48:06","date_gmt":"2018-04-11T08:48:06","guid":{"rendered":"http:\/\/risco.clientbook.it\/?page_id=4722"},"modified":"2024-09-20T17:01:35","modified_gmt":"2024-09-20T15:01:35","slug":"calidad-y-tecnologia","status":"publish","type":"page","link":"https:\/\/www.risco.it\/es\/perfil\/calidad-y-tecnologia\/","title":{"rendered":"Calidad y Tecnolog\u00eda"},"content":{"rendered":"\n<div class=\"wp-block-group is-layout-constrained wp-container-core-group-is-layout-d22ff40a wp-block-group-is-layout-constrained\" style=\"padding-top:0px;padding-right:0px;padding-bottom:0px;padding-left:0px\">\n<h2 class=\"wp-block-heading\" id=\"h-calidad\">Calidad<\/h2>\n\n\n\n<div class=\"wp-block-columns is-layout-flex wp-container-core-columns-is-layout-47c5d72a wp-block-columns-is-layout-flex\" style=\"margin-bottom:var(--wp--preset--spacing--80)\">\n<div class=\"wp-block-column is-layout-flow wp-block-column-is-layout-flow\">\n<p>Risco se compromete a garantizar siempre la m\u00e1xima calidad del producto, a trav\u00e9s de una atenta proyecci\u00f3n, la adopci\u00f3n de tecnolog\u00edas innovadoras en los sistemas productivos, alta definici\u00f3n mec\u00e1nica y t\u00e9cnica, la b\u00fasqueda de la mejor calidad para los materiales y los componentes utilizados, y la rigurosidad de los tests de control de calidad. Los componentes de los productos Risco se controlan y prueban en cada fase de producci\u00f3n. El producto final es el resultado de un cuidadoso proceso y se garantiza un alto nivel de calidad final.<\/p>\n<\/div>\n\n\n\n<div class=\"wp-block-column is-layout-flow wp-block-column-is-layout-flow\">\n<figure class=\"wp-block-image size-full is-style-rounded\"><img loading=\"lazy\" decoding=\"async\" width=\"1024\" height=\"683\" src=\"https:\/\/www.risco.it\/wp-content\/uploads\/2019\/06\/controllo.jpg\" alt=\"\" class=\"wp-image-6199\" srcset=\"https:\/\/www.risco.it\/wp-content\/uploads\/2019\/06\/controllo.jpg 1024w, https:\/\/www.risco.it\/wp-content\/uploads\/2019\/06\/controllo-150x100.jpg 150w, https:\/\/www.risco.it\/wp-content\/uploads\/2019\/06\/controllo-300x200.jpg 300w, https:\/\/www.risco.it\/wp-content\/uploads\/2019\/06\/controllo-768x512.jpg 768w\" sizes=\"auto, (max-width: 1024px) 100vw, 1024px\" \/><\/figure>\n<\/div>\n<\/div>\n\n\n\n<h2 class=\"wp-block-heading\" id=\"h-tecnologia\">Tecnolog\u00eda<\/h2>\n\n\n\n<div class=\"wp-block-columns is-layout-flex wp-container-core-columns-is-layout-28f84493 wp-block-columns-is-layout-flex\">\n<div class=\"wp-block-column is-layout-flow wp-block-column-is-layout-flow\">\n<p>La Tecnolog\u00eda presente en los productos Risco es el resultado de investigaciones continuas por parte de las divisiones de Investigaci\u00f3n &amp; Desarrollo, que siempre operan en sinton\u00eda. Las investigaciones tecnol\u00f3gicas se realizan a nivel internacional, gracias al aporte de expertos en cada \u00e1mbito de aplicaci\u00f3n, desde el alimentario al t\u00e9cnico, pasando por el electr\u00f3nico hasta el inform\u00e1tico. Risco invierte una parte importante de sus recursos en la investigaci\u00f3n y creaci\u00f3n de productos nuevos, manteniendo y mejorando los existentes. Desarrolla las ideas a trav\u00e9s de estudios de tecnolog\u00edas siempre m\u00e1s sofisticadas y pruebas continuas de control, con una trayectoria clara, un estilo siempre reconocible, que hace sentir a los clientes y al personal de Risco parte de un \u00fanico dise\u00f1o.<\/p>\n<\/div>\n\n\n\n<div class=\"wp-block-column is-layout-flow wp-block-column-is-layout-flow\">\n<figure class=\"wp-block-image size-full is-style-rounded\"><img loading=\"lazy\" decoding=\"async\" width=\"600\" height=\"400\" src=\"https:\/\/www.risco.it\/wp-content\/uploads\/2019\/03\/Risco_tecnologia-021.jpg\" alt=\"\" class=\"wp-image-6052\" srcset=\"https:\/\/www.risco.it\/wp-content\/uploads\/2019\/03\/Risco_tecnologia-021.jpg 600w, https:\/\/www.risco.it\/wp-content\/uploads\/2019\/03\/Risco_tecnologia-021-150x100.jpg 150w, https:\/\/www.risco.it\/wp-content\/uploads\/2019\/03\/Risco_tecnologia-021-300x200.jpg 300w\" sizes=\"auto, (max-width: 600px) 100vw, 600px\" \/><\/figure>\n<\/div>\n<\/div>\n<\/div>\n","protected":false},"excerpt":{"rendered":"<p>Calidad Risco se compromete a garantizar siempre la m\u00e1xima calidad del producto, a trav\u00e9s de una atenta proyecci\u00f3n, la adopci\u00f3n [&hellip;]<\/p>\n","protected":false},"author":4,"featured_media":18398,"parent":3913,"menu_order":264,"comment_status":"closed","ping_status":"closed","template":"","meta":{"_acf_changed":false,"inline_featured_image":false,"_uag_custom_page_level_css":"","site-sidebar-layout":"default","site-content-layout":"","ast-site-content-layout":"default","site-content-style":"default","site-sidebar-style":"default","ast-global-header-display":"","ast-banner-title-visibility":"","ast-main-header-display":"","ast-hfb-above-header-display":"","ast-hfb-below-header-display":"","ast-hfb-mobile-header-display":"","site-post-title":"","ast-breadcrumbs-content":"","ast-featured-img":"","footer-sml-layout":"","ast-disable-related-posts":"","theme-transparent-header-meta":"","adv-header-id-meta":"","stick-header-meta":"","header-above-stick-meta":"","header-main-stick-meta":"","header-below-stick-meta":"","astra-migrate-meta-layouts":"default","ast-page-background-enabled":"default","ast-page-background-meta":{"desktop":{"background-color":"var(--ast-global-color-4)","background-image":"","background-repeat":"repeat","background-position":"center center","background-size":"auto","background-attachment":"scroll","background-type":"","background-media":"","overlay-type":"","overlay-color":"","overlay-opacity":"","overlay-gradient":""},"tablet":{"background-color":"","background-image":"","background-repeat":"repeat","background-position":"center center","background-size":"auto","background-attachment":"scroll","background-type":"","background-media":"","overlay-type":"","overlay-color":"","overlay-opacity":"","overlay-gradient":""},"mobile":{"background-color":"","background-image":"","background-repeat":"repeat","background-position":"center center","background-size":"auto","background-attachment":"scroll","background-type":"","background-media":"","overlay-type":"","overlay-color":"","overlay-opacity":"","overlay-gradient":""}},"ast-content-background-meta":{"desktop":{"background-color":"var(--ast-global-color-5)","background-image":"","background-repeat":"repeat","background-position":"center center","background-size":"auto","background-attachment":"scroll","background-type":"","background-media":"","overlay-type":"","overlay-color":"","overlay-opacity":"","overlay-gradient":""},"tablet":{"background-color":"var(--ast-global-color-5)","background-image":"","background-repeat":"repeat","background-position":"center center","background-size":"auto","background-attachment":"scroll","background-type":"","background-media":"","overlay-type":"","overlay-color":"","overlay-opacity":"","overlay-gradient":""},"mobile":{"background-color":"var(--ast-global-color-5)","background-image":"","background-repeat":"repeat","background-position":"center center","background-size":"auto","background-attachment":"scroll","background-type":"","background-media":"","overlay-type":"","overlay-color":"","overlay-opacity":"","overlay-gradient":""}},"footnotes":""},"class_list":["post-4722","page","type-page","status-publish","has-post-thumbnail","hentry"],"acf":[],"yoast_head":"<!-- This site is optimized with the Yoast SEO Premium plugin v22.0 (Yoast SEO v27.1.1) - https:\/\/yoast.com\/product\/yoast-seo-premium-wordpress\/ -->\n<title>Calidad y Tecnolog\u00eda - Risco<\/title>\n<meta name=\"robots\" content=\"index, follow, max-snippet:-1, max-image-preview:large, max-video-preview:-1\" \/>\n<link rel=\"canonical\" href=\"https:\/\/www.risco.it\/es\/perfil\/calidad-y-tecnologia\/\" \/>\n<meta property=\"og:locale\" content=\"es_ES\" \/>\n<meta property=\"og:type\" content=\"article\" \/>\n<meta property=\"og:title\" content=\"Calidad y Tecnolog\u00eda\" \/>\n<meta property=\"og:description\" content=\"Calidad Risco se compromete a garantizar siempre la m\u00e1xima calidad del producto, a trav\u00e9s de una atenta proyecci\u00f3n, la adopci\u00f3n [&hellip;]\" \/>\n<meta property=\"og:url\" content=\"https:\/\/www.risco.it\/es\/perfil\/calidad-y-tecnologia\/\" \/>\n<meta property=\"og:site_name\" content=\"Risco\" \/>\n<meta property=\"article:modified_time\" content=\"2024-09-20T15:01:35+00:00\" \/>\n<meta property=\"og:image\" content=\"https:\/\/www.risco.it\/wp-content\/uploads\/2024\/06\/Risco_azienda_04w.jpg\" \/>\n\t<meta property=\"og:image:width\" content=\"1920\" \/>\n\t<meta property=\"og:image:height\" content=\"640\" \/>\n\t<meta property=\"og:image:type\" content=\"image\/jpeg\" \/>\n<meta name=\"twitter:card\" content=\"summary_large_image\" \/>\n<meta name=\"twitter:label1\" content=\"Tiempo de lectura\" \/>\n\t<meta name=\"twitter:data1\" content=\"2 minutos\" \/>\n<!-- \/ Yoast SEO Premium plugin. -->","yoast_head_json":{"title":"Calidad y Tecnolog\u00eda - Risco","robots":{"index":"index","follow":"follow","max-snippet":"max-snippet:-1","max-image-preview":"max-image-preview:large","max-video-preview":"max-video-preview:-1"},"canonical":"https:\/\/www.risco.it\/es\/perfil\/calidad-y-tecnologia\/","og_locale":"es_ES","og_type":"article","og_title":"Calidad y Tecnolog\u00eda","og_description":"Calidad Risco se compromete a garantizar siempre la m\u00e1xima calidad del producto, a trav\u00e9s de una atenta proyecci\u00f3n, la adopci\u00f3n [&hellip;]","og_url":"https:\/\/www.risco.it\/es\/perfil\/calidad-y-tecnologia\/","og_site_name":"Risco","article_modified_time":"2024-09-20T15:01:35+00:00","og_image":[{"width":1920,"height":640,"url":"https:\/\/www.risco.it\/wp-content\/uploads\/2024\/06\/Risco_azienda_04w.jpg","type":"image\/jpeg"}],"twitter_card":"summary_large_image","twitter_misc":{"Tiempo de lectura":"2 minutos"},"schema":{"@context":"https:\/\/schema.org","@graph":[{"@type":"WebPage","@id":"https:\/\/www.risco.it\/es\/perfil\/calidad-y-tecnologia\/","url":"https:\/\/www.risco.it\/es\/perfil\/calidad-y-tecnologia\/","name":"Calidad y Tecnolog\u00eda - Risco","isPartOf":{"@id":"https:\/\/www.risco.it\/es\/#website"},"primaryImageOfPage":{"@id":"https:\/\/www.risco.it\/es\/perfil\/calidad-y-tecnologia\/#primaryimage"},"image":{"@id":"https:\/\/www.risco.it\/es\/perfil\/calidad-y-tecnologia\/#primaryimage"},"thumbnailUrl":"https:\/\/www.risco.it\/wp-content\/uploads\/2025\/04\/028-2-copia.webp","datePublished":"2018-04-11T08:48:06+00:00","dateModified":"2024-09-20T15:01:35+00:00","breadcrumb":{"@id":"https:\/\/www.risco.it\/es\/perfil\/calidad-y-tecnologia\/#breadcrumb"},"inLanguage":"es","potentialAction":[{"@type":"ReadAction","target":["https:\/\/www.risco.it\/es\/perfil\/calidad-y-tecnologia\/"]}]},{"@type":"ImageObject","inLanguage":"es","@id":"https:\/\/www.risco.it\/es\/perfil\/calidad-y-tecnologia\/#primaryimage","url":"https:\/\/www.risco.it\/wp-content\/uploads\/2025\/04\/028-2-copia.webp","contentUrl":"https:\/\/www.risco.it\/wp-content\/uploads\/2025\/04\/028-2-copia.webp","width":2560,"height":1707},{"@type":"BreadcrumbList","@id":"https:\/\/www.risco.it\/es\/perfil\/calidad-y-tecnologia\/#breadcrumb","itemListElement":[{"@type":"ListItem","position":1,"name":"Home","item":"https:\/\/www.risco.it\/es\/"},{"@type":"ListItem","position":2,"name":"Perfil","item":"https:\/\/www.risco.it\/es\/perfil\/"},{"@type":"ListItem","position":3,"name":"Calidad y Tecnolog\u00eda"}]},{"@type":"WebSite","@id":"https:\/\/www.risco.it\/es\/#website","url":"https:\/\/www.risco.it\/es\/","name":"Risco","description":"Vacuum fillers and meat processing machines","publisher":{"@id":"https:\/\/www.risco.it\/es\/#organization"},"potentialAction":[{"@type":"SearchAction","target":{"@type":"EntryPoint","urlTemplate":"https:\/\/www.risco.it\/es\/?s={search_term_string}"},"query-input":{"@type":"PropertyValueSpecification","valueRequired":true,"valueName":"search_term_string"}}],"inLanguage":"es"},{"@type":"Organization","@id":"https:\/\/www.risco.it\/es\/#organization","name":"Risco","url":"https:\/\/www.risco.it\/es\/","logo":{"@type":"ImageObject","inLanguage":"es","@id":"https:\/\/www.risco.it\/es\/#\/schema\/logo\/image\/","url":"https:\/\/www.risco.it\/wp-content\/uploads\/2020\/12\/Risco_logo.svg","contentUrl":"https:\/\/www.risco.it\/wp-content\/uploads\/2020\/12\/Risco_logo.svg","caption":"Risco"},"image":{"@id":"https:\/\/www.risco.it\/es\/#\/schema\/logo\/image\/"}}]}},"uagb_featured_image_src":{"full":["https:\/\/www.risco.it\/wp-content\/uploads\/2025\/04\/028-2-copia.webp",2560,1707,false],"thumbnail":["https:\/\/www.risco.it\/wp-content\/uploads\/2025\/04\/028-profile-150x100.jpeg",150,100,true],"medium":["https:\/\/www.risco.it\/wp-content\/uploads\/2025\/04\/028-profile-300x200.jpeg",300,200,true],"medium_large":["https:\/\/www.risco.it\/wp-content\/uploads\/2025\/04\/028-profile-768x512.jpeg",768,512,true],"large":["https:\/\/www.risco.it\/wp-content\/uploads\/2025\/04\/028-profile-1024x683.jpeg",1024,683,true],"1536x1536":["https:\/\/www.risco.it\/wp-content\/uploads\/2025\/04\/028-profile-1536x1024.jpeg",1536,1024,true],"2048x2048":["https:\/\/www.risco.it\/wp-content\/uploads\/2025\/04\/028-profile-2048x1365.jpeg",2048,1365,true]},"uagb_author_info":{"display_name":"tradenet","author_link":"https:\/\/www.risco.it\/es\/author\/admintradenet\/"},"uagb_comment_info":0,"uagb_excerpt":"Calidad Risco se compromete a garantizar siempre la m\u00e1xima calidad del producto, a trav\u00e9s de una atenta proyecci\u00f3n, la adopci\u00f3n [&hellip;]","_links":{"self":[{"href":"https:\/\/www.risco.it\/es\/wp-json\/wp\/v2\/pages\/4722","targetHints":{"allow":["GET"]}}],"collection":[{"href":"https:\/\/www.risco.it\/es\/wp-json\/wp\/v2\/pages"}],"about":[{"href":"https:\/\/www.risco.it\/es\/wp-json\/wp\/v2\/types\/page"}],"author":[{"embeddable":true,"href":"https:\/\/www.risco.it\/es\/wp-json\/wp\/v2\/users\/4"}],"replies":[{"embeddable":true,"href":"https:\/\/www.risco.it\/es\/wp-json\/wp\/v2\/comments?post=4722"}],"version-history":[{"count":10,"href":"https:\/\/www.risco.it\/es\/wp-json\/wp\/v2\/pages\/4722\/revisions"}],"predecessor-version":[{"id":17178,"href":"https:\/\/www.risco.it\/es\/wp-json\/wp\/v2\/pages\/4722\/revisions\/17178"}],"up":[{"embeddable":true,"href":"https:\/\/www.risco.it\/es\/wp-json\/wp\/v2\/pages\/3913"}],"wp:featuredmedia":[{"embeddable":true,"href":"https:\/\/www.risco.it\/es\/wp-json\/wp\/v2\/media\/18398"}],"wp:attachment":[{"href":"https:\/\/www.risco.it\/es\/wp-json\/wp\/v2\/media?parent=4722"}],"curies":[{"name":"wp","href":"https:\/\/api.w.org\/{rel}","templated":true}]}}