{"id":4532,"date":"2018-04-11T11:57:34","date_gmt":"2018-04-11T09:57:34","guid":{"rendered":"http:\/\/risco.clientbook.it\/?page_id=4532"},"modified":"2024-06-11T18:00:53","modified_gmt":"2024-06-11T16:00:53","slug":"alimentos-para-animales","status":"publish","type":"page","link":"https:\/\/www.risco.it\/es\/aplicaciones\/tipo-de-producto\/alimentos-para-animales\/","title":{"rendered":"Alimentos para animales"},"content":{"rendered":"\n<p>Con la tecnolog\u00eda y los sistemas integrados Risco es posible trabajar y realizar m\u00faltiples tipolog\u00edas de alimentos para animales, sin ning\u00fan da\u00f1o o compresi\u00f3n de la materia prima.<\/p>\n\n\n\n<h2 class=\"wp-block-heading\" id=\"h-productos\">Productos<\/h2>\n\n\n\n<div class=\"wp-block-group application-products is-layout-constrained wp-container-core-group-is-layout-d22ff40a wp-block-group-is-layout-constrained\" style=\"padding-top:0px;padding-right:0px;padding-bottom:0px;padding-left:0px\">\n<div class=\"wp-block-columns is-layout-flex wp-container-core-columns-is-layout-28f84493 wp-block-columns-is-layout-flex\">\n<div class=\"wp-block-column is-layout-flow wp-block-column-is-layout-flow\" style=\"flex-basis:25%\">\n<figure class=\"wp-block-image size-full\"><img loading=\"lazy\" decoding=\"async\" width=\"600\" height=\"600\" src=\"https:\/\/www.risco.it\/wp-content\/uploads\/2024\/01\/petfood-meat-chunks.jpg\" alt=\"\" class=\"wp-image-13290\" srcset=\"https:\/\/www.risco.it\/wp-content\/uploads\/2024\/01\/petfood-meat-chunks.jpg 600w, https:\/\/www.risco.it\/wp-content\/uploads\/2024\/01\/petfood-meat-chunks-150x150.jpg 150w, https:\/\/www.risco.it\/wp-content\/uploads\/2024\/01\/petfood-meat-chunks-300x300.jpg 300w\" sizes=\"auto, (max-width: 600px) 100vw, 600px\" \/><\/figure>\n\n\n\n<h4 class=\"wp-block-heading\" id=\"h-carne-en-trozos\">Carne en trozos<\/h4>\n<\/div>\n\n\n\n<div class=\"wp-block-column is-layout-flow wp-block-column-is-layout-flow\" style=\"flex-basis:25%\">\n<figure class=\"wp-block-image size-full\"><img loading=\"lazy\" decoding=\"async\" width=\"600\" height=\"600\" src=\"https:\/\/www.risco.it\/wp-content\/uploads\/2024\/05\/Biscuits-for-dog.jpg\" alt=\"\" class=\"wp-image-15200\" srcset=\"https:\/\/www.risco.it\/wp-content\/uploads\/2024\/05\/Biscuits-for-dog.jpg 600w, https:\/\/www.risco.it\/wp-content\/uploads\/2024\/05\/Biscuits-for-dog-300x300.jpg 300w, https:\/\/www.risco.it\/wp-content\/uploads\/2024\/05\/Biscuits-for-dog-150x150.jpg 150w\" sizes=\"auto, (max-width: 600px) 100vw, 600px\" \/><\/figure>\n\n\n\n<h4 class=\"wp-block-heading\" id=\"h-productos-moldeados\">Productos moldeados<\/h4>\n<\/div>\n\n\n\n<div class=\"wp-block-column is-layout-flow wp-block-column-is-layout-flow\" style=\"flex-basis:25%\">\n<figure class=\"wp-block-image size-full\"><img loading=\"lazy\" decoding=\"async\" width=\"600\" height=\"600\" src=\"https:\/\/www.risco.it\/wp-content\/uploads\/2024\/05\/wet-food.jpg\" alt=\"\" class=\"wp-image-15737\" srcset=\"https:\/\/www.risco.it\/wp-content\/uploads\/2024\/05\/wet-food.jpg 600w, https:\/\/www.risco.it\/wp-content\/uploads\/2024\/05\/wet-food-300x300.jpg 300w, https:\/\/www.risco.it\/wp-content\/uploads\/2024\/05\/wet-food-150x150.jpg 150w\" sizes=\"auto, (max-width: 600px) 100vw, 600px\" \/><\/figure>\n\n\n\n<h4 class=\"wp-block-heading\" id=\"h-alimentos-humedos\">Alimentos h\u00famedos<\/h4>\n<\/div>\n\n\n\n<div class=\"wp-block-column is-layout-flow wp-block-column-is-layout-flow\" style=\"flex-basis:25%\">\n<figure class=\"wp-block-image size-full\"><img loading=\"lazy\" decoding=\"async\" width=\"600\" height=\"600\" src=\"https:\/\/www.risco.it\/wp-content\/uploads\/2024\/05\/Canned-food.jpg\" alt=\"\" class=\"wp-image-15194\" srcset=\"https:\/\/www.risco.it\/wp-content\/uploads\/2024\/05\/Canned-food.jpg 600w, https:\/\/www.risco.it\/wp-content\/uploads\/2024\/05\/Canned-food-300x300.jpg 300w, https:\/\/www.risco.it\/wp-content\/uploads\/2024\/05\/Canned-food-150x150.jpg 150w\" sizes=\"auto, (max-width: 600px) 100vw, 600px\" \/><\/figure>\n\n\n\n<h4 class=\"wp-block-heading\" id=\"h-conservas\">Conservas<\/h4>\n<\/div>\n<\/div>\n\n\n\n<div class=\"wp-block-columns is-layout-flex wp-container-core-columns-is-layout-28f84493 wp-block-columns-is-layout-flex\">\n<div class=\"wp-block-column is-layout-flow wp-block-column-is-layout-flow\" style=\"flex-basis:25%\"><\/div>\n\n\n\n<div class=\"wp-block-column is-layout-flow wp-block-column-is-layout-flow\" style=\"flex-basis:25%\"><\/div>\n<\/div>\n<\/div>\n","protected":false},"excerpt":{"rendered":"<p>Con la tecnolog\u00eda y los sistemas integrados Risco es posible trabajar y realizar m\u00faltiples tipolog\u00edas de alimentos para animales, sin [&hellip;]<\/p>\n","protected":false},"author":4,"featured_media":12959,"parent":4344,"menu_order":163,"comment_status":"closed","ping_status":"closed","template":"products-page.php","meta":{"_acf_changed":false,"inline_featured_image":false,"_uag_custom_page_level_css":"","site-sidebar-layout":"no-sidebar","site-content-layout":"","ast-site-content-layout":"default","site-content-style":"default","site-sidebar-style":"default","ast-global-header-display":"","ast-banner-title-visibility":"","ast-main-header-display":"","ast-hfb-above-header-display":"","ast-hfb-below-header-display":"","ast-hfb-mobile-header-display":"","site-post-title":"","ast-breadcrumbs-content":"","ast-featured-img":"","footer-sml-layout":"","ast-disable-related-posts":"","theme-transparent-header-meta":"","adv-header-id-meta":"","stick-header-meta":"","header-above-stick-meta":"","header-main-stick-meta":"","header-below-stick-meta":"","astra-migrate-meta-layouts":"default","ast-page-background-enabled":"default","ast-page-background-meta":{"desktop":{"background-color":"var(--ast-global-color-4)","background-image":"","background-repeat":"repeat","background-position":"center center","background-size":"auto","background-attachment":"scroll","background-type":"","background-media":"","overlay-type":"","overlay-color":"","overlay-opacity":"","overlay-gradient":""},"tablet":{"background-color":"","background-image":"","background-repeat":"repeat","background-position":"center center","background-size":"auto","background-attachment":"scroll","background-type":"","background-media":"","overlay-type":"","overlay-color":"","overlay-opacity":"","overlay-gradient":""},"mobile":{"background-color":"","background-image":"","background-repeat":"repeat","background-position":"center center","background-size":"auto","background-attachment":"scroll","background-type":"","background-media":"","overlay-type":"","overlay-color":"","overlay-opacity":"","overlay-gradient":""}},"ast-content-background-meta":{"desktop":{"background-color":"var(--ast-global-color-5)","background-image":"","background-repeat":"repeat","background-position":"center center","background-size":"auto","background-attachment":"scroll","background-type":"","background-media":"","overlay-type":"","overlay-color":"","overlay-opacity":"","overlay-gradient":""},"tablet":{"background-color":"var(--ast-global-color-5)","background-image":"","background-repeat":"repeat","background-position":"center center","background-size":"auto","background-attachment":"scroll","background-type":"","background-media":"","overlay-type":"","overlay-color":"","overlay-opacity":"","overlay-gradient":""},"mobile":{"background-color":"var(--ast-global-color-5)","background-image":"","background-repeat":"repeat","background-position":"center center","background-size":"auto","background-attachment":"scroll","background-type":"","background-media":"","overlay-type":"","overlay-color":"","overlay-opacity":"","overlay-gradient":""}},"footnotes":""},"class_list":["post-4532","page","type-page","status-publish","has-post-thumbnail","hentry"],"acf":[],"yoast_head":"<!-- This site is optimized with the Yoast SEO Premium plugin v22.0 (Yoast SEO v27.1.1) - https:\/\/yoast.com\/product\/yoast-seo-premium-wordpress\/ -->\n<title>Alimentos para animales - Risco<\/title>\n<meta name=\"robots\" content=\"index, follow, max-snippet:-1, max-image-preview:large, max-video-preview:-1\" \/>\n<link rel=\"canonical\" href=\"https:\/\/www.risco.it\/es\/aplicaciones\/tipo-de-producto\/alimentos-para-animales\/\" \/>\n<meta property=\"og:locale\" content=\"es_ES\" \/>\n<meta property=\"og:type\" content=\"article\" \/>\n<meta property=\"og:title\" content=\"Alimentos para animales\" \/>\n<meta property=\"og:description\" content=\"Con la tecnolog\u00eda y los sistemas integrados Risco es posible trabajar y realizar m\u00faltiples tipolog\u00edas de alimentos para animales, sin [&hellip;]\" \/>\n<meta property=\"og:url\" content=\"https:\/\/www.risco.it\/es\/aplicaciones\/tipo-de-producto\/alimentos-para-animales\/\" \/>\n<meta property=\"og:site_name\" content=\"Risco\" \/>\n<meta property=\"article:modified_time\" content=\"2024-06-11T16:00:53+00:00\" \/>\n<meta property=\"og:image\" content=\"https:\/\/www.risco.it\/wp-content\/uploads\/2024\/01\/pet-food-1.jpg\" \/>\n\t<meta property=\"og:image:width\" content=\"1920\" \/>\n\t<meta property=\"og:image:height\" content=\"1080\" \/>\n\t<meta property=\"og:image:type\" content=\"image\/jpeg\" \/>\n<meta name=\"twitter:card\" content=\"summary_large_image\" \/>\n<meta name=\"twitter:label1\" content=\"Tiempo de lectura\" \/>\n\t<meta name=\"twitter:data1\" content=\"2 minutos\" \/>\n<!-- \/ Yoast SEO Premium plugin. -->","yoast_head_json":{"title":"Alimentos para animales - Risco","robots":{"index":"index","follow":"follow","max-snippet":"max-snippet:-1","max-image-preview":"max-image-preview:large","max-video-preview":"max-video-preview:-1"},"canonical":"https:\/\/www.risco.it\/es\/aplicaciones\/tipo-de-producto\/alimentos-para-animales\/","og_locale":"es_ES","og_type":"article","og_title":"Alimentos para animales","og_description":"Con la tecnolog\u00eda y los sistemas integrados Risco es posible trabajar y realizar m\u00faltiples tipolog\u00edas de alimentos para animales, sin [&hellip;]","og_url":"https:\/\/www.risco.it\/es\/aplicaciones\/tipo-de-producto\/alimentos-para-animales\/","og_site_name":"Risco","article_modified_time":"2024-06-11T16:00:53+00:00","og_image":[{"width":1920,"height":1080,"url":"https:\/\/www.risco.it\/wp-content\/uploads\/2024\/01\/pet-food-1.jpg","type":"image\/jpeg"}],"twitter_card":"summary_large_image","twitter_misc":{"Tiempo de lectura":"2 minutos"},"schema":{"@context":"https:\/\/schema.org","@graph":[{"@type":"WebPage","@id":"https:\/\/www.risco.it\/es\/aplicaciones\/tipo-de-producto\/alimentos-para-animales\/","url":"https:\/\/www.risco.it\/es\/aplicaciones\/tipo-de-producto\/alimentos-para-animales\/","name":"Alimentos para animales - Risco","isPartOf":{"@id":"https:\/\/www.risco.it\/es\/#website"},"primaryImageOfPage":{"@id":"https:\/\/www.risco.it\/es\/aplicaciones\/tipo-de-producto\/alimentos-para-animales\/#primaryimage"},"image":{"@id":"https:\/\/www.risco.it\/es\/aplicaciones\/tipo-de-producto\/alimentos-para-animales\/#primaryimage"},"thumbnailUrl":"https:\/\/www.risco.it\/wp-content\/uploads\/2024\/01\/pet-food-1.jpg","datePublished":"2018-04-11T09:57:34+00:00","dateModified":"2024-06-11T16:00:53+00:00","breadcrumb":{"@id":"https:\/\/www.risco.it\/es\/aplicaciones\/tipo-de-producto\/alimentos-para-animales\/#breadcrumb"},"inLanguage":"es","potentialAction":[{"@type":"ReadAction","target":["https:\/\/www.risco.it\/es\/aplicaciones\/tipo-de-producto\/alimentos-para-animales\/"]}]},{"@type":"ImageObject","inLanguage":"es","@id":"https:\/\/www.risco.it\/es\/aplicaciones\/tipo-de-producto\/alimentos-para-animales\/#primaryimage","url":"https:\/\/www.risco.it\/wp-content\/uploads\/2024\/01\/pet-food-1.jpg","contentUrl":"https:\/\/www.risco.it\/wp-content\/uploads\/2024\/01\/pet-food-1.jpg","width":1920,"height":1080},{"@type":"BreadcrumbList","@id":"https:\/\/www.risco.it\/es\/aplicaciones\/tipo-de-producto\/alimentos-para-animales\/#breadcrumb","itemListElement":[{"@type":"ListItem","position":1,"name":"Home","item":"https:\/\/www.risco.it\/es\/"},{"@type":"ListItem","position":2,"name":"Aplicaciones","item":"https:\/\/www.risco.it\/es\/aplicaciones\/"},{"@type":"ListItem","position":3,"name":"Tipo de producto","item":"https:\/\/www.risco.it\/es\/aplicaciones\/tipo-de-producto\/"},{"@type":"ListItem","position":4,"name":"Alimentos para animales"}]},{"@type":"WebSite","@id":"https:\/\/www.risco.it\/es\/#website","url":"https:\/\/www.risco.it\/es\/","name":"Risco","description":"Vacuum fillers and meat processing machines","publisher":{"@id":"https:\/\/www.risco.it\/es\/#organization"},"potentialAction":[{"@type":"SearchAction","target":{"@type":"EntryPoint","urlTemplate":"https:\/\/www.risco.it\/es\/?s={search_term_string}"},"query-input":{"@type":"PropertyValueSpecification","valueRequired":true,"valueName":"search_term_string"}}],"inLanguage":"es"},{"@type":"Organization","@id":"https:\/\/www.risco.it\/es\/#organization","name":"Risco","url":"https:\/\/www.risco.it\/es\/","logo":{"@type":"ImageObject","inLanguage":"es","@id":"https:\/\/www.risco.it\/es\/#\/schema\/logo\/image\/","url":"https:\/\/www.risco.it\/wp-content\/uploads\/2020\/12\/Risco_logo.svg","contentUrl":"https:\/\/www.risco.it\/wp-content\/uploads\/2020\/12\/Risco_logo.svg","caption":"Risco"},"image":{"@id":"https:\/\/www.risco.it\/es\/#\/schema\/logo\/image\/"}}]}},"uagb_featured_image_src":{"full":["https:\/\/www.risco.it\/wp-content\/uploads\/2024\/01\/pet-food-1.jpg",1920,1080,false],"thumbnail":["https:\/\/www.risco.it\/wp-content\/uploads\/2024\/01\/pet-food-1-150x84.jpg",150,84,true],"medium":["https:\/\/www.risco.it\/wp-content\/uploads\/2024\/01\/pet-food-1-300x169.jpg",300,169,true],"medium_large":["https:\/\/www.risco.it\/wp-content\/uploads\/2024\/01\/pet-food-1-768x432.jpg",768,432,true],"large":["https:\/\/www.risco.it\/wp-content\/uploads\/2024\/01\/pet-food-1-1024x576.jpg",1024,576,true],"1536x1536":["https:\/\/www.risco.it\/wp-content\/uploads\/2024\/01\/pet-food-1-1536x864.jpg",1536,864,true],"2048x2048":["https:\/\/www.risco.it\/wp-content\/uploads\/2024\/01\/pet-food-1.jpg",1920,1080,false]},"uagb_author_info":{"display_name":"tradenet","author_link":"https:\/\/www.risco.it\/es\/author\/admintradenet\/"},"uagb_comment_info":0,"uagb_excerpt":"Con la tecnolog\u00eda y los sistemas integrados Risco es posible trabajar y realizar m\u00faltiples tipolog\u00edas de alimentos para animales, sin [&hellip;]","_links":{"self":[{"href":"https:\/\/www.risco.it\/es\/wp-json\/wp\/v2\/pages\/4532","targetHints":{"allow":["GET"]}}],"collection":[{"href":"https:\/\/www.risco.it\/es\/wp-json\/wp\/v2\/pages"}],"about":[{"href":"https:\/\/www.risco.it\/es\/wp-json\/wp\/v2\/types\/page"}],"author":[{"embeddable":true,"href":"https:\/\/www.risco.it\/es\/wp-json\/wp\/v2\/users\/4"}],"replies":[{"embeddable":true,"href":"https:\/\/www.risco.it\/es\/wp-json\/wp\/v2\/comments?post=4532"}],"version-history":[{"count":9,"href":"https:\/\/www.risco.it\/es\/wp-json\/wp\/v2\/pages\/4532\/revisions"}],"predecessor-version":[{"id":16415,"href":"https:\/\/www.risco.it\/es\/wp-json\/wp\/v2\/pages\/4532\/revisions\/16415"}],"up":[{"embeddable":true,"href":"https:\/\/www.risco.it\/es\/wp-json\/wp\/v2\/pages\/4344"}],"wp:featuredmedia":[{"embeddable":true,"href":"https:\/\/www.risco.it\/es\/wp-json\/wp\/v2\/media\/12959"}],"wp:attachment":[{"href":"https:\/\/www.risco.it\/es\/wp-json\/wp\/v2\/media?parent=4532"}],"curies":[{"name":"wp","href":"https:\/\/api.w.org\/{rel}","templated":true}]}}