{"id":4261,"date":"2018-04-11T12:05:12","date_gmt":"2018-04-11T10:05:12","guid":{"rendered":"http:\/\/risco.clientbook.it\/?page_id=4261"},"modified":"2025-03-10T18:28:16","modified_gmt":"2025-03-10T17:28:16","slug":"formado","status":"publish","type":"page","link":"https:\/\/www.risco.it\/es\/aplicaciones\/tipo-de-proceso\/formado\/","title":{"rendered":"Formado"},"content":{"rendered":"\n<div class=\"wp-block-group is-layout-constrained wp-container-core-group-is-layout-d22ff40a wp-block-group-is-layout-constrained\" style=\"padding-top:0px;padding-right:0px;padding-bottom:0px;padding-left:0px\">\n<div class=\"wp-block-columns is-layout-flex wp-container-core-columns-is-layout-28f84493 wp-block-columns-is-layout-flex\">\n<div class=\"wp-block-column is-layout-flow wp-block-column-is-layout-flow\">\n<p>El \u00e9xito de un productor est\u00e1 basado tambi\u00e9n en la innovaci\u00f3n de sus productos. Risco ayuda a la creaci\u00f3n de nuevos alimentos con la forma, textura, apariencia o sabor original. Los sistemas de formaci\u00f3n Risco permiten crear art\u00edculos de carne, pescado, queso u otras mezclas de forma redonda, ovalada, cuadrada o con perfiles espec\u00edficos, coextru\u00eddos y rellenos, adoptando nuevas tendencias del mercado. El tama\u00f1o de las formas puede ser f\u00e1cilmente modificado gracias a la flexibilidad de los sistemas para una producci\u00f3n de muy eficaz, din\u00e1mica y diferente.<\/p>\n\n\n\n<h4 class=\"wp-block-heading\" id=\"h-caracteristicas-principales\">Caracteristicas principales<\/h4>\n\n\n\n<ul class=\"wp-block-list\">\n<li>Producto compacto<\/li>\n\n\n\n<li>Excelente control del peso de las porciones<\/li>\n\n\n\n<li>Flexibilidad de los sistemas<\/li>\n\n\n\n<li>Sistemas con los m\u00e1s altos est\u00e1ndares de higiene<\/li>\n<\/ul>\n<\/div>\n<\/div>\n<\/div>\n","protected":false},"excerpt":{"rendered":"<p>El \u00e9xito de un productor est\u00e1 basado tambi\u00e9n en la innovaci\u00f3n de sus productos. Risco ayuda a la creaci\u00f3n de [&hellip;]<\/p>\n","protected":false},"author":4,"featured_media":18386,"parent":4206,"menu_order":62,"comment_status":"closed","ping_status":"closed","template":"products-page.php","meta":{"_acf_changed":false,"inline_featured_image":false,"_uag_custom_page_level_css":"","site-sidebar-layout":"no-sidebar","site-content-layout":"","ast-site-content-layout":"default","site-content-style":"default","site-sidebar-style":"default","ast-global-header-display":"","ast-banner-title-visibility":"","ast-main-header-display":"","ast-hfb-above-header-display":"","ast-hfb-below-header-display":"","ast-hfb-mobile-header-display":"","site-post-title":"","ast-breadcrumbs-content":"","ast-featured-img":"disabled","footer-sml-layout":"","ast-disable-related-posts":"","theme-transparent-header-meta":"","adv-header-id-meta":"","stick-header-meta":"","header-above-stick-meta":"","header-main-stick-meta":"","header-below-stick-meta":"","astra-migrate-meta-layouts":"default","ast-page-background-enabled":"default","ast-page-background-meta":{"desktop":{"background-color":"var(--ast-global-color-4)","background-image":"","background-repeat":"repeat","background-position":"center center","background-size":"auto","background-attachment":"scroll","background-type":"","background-media":"","overlay-type":"","overlay-color":"","overlay-opacity":"","overlay-gradient":""},"tablet":{"background-color":"","background-image":"","background-repeat":"repeat","background-position":"center center","background-size":"auto","background-attachment":"scroll","background-type":"","background-media":"","overlay-type":"","overlay-color":"","overlay-opacity":"","overlay-gradient":""},"mobile":{"background-color":"","background-image":"","background-repeat":"repeat","background-position":"center center","background-size":"auto","background-attachment":"scroll","background-type":"","background-media":"","overlay-type":"","overlay-color":"","overlay-opacity":"","overlay-gradient":""}},"ast-content-background-meta":{"desktop":{"background-color":"var(--ast-global-color-5)","background-image":"","background-repeat":"repeat","background-position":"center center","background-size":"auto","background-attachment":"scroll","background-type":"","background-media":"","overlay-type":"","overlay-color":"","overlay-opacity":"","overlay-gradient":""},"tablet":{"background-color":"var(--ast-global-color-5)","background-image":"","background-repeat":"repeat","background-position":"center center","background-size":"auto","background-attachment":"scroll","background-type":"","background-media":"","overlay-type":"","overlay-color":"","overlay-opacity":"","overlay-gradient":""},"mobile":{"background-color":"var(--ast-global-color-5)","background-image":"","background-repeat":"repeat","background-position":"center center","background-size":"auto","background-attachment":"scroll","background-type":"","background-media":"","overlay-type":"","overlay-color":"","overlay-opacity":"","overlay-gradient":""}},"footnotes":""},"class_list":["post-4261","page","type-page","status-publish","has-post-thumbnail","hentry"],"acf":[],"yoast_head":"<!-- This site is optimized with the Yoast SEO Premium plugin v22.0 (Yoast SEO v27.1.1) - https:\/\/yoast.com\/product\/yoast-seo-premium-wordpress\/ -->\n<title>Formado - Risco<\/title>\n<meta name=\"robots\" content=\"index, follow, max-snippet:-1, max-image-preview:large, max-video-preview:-1\" \/>\n<link rel=\"canonical\" href=\"https:\/\/www.risco.it\/es\/aplicaciones\/tipo-de-proceso\/formado\/\" \/>\n<meta property=\"og:locale\" content=\"es_ES\" \/>\n<meta property=\"og:type\" content=\"article\" \/>\n<meta property=\"og:title\" content=\"Formado\" \/>\n<meta property=\"og:description\" content=\"El \u00e9xito de un productor est\u00e1 basado tambi\u00e9n en la innovaci\u00f3n de sus productos. Risco ayuda a la creaci\u00f3n de [&hellip;]\" \/>\n<meta property=\"og:url\" content=\"https:\/\/www.risco.it\/es\/aplicaciones\/tipo-de-proceso\/formado\/\" \/>\n<meta property=\"og:site_name\" content=\"Risco\" \/>\n<meta property=\"article:modified_time\" content=\"2025-03-10T17:28:16+00:00\" \/>\n<meta property=\"og:image\" content=\"https:\/\/www.risco.it\/wp-content\/uploads\/2024\/05\/ATM-formed-burger.jpg\" \/>\n\t<meta property=\"og:image:width\" content=\"600\" \/>\n\t<meta property=\"og:image:height\" content=\"601\" \/>\n\t<meta property=\"og:image:type\" content=\"image\/jpeg\" \/>\n<meta name=\"twitter:card\" content=\"summary_large_image\" \/>\n<meta name=\"twitter:label1\" content=\"Tiempo de lectura\" \/>\n\t<meta name=\"twitter:data1\" content=\"1 minuto\" \/>\n<!-- \/ Yoast SEO Premium plugin. -->","yoast_head_json":{"title":"Formado - Risco","robots":{"index":"index","follow":"follow","max-snippet":"max-snippet:-1","max-image-preview":"max-image-preview:large","max-video-preview":"max-video-preview:-1"},"canonical":"https:\/\/www.risco.it\/es\/aplicaciones\/tipo-de-proceso\/formado\/","og_locale":"es_ES","og_type":"article","og_title":"Formado","og_description":"El \u00e9xito de un productor est\u00e1 basado tambi\u00e9n en la innovaci\u00f3n de sus productos. Risco ayuda a la creaci\u00f3n de [&hellip;]","og_url":"https:\/\/www.risco.it\/es\/aplicaciones\/tipo-de-proceso\/formado\/","og_site_name":"Risco","article_modified_time":"2025-03-10T17:28:16+00:00","og_image":[{"width":600,"height":601,"url":"https:\/\/www.risco.it\/wp-content\/uploads\/2024\/05\/ATM-formed-burger.jpg","type":"image\/jpeg"}],"twitter_card":"summary_large_image","twitter_misc":{"Tiempo de lectura":"1 minuto"},"schema":{"@context":"https:\/\/schema.org","@graph":[{"@type":"WebPage","@id":"https:\/\/www.risco.it\/es\/aplicaciones\/tipo-de-proceso\/formado\/","url":"https:\/\/www.risco.it\/es\/aplicaciones\/tipo-de-proceso\/formado\/","name":"Formado - Risco","isPartOf":{"@id":"https:\/\/www.risco.it\/es\/#website"},"primaryImageOfPage":{"@id":"https:\/\/www.risco.it\/es\/aplicaciones\/tipo-de-proceso\/formado\/#primaryimage"},"image":{"@id":"https:\/\/www.risco.it\/es\/aplicaciones\/tipo-de-proceso\/formado\/#primaryimage"},"thumbnailUrl":"https:\/\/www.risco.it\/wp-content\/uploads\/2025\/04\/forming-risco-g.jpeg","datePublished":"2018-04-11T10:05:12+00:00","dateModified":"2025-03-10T17:28:16+00:00","breadcrumb":{"@id":"https:\/\/www.risco.it\/es\/aplicaciones\/tipo-de-proceso\/formado\/#breadcrumb"},"inLanguage":"es","potentialAction":[{"@type":"ReadAction","target":["https:\/\/www.risco.it\/es\/aplicaciones\/tipo-de-proceso\/formado\/"]}]},{"@type":"ImageObject","inLanguage":"es","@id":"https:\/\/www.risco.it\/es\/aplicaciones\/tipo-de-proceso\/formado\/#primaryimage","url":"https:\/\/www.risco.it\/wp-content\/uploads\/2025\/04\/forming-risco-g.jpeg","contentUrl":"https:\/\/www.risco.it\/wp-content\/uploads\/2025\/04\/forming-risco-g.jpeg","width":1280,"height":853},{"@type":"BreadcrumbList","@id":"https:\/\/www.risco.it\/es\/aplicaciones\/tipo-de-proceso\/formado\/#breadcrumb","itemListElement":[{"@type":"ListItem","position":1,"name":"Home","item":"https:\/\/www.risco.it\/es\/"},{"@type":"ListItem","position":2,"name":"Aplicaciones","item":"https:\/\/www.risco.it\/es\/aplicaciones\/"},{"@type":"ListItem","position":3,"name":"Tipo de proceso","item":"https:\/\/www.risco.it\/es\/aplicaciones\/tipo-de-proceso\/"},{"@type":"ListItem","position":4,"name":"Formado"}]},{"@type":"WebSite","@id":"https:\/\/www.risco.it\/es\/#website","url":"https:\/\/www.risco.it\/es\/","name":"Risco","description":"Vacuum fillers and meat processing machines","publisher":{"@id":"https:\/\/www.risco.it\/es\/#organization"},"potentialAction":[{"@type":"SearchAction","target":{"@type":"EntryPoint","urlTemplate":"https:\/\/www.risco.it\/es\/?s={search_term_string}"},"query-input":{"@type":"PropertyValueSpecification","valueRequired":true,"valueName":"search_term_string"}}],"inLanguage":"es"},{"@type":"Organization","@id":"https:\/\/www.risco.it\/es\/#organization","name":"Risco","url":"https:\/\/www.risco.it\/es\/","logo":{"@type":"ImageObject","inLanguage":"es","@id":"https:\/\/www.risco.it\/es\/#\/schema\/logo\/image\/","url":"https:\/\/www.risco.it\/wp-content\/uploads\/2020\/12\/Risco_logo.svg","contentUrl":"https:\/\/www.risco.it\/wp-content\/uploads\/2020\/12\/Risco_logo.svg","caption":"Risco"},"image":{"@id":"https:\/\/www.risco.it\/es\/#\/schema\/logo\/image\/"}}]}},"uagb_featured_image_src":{"full":["https:\/\/www.risco.it\/wp-content\/uploads\/2025\/04\/forming-risco-g.jpeg",1280,853,false],"thumbnail":["https:\/\/www.risco.it\/wp-content\/uploads\/2025\/04\/forming-risco-g-150x100.jpeg",150,100,true],"medium":["https:\/\/www.risco.it\/wp-content\/uploads\/2025\/04\/forming-risco-g-300x200.jpeg",300,200,true],"medium_large":["https:\/\/www.risco.it\/wp-content\/uploads\/2025\/04\/forming-risco-g-768x512.jpeg",768,512,true],"large":["https:\/\/www.risco.it\/wp-content\/uploads\/2025\/04\/forming-risco-g-1024x682.jpeg",1024,682,true],"1536x1536":["https:\/\/www.risco.it\/wp-content\/uploads\/2025\/04\/forming-risco-g.jpeg",1280,853,false],"2048x2048":["https:\/\/www.risco.it\/wp-content\/uploads\/2025\/04\/forming-risco-g.jpeg",1280,853,false]},"uagb_author_info":{"display_name":"tradenet","author_link":"https:\/\/www.risco.it\/es\/author\/admintradenet\/"},"uagb_comment_info":0,"uagb_excerpt":"El \u00e9xito de un productor est\u00e1 basado tambi\u00e9n en la innovaci\u00f3n de sus productos. Risco ayuda a la creaci\u00f3n de [&hellip;]","_links":{"self":[{"href":"https:\/\/www.risco.it\/es\/wp-json\/wp\/v2\/pages\/4261","targetHints":{"allow":["GET"]}}],"collection":[{"href":"https:\/\/www.risco.it\/es\/wp-json\/wp\/v2\/pages"}],"about":[{"href":"https:\/\/www.risco.it\/es\/wp-json\/wp\/v2\/types\/page"}],"author":[{"embeddable":true,"href":"https:\/\/www.risco.it\/es\/wp-json\/wp\/v2\/users\/4"}],"replies":[{"embeddable":true,"href":"https:\/\/www.risco.it\/es\/wp-json\/wp\/v2\/comments?post=4261"}],"version-history":[{"count":7,"href":"https:\/\/www.risco.it\/es\/wp-json\/wp\/v2\/pages\/4261\/revisions"}],"predecessor-version":[{"id":17682,"href":"https:\/\/www.risco.it\/es\/wp-json\/wp\/v2\/pages\/4261\/revisions\/17682"}],"up":[{"embeddable":true,"href":"https:\/\/www.risco.it\/es\/wp-json\/wp\/v2\/pages\/4206"}],"wp:featuredmedia":[{"embeddable":true,"href":"https:\/\/www.risco.it\/es\/wp-json\/wp\/v2\/media\/18386"}],"wp:attachment":[{"href":"https:\/\/www.risco.it\/es\/wp-json\/wp\/v2\/media?parent=4261"}],"curies":[{"name":"wp","href":"https:\/\/api.w.org\/{rel}","templated":true}]}}