{"id":4243,"date":"2018-04-11T12:01:53","date_gmt":"2018-04-11T10:01:53","guid":{"rendered":"http:\/\/risco.clientbook.it\/?page_id=4243"},"modified":"2025-03-10T18:27:37","modified_gmt":"2025-03-10T17:27:37","slug":"porcionado","status":"publish","type":"page","link":"https:\/\/www.risco.it\/es\/aplicaciones\/tipo-de-proceso\/porcionado\/","title":{"rendered":"Porcionado"},"content":{"rendered":"\n<div class=\"wp-block-group is-layout-constrained wp-container-core-group-is-layout-d22ff40a wp-block-group-is-layout-constrained\" style=\"padding-top:0px;padding-right:0px;padding-bottom:0px;padding-left:0px\">\n<div class=\"wp-block-columns is-layout-flex wp-container-core-columns-is-layout-28f84493 wp-block-columns-is-layout-flex\">\n<div class=\"wp-block-column is-layout-flow wp-block-column-is-layout-flow\">\n<p>Los sistemas de porcionado de las embutidoras continuas al vac\u00edo Risco permiten porcionar las cantidades exactas de cada tipo de alimento, desde el producto cl\u00e1sico al m\u00e1s creativo. Los sistemas innovadores Risco garantizan una dosificaci\u00f3n eficiente y una distribuci\u00f3n uniforme de la masa, con un margen m\u00e1ximo de desviaci\u00f3n de + \/ &#8211; 1%, dependiendo del producto trabajado. El sistema de porcionado Risco esta controlado por los servomotores con la tecnolog\u00eda moderna lo cual garantiza una alta producci\u00f3n de hasta 700 productos por minuto, de manera eficiente y funcional.<\/p>\n\n\n\n<h4 class=\"wp-block-heading\" id=\"h-fortalezas\">Fortalezas<\/h4>\n\n\n\n<ul class=\"wp-block-list\">\n<li>Porcionado de precisi\u00f3n<\/li>\n\n\n\n<li>Dosificaci\u00f3n precisa<\/li>\n\n\n\n<li>Alto rendimiento<\/li>\n\n\n\n<li>No hay fricci\u00f3n del producto durante el proceso<\/li>\n\n\n\n<li>Bajo costo de mantenimiento<\/li>\n<\/ul>\n<\/div>\n<\/div>\n<\/div>\n","protected":false},"excerpt":{"rendered":"<p>Los sistemas de porcionado de las embutidoras continuas al vac\u00edo Risco permiten porcionar las cantidades exactas de cada tipo de [&hellip;]<\/p>\n","protected":false},"author":4,"featured_media":18288,"parent":4206,"menu_order":53,"comment_status":"closed","ping_status":"closed","template":"products-page.php","meta":{"_acf_changed":false,"inline_featured_image":false,"_uag_custom_page_level_css":"","site-sidebar-layout":"no-sidebar","site-content-layout":"","ast-site-content-layout":"normal-width-container","site-content-style":"default","site-sidebar-style":"default","ast-global-header-display":"","ast-banner-title-visibility":"","ast-main-header-display":"","ast-hfb-above-header-display":"","ast-hfb-below-header-display":"","ast-hfb-mobile-header-display":"","site-post-title":"","ast-breadcrumbs-content":"","ast-featured-img":"disabled","footer-sml-layout":"","ast-disable-related-posts":"","theme-transparent-header-meta":"","adv-header-id-meta":"","stick-header-meta":"","header-above-stick-meta":"","header-main-stick-meta":"","header-below-stick-meta":"","astra-migrate-meta-layouts":"default","ast-page-background-enabled":"default","ast-page-background-meta":{"desktop":{"background-color":"var(--ast-global-color-4)","background-image":"","background-repeat":"repeat","background-position":"center center","background-size":"auto","background-attachment":"scroll","background-type":"","background-media":"","overlay-type":"","overlay-color":"","overlay-opacity":"","overlay-gradient":""},"tablet":{"background-color":"","background-image":"","background-repeat":"repeat","background-position":"center center","background-size":"auto","background-attachment":"scroll","background-type":"","background-media":"","overlay-type":"","overlay-color":"","overlay-opacity":"","overlay-gradient":""},"mobile":{"background-color":"","background-image":"","background-repeat":"repeat","background-position":"center center","background-size":"auto","background-attachment":"scroll","background-type":"","background-media":"","overlay-type":"","overlay-color":"","overlay-opacity":"","overlay-gradient":""}},"ast-content-background-meta":{"desktop":{"background-color":"var(--ast-global-color-5)","background-image":"","background-repeat":"repeat","background-position":"center center","background-size":"auto","background-attachment":"scroll","background-type":"","background-media":"","overlay-type":"","overlay-color":"","overlay-opacity":"","overlay-gradient":""},"tablet":{"background-color":"var(--ast-global-color-5)","background-image":"","background-repeat":"repeat","background-position":"center center","background-size":"auto","background-attachment":"scroll","background-type":"","background-media":"","overlay-type":"","overlay-color":"","overlay-opacity":"","overlay-gradient":""},"mobile":{"background-color":"var(--ast-global-color-5)","background-image":"","background-repeat":"repeat","background-position":"center center","background-size":"auto","background-attachment":"scroll","background-type":"","background-media":"","overlay-type":"","overlay-color":"","overlay-opacity":"","overlay-gradient":""}},"footnotes":""},"class_list":["post-4243","page","type-page","status-publish","has-post-thumbnail","hentry"],"acf":[],"yoast_head":"<!-- This site is optimized with the Yoast SEO Premium plugin v22.0 (Yoast SEO v27.1.1) - https:\/\/yoast.com\/product\/yoast-seo-premium-wordpress\/ -->\n<title>Porcionado - Risco<\/title>\n<meta name=\"robots\" content=\"index, follow, max-snippet:-1, max-image-preview:large, max-video-preview:-1\" \/>\n<link rel=\"canonical\" href=\"https:\/\/www.risco.it\/es\/aplicaciones\/tipo-de-proceso\/porcionado\/\" \/>\n<meta property=\"og:locale\" content=\"es_ES\" \/>\n<meta property=\"og:type\" content=\"article\" \/>\n<meta property=\"og:title\" content=\"Porcionado\" \/>\n<meta property=\"og:description\" content=\"Los sistemas de porcionado de las embutidoras continuas al vac\u00edo Risco permiten porcionar las cantidades exactas de cada tipo de [&hellip;]\" \/>\n<meta property=\"og:url\" content=\"https:\/\/www.risco.it\/es\/aplicaciones\/tipo-de-proceso\/porcionado\/\" \/>\n<meta property=\"og:site_name\" content=\"Risco\" \/>\n<meta property=\"article:modified_time\" content=\"2025-03-10T17:27:37+00:00\" \/>\n<meta property=\"og:image\" content=\"https:\/\/www.risco.it\/wp-content\/uploads\/2024\/05\/Fotolia_83387916_Subscription_Monthly_M-1.jpg\" \/>\n\t<meta property=\"og:image:width\" content=\"601\" \/>\n\t<meta property=\"og:image:height\" content=\"600\" \/>\n\t<meta property=\"og:image:type\" content=\"image\/jpeg\" \/>\n<meta name=\"twitter:card\" content=\"summary_large_image\" \/>\n<meta name=\"twitter:label1\" content=\"Tiempo de lectura\" \/>\n\t<meta name=\"twitter:data1\" content=\"1 minuto\" \/>\n<!-- \/ Yoast SEO Premium plugin. -->","yoast_head_json":{"title":"Porcionado - Risco","robots":{"index":"index","follow":"follow","max-snippet":"max-snippet:-1","max-image-preview":"max-image-preview:large","max-video-preview":"max-video-preview:-1"},"canonical":"https:\/\/www.risco.it\/es\/aplicaciones\/tipo-de-proceso\/porcionado\/","og_locale":"es_ES","og_type":"article","og_title":"Porcionado","og_description":"Los sistemas de porcionado de las embutidoras continuas al vac\u00edo Risco permiten porcionar las cantidades exactas de cada tipo de [&hellip;]","og_url":"https:\/\/www.risco.it\/es\/aplicaciones\/tipo-de-proceso\/porcionado\/","og_site_name":"Risco","article_modified_time":"2025-03-10T17:27:37+00:00","og_image":[{"width":601,"height":600,"url":"https:\/\/www.risco.it\/wp-content\/uploads\/2024\/05\/Fotolia_83387916_Subscription_Monthly_M-1.jpg","type":"image\/jpeg"}],"twitter_card":"summary_large_image","twitter_misc":{"Tiempo de lectura":"1 minuto"},"schema":{"@context":"https:\/\/schema.org","@graph":[{"@type":"WebPage","@id":"https:\/\/www.risco.it\/es\/aplicaciones\/tipo-de-proceso\/porcionado\/","url":"https:\/\/www.risco.it\/es\/aplicaciones\/tipo-de-proceso\/porcionado\/","name":"Porcionado - Risco","isPartOf":{"@id":"https:\/\/www.risco.it\/es\/#website"},"primaryImageOfPage":{"@id":"https:\/\/www.risco.it\/es\/aplicaciones\/tipo-de-proceso\/porcionado\/#primaryimage"},"image":{"@id":"https:\/\/www.risco.it\/es\/aplicaciones\/tipo-de-proceso\/porcionado\/#primaryimage"},"thumbnailUrl":"https:\/\/www.risco.it\/wp-content\/uploads\/2025\/04\/portioning.jpg","datePublished":"2018-04-11T10:01:53+00:00","dateModified":"2025-03-10T17:27:37+00:00","breadcrumb":{"@id":"https:\/\/www.risco.it\/es\/aplicaciones\/tipo-de-proceso\/porcionado\/#breadcrumb"},"inLanguage":"es","potentialAction":[{"@type":"ReadAction","target":["https:\/\/www.risco.it\/es\/aplicaciones\/tipo-de-proceso\/porcionado\/"]}]},{"@type":"ImageObject","inLanguage":"es","@id":"https:\/\/www.risco.it\/es\/aplicaciones\/tipo-de-proceso\/porcionado\/#primaryimage","url":"https:\/\/www.risco.it\/wp-content\/uploads\/2025\/04\/portioning.jpg","contentUrl":"https:\/\/www.risco.it\/wp-content\/uploads\/2025\/04\/portioning.jpg","width":1920,"height":1000},{"@type":"BreadcrumbList","@id":"https:\/\/www.risco.it\/es\/aplicaciones\/tipo-de-proceso\/porcionado\/#breadcrumb","itemListElement":[{"@type":"ListItem","position":1,"name":"Home","item":"https:\/\/www.risco.it\/es\/"},{"@type":"ListItem","position":2,"name":"Aplicaciones","item":"https:\/\/www.risco.it\/es\/aplicaciones\/"},{"@type":"ListItem","position":3,"name":"Tipo de proceso","item":"https:\/\/www.risco.it\/es\/aplicaciones\/tipo-de-proceso\/"},{"@type":"ListItem","position":4,"name":"Porcionado"}]},{"@type":"WebSite","@id":"https:\/\/www.risco.it\/es\/#website","url":"https:\/\/www.risco.it\/es\/","name":"Risco","description":"Vacuum fillers and meat processing machines","publisher":{"@id":"https:\/\/www.risco.it\/es\/#organization"},"potentialAction":[{"@type":"SearchAction","target":{"@type":"EntryPoint","urlTemplate":"https:\/\/www.risco.it\/es\/?s={search_term_string}"},"query-input":{"@type":"PropertyValueSpecification","valueRequired":true,"valueName":"search_term_string"}}],"inLanguage":"es"},{"@type":"Organization","@id":"https:\/\/www.risco.it\/es\/#organization","name":"Risco","url":"https:\/\/www.risco.it\/es\/","logo":{"@type":"ImageObject","inLanguage":"es","@id":"https:\/\/www.risco.it\/es\/#\/schema\/logo\/image\/","url":"https:\/\/www.risco.it\/wp-content\/uploads\/2020\/12\/Risco_logo.svg","contentUrl":"https:\/\/www.risco.it\/wp-content\/uploads\/2020\/12\/Risco_logo.svg","caption":"Risco"},"image":{"@id":"https:\/\/www.risco.it\/es\/#\/schema\/logo\/image\/"}}]}},"uagb_featured_image_src":{"full":["https:\/\/www.risco.it\/wp-content\/uploads\/2025\/04\/portioning.jpg",1920,1000,false],"thumbnail":["https:\/\/www.risco.it\/wp-content\/uploads\/2025\/04\/portioning-150x78.jpg",150,78,true],"medium":["https:\/\/www.risco.it\/wp-content\/uploads\/2025\/04\/portioning-300x156.jpg",300,156,true],"medium_large":["https:\/\/www.risco.it\/wp-content\/uploads\/2025\/04\/portioning-768x400.jpg",768,400,true],"large":["https:\/\/www.risco.it\/wp-content\/uploads\/2025\/04\/portioning-1024x533.jpg",1024,533,true],"1536x1536":["https:\/\/www.risco.it\/wp-content\/uploads\/2025\/04\/portioning-1536x800.jpg",1536,800,true],"2048x2048":["https:\/\/www.risco.it\/wp-content\/uploads\/2025\/04\/portioning.jpg",1920,1000,false]},"uagb_author_info":{"display_name":"tradenet","author_link":"https:\/\/www.risco.it\/es\/author\/admintradenet\/"},"uagb_comment_info":0,"uagb_excerpt":"Los sistemas de porcionado de las embutidoras continuas al vac\u00edo Risco permiten porcionar las cantidades exactas de cada tipo de [&hellip;]","_links":{"self":[{"href":"https:\/\/www.risco.it\/es\/wp-json\/wp\/v2\/pages\/4243","targetHints":{"allow":["GET"]}}],"collection":[{"href":"https:\/\/www.risco.it\/es\/wp-json\/wp\/v2\/pages"}],"about":[{"href":"https:\/\/www.risco.it\/es\/wp-json\/wp\/v2\/types\/page"}],"author":[{"embeddable":true,"href":"https:\/\/www.risco.it\/es\/wp-json\/wp\/v2\/users\/4"}],"replies":[{"embeddable":true,"href":"https:\/\/www.risco.it\/es\/wp-json\/wp\/v2\/comments?post=4243"}],"version-history":[{"count":7,"href":"https:\/\/www.risco.it\/es\/wp-json\/wp\/v2\/pages\/4243\/revisions"}],"predecessor-version":[{"id":17679,"href":"https:\/\/www.risco.it\/es\/wp-json\/wp\/v2\/pages\/4243\/revisions\/17679"}],"up":[{"embeddable":true,"href":"https:\/\/www.risco.it\/es\/wp-json\/wp\/v2\/pages\/4206"}],"wp:featuredmedia":[{"embeddable":true,"href":"https:\/\/www.risco.it\/es\/wp-json\/wp\/v2\/media\/18288"}],"wp:attachment":[{"href":"https:\/\/www.risco.it\/es\/wp-json\/wp\/v2\/media?parent=4243"}],"curies":[{"name":"wp","href":"https:\/\/api.w.org\/{rel}","templated":true}]}}