{"id":14596,"date":"2024-02-02T10:10:35","date_gmt":"2024-02-02T09:10:35","guid":{"rendered":"https:\/\/www.risco.it\/?page_id=14596"},"modified":"2024-02-02T10:17:07","modified_gmt":"2024-02-02T09:17:07","slug":"whistleblowing","status":"publish","type":"page","link":"https:\/\/www.risco.it\/en\/whistleblowing\/","title":{"rendered":"Whistleblowing"},"content":{"rendered":"\n<p><strong><em>Risco S.p.A.<\/em><\/strong><em>&nbsp;crede da sempre nell&#8217;importanza della promozione di una cultura aperta, basata su etica, trasparenza e responsabilit\u00e0.<\/em><\/p>\n\n\n\n<p><em>In adempimento alle previsioni normative in materia di&nbsp;whistleblowing,&nbsp;la Societ\u00e0&nbsp;mette a disposizione canali interni per segnalare informazioni, adeguatamente circostanziate, riferibili al proprio personale e\/o a terzi, relative a violazioni di leggi e regolamenti (i \u201c<strong>Canali<\/strong><\/em><em>\u201d).<\/em><\/p>\n\n\n\n<p><em>I Canali non sono utilizzabili per contestazioni, suggerimenti e\/o richieste legate a interessi di carattere personale n\u00e9 per&nbsp;reclami commerciali.<\/em><\/p>\n\n\n\n<p><em>CHI pu\u00f2 segnalare?<\/em><\/p>\n\n\n\n<p><em>Possono inviare una segnalazione: i dipendenti, gli ex dipendenti, i tirocinanti, i volontari e i candidati a posizioni lavorative, nonch\u00e9 \u2013 a titolo non esaustivo \u2013 i fornitori, i consulenti, i lavoratori autonomi e i collaboratori che svolgono la propria attivit\u00e0 lavorativa presso la Societ\u00e0; i vertici aziendali, i soci e i componenti degli organi sociali, nonch\u00e9 tutti i soggetti con funzioni di amministrazione, direzione, controllo, vigilanza o rappresentanza della Societ\u00e0.<\/em><\/p>\n\n\n\n<p><em>&nbsp;COME segnalare?<\/em><\/p>\n\n\n\n<p><em>\u00c8 possibile trasmettere una segnalazione tramite:<\/em><\/p>\n\n\n\n<ul class=\"wp-block-list\">\n<li><em>la\u00a0<strong>piattaforma<\/strong><\/em><em>\u00a0informatica raggiungibile\u00a0<\/em><a href=\"https:\/\/risco.signalethic.it\/\"><em><u>https:\/\/risco.signalethic.it\/<\/u><\/em><\/a><\/li>\n\n\n\n<li><em>il sistema di\u00a0<strong>messaggistica vocale<\/strong><\/em><em>, raggiungibile al numero 0444\/1832260;<\/em><\/li>\n\n\n\n<li><em>un\u00a0<strong>incontro diretto<\/strong><\/em><em>\u00a0con il Gestore delle Segnalazioni esterno da richiedere al numero 0444\/324282, specificando all\u2019operatore che si intende fissare un incontro diretto con il Gestore delle Segnalazioni.<\/em><\/li>\n<\/ul>\n\n\n\n<p><em>Le segnalazioni sono ricevute dal Gestore delle Segnalazioni:&nbsp;<strong>TZ&amp;A Studio Associato<\/strong><\/em><\/p>\n\n\n\n<p><em>Chiunque riceve una segnalazione al di fuori dei Canali, provvede a trasmetterla nel pi\u00f9 breve tempo possibile, e comunque entro 7 giorni, al Gestore delle Segnalazioni.<\/em><\/p>\n\n\n\n<p><em>COSA segnalare?<\/em><\/p>\n\n\n\n<p><em>Le Segnalazioni possono avere a oggetto Violazioni che consistono in:<\/em><\/p>\n\n\n\n<ol class=\"wp-block-list\" style=\"list-style-type:lower-roman\">\n<li><em>illeciti commessi in violazione agli atti dell\u2019UE o nazionali indicati nell\u2019Allegato al Decreto e delle disposizioni nazionali che danno attuazione agli atti dell&#8217;UE indicati nell&#8217;allegato alla Direttiva (UE) 2019\/1937, relativi ai seguenti settori: appalti pubblici, servizi, prodotti e mercati finanziari e prevenzione del riciclaggio e del finanziamento del terrorismo; sicurezza e conformit\u00e0 dei prodotti, sicurezza dei trasporti, tutela dell&#8217;ambiente, radioprotezione e sicurezza nucleare, sicurezza degli alimenti e dei mangimi e salute e benessere degli animali, salute pubblica, protezione dei consumatori, tutela della vita privata e protezione dei dati personali e sicurezza delle reti e dei sistemi informativi;<\/em><\/li>\n\n\n\n<li><em>atti od omissioni che ledono gli interessi finanziari dell&#8217;Unione Europea (art. 325 del TFUE lotta contro la frode e le attivit\u00e0 illegali che ledono gli interessi finanziari dell\u2019UE) come individuati nei regolamenti, direttive, decisioni, raccomandazioni e pareri dell\u2019UE;<\/em><\/li>\n\n\n\n<li><em>atti od omissioni riguardanti il mercato interno, che compromettono la libera circolazione delle merci, delle persone, dei servizi e dei capitali (art. 26, paragrafo 2, del TFUE) e<\/em><\/li>\n\n\n\n<li><em>atti o comportamenti che vanificano l&#8217;oggetto o la finalit\u00e0 delle disposizioni dell&#8217;Unione Europea nei settori indicati ai punti precedenti.<\/em><\/li>\n<\/ol>\n\n\n\n<p><em>&nbsp;Non potranno essere prese in considerazione segnalazioni inerenti esclusivamente:<\/em><\/p>\n\n\n\n<ul class=\"wp-block-list\">\n<li><em>a contestazioni, rivendicazioni o richieste legate ad un interesse di carattere personale del segnalante;<\/em><\/li>\n\n\n\n<li><em>ai rapporti individuali di lavoro o collaborazione del segnalante con la Societ\u00e0, ovvero con figure gerarchicamente sovraordinate;<\/em><\/li>\n\n\n\n<li><em>ad aspetti della vita privata del soggetto segnalato, senza alcun collegamento diretto o indiretto con l\u2019attivit\u00e0 aziendale e\/o professionale<\/em><\/li>\n<\/ul>\n\n\n\n<p><em>&nbsp;Inoltre, non sono consentite segnalazioni:<\/em><\/p>\n\n\n\n<ul class=\"wp-block-list\">\n<li><em>\u00a0pretestuose, diffamatorie, calunniose o volte esclusivamente a danneggiare il segnalato;<\/em><\/li>\n\n\n\n<li><em>\u00a0relative a violazioni che il Segnalante sa non essere fondate.<\/em><\/li>\n<\/ul>\n\n\n\n<p><em>\u00a0<strong>Per maggiori informazioni<\/strong><\/em><em>\u00a0sulle procedure, sulle modalit\u00e0 e sui presupposti per effettuare le segnalazioni, e informazioni sul trattamento dei dati personali, La invitiamo a consultare i file sotto riportati.<\/em><\/p>\n\n\n\n<ul class=\"wp-block-list\">\n<li><a href=\"https:\/\/www.risco.it\/wp-content\/uploads\/2024\/02\/Procedura%20Whistleblowing%202023_12_18.pdf\" target=\"_blank\" rel=\"noreferrer noopener\">Procedura Whistleblowing<\/a><\/li>\n\n\n\n<li><a href=\"https:\/\/www.risco.it\/wp-content\/uploads\/2024\/02\/Risco_FAQ_Whistleblowing_2023_12_01.pdf\" target=\"_blank\" rel=\"noreferrer noopener\">Risco FAQ Whistleblowing<\/a><\/li>\n\n\n\n<li><a href=\"https:\/\/www.risco.it\/wp-content\/uploads\/2024\/02\/Informativa-whistleblowing-art-13_2023_12_15.pdf\" target=\"_blank\" rel=\"noreferrer noopener\">Informativa Whistleblowing<\/a><\/li>\n<\/ul>\n","protected":false},"excerpt":{"rendered":"<p>Risco S.p.A.&nbsp;crede da sempre nell&#8217;importanza della promozione di una cultura aperta, basata su etica, trasparenza e responsabilit\u00e0. In adempimento alle [&hellip;]<\/p>\n","protected":false},"author":2,"featured_media":0,"parent":0,"menu_order":10,"comment_status":"closed","ping_status":"closed","template":"","meta":{"_acf_changed":false,"inline_featured_image":false,"_uag_custom_page_level_css":"","site-sidebar-layout":"default","site-content-layout":"","ast-site-content-layout":"default","site-content-style":"default","site-sidebar-style":"default","ast-global-header-display":"","ast-banner-title-visibility":"","ast-main-header-display":"","ast-hfb-above-header-display":"","ast-hfb-below-header-display":"","ast-hfb-mobile-header-display":"","site-post-title":"","ast-breadcrumbs-content":"","ast-featured-img":"","footer-sml-layout":"","ast-disable-related-posts":"","theme-transparent-header-meta":"","adv-header-id-meta":"","stick-header-meta":"","header-above-stick-meta":"","header-main-stick-meta":"","header-below-stick-meta":"","astra-migrate-meta-layouts":"default","ast-page-background-enabled":"default","ast-page-background-meta":{"desktop":{"background-color":"var(--ast-global-color-4)","background-image":"","background-repeat":"repeat","background-position":"center center","background-size":"auto","background-attachment":"scroll","background-type":"","background-media":"","overlay-type":"","overlay-color":"","overlay-opacity":"","overlay-gradient":""},"tablet":{"background-color":"","background-image":"","background-repeat":"repeat","background-position":"center center","background-size":"auto","background-attachment":"scroll","background-type":"","background-media":"","overlay-type":"","overlay-color":"","overlay-opacity":"","overlay-gradient":""},"mobile":{"background-color":"","background-image":"","background-repeat":"repeat","background-position":"center center","background-size":"auto","background-attachment":"scroll","background-type":"","background-media":"","overlay-type":"","overlay-color":"","overlay-opacity":"","overlay-gradient":""}},"ast-content-background-meta":{"desktop":{"background-color":"var(--ast-global-color-5)","background-image":"","background-repeat":"repeat","background-position":"center center","background-size":"auto","background-attachment":"scroll","background-type":"","background-media":"","overlay-type":"","overlay-color":"","overlay-opacity":"","overlay-gradient":""},"tablet":{"background-color":"var(--ast-global-color-5)","background-image":"","background-repeat":"repeat","background-position":"center center","background-size":"auto","background-attachment":"scroll","background-type":"","background-media":"","overlay-type":"","overlay-color":"","overlay-opacity":"","overlay-gradient":""},"mobile":{"background-color":"var(--ast-global-color-5)","background-image":"","background-repeat":"repeat","background-position":"center center","background-size":"auto","background-attachment":"scroll","background-type":"","background-media":"","overlay-type":"","overlay-color":"","overlay-opacity":"","overlay-gradient":""}},"footnotes":""},"class_list":["post-14596","page","type-page","status-publish","hentry"],"acf":[],"yoast_head":"<!-- This site is optimized with the Yoast SEO Premium plugin v22.0 (Yoast SEO v27.1.1) - https:\/\/yoast.com\/product\/yoast-seo-premium-wordpress\/ -->\n<title>Whistleblowing - Risco<\/title>\n<meta name=\"robots\" content=\"index, follow, max-snippet:-1, max-image-preview:large, max-video-preview:-1\" \/>\n<link rel=\"canonical\" href=\"https:\/\/www.risco.it\/en\/whistleblowing\/\" \/>\n<meta property=\"og:locale\" content=\"en_US\" \/>\n<meta property=\"og:type\" content=\"article\" \/>\n<meta property=\"og:title\" content=\"Whistleblowing\" \/>\n<meta property=\"og:description\" content=\"Risco S.p.A.&nbsp;crede da sempre nell&#8217;importanza della promozione di una cultura aperta, basata su etica, trasparenza e responsabilit\u00e0. In adempimento alle [&hellip;]\" \/>\n<meta property=\"og:url\" content=\"https:\/\/www.risco.it\/en\/whistleblowing\/\" \/>\n<meta property=\"og:site_name\" content=\"Risco\" \/>\n<meta property=\"article:modified_time\" content=\"2024-02-02T09:17:07+00:00\" \/>\n<meta name=\"twitter:card\" content=\"summary_large_image\" \/>\n<meta name=\"twitter:label1\" content=\"Est. reading time\" \/>\n\t<meta name=\"twitter:data1\" content=\"3 minutes\" \/>\n<!-- \/ Yoast SEO Premium plugin. -->","yoast_head_json":{"title":"Whistleblowing - Risco","robots":{"index":"index","follow":"follow","max-snippet":"max-snippet:-1","max-image-preview":"max-image-preview:large","max-video-preview":"max-video-preview:-1"},"canonical":"https:\/\/www.risco.it\/en\/whistleblowing\/","og_locale":"en_US","og_type":"article","og_title":"Whistleblowing","og_description":"Risco S.p.A.&nbsp;crede da sempre nell&#8217;importanza della promozione di una cultura aperta, basata su etica, trasparenza e responsabilit\u00e0. In adempimento alle [&hellip;]","og_url":"https:\/\/www.risco.it\/en\/whistleblowing\/","og_site_name":"Risco","article_modified_time":"2024-02-02T09:17:07+00:00","twitter_card":"summary_large_image","twitter_misc":{"Est. reading time":"3 minutes"},"schema":{"@context":"https:\/\/schema.org","@graph":[{"@type":"WebPage","@id":"https:\/\/www.risco.it\/en\/whistleblowing\/","url":"https:\/\/www.risco.it\/en\/whistleblowing\/","name":"Whistleblowing - Risco","isPartOf":{"@id":"https:\/\/www.risco.it\/en\/#website"},"datePublished":"2024-02-02T09:10:35+00:00","dateModified":"2024-02-02T09:17:07+00:00","breadcrumb":{"@id":"https:\/\/www.risco.it\/en\/whistleblowing\/#breadcrumb"},"inLanguage":"en-US","potentialAction":[{"@type":"ReadAction","target":["https:\/\/www.risco.it\/en\/whistleblowing\/"]}]},{"@type":"BreadcrumbList","@id":"https:\/\/www.risco.it\/en\/whistleblowing\/#breadcrumb","itemListElement":[{"@type":"ListItem","position":1,"name":"Home","item":"https:\/\/www.risco.it\/en\/"},{"@type":"ListItem","position":2,"name":"Whistleblowing"}]},{"@type":"WebSite","@id":"https:\/\/www.risco.it\/en\/#website","url":"https:\/\/www.risco.it\/en\/","name":"Risco","description":"Vacuum fillers and meat processing machines","publisher":{"@id":"https:\/\/www.risco.it\/en\/#organization"},"potentialAction":[{"@type":"SearchAction","target":{"@type":"EntryPoint","urlTemplate":"https:\/\/www.risco.it\/en\/?s={search_term_string}"},"query-input":{"@type":"PropertyValueSpecification","valueRequired":true,"valueName":"search_term_string"}}],"inLanguage":"en-US"},{"@type":"Organization","@id":"https:\/\/www.risco.it\/en\/#organization","name":"Risco","url":"https:\/\/www.risco.it\/en\/","logo":{"@type":"ImageObject","inLanguage":"en-US","@id":"https:\/\/www.risco.it\/en\/#\/schema\/logo\/image\/","url":"https:\/\/www.risco.it\/wp-content\/uploads\/2020\/12\/Risco_logo.svg","contentUrl":"https:\/\/www.risco.it\/wp-content\/uploads\/2020\/12\/Risco_logo.svg","caption":"Risco"},"image":{"@id":"https:\/\/www.risco.it\/en\/#\/schema\/logo\/image\/"}}]}},"uagb_featured_image_src":{"full":false,"thumbnail":false,"medium":false,"medium_large":false,"large":false,"1536x1536":false,"2048x2048":false},"uagb_author_info":{"display_name":"","author_link":"https:\/\/www.risco.it\/en\/author\/"},"uagb_comment_info":0,"uagb_excerpt":"Risco S.p.A.&nbsp;crede da sempre nell&#8217;importanza della promozione di una cultura aperta, basata su etica, trasparenza e responsabilit\u00e0. In adempimento alle [&hellip;]","_links":{"self":[{"href":"https:\/\/www.risco.it\/en\/wp-json\/wp\/v2\/pages\/14596","targetHints":{"allow":["GET"]}}],"collection":[{"href":"https:\/\/www.risco.it\/en\/wp-json\/wp\/v2\/pages"}],"about":[{"href":"https:\/\/www.risco.it\/en\/wp-json\/wp\/v2\/types\/page"}],"author":[{"embeddable":true,"href":"https:\/\/www.risco.it\/en\/wp-json\/wp\/v2\/users\/2"}],"replies":[{"embeddable":true,"href":"https:\/\/www.risco.it\/en\/wp-json\/wp\/v2\/comments?post=14596"}],"version-history":[{"count":2,"href":"https:\/\/www.risco.it\/en\/wp-json\/wp\/v2\/pages\/14596\/revisions"}],"predecessor-version":[{"id":14611,"href":"https:\/\/www.risco.it\/en\/wp-json\/wp\/v2\/pages\/14596\/revisions\/14611"}],"wp:attachment":[{"href":"https:\/\/www.risco.it\/en\/wp-json\/wp\/v2\/media?parent=14596"}],"curies":[{"name":"wp","href":"https:\/\/api.w.org\/{rel}","templated":true}]}}