{"id":4805,"date":"2018-04-11T11:00:48","date_gmt":"2018-04-11T09:00:48","guid":{"rendered":"http:\/\/risco.clientbook.it\/?page_id=4805"},"modified":"2025-06-05T11:22:49","modified_gmt":"2025-06-05T09:22:49","slug":"risco-mitarbeiterteam","status":"publish","type":"page","link":"https:\/\/www.risco.it\/de\/profil\/risco-mitarbeiterteam\/","title":{"rendered":"Risco Mitarbeiterteam"},"content":{"rendered":"\n<div class=\"wp-block-group is-layout-constrained wp-container-core-group-is-layout-d22ff40a wp-block-group-is-layout-constrained\" style=\"padding-top:0px;padding-right:0px;padding-bottom:0px;padding-left:0px\">\n<h2 class=\"wp-block-heading\" id=\"h-risco-mitarbeiterteam\">Risco Mitarbeiterteam<\/h2>\n\n\n\n<div class=\"wp-block-columns is-layout-flex wp-container-core-columns-is-layout-28f84493 wp-block-columns-is-layout-flex\">\n<div class=\"wp-block-column is-layout-flow wp-block-column-is-layout-flow\">\n<p>Hinter dem Namen Risco stehen Menschen. Die Zugeh\u00f6rigkeit zu einem gemeinsamen Wertesystem, das sich gr\u00fcndet auf die zentrale Stellung des Menschen, auf die Entwicklung seiner M\u00f6glichkeiten in einem internationalen Umfeld, auf der unternehmerischen Begeisterung, die durch fortlaufendes Innovationsstreben gen\u00e4hrt wird, auf dem Wert ehrlicher Leistung: Dies sind die Z\u00fcge, die unsere Gruppe im Grundsatz auszeichnen. Risco hat zur Pflege und Verbesserung der eigenen Produkte ein internationales Team geschaffen, in dem Menschen sich mit Leidenschaft und Energie der fortlaufenden Suche nach neuen Ideen verschreiben und mit ihrem Einsatz daran teilhaben, dass die Zielsetzungen erreicht werden. Kompetenz, Erfahrung, K\u00f6nnen, Kreativit\u00e4t sind die Angelpunkte, um die sich alles dreht bei der Arbeit der Teams, die sich im Unternehmen tagt\u00e4glich daf\u00fcr einsetzen, dessen Ansehen weiter zu mehren.<\/p>\n<\/div>\n\n\n\n<div class=\"wp-block-column is-layout-flow wp-block-column-is-layout-flow\">\n<figure class=\"wp-block-gallery has-nested-images columns-default is-cropped wp-block-gallery-1 is-layout-flex wp-block-gallery-is-layout-flex\">\n<figure class=\"wp-block-image size-large is-style-rounded\"><img loading=\"lazy\" decoding=\"async\" width=\"1024\" height=\"576\" data-id=\"12171\" src=\"https:\/\/www.risco.it\/wp-content\/uploads\/2023\/05\/team-building-adalah-1200x675-1-1024x576.jpg\" alt=\"\" class=\"wp-image-12171\" \/><\/figure>\n<\/figure>\n<\/div>\n<\/div>\n<\/div>\n","protected":false},"excerpt":{"rendered":"<p>Risco Mitarbeiterteam Hinter dem Namen Risco stehen Menschen. Die Zugeh\u00f6rigkeit zu einem gemeinsamen Wertesystem, das sich gr\u00fcndet auf die zentrale [&hellip;]<\/p>\n","protected":false},"author":4,"featured_media":18844,"parent":3904,"menu_order":300,"comment_status":"closed","ping_status":"closed","template":"","meta":{"_acf_changed":false,"inline_featured_image":false,"_uag_custom_page_level_css":"","site-sidebar-layout":"default","site-content-layout":"","ast-site-content-layout":"default","site-content-style":"default","site-sidebar-style":"default","ast-global-header-display":"","ast-banner-title-visibility":"","ast-main-header-display":"","ast-hfb-above-header-display":"","ast-hfb-below-header-display":"","ast-hfb-mobile-header-display":"","site-post-title":"","ast-breadcrumbs-content":"","ast-featured-img":"","footer-sml-layout":"","ast-disable-related-posts":"","theme-transparent-header-meta":"","adv-header-id-meta":"","stick-header-meta":"","header-above-stick-meta":"","header-main-stick-meta":"","header-below-stick-meta":"","astra-migrate-meta-layouts":"default","ast-page-background-enabled":"default","ast-page-background-meta":{"desktop":{"background-color":"var(--ast-global-color-4)","background-image":"","background-repeat":"repeat","background-position":"center center","background-size":"auto","background-attachment":"scroll","background-type":"","background-media":"","overlay-type":"","overlay-color":"","overlay-opacity":"","overlay-gradient":""},"tablet":{"background-color":"","background-image":"","background-repeat":"repeat","background-position":"center center","background-size":"auto","background-attachment":"scroll","background-type":"","background-media":"","overlay-type":"","overlay-color":"","overlay-opacity":"","overlay-gradient":""},"mobile":{"background-color":"","background-image":"","background-repeat":"repeat","background-position":"center center","background-size":"auto","background-attachment":"scroll","background-type":"","background-media":"","overlay-type":"","overlay-color":"","overlay-opacity":"","overlay-gradient":""}},"ast-content-background-meta":{"desktop":{"background-color":"var(--ast-global-color-5)","background-image":"","background-repeat":"repeat","background-position":"center center","background-size":"auto","background-attachment":"scroll","background-type":"","background-media":"","overlay-type":"","overlay-color":"","overlay-opacity":"","overlay-gradient":""},"tablet":{"background-color":"var(--ast-global-color-5)","background-image":"","background-repeat":"repeat","background-position":"center center","background-size":"auto","background-attachment":"scroll","background-type":"","background-media":"","overlay-type":"","overlay-color":"","overlay-opacity":"","overlay-gradient":""},"mobile":{"background-color":"var(--ast-global-color-5)","background-image":"","background-repeat":"repeat","background-position":"center center","background-size":"auto","background-attachment":"scroll","background-type":"","background-media":"","overlay-type":"","overlay-color":"","overlay-opacity":"","overlay-gradient":""}},"footnotes":""},"class_list":["post-4805","page","type-page","status-publish","has-post-thumbnail","hentry"],"acf":[],"yoast_head":"<!-- This site is optimized with the Yoast SEO Premium plugin v22.0 (Yoast SEO v27.1.1) - https:\/\/yoast.com\/product\/yoast-seo-premium-wordpress\/ -->\n<title>Risco Mitarbeiterteam - Risco<\/title>\n<meta name=\"robots\" content=\"index, follow, max-snippet:-1, max-image-preview:large, max-video-preview:-1\" \/>\n<link rel=\"canonical\" href=\"https:\/\/www.risco.it\/de\/profil\/risco-mitarbeiterteam\/\" \/>\n<meta property=\"og:locale\" content=\"de_DE\" \/>\n<meta property=\"og:type\" content=\"article\" \/>\n<meta property=\"og:title\" content=\"Risco Mitarbeiterteam\" \/>\n<meta property=\"og:description\" content=\"Risco Mitarbeiterteam Hinter dem Namen Risco stehen Menschen. Die Zugeh\u00f6rigkeit zu einem gemeinsamen Wertesystem, das sich gr\u00fcndet auf die zentrale [&hellip;]\" \/>\n<meta property=\"og:url\" content=\"https:\/\/www.risco.it\/de\/profil\/risco-mitarbeiterteam\/\" \/>\n<meta property=\"og:site_name\" content=\"Risco\" \/>\n<meta property=\"article:modified_time\" content=\"2025-06-05T09:22:49+00:00\" \/>\n<meta property=\"og:image\" content=\"https:\/\/www.risco.it\/wp-content\/uploads\/2025\/06\/028-2-copia.webp\" \/>\n\t<meta property=\"og:image:width\" content=\"1920\" \/>\n\t<meta property=\"og:image:height\" content=\"1280\" \/>\n\t<meta property=\"og:image:type\" content=\"image\/webp\" \/>\n<meta name=\"twitter:card\" content=\"summary_large_image\" \/>\n<meta name=\"twitter:label1\" content=\"Gesch\u00e4tzte Lesezeit\" \/>\n\t<meta name=\"twitter:data1\" content=\"1\u00a0Minute\" \/>\n<!-- \/ Yoast SEO Premium plugin. -->","yoast_head_json":{"title":"Risco Mitarbeiterteam - Risco","robots":{"index":"index","follow":"follow","max-snippet":"max-snippet:-1","max-image-preview":"max-image-preview:large","max-video-preview":"max-video-preview:-1"},"canonical":"https:\/\/www.risco.it\/de\/profil\/risco-mitarbeiterteam\/","og_locale":"de_DE","og_type":"article","og_title":"Risco Mitarbeiterteam","og_description":"Risco Mitarbeiterteam Hinter dem Namen Risco stehen Menschen. Die Zugeh\u00f6rigkeit zu einem gemeinsamen Wertesystem, das sich gr\u00fcndet auf die zentrale [&hellip;]","og_url":"https:\/\/www.risco.it\/de\/profil\/risco-mitarbeiterteam\/","og_site_name":"Risco","article_modified_time":"2025-06-05T09:22:49+00:00","og_image":[{"width":1920,"height":1280,"url":"https:\/\/www.risco.it\/wp-content\/uploads\/2025\/06\/028-2-copia.webp","type":"image\/webp"}],"twitter_card":"summary_large_image","twitter_misc":{"Gesch\u00e4tzte Lesezeit":"1\u00a0Minute"},"schema":{"@context":"https:\/\/schema.org","@graph":[{"@type":"WebPage","@id":"https:\/\/www.risco.it\/de\/profil\/risco-mitarbeiterteam\/","url":"https:\/\/www.risco.it\/de\/profil\/risco-mitarbeiterteam\/","name":"Risco Mitarbeiterteam - Risco","isPartOf":{"@id":"https:\/\/www.risco.it\/de\/#website"},"primaryImageOfPage":{"@id":"https:\/\/www.risco.it\/de\/profil\/risco-mitarbeiterteam\/#primaryimage"},"image":{"@id":"https:\/\/www.risco.it\/de\/profil\/risco-mitarbeiterteam\/#primaryimage"},"thumbnailUrl":"https:\/\/www.risco.it\/wp-content\/uploads\/2025\/06\/028-2-copia.webp","datePublished":"2018-04-11T09:00:48+00:00","dateModified":"2025-06-05T09:22:49+00:00","breadcrumb":{"@id":"https:\/\/www.risco.it\/de\/profil\/risco-mitarbeiterteam\/#breadcrumb"},"inLanguage":"de","potentialAction":[{"@type":"ReadAction","target":["https:\/\/www.risco.it\/de\/profil\/risco-mitarbeiterteam\/"]}]},{"@type":"ImageObject","inLanguage":"de","@id":"https:\/\/www.risco.it\/de\/profil\/risco-mitarbeiterteam\/#primaryimage","url":"https:\/\/www.risco.it\/wp-content\/uploads\/2025\/06\/028-2-copia.webp","contentUrl":"https:\/\/www.risco.it\/wp-content\/uploads\/2025\/06\/028-2-copia.webp","width":1920,"height":1280},{"@type":"BreadcrumbList","@id":"https:\/\/www.risco.it\/de\/profil\/risco-mitarbeiterteam\/#breadcrumb","itemListElement":[{"@type":"ListItem","position":1,"name":"Home","item":"https:\/\/www.risco.it\/de\/"},{"@type":"ListItem","position":2,"name":"Profil","item":"https:\/\/www.risco.it\/de\/profil\/"},{"@type":"ListItem","position":3,"name":"Risco Mitarbeiterteam"}]},{"@type":"WebSite","@id":"https:\/\/www.risco.it\/de\/#website","url":"https:\/\/www.risco.it\/de\/","name":"Risco","description":"Vacuum fillers and meat processing machines","publisher":{"@id":"https:\/\/www.risco.it\/de\/#organization"},"potentialAction":[{"@type":"SearchAction","target":{"@type":"EntryPoint","urlTemplate":"https:\/\/www.risco.it\/de\/?s={search_term_string}"},"query-input":{"@type":"PropertyValueSpecification","valueRequired":true,"valueName":"search_term_string"}}],"inLanguage":"de"},{"@type":"Organization","@id":"https:\/\/www.risco.it\/de\/#organization","name":"Risco","url":"https:\/\/www.risco.it\/de\/","logo":{"@type":"ImageObject","inLanguage":"de","@id":"https:\/\/www.risco.it\/de\/#\/schema\/logo\/image\/","url":"https:\/\/www.risco.it\/wp-content\/uploads\/2020\/12\/Risco_logo.svg","contentUrl":"https:\/\/www.risco.it\/wp-content\/uploads\/2020\/12\/Risco_logo.svg","caption":"Risco"},"image":{"@id":"https:\/\/www.risco.it\/de\/#\/schema\/logo\/image\/"}}]}},"uagb_featured_image_src":{"full":["https:\/\/www.risco.it\/wp-content\/uploads\/2025\/06\/028-2-copia.webp",1920,1280,false],"thumbnail":["https:\/\/www.risco.it\/wp-content\/uploads\/2025\/06\/028-2-copia-150x100.webp",150,100,true],"medium":["https:\/\/www.risco.it\/wp-content\/uploads\/2025\/06\/028-2-copia-300x200.webp",300,200,true],"medium_large":["https:\/\/www.risco.it\/wp-content\/uploads\/2025\/06\/028-2-copia-768x512.webp",768,512,true],"large":["https:\/\/www.risco.it\/wp-content\/uploads\/2025\/06\/028-2-copia-1024x683.webp",1024,683,true],"1536x1536":["https:\/\/www.risco.it\/wp-content\/uploads\/2025\/06\/028-2-copia-1536x1024.webp",1536,1024,true],"2048x2048":["https:\/\/www.risco.it\/wp-content\/uploads\/2025\/06\/028-2-copia.webp",1920,1280,false]},"uagb_author_info":{"display_name":"tradenet","author_link":"https:\/\/www.risco.it\/de\/author\/admintradenet\/"},"uagb_comment_info":0,"uagb_excerpt":"Risco Mitarbeiterteam Hinter dem Namen Risco stehen Menschen. Die Zugeh\u00f6rigkeit zu einem gemeinsamen Wertesystem, das sich gr\u00fcndet auf die zentrale [&hellip;]","_links":{"self":[{"href":"https:\/\/www.risco.it\/de\/wp-json\/wp\/v2\/pages\/4805","targetHints":{"allow":["GET"]}}],"collection":[{"href":"https:\/\/www.risco.it\/de\/wp-json\/wp\/v2\/pages"}],"about":[{"href":"https:\/\/www.risco.it\/de\/wp-json\/wp\/v2\/types\/page"}],"author":[{"embeddable":true,"href":"https:\/\/www.risco.it\/de\/wp-json\/wp\/v2\/users\/4"}],"replies":[{"embeddable":true,"href":"https:\/\/www.risco.it\/de\/wp-json\/wp\/v2\/comments?post=4805"}],"version-history":[{"count":16,"href":"https:\/\/www.risco.it\/de\/wp-json\/wp\/v2\/pages\/4805\/revisions"}],"predecessor-version":[{"id":16241,"href":"https:\/\/www.risco.it\/de\/wp-json\/wp\/v2\/pages\/4805\/revisions\/16241"}],"up":[{"embeddable":true,"href":"https:\/\/www.risco.it\/de\/wp-json\/wp\/v2\/pages\/3904"}],"wp:featuredmedia":[{"embeddable":true,"href":"https:\/\/www.risco.it\/de\/wp-json\/wp\/v2\/media\/18844"}],"wp:attachment":[{"href":"https:\/\/www.risco.it\/de\/wp-json\/wp\/v2\/media?parent=4805"}],"curies":[{"name":"wp","href":"https:\/\/api.w.org\/{rel}","templated":true}]}}