{"id":4787,"date":"2018-04-11T10:58:51","date_gmt":"2018-04-11T08:58:51","guid":{"rendered":"http:\/\/risco.clientbook.it\/?page_id=4787"},"modified":"2025-06-05T11:13:30","modified_gmt":"2025-06-05T09:13:30","slug":"risco-weltweite-praesenz-service","status":"publish","type":"page","link":"https:\/\/www.risco.it\/de\/profil\/risco-weltweite-praesenz-service\/","title":{"rendered":"Risco weltweite Pr\u00e4senz und Service"},"content":{"rendered":"\n<div class=\"wp-block-group is-layout-constrained wp-container-core-group-is-layout-d22ff40a wp-block-group-is-layout-constrained\" style=\"padding-top:0px;padding-right:0px;padding-bottom:0px;padding-left:0px\">\n<h2 class=\"wp-block-heading\" id=\"h-weltweite-prasenz\">Weltweite Pr\u00e4senz<\/h2>\n\n\n\n<div class=\"wp-block-columns is-layout-flex wp-container-core-columns-is-layout-47c5d72a wp-block-columns-is-layout-flex\" style=\"margin-bottom:var(--wp--preset--spacing--80)\">\n<div class=\"wp-block-column is-layout-flow wp-block-column-is-layout-flow\">\n<p>Risco exportiert weltweit in mehr als 60 L\u00e4nder und ist \u00fcber ein weit verzweigtes Netz von Alleinvertreibern, eigenen Handelsniederlassungen und Vertretungen pr\u00e4sent, die eine umfassende Betreuung sicherstellen und die Philosophie des Konzerns in die Welt hinaustragen. Die Vertreter der Firma Risco werden auf professionelle Weise regelm\u00e4\u00dfig und spezifisch zu den Produkten des Unternehmens geschult. Weil der Fokus immer st\u00e4rker auf dem Kunden der Firma Risco liegt, werden systematisch Fortbildungskurse zur Wartung und Betreuung in unserem neuen Schulungszentrum in Thiene oder direkt am Standort des Vertreters abgehalten.<\/p>\n<\/div>\n\n\n\n<div class=\"wp-block-column is-layout-flow wp-block-column-is-layout-flow\">\n<figure class=\"wp-block-image size-large is-style-rounded\"><img decoding=\"async\" src=\"\/wp-content\/uploads\/2025\/04\/planisfero-blu.png\" alt=\"\"\/><\/figure>\n<\/div>\n<\/div>\n\n\n\n<h2 class=\"wp-block-heading\" id=\"h-service\">Service<\/h2>\n\n\n\n<div class=\"wp-block-columns is-layout-flex wp-container-core-columns-is-layout-28f84493 wp-block-columns-is-layout-flex\">\n<div class=\"wp-block-column is-layout-flow wp-block-column-is-layout-flow\">\n<p>Riscos St\u00e4rke ist der Service, der dem Benutzer ab der ersten Kontaktaufnahme angeboten wird. Der Vertrieb der Firma Risco geht genau auf die Anforderungen jedes einzelnen Kunden ein und leistet zielgenaue Unterst\u00fctzung mit stets aktualisierten Katalogen und Datentr\u00e4gern, Kostenvoranschl\u00e4gen f\u00fcr ma\u00dfgeschneiderte L\u00f6sungen sowie einem Team aus Technikern, die f\u00fcr den Kundendienst bestens ausgebildet sind. Durch diese Synergien m\u00f6chten wir all denjenigen einen Vorteil verschaffen, die sich f\u00fcr Risco entscheiden. Das harmonische Ganze im Blick, garantieren wir in diesem Sinne stets den besten Service.<\/p>\n<\/div>\n\n\n\n<div class=\"wp-block-column is-layout-flow wp-block-column-is-layout-flow\">\n<figure class=\"wp-block-image size-full is-style-rounded\"><img loading=\"lazy\" decoding=\"async\" width=\"499\" height=\"372\" src=\"https:\/\/www.risco.it\/wp-content\/uploads\/2019\/06\/servicecar-e1682672776446.jpg\" alt=\"\" class=\"wp-image-6519\" srcset=\"https:\/\/www.risco.it\/wp-content\/uploads\/2019\/06\/servicecar-e1682672776446.jpg 499w, https:\/\/www.risco.it\/wp-content\/uploads\/2019\/06\/servicecar-e1682672776446-150x112.jpg 150w, https:\/\/www.risco.it\/wp-content\/uploads\/2019\/06\/servicecar-e1682672776446-300x224.jpg 300w\" sizes=\"auto, (max-width: 499px) 100vw, 499px\" \/><\/figure>\n<\/div>\n<\/div>\n<\/div>\n","protected":false},"excerpt":{"rendered":"<p>Weltweite Pr\u00e4senz Risco exportiert weltweit in mehr als 60 L\u00e4nder und ist \u00fcber ein weit verzweigtes Netz von Alleinvertreibern, eigenen [&hellip;]<\/p>\n","protected":false},"author":4,"featured_media":18844,"parent":3904,"menu_order":291,"comment_status":"closed","ping_status":"closed","template":"","meta":{"_acf_changed":false,"inline_featured_image":false,"_uag_custom_page_level_css":"","site-sidebar-layout":"default","site-content-layout":"","ast-site-content-layout":"default","site-content-style":"default","site-sidebar-style":"default","ast-global-header-display":"","ast-banner-title-visibility":"","ast-main-header-display":"","ast-hfb-above-header-display":"","ast-hfb-below-header-display":"","ast-hfb-mobile-header-display":"","site-post-title":"","ast-breadcrumbs-content":"","ast-featured-img":"","footer-sml-layout":"","ast-disable-related-posts":"","theme-transparent-header-meta":"","adv-header-id-meta":"","stick-header-meta":"","header-above-stick-meta":"","header-main-stick-meta":"","header-below-stick-meta":"","astra-migrate-meta-layouts":"default","ast-page-background-enabled":"default","ast-page-background-meta":{"desktop":{"background-color":"var(--ast-global-color-4)","background-image":"","background-repeat":"repeat","background-position":"center center","background-size":"auto","background-attachment":"scroll","background-type":"","background-media":"","overlay-type":"","overlay-color":"","overlay-opacity":"","overlay-gradient":""},"tablet":{"background-color":"","background-image":"","background-repeat":"repeat","background-position":"center center","background-size":"auto","background-attachment":"scroll","background-type":"","background-media":"","overlay-type":"","overlay-color":"","overlay-opacity":"","overlay-gradient":""},"mobile":{"background-color":"","background-image":"","background-repeat":"repeat","background-position":"center center","background-size":"auto","background-attachment":"scroll","background-type":"","background-media":"","overlay-type":"","overlay-color":"","overlay-opacity":"","overlay-gradient":""}},"ast-content-background-meta":{"desktop":{"background-color":"var(--ast-global-color-5)","background-image":"","background-repeat":"repeat","background-position":"center center","background-size":"auto","background-attachment":"scroll","background-type":"","background-media":"","overlay-type":"","overlay-color":"","overlay-opacity":"","overlay-gradient":""},"tablet":{"background-color":"var(--ast-global-color-5)","background-image":"","background-repeat":"repeat","background-position":"center center","background-size":"auto","background-attachment":"scroll","background-type":"","background-media":"","overlay-type":"","overlay-color":"","overlay-opacity":"","overlay-gradient":""},"mobile":{"background-color":"var(--ast-global-color-5)","background-image":"","background-repeat":"repeat","background-position":"center center","background-size":"auto","background-attachment":"scroll","background-type":"","background-media":"","overlay-type":"","overlay-color":"","overlay-opacity":"","overlay-gradient":""}},"footnotes":""},"class_list":["post-4787","page","type-page","status-publish","has-post-thumbnail","hentry"],"acf":[],"yoast_head":"<!-- This site is optimized with the Yoast SEO Premium plugin v22.0 (Yoast SEO v27.1.1) - https:\/\/yoast.com\/product\/yoast-seo-premium-wordpress\/ -->\n<title>Risco weltweite Pr\u00e4senz und Service - Risco<\/title>\n<meta name=\"robots\" content=\"index, follow, max-snippet:-1, max-image-preview:large, max-video-preview:-1\" \/>\n<link rel=\"canonical\" href=\"https:\/\/www.risco.it\/de\/profil\/risco-weltweite-praesenz-service\/\" \/>\n<meta property=\"og:locale\" content=\"de_DE\" \/>\n<meta property=\"og:type\" content=\"article\" \/>\n<meta property=\"og:title\" content=\"Risco weltweite Pr\u00e4senz und Service\" \/>\n<meta property=\"og:description\" content=\"Weltweite Pr\u00e4senz Risco exportiert weltweit in mehr als 60 L\u00e4nder und ist \u00fcber ein weit verzweigtes Netz von Alleinvertreibern, eigenen [&hellip;]\" \/>\n<meta property=\"og:url\" content=\"https:\/\/www.risco.it\/de\/profil\/risco-weltweite-praesenz-service\/\" \/>\n<meta property=\"og:site_name\" content=\"Risco\" \/>\n<meta property=\"article:modified_time\" content=\"2025-06-05T09:13:30+00:00\" \/>\n<meta property=\"og:image\" content=\"https:\/\/www.risco.it\/wp-content\/uploads\/2025\/06\/028-2-copia.webp\" \/>\n\t<meta property=\"og:image:width\" content=\"1920\" \/>\n\t<meta property=\"og:image:height\" content=\"1280\" \/>\n\t<meta property=\"og:image:type\" content=\"image\/webp\" \/>\n<meta name=\"twitter:card\" content=\"summary_large_image\" \/>\n<meta name=\"twitter:label1\" content=\"Gesch\u00e4tzte Lesezeit\" \/>\n\t<meta name=\"twitter:data1\" content=\"2\u00a0Minuten\" \/>\n<!-- \/ Yoast SEO Premium plugin. -->","yoast_head_json":{"title":"Risco weltweite Pr\u00e4senz und Service - Risco","robots":{"index":"index","follow":"follow","max-snippet":"max-snippet:-1","max-image-preview":"max-image-preview:large","max-video-preview":"max-video-preview:-1"},"canonical":"https:\/\/www.risco.it\/de\/profil\/risco-weltweite-praesenz-service\/","og_locale":"de_DE","og_type":"article","og_title":"Risco weltweite Pr\u00e4senz und Service","og_description":"Weltweite Pr\u00e4senz Risco exportiert weltweit in mehr als 60 L\u00e4nder und ist \u00fcber ein weit verzweigtes Netz von Alleinvertreibern, eigenen [&hellip;]","og_url":"https:\/\/www.risco.it\/de\/profil\/risco-weltweite-praesenz-service\/","og_site_name":"Risco","article_modified_time":"2025-06-05T09:13:30+00:00","og_image":[{"width":1920,"height":1280,"url":"https:\/\/www.risco.it\/wp-content\/uploads\/2025\/06\/028-2-copia.webp","type":"image\/webp"}],"twitter_card":"summary_large_image","twitter_misc":{"Gesch\u00e4tzte Lesezeit":"2\u00a0Minuten"},"schema":{"@context":"https:\/\/schema.org","@graph":[{"@type":"WebPage","@id":"https:\/\/www.risco.it\/de\/profil\/risco-weltweite-praesenz-service\/","url":"https:\/\/www.risco.it\/de\/profil\/risco-weltweite-praesenz-service\/","name":"Risco weltweite Pr\u00e4senz und Service - Risco","isPartOf":{"@id":"https:\/\/www.risco.it\/de\/#website"},"primaryImageOfPage":{"@id":"https:\/\/www.risco.it\/de\/profil\/risco-weltweite-praesenz-service\/#primaryimage"},"image":{"@id":"https:\/\/www.risco.it\/de\/profil\/risco-weltweite-praesenz-service\/#primaryimage"},"thumbnailUrl":"https:\/\/www.risco.it\/wp-content\/uploads\/2025\/06\/028-2-copia.webp","datePublished":"2018-04-11T08:58:51+00:00","dateModified":"2025-06-05T09:13:30+00:00","breadcrumb":{"@id":"https:\/\/www.risco.it\/de\/profil\/risco-weltweite-praesenz-service\/#breadcrumb"},"inLanguage":"de","potentialAction":[{"@type":"ReadAction","target":["https:\/\/www.risco.it\/de\/profil\/risco-weltweite-praesenz-service\/"]}]},{"@type":"ImageObject","inLanguage":"de","@id":"https:\/\/www.risco.it\/de\/profil\/risco-weltweite-praesenz-service\/#primaryimage","url":"https:\/\/www.risco.it\/wp-content\/uploads\/2025\/06\/028-2-copia.webp","contentUrl":"https:\/\/www.risco.it\/wp-content\/uploads\/2025\/06\/028-2-copia.webp","width":1920,"height":1280},{"@type":"BreadcrumbList","@id":"https:\/\/www.risco.it\/de\/profil\/risco-weltweite-praesenz-service\/#breadcrumb","itemListElement":[{"@type":"ListItem","position":1,"name":"Home","item":"https:\/\/www.risco.it\/de\/"},{"@type":"ListItem","position":2,"name":"Profil","item":"https:\/\/www.risco.it\/de\/profil\/"},{"@type":"ListItem","position":3,"name":"Risco weltweite Pr\u00e4senz und Service"}]},{"@type":"WebSite","@id":"https:\/\/www.risco.it\/de\/#website","url":"https:\/\/www.risco.it\/de\/","name":"Risco","description":"Vacuum fillers and meat processing machines","publisher":{"@id":"https:\/\/www.risco.it\/de\/#organization"},"potentialAction":[{"@type":"SearchAction","target":{"@type":"EntryPoint","urlTemplate":"https:\/\/www.risco.it\/de\/?s={search_term_string}"},"query-input":{"@type":"PropertyValueSpecification","valueRequired":true,"valueName":"search_term_string"}}],"inLanguage":"de"},{"@type":"Organization","@id":"https:\/\/www.risco.it\/de\/#organization","name":"Risco","url":"https:\/\/www.risco.it\/de\/","logo":{"@type":"ImageObject","inLanguage":"de","@id":"https:\/\/www.risco.it\/de\/#\/schema\/logo\/image\/","url":"https:\/\/www.risco.it\/wp-content\/uploads\/2020\/12\/Risco_logo.svg","contentUrl":"https:\/\/www.risco.it\/wp-content\/uploads\/2020\/12\/Risco_logo.svg","caption":"Risco"},"image":{"@id":"https:\/\/www.risco.it\/de\/#\/schema\/logo\/image\/"}}]}},"uagb_featured_image_src":{"full":["https:\/\/www.risco.it\/wp-content\/uploads\/2025\/06\/028-2-copia.webp",1920,1280,false],"thumbnail":["https:\/\/www.risco.it\/wp-content\/uploads\/2025\/06\/028-2-copia-150x100.webp",150,100,true],"medium":["https:\/\/www.risco.it\/wp-content\/uploads\/2025\/06\/028-2-copia-300x200.webp",300,200,true],"medium_large":["https:\/\/www.risco.it\/wp-content\/uploads\/2025\/06\/028-2-copia-768x512.webp",768,512,true],"large":["https:\/\/www.risco.it\/wp-content\/uploads\/2025\/06\/028-2-copia-1024x683.webp",1024,683,true],"1536x1536":["https:\/\/www.risco.it\/wp-content\/uploads\/2025\/06\/028-2-copia-1536x1024.webp",1536,1024,true],"2048x2048":["https:\/\/www.risco.it\/wp-content\/uploads\/2025\/06\/028-2-copia.webp",1920,1280,false]},"uagb_author_info":{"display_name":"tradenet","author_link":"https:\/\/www.risco.it\/de\/author\/admintradenet\/"},"uagb_comment_info":0,"uagb_excerpt":"Weltweite Pr\u00e4senz Risco exportiert weltweit in mehr als 60 L\u00e4nder und ist \u00fcber ein weit verzweigtes Netz von Alleinvertreibern, eigenen [&hellip;]","_links":{"self":[{"href":"https:\/\/www.risco.it\/de\/wp-json\/wp\/v2\/pages\/4787","targetHints":{"allow":["GET"]}}],"collection":[{"href":"https:\/\/www.risco.it\/de\/wp-json\/wp\/v2\/pages"}],"about":[{"href":"https:\/\/www.risco.it\/de\/wp-json\/wp\/v2\/types\/page"}],"author":[{"embeddable":true,"href":"https:\/\/www.risco.it\/de\/wp-json\/wp\/v2\/users\/4"}],"replies":[{"embeddable":true,"href":"https:\/\/www.risco.it\/de\/wp-json\/wp\/v2\/comments?post=4787"}],"version-history":[{"count":16,"href":"https:\/\/www.risco.it\/de\/wp-json\/wp\/v2\/pages\/4787\/revisions"}],"predecessor-version":[{"id":18597,"href":"https:\/\/www.risco.it\/de\/wp-json\/wp\/v2\/pages\/4787\/revisions\/18597"}],"up":[{"embeddable":true,"href":"https:\/\/www.risco.it\/de\/wp-json\/wp\/v2\/pages\/3904"}],"wp:featuredmedia":[{"embeddable":true,"href":"https:\/\/www.risco.it\/de\/wp-json\/wp\/v2\/media\/18844"}],"wp:attachment":[{"href":"https:\/\/www.risco.it\/de\/wp-json\/wp\/v2\/media?parent=4787"}],"curies":[{"name":"wp","href":"https:\/\/api.w.org\/{rel}","templated":true}]}}