{"id":4710,"date":"2018-04-11T10:48:06","date_gmt":"2018-04-11T08:48:06","guid":{"rendered":"http:\/\/risco.clientbook.it\/?page_id=4710"},"modified":"2024-09-20T17:05:45","modified_gmt":"2024-09-20T15:05:45","slug":"qualitaet-und-technologie","status":"publish","type":"page","link":"https:\/\/www.risco.it\/de\/profil\/qualitaet-und-technologie\/","title":{"rendered":"Qualit\u00e4t und Technologie"},"content":{"rendered":"\n<div class=\"wp-block-group is-layout-constrained wp-container-core-group-is-layout-d22ff40a wp-block-group-is-layout-constrained\" style=\"padding-top:0px;padding-right:0px;padding-bottom:0px;padding-left:0px\">\n<h2 class=\"wp-block-heading\" id=\"h-qualitat\">Qualit\u00e4t<\/h2>\n\n\n\n<div class=\"wp-block-columns is-layout-flex wp-container-core-columns-is-layout-47c5d72a wp-block-columns-is-layout-flex\" style=\"margin-bottom:var(--wp--preset--spacing--80)\">\n<div class=\"wp-block-column is-layout-flow wp-block-column-is-layout-flow\">\n<p>Risco setzt alles daran, durch eine sorgf\u00e4ltige Konstruktion, den Einsatz innovativer Technologien in den eigenen Fertigungsanlagen, das Setzen hoher mechanischer und technischer Standards, das Streben nach bester Qualit\u00e4t der verwendeten Werkstoffe und Komponenten sowie die Strenge ihrer Qualit\u00e4tskontrollpr\u00fcfungen stets die h\u00f6chste Produktqualit\u00e4t sicherzustellen. Die Bauteile der Risco-Produkte werden \u00fcber alle Produktionsphasen hinweg kontrolliert und getestet. Das fertig gebaute Produkt ist das Ergebnis genau vorgegebener Prozeduren, die eine hervorragende Endqualit\u00e4t sicherstellen.<\/p>\n<\/div>\n\n\n\n<div class=\"wp-block-column is-layout-flow wp-block-column-is-layout-flow\">\n<figure class=\"wp-block-image size-full is-style-rounded\"><img loading=\"lazy\" decoding=\"async\" width=\"1024\" height=\"683\" src=\"https:\/\/www.risco.it\/wp-content\/uploads\/2019\/06\/controllo.jpg\" alt=\"\" class=\"wp-image-6199\" srcset=\"https:\/\/www.risco.it\/wp-content\/uploads\/2019\/06\/controllo.jpg 1024w, https:\/\/www.risco.it\/wp-content\/uploads\/2019\/06\/controllo-150x100.jpg 150w, https:\/\/www.risco.it\/wp-content\/uploads\/2019\/06\/controllo-300x200.jpg 300w, https:\/\/www.risco.it\/wp-content\/uploads\/2019\/06\/controllo-768x512.jpg 768w\" sizes=\"auto, (max-width: 1024px) 100vw, 1024px\" \/><\/figure>\n<\/div>\n<\/div>\n\n\n\n<h2 class=\"wp-block-heading\" id=\"h-technologie\">Technologie<\/h2>\n\n\n\n<div class=\"wp-block-columns is-layout-flex wp-container-core-columns-is-layout-28f84493 wp-block-columns-is-layout-flex\">\n<div class=\"wp-block-column is-layout-flow wp-block-column-is-layout-flow\">\n<p>Die den Produkten von Risco innewohnende Technologie ist das Resultat, das die Forschungs- und Entwicklungsabteilungen in stets perfektem Zusammenspiel unerm\u00fcdlich erarbeitet haben. Bei der Technologieforschung ist Risco international aufgestellt dank der Mitwirkung von Fachleuten in den verschiedenen Anwendungsgebieten, die vom Lebensmittelbereich \u00fcber den Maschinenbau und die Elektronik bis hin zur Informatik reichen. Risco investiert einen betr\u00e4chtlichen Teil der eigenen Mittel in die Forschung und Entwicklung neuer Produkte, gleichzeitig werden bestehende Produkte fortlaufend gepflegt und verbessert. Die Entwicklung der Ideen erfolgt in immer ausgefeilteren Technologiestudien, die begleitet werden durch fortlaufende Kontrollpr\u00fcfungen, die einem klar vorgezeichneten Weg, einem stets erkennbaren Stil folgen, welche den Kunden und Mitarbeitern der Firma Risco das Gef\u00fchl geben, Teil<\/p>\n<\/div>\n\n\n\n<div class=\"wp-block-column is-layout-flow wp-block-column-is-layout-flow\">\n<figure class=\"wp-block-image size-full is-style-rounded\"><img loading=\"lazy\" decoding=\"async\" width=\"600\" height=\"400\" src=\"https:\/\/www.risco.it\/wp-content\/uploads\/2019\/03\/Risco_tecnologia-021.jpg\" alt=\"\" class=\"wp-image-6052\" srcset=\"https:\/\/www.risco.it\/wp-content\/uploads\/2019\/03\/Risco_tecnologia-021.jpg 600w, https:\/\/www.risco.it\/wp-content\/uploads\/2019\/03\/Risco_tecnologia-021-150x100.jpg 150w, https:\/\/www.risco.it\/wp-content\/uploads\/2019\/03\/Risco_tecnologia-021-300x200.jpg 300w\" sizes=\"auto, (max-width: 600px) 100vw, 600px\" \/><\/figure>\n<\/div>\n<\/div>\n<\/div>\n","protected":false},"excerpt":{"rendered":"<p>Qualit\u00e4t Risco setzt alles daran, durch eine sorgf\u00e4ltige Konstruktion, den Einsatz innovativer Technologien in den eigenen Fertigungsanlagen, das Setzen hoher [&hellip;]<\/p>\n","protected":false},"author":4,"featured_media":18395,"parent":3904,"menu_order":265,"comment_status":"closed","ping_status":"closed","template":"","meta":{"_acf_changed":false,"inline_featured_image":false,"_uag_custom_page_level_css":"","site-sidebar-layout":"default","site-content-layout":"","ast-site-content-layout":"default","site-content-style":"default","site-sidebar-style":"default","ast-global-header-display":"","ast-banner-title-visibility":"","ast-main-header-display":"","ast-hfb-above-header-display":"","ast-hfb-below-header-display":"","ast-hfb-mobile-header-display":"","site-post-title":"","ast-breadcrumbs-content":"","ast-featured-img":"","footer-sml-layout":"","ast-disable-related-posts":"","theme-transparent-header-meta":"","adv-header-id-meta":"","stick-header-meta":"","header-above-stick-meta":"","header-main-stick-meta":"","header-below-stick-meta":"","astra-migrate-meta-layouts":"default","ast-page-background-enabled":"default","ast-page-background-meta":{"desktop":{"background-color":"var(--ast-global-color-4)","background-image":"","background-repeat":"repeat","background-position":"center center","background-size":"auto","background-attachment":"scroll","background-type":"","background-media":"","overlay-type":"","overlay-color":"","overlay-opacity":"","overlay-gradient":""},"tablet":{"background-color":"","background-image":"","background-repeat":"repeat","background-position":"center center","background-size":"auto","background-attachment":"scroll","background-type":"","background-media":"","overlay-type":"","overlay-color":"","overlay-opacity":"","overlay-gradient":""},"mobile":{"background-color":"","background-image":"","background-repeat":"repeat","background-position":"center center","background-size":"auto","background-attachment":"scroll","background-type":"","background-media":"","overlay-type":"","overlay-color":"","overlay-opacity":"","overlay-gradient":""}},"ast-content-background-meta":{"desktop":{"background-color":"var(--ast-global-color-5)","background-image":"","background-repeat":"repeat","background-position":"center center","background-size":"auto","background-attachment":"scroll","background-type":"","background-media":"","overlay-type":"","overlay-color":"","overlay-opacity":"","overlay-gradient":""},"tablet":{"background-color":"var(--ast-global-color-5)","background-image":"","background-repeat":"repeat","background-position":"center center","background-size":"auto","background-attachment":"scroll","background-type":"","background-media":"","overlay-type":"","overlay-color":"","overlay-opacity":"","overlay-gradient":""},"mobile":{"background-color":"var(--ast-global-color-5)","background-image":"","background-repeat":"repeat","background-position":"center center","background-size":"auto","background-attachment":"scroll","background-type":"","background-media":"","overlay-type":"","overlay-color":"","overlay-opacity":"","overlay-gradient":""}},"footnotes":""},"class_list":["post-4710","page","type-page","status-publish","has-post-thumbnail","hentry"],"acf":[],"yoast_head":"<!-- This site is optimized with the Yoast SEO Premium plugin v22.0 (Yoast SEO v27.1.1) - https:\/\/yoast.com\/product\/yoast-seo-premium-wordpress\/ -->\n<title>Qualit\u00e4t und Technologie - Risco<\/title>\n<meta name=\"robots\" content=\"index, follow, max-snippet:-1, max-image-preview:large, max-video-preview:-1\" \/>\n<link rel=\"canonical\" href=\"https:\/\/www.risco.it\/de\/profil\/qualitaet-und-technologie\/\" \/>\n<meta property=\"og:locale\" content=\"de_DE\" \/>\n<meta property=\"og:type\" content=\"article\" \/>\n<meta property=\"og:title\" content=\"Qualit\u00e4t und Technologie\" \/>\n<meta property=\"og:description\" content=\"Qualit\u00e4t Risco setzt alles daran, durch eine sorgf\u00e4ltige Konstruktion, den Einsatz innovativer Technologien in den eigenen Fertigungsanlagen, das Setzen hoher [&hellip;]\" \/>\n<meta property=\"og:url\" content=\"https:\/\/www.risco.it\/de\/profil\/qualitaet-und-technologie\/\" \/>\n<meta property=\"og:site_name\" content=\"Risco\" \/>\n<meta property=\"article:modified_time\" content=\"2024-09-20T15:05:45+00:00\" \/>\n<meta property=\"og:image\" content=\"https:\/\/www.risco.it\/wp-content\/uploads\/2024\/06\/Risco_azienda_04w.jpg\" \/>\n\t<meta property=\"og:image:width\" content=\"1920\" \/>\n\t<meta property=\"og:image:height\" content=\"640\" \/>\n\t<meta property=\"og:image:type\" content=\"image\/jpeg\" \/>\n<meta name=\"twitter:card\" content=\"summary_large_image\" \/>\n<meta name=\"twitter:label1\" content=\"Gesch\u00e4tzte Lesezeit\" \/>\n\t<meta name=\"twitter:data1\" content=\"2\u00a0Minuten\" \/>\n<!-- \/ Yoast SEO Premium plugin. -->","yoast_head_json":{"title":"Qualit\u00e4t und Technologie - Risco","robots":{"index":"index","follow":"follow","max-snippet":"max-snippet:-1","max-image-preview":"max-image-preview:large","max-video-preview":"max-video-preview:-1"},"canonical":"https:\/\/www.risco.it\/de\/profil\/qualitaet-und-technologie\/","og_locale":"de_DE","og_type":"article","og_title":"Qualit\u00e4t und Technologie","og_description":"Qualit\u00e4t Risco setzt alles daran, durch eine sorgf\u00e4ltige Konstruktion, den Einsatz innovativer Technologien in den eigenen Fertigungsanlagen, das Setzen hoher [&hellip;]","og_url":"https:\/\/www.risco.it\/de\/profil\/qualitaet-und-technologie\/","og_site_name":"Risco","article_modified_time":"2024-09-20T15:05:45+00:00","og_image":[{"width":1920,"height":640,"url":"https:\/\/www.risco.it\/wp-content\/uploads\/2024\/06\/Risco_azienda_04w.jpg","type":"image\/jpeg"}],"twitter_card":"summary_large_image","twitter_misc":{"Gesch\u00e4tzte Lesezeit":"2\u00a0Minuten"},"schema":{"@context":"https:\/\/schema.org","@graph":[{"@type":"WebPage","@id":"https:\/\/www.risco.it\/de\/profil\/qualitaet-und-technologie\/","url":"https:\/\/www.risco.it\/de\/profil\/qualitaet-und-technologie\/","name":"Qualit\u00e4t und Technologie - Risco","isPartOf":{"@id":"https:\/\/www.risco.it\/de\/#website"},"primaryImageOfPage":{"@id":"https:\/\/www.risco.it\/de\/profil\/qualitaet-und-technologie\/#primaryimage"},"image":{"@id":"https:\/\/www.risco.it\/de\/profil\/qualitaet-und-technologie\/#primaryimage"},"thumbnailUrl":"https:\/\/www.risco.it\/wp-content\/uploads\/2025\/04\/028-2-copia.webp","datePublished":"2018-04-11T08:48:06+00:00","dateModified":"2024-09-20T15:05:45+00:00","breadcrumb":{"@id":"https:\/\/www.risco.it\/de\/profil\/qualitaet-und-technologie\/#breadcrumb"},"inLanguage":"de","potentialAction":[{"@type":"ReadAction","target":["https:\/\/www.risco.it\/de\/profil\/qualitaet-und-technologie\/"]}]},{"@type":"ImageObject","inLanguage":"de","@id":"https:\/\/www.risco.it\/de\/profil\/qualitaet-und-technologie\/#primaryimage","url":"https:\/\/www.risco.it\/wp-content\/uploads\/2025\/04\/028-2-copia.webp","contentUrl":"https:\/\/www.risco.it\/wp-content\/uploads\/2025\/04\/028-2-copia.webp","width":2560,"height":1707},{"@type":"BreadcrumbList","@id":"https:\/\/www.risco.it\/de\/profil\/qualitaet-und-technologie\/#breadcrumb","itemListElement":[{"@type":"ListItem","position":1,"name":"Home","item":"https:\/\/www.risco.it\/de\/"},{"@type":"ListItem","position":2,"name":"Profil","item":"https:\/\/www.risco.it\/de\/profil\/"},{"@type":"ListItem","position":3,"name":"Qualit\u00e4t und Technologie"}]},{"@type":"WebSite","@id":"https:\/\/www.risco.it\/de\/#website","url":"https:\/\/www.risco.it\/de\/","name":"Risco","description":"Vacuum fillers and meat processing machines","publisher":{"@id":"https:\/\/www.risco.it\/de\/#organization"},"potentialAction":[{"@type":"SearchAction","target":{"@type":"EntryPoint","urlTemplate":"https:\/\/www.risco.it\/de\/?s={search_term_string}"},"query-input":{"@type":"PropertyValueSpecification","valueRequired":true,"valueName":"search_term_string"}}],"inLanguage":"de"},{"@type":"Organization","@id":"https:\/\/www.risco.it\/de\/#organization","name":"Risco","url":"https:\/\/www.risco.it\/de\/","logo":{"@type":"ImageObject","inLanguage":"de","@id":"https:\/\/www.risco.it\/de\/#\/schema\/logo\/image\/","url":"https:\/\/www.risco.it\/wp-content\/uploads\/2020\/12\/Risco_logo.svg","contentUrl":"https:\/\/www.risco.it\/wp-content\/uploads\/2020\/12\/Risco_logo.svg","caption":"Risco"},"image":{"@id":"https:\/\/www.risco.it\/de\/#\/schema\/logo\/image\/"}}]}},"uagb_featured_image_src":{"full":["https:\/\/www.risco.it\/wp-content\/uploads\/2025\/04\/028-2-copia.webp",2560,1707,false],"thumbnail":["https:\/\/www.risco.it\/wp-content\/uploads\/2025\/04\/028-profile-150x100.jpeg",150,100,true],"medium":["https:\/\/www.risco.it\/wp-content\/uploads\/2025\/04\/028-profile-300x200.jpeg",300,200,true],"medium_large":["https:\/\/www.risco.it\/wp-content\/uploads\/2025\/04\/028-profile-768x512.jpeg",768,512,true],"large":["https:\/\/www.risco.it\/wp-content\/uploads\/2025\/04\/028-profile-1024x683.jpeg",1024,683,true],"1536x1536":["https:\/\/www.risco.it\/wp-content\/uploads\/2025\/04\/028-profile-1536x1024.jpeg",1536,1024,true],"2048x2048":["https:\/\/www.risco.it\/wp-content\/uploads\/2025\/04\/028-profile-2048x1365.jpeg",2048,1365,true]},"uagb_author_info":{"display_name":"tradenet","author_link":"https:\/\/www.risco.it\/de\/author\/admintradenet\/"},"uagb_comment_info":0,"uagb_excerpt":"Qualit\u00e4t Risco setzt alles daran, durch eine sorgf\u00e4ltige Konstruktion, den Einsatz innovativer Technologien in den eigenen Fertigungsanlagen, das Setzen hoher [&hellip;]","_links":{"self":[{"href":"https:\/\/www.risco.it\/de\/wp-json\/wp\/v2\/pages\/4710","targetHints":{"allow":["GET"]}}],"collection":[{"href":"https:\/\/www.risco.it\/de\/wp-json\/wp\/v2\/pages"}],"about":[{"href":"https:\/\/www.risco.it\/de\/wp-json\/wp\/v2\/types\/page"}],"author":[{"embeddable":true,"href":"https:\/\/www.risco.it\/de\/wp-json\/wp\/v2\/users\/4"}],"replies":[{"embeddable":true,"href":"https:\/\/www.risco.it\/de\/wp-json\/wp\/v2\/comments?post=4710"}],"version-history":[{"count":10,"href":"https:\/\/www.risco.it\/de\/wp-json\/wp\/v2\/pages\/4710\/revisions"}],"predecessor-version":[{"id":17188,"href":"https:\/\/www.risco.it\/de\/wp-json\/wp\/v2\/pages\/4710\/revisions\/17188"}],"up":[{"embeddable":true,"href":"https:\/\/www.risco.it\/de\/wp-json\/wp\/v2\/pages\/3904"}],"wp:featuredmedia":[{"embeddable":true,"href":"https:\/\/www.risco.it\/de\/wp-json\/wp\/v2\/media\/18395"}],"wp:attachment":[{"href":"https:\/\/www.risco.it\/de\/wp-json\/wp\/v2\/media?parent=4710"}],"curies":[{"name":"wp","href":"https:\/\/api.w.org\/{rel}","templated":true}]}}