{"id":4590,"date":"2018-04-11T12:39:40","date_gmt":"2018-04-11T10:39:40","guid":{"rendered":"http:\/\/risco.clientbook.it\/?page_id=4590"},"modified":"2024-02-06T17:33:58","modified_gmt":"2024-02-06T16:33:58","slug":"mitarbeit-bei-uns","status":"publish","type":"page","link":"https:\/\/www.risco.it\/de\/mitarbeit-bei-uns\/","title":{"rendered":"Mitarbeit bei uns"},"content":{"rendered":"\n<h2 class=\"wp-block-heading\" id=\"h-mitarbeit-bei-uns\">Mitarbeit bei uns<\/h2>\n\n\n\n<p>Unsere Mitarbeiter geben ihr Bestes, um die Zielsetzungen des Unternehmens zu erreichen und Risco weltweit wettbewerbsf\u00e4hig zu erhalten. Glauben Sie, Kompetenz, Eigeninitiative und Innovationsf\u00e4higkeit mitzubringen und m\u00f6chten Sie mit dem Unternehmen Risco Kontakt aufnehmen? Senden Sie bitte Ihren Lebenslauf zusammen mit einem kurzen Anschreiben und der Einverst\u00e4ndniserkl\u00e4rung zur Verarbeitung Ihrer pers\u00f6nlichen Daten an die Adresse \u00a0<a href=\"mailto:info@risco.de\">info@risco.de<\/a><\/p>\n","protected":false},"excerpt":{"rendered":"<p>Mitarbeit bei uns Unsere Mitarbeiter geben ihr Bestes, um die Zielsetzungen des Unternehmens zu erreichen und Risco weltweit wettbewerbsf\u00e4hig zu [&hellip;]<\/p>\n","protected":false},"author":4,"featured_media":6106,"parent":0,"menu_order":168,"comment_status":"closed","ping_status":"closed","template":"","meta":{"_acf_changed":false,"inline_featured_image":false,"_uag_custom_page_level_css":"","site-sidebar-layout":"default","site-content-layout":"","ast-site-content-layout":"default","site-content-style":"default","site-sidebar-style":"default","ast-global-header-display":"","ast-banner-title-visibility":"","ast-main-header-display":"","ast-hfb-above-header-display":"","ast-hfb-below-header-display":"","ast-hfb-mobile-header-display":"","site-post-title":"","ast-breadcrumbs-content":"","ast-featured-img":"","footer-sml-layout":"","ast-disable-related-posts":"","theme-transparent-header-meta":"","adv-header-id-meta":"","stick-header-meta":"","header-above-stick-meta":"","header-main-stick-meta":"","header-below-stick-meta":"","astra-migrate-meta-layouts":"default","ast-page-background-enabled":"default","ast-page-background-meta":{"desktop":{"background-color":"var(--ast-global-color-4)","background-image":"","background-repeat":"repeat","background-position":"center center","background-size":"auto","background-attachment":"scroll","background-type":"","background-media":"","overlay-type":"","overlay-color":"","overlay-opacity":"","overlay-gradient":""},"tablet":{"background-color":"","background-image":"","background-repeat":"repeat","background-position":"center center","background-size":"auto","background-attachment":"scroll","background-type":"","background-media":"","overlay-type":"","overlay-color":"","overlay-opacity":"","overlay-gradient":""},"mobile":{"background-color":"","background-image":"","background-repeat":"repeat","background-position":"center center","background-size":"auto","background-attachment":"scroll","background-type":"","background-media":"","overlay-type":"","overlay-color":"","overlay-opacity":"","overlay-gradient":""}},"ast-content-background-meta":{"desktop":{"background-color":"var(--ast-global-color-5)","background-image":"","background-repeat":"repeat","background-position":"center center","background-size":"auto","background-attachment":"scroll","background-type":"","background-media":"","overlay-type":"","overlay-color":"","overlay-opacity":"","overlay-gradient":""},"tablet":{"background-color":"var(--ast-global-color-5)","background-image":"","background-repeat":"repeat","background-position":"center center","background-size":"auto","background-attachment":"scroll","background-type":"","background-media":"","overlay-type":"","overlay-color":"","overlay-opacity":"","overlay-gradient":""},"mobile":{"background-color":"var(--ast-global-color-5)","background-image":"","background-repeat":"repeat","background-position":"center center","background-size":"auto","background-attachment":"scroll","background-type":"","background-media":"","overlay-type":"","overlay-color":"","overlay-opacity":"","overlay-gradient":""}},"footnotes":""},"class_list":["post-4590","page","type-page","status-publish","has-post-thumbnail","hentry"],"acf":[],"yoast_head":"<!-- This site is optimized with the Yoast SEO Premium plugin v22.0 (Yoast SEO v27.1.1) - https:\/\/yoast.com\/product\/yoast-seo-premium-wordpress\/ -->\n<title>Mitarbeit bei uns - Risco<\/title>\n<meta name=\"robots\" content=\"index, follow, max-snippet:-1, max-image-preview:large, max-video-preview:-1\" \/>\n<link rel=\"canonical\" href=\"https:\/\/www.risco.it\/de\/mitarbeit-bei-uns\/\" \/>\n<meta property=\"og:locale\" content=\"de_DE\" \/>\n<meta property=\"og:type\" content=\"article\" \/>\n<meta property=\"og:title\" content=\"Mitarbeit bei uns\" \/>\n<meta property=\"og:description\" content=\"Mitarbeit bei uns Unsere Mitarbeiter geben ihr Bestes, um die Zielsetzungen des Unternehmens zu erreichen und Risco weltweit wettbewerbsf\u00e4hig zu [&hellip;]\" \/>\n<meta property=\"og:url\" content=\"https:\/\/www.risco.it\/de\/mitarbeit-bei-uns\/\" \/>\n<meta property=\"og:site_name\" content=\"Risco\" \/>\n<meta property=\"article:modified_time\" content=\"2024-02-06T16:33:58+00:00\" \/>\n<meta property=\"og:image\" content=\"https:\/\/www.risco.it\/wp-content\/uploads\/2019\/03\/banner_careers.jpg\" \/>\n\t<meta property=\"og:image:width\" content=\"1024\" \/>\n\t<meta property=\"og:image:height\" content=\"200\" \/>\n\t<meta property=\"og:image:type\" content=\"image\/jpeg\" \/>\n<meta name=\"twitter:card\" content=\"summary_large_image\" \/>\n<meta name=\"twitter:label1\" content=\"Gesch\u00e4tzte Lesezeit\" \/>\n\t<meta name=\"twitter:data1\" content=\"1\u00a0Minute\" \/>\n<!-- \/ Yoast SEO Premium plugin. -->","yoast_head_json":{"title":"Mitarbeit bei uns - Risco","robots":{"index":"index","follow":"follow","max-snippet":"max-snippet:-1","max-image-preview":"max-image-preview:large","max-video-preview":"max-video-preview:-1"},"canonical":"https:\/\/www.risco.it\/de\/mitarbeit-bei-uns\/","og_locale":"de_DE","og_type":"article","og_title":"Mitarbeit bei uns","og_description":"Mitarbeit bei uns Unsere Mitarbeiter geben ihr Bestes, um die Zielsetzungen des Unternehmens zu erreichen und Risco weltweit wettbewerbsf\u00e4hig zu [&hellip;]","og_url":"https:\/\/www.risco.it\/de\/mitarbeit-bei-uns\/","og_site_name":"Risco","article_modified_time":"2024-02-06T16:33:58+00:00","og_image":[{"width":1024,"height":200,"url":"https:\/\/www.risco.it\/wp-content\/uploads\/2019\/03\/banner_careers.jpg","type":"image\/jpeg"}],"twitter_card":"summary_large_image","twitter_misc":{"Gesch\u00e4tzte Lesezeit":"1\u00a0Minute"},"schema":{"@context":"https:\/\/schema.org","@graph":[{"@type":"WebPage","@id":"https:\/\/www.risco.it\/de\/mitarbeit-bei-uns\/","url":"https:\/\/www.risco.it\/de\/mitarbeit-bei-uns\/","name":"Mitarbeit bei uns - Risco","isPartOf":{"@id":"https:\/\/www.risco.it\/de\/#website"},"primaryImageOfPage":{"@id":"https:\/\/www.risco.it\/de\/mitarbeit-bei-uns\/#primaryimage"},"image":{"@id":"https:\/\/www.risco.it\/de\/mitarbeit-bei-uns\/#primaryimage"},"thumbnailUrl":"https:\/\/www.risco.it\/wp-content\/uploads\/2019\/03\/banner_careers.jpg","datePublished":"2018-04-11T10:39:40+00:00","dateModified":"2024-02-06T16:33:58+00:00","breadcrumb":{"@id":"https:\/\/www.risco.it\/de\/mitarbeit-bei-uns\/#breadcrumb"},"inLanguage":"de","potentialAction":[{"@type":"ReadAction","target":["https:\/\/www.risco.it\/de\/mitarbeit-bei-uns\/"]}]},{"@type":"ImageObject","inLanguage":"de","@id":"https:\/\/www.risco.it\/de\/mitarbeit-bei-uns\/#primaryimage","url":"https:\/\/www.risco.it\/wp-content\/uploads\/2019\/03\/banner_careers.jpg","contentUrl":"https:\/\/www.risco.it\/wp-content\/uploads\/2019\/03\/banner_careers.jpg","width":1024,"height":200},{"@type":"BreadcrumbList","@id":"https:\/\/www.risco.it\/de\/mitarbeit-bei-uns\/#breadcrumb","itemListElement":[{"@type":"ListItem","position":1,"name":"Home","item":"https:\/\/www.risco.it\/de\/"},{"@type":"ListItem","position":2,"name":"Mitarbeit bei uns"}]},{"@type":"WebSite","@id":"https:\/\/www.risco.it\/de\/#website","url":"https:\/\/www.risco.it\/de\/","name":"Risco","description":"Vacuum fillers and meat processing machines","publisher":{"@id":"https:\/\/www.risco.it\/de\/#organization"},"potentialAction":[{"@type":"SearchAction","target":{"@type":"EntryPoint","urlTemplate":"https:\/\/www.risco.it\/de\/?s={search_term_string}"},"query-input":{"@type":"PropertyValueSpecification","valueRequired":true,"valueName":"search_term_string"}}],"inLanguage":"de"},{"@type":"Organization","@id":"https:\/\/www.risco.it\/de\/#organization","name":"Risco","url":"https:\/\/www.risco.it\/de\/","logo":{"@type":"ImageObject","inLanguage":"de","@id":"https:\/\/www.risco.it\/de\/#\/schema\/logo\/image\/","url":"https:\/\/www.risco.it\/wp-content\/uploads\/2020\/12\/Risco_logo.svg","contentUrl":"https:\/\/www.risco.it\/wp-content\/uploads\/2020\/12\/Risco_logo.svg","caption":"Risco"},"image":{"@id":"https:\/\/www.risco.it\/de\/#\/schema\/logo\/image\/"}}]}},"uagb_featured_image_src":{"full":["https:\/\/www.risco.it\/wp-content\/uploads\/2019\/03\/banner_careers.jpg",1024,200,false],"thumbnail":["https:\/\/www.risco.it\/wp-content\/uploads\/2019\/03\/banner_careers-150x29.jpg",150,29,true],"medium":["https:\/\/www.risco.it\/wp-content\/uploads\/2019\/03\/banner_careers-300x59.jpg",300,59,true],"medium_large":["https:\/\/www.risco.it\/wp-content\/uploads\/2019\/03\/banner_careers-768x150.jpg",768,150,true],"large":["https:\/\/www.risco.it\/wp-content\/uploads\/2019\/03\/banner_careers-1024x200.jpg",1024,200,true],"1536x1536":["https:\/\/www.risco.it\/wp-content\/uploads\/2019\/03\/banner_careers.jpg",1024,200,false],"2048x2048":["https:\/\/www.risco.it\/wp-content\/uploads\/2019\/03\/banner_careers.jpg",1024,200,false]},"uagb_author_info":{"display_name":"tradenet","author_link":"https:\/\/www.risco.it\/de\/author\/admintradenet\/"},"uagb_comment_info":0,"uagb_excerpt":"Mitarbeit bei uns Unsere Mitarbeiter geben ihr Bestes, um die Zielsetzungen des Unternehmens zu erreichen und Risco weltweit wettbewerbsf\u00e4hig zu [&hellip;]","_links":{"self":[{"href":"https:\/\/www.risco.it\/de\/wp-json\/wp\/v2\/pages\/4590","targetHints":{"allow":["GET"]}}],"collection":[{"href":"https:\/\/www.risco.it\/de\/wp-json\/wp\/v2\/pages"}],"about":[{"href":"https:\/\/www.risco.it\/de\/wp-json\/wp\/v2\/types\/page"}],"author":[{"embeddable":true,"href":"https:\/\/www.risco.it\/de\/wp-json\/wp\/v2\/users\/4"}],"replies":[{"embeddable":true,"href":"https:\/\/www.risco.it\/de\/wp-json\/wp\/v2\/comments?post=4590"}],"version-history":[{"count":6,"href":"https:\/\/www.risco.it\/de\/wp-json\/wp\/v2\/pages\/4590\/revisions"}],"predecessor-version":[{"id":14647,"href":"https:\/\/www.risco.it\/de\/wp-json\/wp\/v2\/pages\/4590\/revisions\/14647"}],"wp:featuredmedia":[{"embeddable":true,"href":"https:\/\/www.risco.it\/de\/wp-json\/wp\/v2\/media\/6106"}],"wp:attachment":[{"href":"https:\/\/www.risco.it\/de\/wp-json\/wp\/v2\/media?parent=4590"}],"curies":[{"name":"wp","href":"https:\/\/api.w.org\/{rel}","templated":true}]}}