{"id":4331,"date":"2018-04-11T11:24:40","date_gmt":"2018-04-11T09:24:40","guid":{"rendered":"http:\/\/risco.clientbook.it\/?page_id=4331"},"modified":"2025-05-11T15:02:11","modified_gmt":"2025-05-11T13:02:11","slug":"produktart","status":"publish","type":"page","link":"https:\/\/www.risco.it\/de\/anwendungen\/produktart\/","title":{"rendered":"Produktart"},"content":{"rendered":"\n<div class=\"wp-block-group alignfull is-layout-constrained wp-block-group-is-layout-constrained\" style=\"padding-top:0px;padding-bottom:0px\">\n<p><\/p>\n\n\n\n<div class=\"wp-block-group product-list is-layout-constrained wp-block-group-is-layout-constrained\">\n<div class=\"wp-block-uagb-container uagb-block-19553cd1 alignfull uagb-is-root-container\"><div class=\"uagb-container-inner-blocks-wrap\">\n<figure class=\"wp-block-image size-full\"><img loading=\"lazy\" decoding=\"async\" width=\"600\" height=\"600\" src=\"https:\/\/www.risco.it\/wp-content\/uploads\/2024\/05\/salami.jpg\" alt=\"\" class=\"wp-image-15233\" srcset=\"https:\/\/www.risco.it\/wp-content\/uploads\/2024\/05\/salami.jpg 600w, https:\/\/www.risco.it\/wp-content\/uploads\/2024\/05\/salami-300x300.jpg 300w, https:\/\/www.risco.it\/wp-content\/uploads\/2024\/05\/salami-150x150.jpg 150w\" sizes=\"auto, (max-width: 600px) 100vw, 600px\" \/><\/figure>\n\n\n\n<h4 class=\"wp-block-heading has-text-align-center\" id=\"h-geklippte-produkte\"><a href=\"https:\/\/www.risco.it\/de\/anwendungen\/produktart\/fleisch\/\">Geklippte Produkte<\/a><\/h4>\n<\/div><\/div>\n\n\n\n<div class=\"wp-block-uagb-container uagb-block-797ca8ed alignfull uagb-is-root-container\"><div class=\"uagb-container-inner-blocks-wrap\">\n<figure class=\"wp-block-image size-full\"><img loading=\"lazy\" decoding=\"async\" width=\"603\" height=\"600\" src=\"https:\/\/www.risco.it\/wp-content\/uploads\/2024\/05\/sausages.jpg\" alt=\"\" class=\"wp-image-15242\" srcset=\"https:\/\/www.risco.it\/wp-content\/uploads\/2024\/05\/sausages.jpg 603w, https:\/\/www.risco.it\/wp-content\/uploads\/2024\/05\/sausages-300x300.jpg 300w, https:\/\/www.risco.it\/wp-content\/uploads\/2024\/05\/sausages-150x150.jpg 150w\" sizes=\"auto, (max-width: 603px) 100vw, 603px\" \/><\/figure>\n\n\n\n<h4 class=\"wp-block-heading has-text-align-center\" id=\"h-wurstchenfulllinien\"><a href=\"https:\/\/www.risco.it\/de\/anwendungen\/produktart\/wuerstchenfuelllinien\/\">W\u00fcrstchenf\u00fclllinien<\/a><\/h4>\n<\/div><\/div>\n\n\n\n<div class=\"wp-block-uagb-container uagb-block-68290be6 alignfull uagb-is-root-container\"><div class=\"uagb-container-inner-blocks-wrap\">\n<figure class=\"wp-block-image size-full\"><img loading=\"lazy\" decoding=\"async\" width=\"600\" height=\"604\" src=\"https:\/\/www.risco.it\/wp-content\/uploads\/2024\/05\/burgers.jpg\" alt=\"\" class=\"wp-image-15273\" srcset=\"https:\/\/www.risco.it\/wp-content\/uploads\/2024\/05\/burgers.jpg 600w, https:\/\/www.risco.it\/wp-content\/uploads\/2024\/05\/burgers-298x300.jpg 298w, https:\/\/www.risco.it\/wp-content\/uploads\/2024\/05\/burgers-150x150.jpg 150w\" sizes=\"auto, (max-width: 600px) 100vw, 600px\" \/><\/figure>\n\n\n\n<h4 class=\"wp-block-heading has-text-align-center\" id=\"h-geformte-produkte\"><a href=\"https:\/\/www.risco.it\/de\/anwendungen\/produktart\/geformte-produkte\/\">Geformte Produkte<\/a><\/h4>\n<\/div><\/div>\n\n\n\n<div class=\"wp-block-uagb-container uagb-block-614bd9f2 alignfull uagb-is-root-container\"><div class=\"uagb-container-inner-blocks-wrap\">\n<figure class=\"wp-block-image size-full\"><img loading=\"lazy\" decoding=\"async\" width=\"600\" height=\"601\" src=\"https:\/\/www.risco.it\/wp-content\/uploads\/2024\/05\/ground-meat.jpg\" alt=\"\" class=\"wp-image-15249\" style=\"object-fit:cover\" srcset=\"https:\/\/www.risco.it\/wp-content\/uploads\/2024\/05\/ground-meat.jpg 600w, https:\/\/www.risco.it\/wp-content\/uploads\/2024\/05\/ground-meat-300x300.jpg 300w, https:\/\/www.risco.it\/wp-content\/uploads\/2024\/05\/ground-meat-150x150.jpg 150w\" sizes=\"auto, (max-width: 600px) 100vw, 600px\" \/><\/figure>\n\n\n\n<h4 class=\"wp-block-heading has-text-align-center\" id=\"h-gewolfte-produkte\"><a href=\"https:\/\/www.risco.it\/de\/anwendungen\/produktart\/gewolfte-produkte\/\">Gewolfte Produkte<\/a><\/h4>\n<\/div><\/div>\n\n\n\n<div class=\"wp-block-uagb-container uagb-block-41d519ce alignfull uagb-is-root-container\"><div class=\"uagb-container-inner-blocks-wrap\">\n<figure class=\"wp-block-image size-full\"><img loading=\"lazy\" decoding=\"async\" width=\"601\" height=\"601\" src=\"https:\/\/www.risco.it\/wp-content\/uploads\/2024\/04\/Prosciutto-36503-ritocco.jpg\" alt=\"\" class=\"wp-image-15032\" srcset=\"https:\/\/www.risco.it\/wp-content\/uploads\/2024\/04\/Prosciutto-36503-ritocco.jpg 601w, https:\/\/www.risco.it\/wp-content\/uploads\/2024\/04\/Prosciutto-36503-ritocco-300x300.jpg 300w, https:\/\/www.risco.it\/wp-content\/uploads\/2024\/04\/Prosciutto-36503-ritocco-150x150.jpg 150w\" sizes=\"auto, (max-width: 601px) 100vw, 601px\" \/><\/figure>\n\n\n\n<h4 class=\"wp-block-heading has-text-align-center\" id=\"h-schinken\"><a href=\"https:\/\/www.risco.it\/de\/anwendungen\/produktart\/schinken\/\">Schinken<\/a><\/h4>\n<\/div><\/div>\n\n\n\n<div class=\"wp-block-uagb-container uagb-block-37a2708e default uagb-is-root-container\">\n<figure class=\"wp-block-image size-full\"><img loading=\"lazy\" decoding=\"async\" width=\"600\" height=\"600\" src=\"https:\/\/www.risco.it\/wp-content\/uploads\/2024\/01\/fish-patty.jpg\" alt=\"\" class=\"wp-image-13136\" srcset=\"https:\/\/www.risco.it\/wp-content\/uploads\/2024\/01\/fish-patty.jpg 600w, https:\/\/www.risco.it\/wp-content\/uploads\/2024\/01\/fish-patty-300x300.jpg 300w, https:\/\/www.risco.it\/wp-content\/uploads\/2024\/01\/fish-patty-150x150.jpg 150w\" sizes=\"auto, (max-width: 600px) 100vw, 600px\" \/><\/figure>\n\n\n\n<h4 class=\"wp-block-heading has-text-align-center\" id=\"h-fisch-und-meeresfruchte\"><a href=\"https:\/\/www.risco.it\/de\/anwendungen\/produktart\/fisch\/\">Fisch und Meeresfr\u00fcchte<\/a><\/h4>\n<\/div>\n\n\n\n<div class=\"wp-block-uagb-container uagb-block-9a160f1a default uagb-is-root-container\">\n<figure class=\"wp-block-image size-full\"><img loading=\"lazy\" decoding=\"async\" width=\"601\" height=\"600\" src=\"https:\/\/www.risco.it\/wp-content\/uploads\/2024\/05\/soft-cheese.jpg\" alt=\"\" class=\"wp-image-15259\" srcset=\"https:\/\/www.risco.it\/wp-content\/uploads\/2024\/05\/soft-cheese.jpg 601w, https:\/\/www.risco.it\/wp-content\/uploads\/2024\/05\/soft-cheese-300x300.jpg 300w, https:\/\/www.risco.it\/wp-content\/uploads\/2024\/05\/soft-cheese-150x150.jpg 150w\" sizes=\"auto, (max-width: 601px) 100vw, 601px\" \/><\/figure>\n\n\n\n<h4 class=\"wp-block-heading has-text-align-center\" id=\"h-kase-und-molkereiprodukte\"><a href=\"https:\/\/www.risco.it\/de\/anwendungen\/produktart\/kaese\/\">K\u00e4se und Molkereiprodukte<\/a><\/h4>\n<\/div>\n\n\n\n<div class=\"wp-block-uagb-container uagb-block-7415743b default uagb-is-root-container\">\n<figure class=\"wp-block-image size-full\"><img loading=\"lazy\" decoding=\"async\" width=\"600\" height=\"600\" src=\"https:\/\/www.risco.it\/wp-content\/uploads\/2024\/01\/brownie.jpg\" alt=\"\" class=\"wp-image-13181\" srcset=\"https:\/\/www.risco.it\/wp-content\/uploads\/2024\/01\/brownie.jpg 600w, https:\/\/www.risco.it\/wp-content\/uploads\/2024\/01\/brownie-300x300.jpg 300w, https:\/\/www.risco.it\/wp-content\/uploads\/2024\/01\/brownie-150x150.jpg 150w\" sizes=\"auto, (max-width: 600px) 100vw, 600px\" \/><\/figure>\n\n\n\n<h4 class=\"wp-block-heading has-text-align-center\" id=\"h-backwaren\"><a href=\"https:\/\/www.risco.it\/de\/anwendungen\/produktart\/suessspeisen\/\">Backwaren<\/a><\/h4>\n<\/div>\n\n\n\n<div class=\"wp-block-uagb-container uagb-block-a2475b94 default uagb-is-root-container\">\n<figure class=\"wp-block-image size-full\"><img loading=\"lazy\" decoding=\"async\" width=\"600\" height=\"600\" src=\"https:\/\/www.risco.it\/wp-content\/uploads\/2024\/01\/tartar.jpg\" alt=\"\" class=\"wp-image-13166\" srcset=\"https:\/\/www.risco.it\/wp-content\/uploads\/2024\/01\/tartar.jpg 600w, https:\/\/www.risco.it\/wp-content\/uploads\/2024\/01\/tartar-300x300.jpg 300w, https:\/\/www.risco.it\/wp-content\/uploads\/2024\/01\/tartar-150x150.jpg 150w\" sizes=\"auto, (max-width: 600px) 100vw, 600px\" \/><\/figure>\n\n\n\n<h4 class=\"wp-block-heading has-text-align-center\" id=\"h-vegetarische-produkte\"><a href=\"https:\/\/www.risco.it\/de\/anwendungen\/produktart\/obst-und-gemuese\/\">Vegetarische Produkte<\/a><\/h4>\n<\/div>\n\n\n\n<div class=\"wp-block-uagb-container uagb-block-e1894710 default uagb-is-root-container\">\n<figure class=\"wp-block-image size-large\"><a href=\"https:\/\/www.risco.it\/de\/anwendungen\/produktart\/tiernahrungsprodukte\/\"><img loading=\"lazy\" decoding=\"async\" width=\"500\" height=\"500\" src=\"https:\/\/www.risco.it\/wp-content\/uploads\/2024\/01\/pet-food.jpg\" alt=\"\" class=\"wp-image-12863\" srcset=\"https:\/\/www.risco.it\/wp-content\/uploads\/2024\/01\/pet-food.jpg 500w, https:\/\/www.risco.it\/wp-content\/uploads\/2024\/01\/pet-food-150x150.jpg 150w, https:\/\/www.risco.it\/wp-content\/uploads\/2024\/01\/pet-food-300x300.jpg 300w\" sizes=\"auto, (max-width: 500px) 100vw, 500px\" \/><\/a><\/figure>\n\n\n\n<h4 class=\"wp-block-heading has-text-align-center\" id=\"h-tiernahrung\"><a href=\"https:\/\/www.risco.it\/de\/anwendungen\/produktart\/tiernahrungsprodukte\/\">Tiernahrung<\/a><\/h4>\n<\/div>\n<\/div>\n<\/div>\n","protected":false},"excerpt":{"rendered":"<p>Geklippte Produkte W\u00fcrstchenf\u00fclllinien Geformte Produkte Gewolfte Produkte Schinken Fisch und Meeresfr\u00fcchte K\u00e4se und Molkereiprodukte Backwaren Vegetarische Produkte Tiernahrung<\/p>\n","protected":false},"author":4,"featured_media":18449,"parent":4175,"menu_order":83,"comment_status":"closed","ping_status":"closed","template":"page-lau-template.php","meta":{"_acf_changed":false,"inline_featured_image":false,"_uag_custom_page_level_css":"","site-sidebar-layout":"no-sidebar","site-content-layout":"","ast-site-content-layout":"default","site-content-style":"default","site-sidebar-style":"default","ast-global-header-display":"","ast-banner-title-visibility":"","ast-main-header-display":"","ast-hfb-above-header-display":"","ast-hfb-below-header-display":"","ast-hfb-mobile-header-display":"","site-post-title":"","ast-breadcrumbs-content":"","ast-featured-img":"","footer-sml-layout":"","ast-disable-related-posts":"","theme-transparent-header-meta":"","adv-header-id-meta":"","stick-header-meta":"","header-above-stick-meta":"","header-main-stick-meta":"","header-below-stick-meta":"","astra-migrate-meta-layouts":"default","ast-page-background-enabled":"default","ast-page-background-meta":{"desktop":{"background-color":"var(--ast-global-color-4)","background-image":"","background-repeat":"repeat","background-position":"center center","background-size":"auto","background-attachment":"scroll","background-type":"","background-media":"","overlay-type":"","overlay-color":"","overlay-opacity":"","overlay-gradient":""},"tablet":{"background-color":"","background-image":"","background-repeat":"repeat","background-position":"center center","background-size":"auto","background-attachment":"scroll","background-type":"","background-media":"","overlay-type":"","overlay-color":"","overlay-opacity":"","overlay-gradient":""},"mobile":{"background-color":"","background-image":"","background-repeat":"repeat","background-position":"center center","background-size":"auto","background-attachment":"scroll","background-type":"","background-media":"","overlay-type":"","overlay-color":"","overlay-opacity":"","overlay-gradient":""}},"ast-content-background-meta":{"desktop":{"background-color":"var(--ast-global-color-5)","background-image":"","background-repeat":"repeat","background-position":"center center","background-size":"auto","background-attachment":"scroll","background-type":"","background-media":"","overlay-type":"","overlay-color":"","overlay-opacity":"","overlay-gradient":""},"tablet":{"background-color":"var(--ast-global-color-5)","background-image":"","background-repeat":"repeat","background-position":"center center","background-size":"auto","background-attachment":"scroll","background-type":"","background-media":"","overlay-type":"","overlay-color":"","overlay-opacity":"","overlay-gradient":""},"mobile":{"background-color":"var(--ast-global-color-5)","background-image":"","background-repeat":"repeat","background-position":"center center","background-size":"auto","background-attachment":"scroll","background-type":"","background-media":"","overlay-type":"","overlay-color":"","overlay-opacity":"","overlay-gradient":""}},"footnotes":""},"class_list":["post-4331","page","type-page","status-publish","has-post-thumbnail","hentry"],"acf":[],"yoast_head":"<!-- This site is optimized with the Yoast SEO Premium plugin v22.0 (Yoast SEO v27.1.1) - https:\/\/yoast.com\/product\/yoast-seo-premium-wordpress\/ -->\n<title>Produktart - Risco<\/title>\n<meta name=\"robots\" content=\"index, follow, max-snippet:-1, max-image-preview:large, max-video-preview:-1\" \/>\n<link rel=\"canonical\" href=\"https:\/\/www.risco.it\/de\/anwendungen\/produktart\/\" \/>\n<meta property=\"og:locale\" content=\"de_DE\" \/>\n<meta property=\"og:type\" content=\"article\" \/>\n<meta property=\"og:title\" content=\"Produktart\" \/>\n<meta property=\"og:description\" content=\"Geklippte Produkte W\u00fcrstchenf\u00fclllinien Geformte Produkte Gewolfte Produkte Schinken Fisch und Meeresfr\u00fcchte K\u00e4se und Molkereiprodukte Backwaren Vegetarische Produkte Tiernahrung\" \/>\n<meta property=\"og:url\" content=\"https:\/\/www.risco.it\/de\/anwendungen\/produktart\/\" \/>\n<meta property=\"og:site_name\" content=\"Risco\" \/>\n<meta property=\"article:modified_time\" content=\"2025-05-11T13:02:11+00:00\" \/>\n<meta property=\"og:image\" content=\"https:\/\/www.risco.it\/wp-content\/uploads\/2025\/04\/product-type-1.jpg\" \/>\n\t<meta property=\"og:image:width\" content=\"1024\" \/>\n\t<meta property=\"og:image:height\" content=\"720\" \/>\n\t<meta property=\"og:image:type\" content=\"image\/jpeg\" \/>\n<meta name=\"twitter:card\" content=\"summary_large_image\" \/>\n<meta name=\"twitter:label1\" content=\"Gesch\u00e4tzte Lesezeit\" \/>\n\t<meta name=\"twitter:data1\" content=\"3\u00a0Minuten\" \/>\n<!-- \/ Yoast SEO Premium plugin. -->","yoast_head_json":{"title":"Produktart - Risco","robots":{"index":"index","follow":"follow","max-snippet":"max-snippet:-1","max-image-preview":"max-image-preview:large","max-video-preview":"max-video-preview:-1"},"canonical":"https:\/\/www.risco.it\/de\/anwendungen\/produktart\/","og_locale":"de_DE","og_type":"article","og_title":"Produktart","og_description":"Geklippte Produkte W\u00fcrstchenf\u00fclllinien Geformte Produkte Gewolfte Produkte Schinken Fisch und Meeresfr\u00fcchte K\u00e4se und Molkereiprodukte Backwaren Vegetarische Produkte Tiernahrung","og_url":"https:\/\/www.risco.it\/de\/anwendungen\/produktart\/","og_site_name":"Risco","article_modified_time":"2025-05-11T13:02:11+00:00","og_image":[{"width":1024,"height":720,"url":"https:\/\/www.risco.it\/wp-content\/uploads\/2025\/04\/product-type-1.jpg","type":"image\/jpeg"}],"twitter_card":"summary_large_image","twitter_misc":{"Gesch\u00e4tzte Lesezeit":"3\u00a0Minuten"},"schema":{"@context":"https:\/\/schema.org","@graph":[{"@type":"WebPage","@id":"https:\/\/www.risco.it\/de\/anwendungen\/produktart\/","url":"https:\/\/www.risco.it\/de\/anwendungen\/produktart\/","name":"Produktart - Risco","isPartOf":{"@id":"https:\/\/www.risco.it\/de\/#website"},"primaryImageOfPage":{"@id":"https:\/\/www.risco.it\/de\/anwendungen\/produktart\/#primaryimage"},"image":{"@id":"https:\/\/www.risco.it\/de\/anwendungen\/produktart\/#primaryimage"},"thumbnailUrl":"https:\/\/www.risco.it\/wp-content\/uploads\/2025\/04\/product-type-1.jpg","datePublished":"2018-04-11T09:24:40+00:00","dateModified":"2025-05-11T13:02:11+00:00","breadcrumb":{"@id":"https:\/\/www.risco.it\/de\/anwendungen\/produktart\/#breadcrumb"},"inLanguage":"de","potentialAction":[{"@type":"ReadAction","target":["https:\/\/www.risco.it\/de\/anwendungen\/produktart\/"]}]},{"@type":"ImageObject","inLanguage":"de","@id":"https:\/\/www.risco.it\/de\/anwendungen\/produktart\/#primaryimage","url":"https:\/\/www.risco.it\/wp-content\/uploads\/2025\/04\/product-type-1.jpg","contentUrl":"https:\/\/www.risco.it\/wp-content\/uploads\/2025\/04\/product-type-1.jpg","width":1024,"height":720},{"@type":"BreadcrumbList","@id":"https:\/\/www.risco.it\/de\/anwendungen\/produktart\/#breadcrumb","itemListElement":[{"@type":"ListItem","position":1,"name":"Home","item":"https:\/\/www.risco.it\/de\/"},{"@type":"ListItem","position":2,"name":"Anwendungen","item":"https:\/\/www.risco.it\/de\/anwendungen\/"},{"@type":"ListItem","position":3,"name":"Produktart"}]},{"@type":"WebSite","@id":"https:\/\/www.risco.it\/de\/#website","url":"https:\/\/www.risco.it\/de\/","name":"Risco","description":"Vacuum fillers and meat processing machines","publisher":{"@id":"https:\/\/www.risco.it\/de\/#organization"},"potentialAction":[{"@type":"SearchAction","target":{"@type":"EntryPoint","urlTemplate":"https:\/\/www.risco.it\/de\/?s={search_term_string}"},"query-input":{"@type":"PropertyValueSpecification","valueRequired":true,"valueName":"search_term_string"}}],"inLanguage":"de"},{"@type":"Organization","@id":"https:\/\/www.risco.it\/de\/#organization","name":"Risco","url":"https:\/\/www.risco.it\/de\/","logo":{"@type":"ImageObject","inLanguage":"de","@id":"https:\/\/www.risco.it\/de\/#\/schema\/logo\/image\/","url":"https:\/\/www.risco.it\/wp-content\/uploads\/2020\/12\/Risco_logo.svg","contentUrl":"https:\/\/www.risco.it\/wp-content\/uploads\/2020\/12\/Risco_logo.svg","caption":"Risco"},"image":{"@id":"https:\/\/www.risco.it\/de\/#\/schema\/logo\/image\/"}}]}},"uagb_featured_image_src":{"full":["https:\/\/www.risco.it\/wp-content\/uploads\/2025\/04\/product-type-1.jpg",1024,720,false],"thumbnail":["https:\/\/www.risco.it\/wp-content\/uploads\/2025\/04\/product-type-1-150x105.jpg",150,105,true],"medium":["https:\/\/www.risco.it\/wp-content\/uploads\/2025\/04\/product-type-1-300x211.jpg",300,211,true],"medium_large":["https:\/\/www.risco.it\/wp-content\/uploads\/2025\/04\/product-type-1-768x540.jpg",768,540,true],"large":["https:\/\/www.risco.it\/wp-content\/uploads\/2025\/04\/product-type-1.jpg",1024,720,false],"1536x1536":["https:\/\/www.risco.it\/wp-content\/uploads\/2025\/04\/product-type-1.jpg",1024,720,false],"2048x2048":["https:\/\/www.risco.it\/wp-content\/uploads\/2025\/04\/product-type-1.jpg",1024,720,false]},"uagb_author_info":{"display_name":"tradenet","author_link":"https:\/\/www.risco.it\/de\/author\/admintradenet\/"},"uagb_comment_info":0,"uagb_excerpt":"Geklippte Produkte W\u00fcrstchenf\u00fclllinien Geformte Produkte Gewolfte Produkte Schinken Fisch und Meeresfr\u00fcchte K\u00e4se und Molkereiprodukte Backwaren Vegetarische Produkte Tiernahrung","_links":{"self":[{"href":"https:\/\/www.risco.it\/de\/wp-json\/wp\/v2\/pages\/4331","targetHints":{"allow":["GET"]}}],"collection":[{"href":"https:\/\/www.risco.it\/de\/wp-json\/wp\/v2\/pages"}],"about":[{"href":"https:\/\/www.risco.it\/de\/wp-json\/wp\/v2\/types\/page"}],"author":[{"embeddable":true,"href":"https:\/\/www.risco.it\/de\/wp-json\/wp\/v2\/users\/4"}],"replies":[{"embeddable":true,"href":"https:\/\/www.risco.it\/de\/wp-json\/wp\/v2\/comments?post=4331"}],"version-history":[{"count":9,"href":"https:\/\/www.risco.it\/de\/wp-json\/wp\/v2\/pages\/4331\/revisions"}],"predecessor-version":[{"id":18614,"href":"https:\/\/www.risco.it\/de\/wp-json\/wp\/v2\/pages\/4331\/revisions\/18614"}],"up":[{"embeddable":true,"href":"https:\/\/www.risco.it\/de\/wp-json\/wp\/v2\/pages\/4175"}],"wp:featuredmedia":[{"embeddable":true,"href":"https:\/\/www.risco.it\/de\/wp-json\/wp\/v2\/media\/18449"}],"wp:attachment":[{"href":"https:\/\/www.risco.it\/de\/wp-json\/wp\/v2\/media?parent=4331"}],"curies":[{"name":"wp","href":"https:\/\/api.w.org\/{rel}","templated":true}]}}