{"id":4286,"date":"2018-04-11T12:07:05","date_gmt":"2018-04-11T10:07:05","guid":{"rendered":"http:\/\/risco.clientbook.it\/?page_id=4286"},"modified":"2025-03-10T18:21:37","modified_gmt":"2025-03-10T17:21:37","slug":"ablage","status":"publish","type":"page","link":"https:\/\/www.risco.it\/de\/anwendungen\/prozessarten\/ablage\/","title":{"rendered":"Ablage"},"content":{"rendered":"\n<div class=\"wp-block-group is-layout-constrained wp-container-core-group-is-layout-d22ff40a wp-block-group-is-layout-constrained\" style=\"padding-top:0px;padding-right:0px;padding-bottom:0px;padding-left:0px\">\n<div class=\"wp-block-columns is-layout-flex wp-container-core-columns-is-layout-28f84493 wp-block-columns-is-layout-flex\">\n<div class=\"wp-block-column is-layout-flow wp-block-column-is-layout-flow\">\n<p>Mit den Ablagesystemen von Risco lassen sich die verschiedensten Varianten von Lebensmittelprodukten in genaue Portionen dosieren. Die ein- oder mehrk\u00f6pfigen Ablagesysteme gestatten es, feste und fl\u00fcssige Produkte h\u00f6chst pr\u00e4zise in Schalen, Dosen, Schachteln, Beutel oder andere Arten von Beh\u00e4ltern zu portionieren. W\u00e4hrend des Prozesses wird das Produkt nicht belastet und beh\u00e4lt seine Anfangstemperatur.<\/p>\n\n\n\n<h4 class=\"wp-block-heading\" id=\"h-hauptmerkmale\">Hauptmerkmale<\/h4>\n\n\n\n<ul class=\"wp-block-list\">\n<li>Optimal definiertes Produktbild<\/li>\n\n\n\n<li>Kein Zusammendr\u00fccken des Produkts w\u00e4hrend des Dosiervorgangs<\/li>\n\n\n\n<li>H\u00f6chst gewichtsgenaue Portionierung<\/li>\n\n\n\n<li>Individuelle Anpassung der Systeme auf die Anforderungen der Hersteller<\/li>\n\n\n\n<li>Automation des Herstellungsprozesses<\/li>\n<\/ul>\n<\/div>\n<\/div>\n<\/div>\n","protected":false},"excerpt":{"rendered":"<p>Mit den Ablagesystemen von Risco lassen sich die verschiedensten Varianten von Lebensmittelprodukten in genaue Portionen dosieren. Die ein- oder mehrk\u00f6pfigen [&hellip;]<\/p>\n","protected":false},"author":4,"featured_media":18203,"parent":4194,"menu_order":70,"comment_status":"closed","ping_status":"closed","template":"products-page.php","meta":{"_acf_changed":false,"inline_featured_image":false,"_uag_custom_page_level_css":"","site-sidebar-layout":"no-sidebar","site-content-layout":"","ast-site-content-layout":"default","site-content-style":"default","site-sidebar-style":"default","ast-global-header-display":"","ast-banner-title-visibility":"","ast-main-header-display":"","ast-hfb-above-header-display":"","ast-hfb-below-header-display":"","ast-hfb-mobile-header-display":"","site-post-title":"","ast-breadcrumbs-content":"","ast-featured-img":"disabled","footer-sml-layout":"","ast-disable-related-posts":"","theme-transparent-header-meta":"","adv-header-id-meta":"","stick-header-meta":"","header-above-stick-meta":"","header-main-stick-meta":"","header-below-stick-meta":"","astra-migrate-meta-layouts":"default","ast-page-background-enabled":"default","ast-page-background-meta":{"desktop":{"background-color":"var(--ast-global-color-4)","background-image":"","background-repeat":"repeat","background-position":"center center","background-size":"auto","background-attachment":"scroll","background-type":"","background-media":"","overlay-type":"","overlay-color":"","overlay-opacity":"","overlay-gradient":""},"tablet":{"background-color":"","background-image":"","background-repeat":"repeat","background-position":"center center","background-size":"auto","background-attachment":"scroll","background-type":"","background-media":"","overlay-type":"","overlay-color":"","overlay-opacity":"","overlay-gradient":""},"mobile":{"background-color":"","background-image":"","background-repeat":"repeat","background-position":"center center","background-size":"auto","background-attachment":"scroll","background-type":"","background-media":"","overlay-type":"","overlay-color":"","overlay-opacity":"","overlay-gradient":""}},"ast-content-background-meta":{"desktop":{"background-color":"var(--ast-global-color-5)","background-image":"","background-repeat":"repeat","background-position":"center center","background-size":"auto","background-attachment":"scroll","background-type":"","background-media":"","overlay-type":"","overlay-color":"","overlay-opacity":"","overlay-gradient":""},"tablet":{"background-color":"var(--ast-global-color-5)","background-image":"","background-repeat":"repeat","background-position":"center center","background-size":"auto","background-attachment":"scroll","background-type":"","background-media":"","overlay-type":"","overlay-color":"","overlay-opacity":"","overlay-gradient":""},"mobile":{"background-color":"var(--ast-global-color-5)","background-image":"","background-repeat":"repeat","background-position":"center center","background-size":"auto","background-attachment":"scroll","background-type":"","background-media":"","overlay-type":"","overlay-color":"","overlay-opacity":"","overlay-gradient":""}},"footnotes":""},"class_list":["post-4286","page","type-page","status-publish","has-post-thumbnail","hentry"],"acf":[],"yoast_head":"<!-- This site is optimized with the Yoast SEO Premium plugin v22.0 (Yoast SEO v27.1.1) - https:\/\/yoast.com\/product\/yoast-seo-premium-wordpress\/ -->\n<title>Ablage - Risco<\/title>\n<meta name=\"robots\" content=\"index, follow, max-snippet:-1, max-image-preview:large, max-video-preview:-1\" \/>\n<link rel=\"canonical\" href=\"https:\/\/www.risco.it\/de\/anwendungen\/prozessarten\/ablage\/\" \/>\n<meta property=\"og:locale\" content=\"de_DE\" \/>\n<meta property=\"og:type\" content=\"article\" \/>\n<meta property=\"og:title\" content=\"Ablage\" \/>\n<meta property=\"og:description\" content=\"Mit den Ablagesystemen von Risco lassen sich die verschiedensten Varianten von Lebensmittelprodukten in genaue Portionen dosieren. Die ein- oder mehrk\u00f6pfigen [&hellip;]\" \/>\n<meta property=\"og:url\" content=\"https:\/\/www.risco.it\/de\/anwendungen\/prozessarten\/ablage\/\" \/>\n<meta property=\"og:site_name\" content=\"Risco\" \/>\n<meta property=\"article:modified_time\" content=\"2025-03-10T17:21:37+00:00\" \/>\n<meta property=\"og:image\" content=\"https:\/\/www.risco.it\/wp-content\/uploads\/2024\/04\/Fotolia_53563195_L.jpg\" \/>\n\t<meta property=\"og:image:width\" content=\"600\" \/>\n\t<meta property=\"og:image:height\" content=\"600\" \/>\n\t<meta property=\"og:image:type\" content=\"image\/jpeg\" \/>\n<meta name=\"twitter:card\" content=\"summary_large_image\" \/>\n<meta name=\"twitter:label1\" content=\"Gesch\u00e4tzte Lesezeit\" \/>\n\t<meta name=\"twitter:data1\" content=\"1\u00a0Minute\" \/>\n<!-- \/ Yoast SEO Premium plugin. -->","yoast_head_json":{"title":"Ablage - Risco","robots":{"index":"index","follow":"follow","max-snippet":"max-snippet:-1","max-image-preview":"max-image-preview:large","max-video-preview":"max-video-preview:-1"},"canonical":"https:\/\/www.risco.it\/de\/anwendungen\/prozessarten\/ablage\/","og_locale":"de_DE","og_type":"article","og_title":"Ablage","og_description":"Mit den Ablagesystemen von Risco lassen sich die verschiedensten Varianten von Lebensmittelprodukten in genaue Portionen dosieren. Die ein- oder mehrk\u00f6pfigen [&hellip;]","og_url":"https:\/\/www.risco.it\/de\/anwendungen\/prozessarten\/ablage\/","og_site_name":"Risco","article_modified_time":"2025-03-10T17:21:37+00:00","og_image":[{"width":600,"height":600,"url":"https:\/\/www.risco.it\/wp-content\/uploads\/2024\/04\/Fotolia_53563195_L.jpg","type":"image\/jpeg"}],"twitter_card":"summary_large_image","twitter_misc":{"Gesch\u00e4tzte Lesezeit":"1\u00a0Minute"},"schema":{"@context":"https:\/\/schema.org","@graph":[{"@type":"WebPage","@id":"https:\/\/www.risco.it\/de\/anwendungen\/prozessarten\/ablage\/","url":"https:\/\/www.risco.it\/de\/anwendungen\/prozessarten\/ablage\/","name":"Ablage - Risco","isPartOf":{"@id":"https:\/\/www.risco.it\/de\/#website"},"primaryImageOfPage":{"@id":"https:\/\/www.risco.it\/de\/anwendungen\/prozessarten\/ablage\/#primaryimage"},"image":{"@id":"https:\/\/www.risco.it\/de\/anwendungen\/prozessarten\/ablage\/#primaryimage"},"thumbnailUrl":"https:\/\/www.risco.it\/wp-content\/uploads\/2025\/04\/depositing.jpeg","datePublished":"2018-04-11T10:07:05+00:00","dateModified":"2025-03-10T17:21:37+00:00","breadcrumb":{"@id":"https:\/\/www.risco.it\/de\/anwendungen\/prozessarten\/ablage\/#breadcrumb"},"inLanguage":"de","potentialAction":[{"@type":"ReadAction","target":["https:\/\/www.risco.it\/de\/anwendungen\/prozessarten\/ablage\/"]}]},{"@type":"ImageObject","inLanguage":"de","@id":"https:\/\/www.risco.it\/de\/anwendungen\/prozessarten\/ablage\/#primaryimage","url":"https:\/\/www.risco.it\/wp-content\/uploads\/2025\/04\/depositing.jpeg","contentUrl":"https:\/\/www.risco.it\/wp-content\/uploads\/2025\/04\/depositing.jpeg","width":1920,"height":1000},{"@type":"BreadcrumbList","@id":"https:\/\/www.risco.it\/de\/anwendungen\/prozessarten\/ablage\/#breadcrumb","itemListElement":[{"@type":"ListItem","position":1,"name":"Home","item":"https:\/\/www.risco.it\/de\/"},{"@type":"ListItem","position":2,"name":"Anwendungen","item":"https:\/\/www.risco.it\/de\/anwendungen\/"},{"@type":"ListItem","position":3,"name":"Prozessarten","item":"https:\/\/www.risco.it\/de\/anwendungen\/prozessarten\/"},{"@type":"ListItem","position":4,"name":"Ablage"}]},{"@type":"WebSite","@id":"https:\/\/www.risco.it\/de\/#website","url":"https:\/\/www.risco.it\/de\/","name":"Risco","description":"Vacuum fillers and meat processing machines","publisher":{"@id":"https:\/\/www.risco.it\/de\/#organization"},"potentialAction":[{"@type":"SearchAction","target":{"@type":"EntryPoint","urlTemplate":"https:\/\/www.risco.it\/de\/?s={search_term_string}"},"query-input":{"@type":"PropertyValueSpecification","valueRequired":true,"valueName":"search_term_string"}}],"inLanguage":"de"},{"@type":"Organization","@id":"https:\/\/www.risco.it\/de\/#organization","name":"Risco","url":"https:\/\/www.risco.it\/de\/","logo":{"@type":"ImageObject","inLanguage":"de","@id":"https:\/\/www.risco.it\/de\/#\/schema\/logo\/image\/","url":"https:\/\/www.risco.it\/wp-content\/uploads\/2020\/12\/Risco_logo.svg","contentUrl":"https:\/\/www.risco.it\/wp-content\/uploads\/2020\/12\/Risco_logo.svg","caption":"Risco"},"image":{"@id":"https:\/\/www.risco.it\/de\/#\/schema\/logo\/image\/"}}]}},"uagb_featured_image_src":{"full":["https:\/\/www.risco.it\/wp-content\/uploads\/2025\/04\/depositing.jpeg",1920,1000,false],"thumbnail":["https:\/\/www.risco.it\/wp-content\/uploads\/2025\/04\/depositing-150x78.jpeg",150,78,true],"medium":["https:\/\/www.risco.it\/wp-content\/uploads\/2025\/04\/depositing-300x156.jpeg",300,156,true],"medium_large":["https:\/\/www.risco.it\/wp-content\/uploads\/2025\/04\/depositing-768x400.jpeg",768,400,true],"large":["https:\/\/www.risco.it\/wp-content\/uploads\/2025\/04\/depositing-1024x533.jpeg",1024,533,true],"1536x1536":["https:\/\/www.risco.it\/wp-content\/uploads\/2025\/04\/depositing-1536x800.jpeg",1536,800,true],"2048x2048":["https:\/\/www.risco.it\/wp-content\/uploads\/2025\/04\/depositing.jpeg",1920,1000,false]},"uagb_author_info":{"display_name":"tradenet","author_link":"https:\/\/www.risco.it\/de\/author\/admintradenet\/"},"uagb_comment_info":0,"uagb_excerpt":"Mit den Ablagesystemen von Risco lassen sich die verschiedensten Varianten von Lebensmittelprodukten in genaue Portionen dosieren. Die ein- oder mehrk\u00f6pfigen [&hellip;]","_links":{"self":[{"href":"https:\/\/www.risco.it\/de\/wp-json\/wp\/v2\/pages\/4286","targetHints":{"allow":["GET"]}}],"collection":[{"href":"https:\/\/www.risco.it\/de\/wp-json\/wp\/v2\/pages"}],"about":[{"href":"https:\/\/www.risco.it\/de\/wp-json\/wp\/v2\/types\/page"}],"author":[{"embeddable":true,"href":"https:\/\/www.risco.it\/de\/wp-json\/wp\/v2\/users\/4"}],"replies":[{"embeddable":true,"href":"https:\/\/www.risco.it\/de\/wp-json\/wp\/v2\/comments?post=4286"}],"version-history":[{"count":8,"href":"https:\/\/www.risco.it\/de\/wp-json\/wp\/v2\/pages\/4286\/revisions"}],"predecessor-version":[{"id":17664,"href":"https:\/\/www.risco.it\/de\/wp-json\/wp\/v2\/pages\/4286\/revisions\/17664"}],"up":[{"embeddable":true,"href":"https:\/\/www.risco.it\/de\/wp-json\/wp\/v2\/pages\/4194"}],"wp:featuredmedia":[{"embeddable":true,"href":"https:\/\/www.risco.it\/de\/wp-json\/wp\/v2\/media\/18203"}],"wp:attachment":[{"href":"https:\/\/www.risco.it\/de\/wp-json\/wp\/v2\/media?parent=4286"}],"curies":[{"name":"wp","href":"https:\/\/api.w.org\/{rel}","templated":true}]}}