{"id":3904,"date":"2018-04-11T10:41:55","date_gmt":"2018-04-11T08:41:55","guid":{"rendered":"http:\/\/risco.clientbook.it\/?page_id=3904"},"modified":"2025-04-28T18:38:05","modified_gmt":"2025-04-28T16:38:05","slug":"profil","status":"publish","type":"page","link":"https:\/\/www.risco.it\/de\/profil\/","title":{"rendered":"Profil"},"content":{"rendered":"\n<div class=\"wp-block-group group-company-archive is-layout-constrained wp-container-core-group-is-layout-d22ff40a wp-block-group-is-layout-constrained\" style=\"padding-top:0px;padding-right:0px;padding-bottom:0px;padding-left:0px\">\n<div class=\"wp-block-columns is-layout-flex wp-container-core-columns-is-layout-28f84493 wp-block-columns-is-layout-flex\">\n<div class=\"wp-block-column is-layout-flow wp-block-column-is-layout-flow\">\n<figure class=\"wp-block-image size-full is-style-rounded\"><a href=\"https:\/\/www.risco.it\/de\/profil\/tradition-und-modernitaet\/\"><img loading=\"lazy\" decoding=\"async\" width=\"274\" height=\"204\" src=\"https:\/\/www.risco.it\/wp-content\/uploads\/2019\/06\/stabile-esterno-small.jpg\" alt=\"\" class=\"wp-image-6256\" style=\"aspect-ratio:3\/2;object-fit:cover\" srcset=\"https:\/\/www.risco.it\/wp-content\/uploads\/2019\/06\/stabile-esterno-small.jpg 274w, https:\/\/www.risco.it\/wp-content\/uploads\/2019\/06\/stabile-esterno-small-150x112.jpg 150w\" sizes=\"auto, (max-width: 274px) 100vw, 274px\" \/><\/a><\/figure>\n\n\n\n<h4 class=\"wp-block-heading has-text-align-center text-style-link\" id=\"h-tradition-und-modernitat\"><a href=\"https:\/\/www.risco.it\/de\/profil\/tradition-und-modernitaet\/\">Tradition und Modernit\u00e4t<\/a><\/h4>\n<\/div>\n\n\n\n<div class=\"wp-block-column is-layout-flow wp-block-column-is-layout-flow\">\n<figure class=\"wp-block-image size-full is-style-rounded\"><a href=\"https:\/\/www.risco.it\/de\/profil\/qualitaet-und-technologie\/\"><img loading=\"lazy\" decoding=\"async\" width=\"274\" height=\"205\" src=\"https:\/\/www.risco.it\/wp-content\/uploads\/2018\/07\/quality-technology.jpg\" alt=\"\" class=\"wp-image-1035\" style=\"aspect-ratio:3\/2;object-fit:cover\" srcset=\"https:\/\/www.risco.it\/wp-content\/uploads\/2018\/07\/quality-technology.jpg 274w, https:\/\/www.risco.it\/wp-content\/uploads\/2018\/07\/quality-technology-150x112.jpg 150w\" sizes=\"auto, (max-width: 274px) 100vw, 274px\" \/><\/a><\/figure>\n\n\n\n<h4 class=\"wp-block-heading has-text-align-center text-style-link\" id=\"h-qualitat-und-technologie\"><a href=\"https:\/\/www.risco.it\/de\/profil\/qualitaet-und-technologie\/\">Qualit\u00e4t und Technologie<\/a><\/h4>\n<\/div>\n\n\n\n<div class=\"wp-block-column is-layout-flow wp-block-column-is-layout-flow\">\n<figure class=\"wp-block-image size-full is-style-rounded\"><a href=\"https:\/\/www.risco.it\/de\/profil\/kundeorientierung\/\"><img loading=\"lazy\" decoding=\"async\" width=\"667\" height=\"410\" src=\"https:\/\/www.risco.it\/wp-content\/uploads\/2019\/06\/customer-orientation.jpg\" alt=\"\" class=\"wp-image-6336\" style=\"aspect-ratio:3\/2;object-fit:cover\" srcset=\"https:\/\/www.risco.it\/wp-content\/uploads\/2019\/06\/customer-orientation.jpg 667w, https:\/\/www.risco.it\/wp-content\/uploads\/2019\/06\/customer-orientation-150x92.jpg 150w, https:\/\/www.risco.it\/wp-content\/uploads\/2019\/06\/customer-orientation-300x184.jpg 300w\" sizes=\"auto, (max-width: 667px) 100vw, 667px\" \/><\/a><\/figure>\n\n\n\n<h4 class=\"wp-block-heading has-text-align-center text-style-link\" id=\"h-kundeorientierung\"><a href=\"https:\/\/www.risco.it\/de\/profil\/kundeorientierung\/\">Kundeorientierung<\/a><\/h4>\n<\/div>\n<\/div>\n\n\n\n<div class=\"wp-block-columns is-layout-flex wp-container-core-columns-is-layout-28f84493 wp-block-columns-is-layout-flex\">\n<div class=\"wp-block-column is-layout-flow wp-block-column-is-layout-flow\">\n<figure class=\"wp-block-image size-full is-style-rounded\"><a href=\"https:\/\/www.risco.it\/de\/profil\/innovation-und-forschung\/\"><img loading=\"lazy\" decoding=\"async\" width=\"276\" height=\"205\" src=\"https:\/\/www.risco.it\/wp-content\/uploads\/2019\/06\/innovazione.jpg\" alt=\"\" class=\"wp-image-6473\" style=\"aspect-ratio:3\/2;object-fit:cover\" srcset=\"https:\/\/www.risco.it\/wp-content\/uploads\/2019\/06\/innovazione.jpg 276w, https:\/\/www.risco.it\/wp-content\/uploads\/2019\/06\/innovazione-150x111.jpg 150w\" sizes=\"auto, (max-width: 276px) 100vw, 276px\" \/><\/a><\/figure>\n\n\n\n<h4 class=\"wp-block-heading has-text-align-center text-style-link\" id=\"h-innovation-und-forschung\"><a href=\"https:\/\/www.risco.it\/de\/profil\/innovation-und-forschung\/\">Innovation und Forschung<\/a><\/h4>\n<\/div>\n\n\n\n<div class=\"wp-block-column is-layout-flow wp-block-column-is-layout-flow\">\n<figure class=\"wp-block-image size-full is-style-rounded\"><a href=\"https:\/\/www.risco.it\/de\/profil\/umweltschutz\/\"><img loading=\"lazy\" decoding=\"async\" width=\"1000\" height=\"467\" src=\"https:\/\/www.risco.it\/wp-content\/uploads\/2019\/06\/ambiente-e1682587353115.jpg\" alt=\"\" class=\"wp-image-6232\" style=\"aspect-ratio:3\/2;object-fit:cover\" srcset=\"https:\/\/www.risco.it\/wp-content\/uploads\/2019\/06\/ambiente-e1682587353115.jpg 1000w, https:\/\/www.risco.it\/wp-content\/uploads\/2019\/06\/ambiente-e1682587353115-150x70.jpg 150w, https:\/\/www.risco.it\/wp-content\/uploads\/2019\/06\/ambiente-e1682587353115-300x140.jpg 300w, https:\/\/www.risco.it\/wp-content\/uploads\/2019\/06\/ambiente-e1682587353115-768x359.jpg 768w\" sizes=\"auto, (max-width: 1000px) 100vw, 1000px\" \/><\/a><\/figure>\n\n\n\n<h4 class=\"wp-block-heading has-text-align-center text-style-link\" id=\"h-umweltschutz\"><a href=\"https:\/\/www.risco.it\/de\/profil\/umweltschutz\/\">Umweltschutz<\/a><\/h4>\n<\/div>\n\n\n\n<div class=\"wp-block-column is-layout-flow wp-block-column-is-layout-flow\">\n<figure class=\"wp-block-image size-full is-style-rounded\"><img loading=\"lazy\" decoding=\"async\" width=\"1536\" height=\"1024\" src=\"https:\/\/www.risco.it\/wp-content\/uploads\/2025\/04\/planisfero-blu.jpg\" alt=\"\" class=\"wp-image-18455\" style=\"aspect-ratio:3\/2;object-fit:cover\" srcset=\"https:\/\/www.risco.it\/wp-content\/uploads\/2025\/04\/planisfero-blu.jpg 1536w, https:\/\/www.risco.it\/wp-content\/uploads\/2025\/04\/planisfero-blu-300x200.jpg 300w, https:\/\/www.risco.it\/wp-content\/uploads\/2025\/04\/planisfero-blu-1024x683.jpg 1024w, https:\/\/www.risco.it\/wp-content\/uploads\/2025\/04\/planisfero-blu-150x100.jpg 150w, https:\/\/www.risco.it\/wp-content\/uploads\/2025\/04\/planisfero-blu-768x512.jpg 768w\" sizes=\"auto, (max-width: 1536px) 100vw, 1536px\" \/><\/figure>\n\n\n\n<h4 class=\"wp-block-heading has-text-align-center text-style-link\" id=\"h-risco-weltweite-prasenz-und-service\"><a href=\"https:\/\/www.risco.it\/de\/profil\/risco-weltweite-praesenz-service\/\">Risco weltweite Pr\u00e4senz und Service<\/a><\/h4>\n<\/div>\n<\/div>\n\n\n\n<div class=\"wp-block-columns is-layout-flex wp-container-core-columns-is-layout-28f84493 wp-block-columns-is-layout-flex\">\n<div class=\"wp-block-column is-layout-flow wp-block-column-is-layout-flow\">\n<figure class=\"wp-block-image size-large is-style-rounded\"><a href=\"https:\/\/www.risco.it\/de\/profil\/risco-mitarbeiterteam\/\"><img loading=\"lazy\" decoding=\"async\" width=\"1024\" height=\"576\" src=\"https:\/\/www.risco.it\/wp-content\/uploads\/2023\/05\/team-building-adalah-1200x675-1-1024x576.jpg\" alt=\"\" class=\"wp-image-12169\" style=\"aspect-ratio:3\/2;object-fit:cover\"\/><\/a><\/figure>\n\n\n\n<h4 class=\"wp-block-heading has-text-align-center text-style-link\" id=\"h-risco-mitarbeiterteam\"><a href=\"https:\/\/www.risco.it\/de\/profil\/risco-mitarbeiterteam\/\">Risco Mitarbeiterteam<\/a><\/h4>\n<\/div>\n\n\n\n<div class=\"wp-block-column is-layout-flow wp-block-column-is-layout-flow\"><\/div>\n\n\n\n<div class=\"wp-block-column is-layout-flow wp-block-column-is-layout-flow\"><\/div>\n<\/div>\n<\/div>\n","protected":false},"excerpt":{"rendered":"<p>Tradition und Modernit\u00e4t Qualit\u00e4t und Technologie Kundeorientierung Innovation und Forschung Umweltschutz Risco weltweite Pr\u00e4senz und Service Risco Mitarbeiterteam<\/p>\n","protected":false},"author":2,"featured_media":18395,"parent":0,"menu_order":247,"comment_status":"closed","ping_status":"closed","template":"","meta":{"_acf_changed":false,"inline_featured_image":false,"_uag_custom_page_level_css":"","site-sidebar-layout":"left-sidebar","site-content-layout":"","ast-site-content-layout":"default","site-content-style":"default","site-sidebar-style":"default","ast-global-header-display":"","ast-banner-title-visibility":"","ast-main-header-display":"","ast-hfb-above-header-display":"","ast-hfb-below-header-display":"","ast-hfb-mobile-header-display":"","site-post-title":"","ast-breadcrumbs-content":"","ast-featured-img":"","footer-sml-layout":"","ast-disable-related-posts":"","theme-transparent-header-meta":"","adv-header-id-meta":"","stick-header-meta":"","header-above-stick-meta":"","header-main-stick-meta":"","header-below-stick-meta":"","astra-migrate-meta-layouts":"default","ast-page-background-enabled":"default","ast-page-background-meta":{"desktop":{"background-color":"var(--ast-global-color-4)","background-image":"","background-repeat":"repeat","background-position":"center center","background-size":"auto","background-attachment":"scroll","background-type":"","background-media":"","overlay-type":"","overlay-color":"","overlay-opacity":"","overlay-gradient":""},"tablet":{"background-color":"","background-image":"","background-repeat":"repeat","background-position":"center center","background-size":"auto","background-attachment":"scroll","background-type":"","background-media":"","overlay-type":"","overlay-color":"","overlay-opacity":"","overlay-gradient":""},"mobile":{"background-color":"","background-image":"","background-repeat":"repeat","background-position":"center center","background-size":"auto","background-attachment":"scroll","background-type":"","background-media":"","overlay-type":"","overlay-color":"","overlay-opacity":"","overlay-gradient":""}},"ast-content-background-meta":{"desktop":{"background-color":"var(--ast-global-color-5)","background-image":"","background-repeat":"repeat","background-position":"center center","background-size":"auto","background-attachment":"scroll","background-type":"","background-media":"","overlay-type":"","overlay-color":"","overlay-opacity":"","overlay-gradient":""},"tablet":{"background-color":"var(--ast-global-color-5)","background-image":"","background-repeat":"repeat","background-position":"center center","background-size":"auto","background-attachment":"scroll","background-type":"","background-media":"","overlay-type":"","overlay-color":"","overlay-opacity":"","overlay-gradient":""},"mobile":{"background-color":"var(--ast-global-color-5)","background-image":"","background-repeat":"repeat","background-position":"center center","background-size":"auto","background-attachment":"scroll","background-type":"","background-media":"","overlay-type":"","overlay-color":"","overlay-opacity":"","overlay-gradient":""}},"footnotes":""},"class_list":["post-3904","page","type-page","status-publish","has-post-thumbnail","hentry"],"acf":[],"yoast_head":"<!-- This site is optimized with the Yoast SEO Premium plugin v22.0 (Yoast SEO v27.1.1) - https:\/\/yoast.com\/product\/yoast-seo-premium-wordpress\/ -->\n<title>Profil - Risco<\/title>\n<meta name=\"robots\" content=\"index, follow, max-snippet:-1, max-image-preview:large, max-video-preview:-1\" \/>\n<link rel=\"canonical\" href=\"https:\/\/www.risco.it\/de\/profil\/\" \/>\n<meta property=\"og:locale\" content=\"de_DE\" \/>\n<meta property=\"og:type\" content=\"article\" \/>\n<meta property=\"og:title\" content=\"Profil\" \/>\n<meta property=\"og:description\" content=\"Tradition und Modernit\u00e4t Qualit\u00e4t und Technologie Kundeorientierung Innovation und Forschung Umweltschutz Risco weltweite Pr\u00e4senz und Service Risco Mitarbeiterteam\" \/>\n<meta property=\"og:url\" content=\"https:\/\/www.risco.it\/de\/profil\/\" \/>\n<meta property=\"og:site_name\" content=\"Risco\" \/>\n<meta property=\"article:modified_time\" content=\"2025-04-28T16:38:05+00:00\" \/>\n<meta property=\"og:image\" content=\"https:\/\/www.risco.it\/wp-content\/uploads\/2025\/04\/028-2-copia.webp\" \/>\n\t<meta property=\"og:image:width\" content=\"2560\" \/>\n\t<meta property=\"og:image:height\" content=\"1707\" \/>\n\t<meta property=\"og:image:type\" content=\"image\/jpeg\" \/>\n<meta name=\"twitter:card\" content=\"summary_large_image\" \/>\n<meta name=\"twitter:label1\" content=\"Gesch\u00e4tzte Lesezeit\" \/>\n\t<meta name=\"twitter:data1\" content=\"2\u00a0Minuten\" \/>\n<!-- \/ Yoast SEO Premium plugin. -->","yoast_head_json":{"title":"Profil - Risco","robots":{"index":"index","follow":"follow","max-snippet":"max-snippet:-1","max-image-preview":"max-image-preview:large","max-video-preview":"max-video-preview:-1"},"canonical":"https:\/\/www.risco.it\/de\/profil\/","og_locale":"de_DE","og_type":"article","og_title":"Profil","og_description":"Tradition und Modernit\u00e4t Qualit\u00e4t und Technologie Kundeorientierung Innovation und Forschung Umweltschutz Risco weltweite Pr\u00e4senz und Service Risco Mitarbeiterteam","og_url":"https:\/\/www.risco.it\/de\/profil\/","og_site_name":"Risco","article_modified_time":"2025-04-28T16:38:05+00:00","og_image":[{"width":2560,"height":1707,"url":"https:\/\/www.risco.it\/wp-content\/uploads\/2025\/04\/028-2-copia.webp","type":"image\/jpeg"}],"twitter_card":"summary_large_image","twitter_misc":{"Gesch\u00e4tzte Lesezeit":"2\u00a0Minuten"},"schema":{"@context":"https:\/\/schema.org","@graph":[{"@type":"WebPage","@id":"https:\/\/www.risco.it\/de\/profil\/","url":"https:\/\/www.risco.it\/de\/profil\/","name":"Profil - Risco","isPartOf":{"@id":"https:\/\/www.risco.it\/de\/#website"},"primaryImageOfPage":{"@id":"https:\/\/www.risco.it\/de\/profil\/#primaryimage"},"image":{"@id":"https:\/\/www.risco.it\/de\/profil\/#primaryimage"},"thumbnailUrl":"https:\/\/www.risco.it\/wp-content\/uploads\/2025\/04\/028-2-copia.webp","datePublished":"2018-04-11T08:41:55+00:00","dateModified":"2025-04-28T16:38:05+00:00","breadcrumb":{"@id":"https:\/\/www.risco.it\/de\/profil\/#breadcrumb"},"inLanguage":"de","potentialAction":[{"@type":"ReadAction","target":["https:\/\/www.risco.it\/de\/profil\/"]}]},{"@type":"ImageObject","inLanguage":"de","@id":"https:\/\/www.risco.it\/de\/profil\/#primaryimage","url":"https:\/\/www.risco.it\/wp-content\/uploads\/2025\/04\/028-2-copia.webp","contentUrl":"https:\/\/www.risco.it\/wp-content\/uploads\/2025\/04\/028-2-copia.webp","width":2560,"height":1707},{"@type":"BreadcrumbList","@id":"https:\/\/www.risco.it\/de\/profil\/#breadcrumb","itemListElement":[{"@type":"ListItem","position":1,"name":"Home","item":"https:\/\/www.risco.it\/de\/"},{"@type":"ListItem","position":2,"name":"Profil"}]},{"@type":"WebSite","@id":"https:\/\/www.risco.it\/de\/#website","url":"https:\/\/www.risco.it\/de\/","name":"Risco","description":"Vacuum fillers and meat processing machines","publisher":{"@id":"https:\/\/www.risco.it\/de\/#organization"},"potentialAction":[{"@type":"SearchAction","target":{"@type":"EntryPoint","urlTemplate":"https:\/\/www.risco.it\/de\/?s={search_term_string}"},"query-input":{"@type":"PropertyValueSpecification","valueRequired":true,"valueName":"search_term_string"}}],"inLanguage":"de"},{"@type":"Organization","@id":"https:\/\/www.risco.it\/de\/#organization","name":"Risco","url":"https:\/\/www.risco.it\/de\/","logo":{"@type":"ImageObject","inLanguage":"de","@id":"https:\/\/www.risco.it\/de\/#\/schema\/logo\/image\/","url":"https:\/\/www.risco.it\/wp-content\/uploads\/2020\/12\/Risco_logo.svg","contentUrl":"https:\/\/www.risco.it\/wp-content\/uploads\/2020\/12\/Risco_logo.svg","caption":"Risco"},"image":{"@id":"https:\/\/www.risco.it\/de\/#\/schema\/logo\/image\/"}}]}},"uagb_featured_image_src":{"full":["https:\/\/www.risco.it\/wp-content\/uploads\/2025\/04\/028-2-copia.webp",2560,1707,false],"thumbnail":["https:\/\/www.risco.it\/wp-content\/uploads\/2025\/04\/028-profile-150x100.jpeg",150,100,true],"medium":["https:\/\/www.risco.it\/wp-content\/uploads\/2025\/04\/028-profile-300x200.jpeg",300,200,true],"medium_large":["https:\/\/www.risco.it\/wp-content\/uploads\/2025\/04\/028-profile-768x512.jpeg",768,512,true],"large":["https:\/\/www.risco.it\/wp-content\/uploads\/2025\/04\/028-profile-1024x683.jpeg",1024,683,true],"1536x1536":["https:\/\/www.risco.it\/wp-content\/uploads\/2025\/04\/028-profile-1536x1024.jpeg",1536,1024,true],"2048x2048":["https:\/\/www.risco.it\/wp-content\/uploads\/2025\/04\/028-profile-2048x1365.jpeg",2048,1365,true]},"uagb_author_info":{"display_name":"","author_link":"https:\/\/www.risco.it\/de\/author\/"},"uagb_comment_info":0,"uagb_excerpt":"Tradition und Modernit\u00e4t Qualit\u00e4t und Technologie Kundeorientierung Innovation und Forschung Umweltschutz Risco weltweite Pr\u00e4senz und Service Risco Mitarbeiterteam","_links":{"self":[{"href":"https:\/\/www.risco.it\/de\/wp-json\/wp\/v2\/pages\/3904","targetHints":{"allow":["GET"]}}],"collection":[{"href":"https:\/\/www.risco.it\/de\/wp-json\/wp\/v2\/pages"}],"about":[{"href":"https:\/\/www.risco.it\/de\/wp-json\/wp\/v2\/types\/page"}],"author":[{"embeddable":true,"href":"https:\/\/www.risco.it\/de\/wp-json\/wp\/v2\/users\/2"}],"replies":[{"embeddable":true,"href":"https:\/\/www.risco.it\/de\/wp-json\/wp\/v2\/comments?post=3904"}],"version-history":[{"count":8,"href":"https:\/\/www.risco.it\/de\/wp-json\/wp\/v2\/pages\/3904\/revisions"}],"predecessor-version":[{"id":18466,"href":"https:\/\/www.risco.it\/de\/wp-json\/wp\/v2\/pages\/3904\/revisions\/18466"}],"wp:featuredmedia":[{"embeddable":true,"href":"https:\/\/www.risco.it\/de\/wp-json\/wp\/v2\/media\/18395"}],"wp:attachment":[{"href":"https:\/\/www.risco.it\/de\/wp-json\/wp\/v2\/media?parent=3904"}],"curies":[{"name":"wp","href":"https:\/\/api.w.org\/{rel}","templated":true}]}}